{"id":22391,"date":"2023-12-29T22:57:46","date_gmt":"2023-12-29T14:57:46","guid":{"rendered":"http:\/\/stone-phoenix.com\/product\/high-polished-red-color-pebble-stone"},"modified":"2024-03-14T09:10:34","modified_gmt":"2024-03-14T01:10:34","slug":"high-polished-red-color-pebble-stone","status":"publish","type":"product","link":"https:\/\/stone-phoenix.com\/fr\/produit\/high-polished-red-color-pebble-stone","title":{"rendered":"Pierre de galets de couleur rouge hautement polie"},"content":{"rendered":"<div class=\"c\">\n<p><span style=\"line-height: 200%;\"><span style=\"font-size: 16px;\">Haut <a href=\"http:\/\/www.phonenix%20power%20stonestone.com\/natural-red-color-pebble-stone-p00229p1.html\"><strong>Pierre de galet polie de couleur rouge<\/strong><\/a>\u00a0en gros.<br \/>\nLa plupart des installations ne prennent qu'une journ\u00e9e. Marchez le lendemain.<br \/>\nGalets de rivi\u00e8re naturels, plusieurs couleurs disponibles.<br \/>\nCouvre les fissures et les joints, installation sans joint, aspect plus propre.<br \/>\nPatios, entr\u00e9es, terrasses de piscine, all\u00e9es, sols de garage, jardins, am\u00e9nagements paysagers, all\u00e9es, etc.<br \/>\n100% pierre naturelle, conserve la beaut\u00e9 des couleurs naturelles.<br \/>\n<a href=\"http:\/\/www.phonenix%20power%20stonestone.com\/high-polished-red-color-pebble-stone-p00223p1.html\"><strong>Am\u00e9nagement paysager rivi\u00e8re rouge couleur galets<\/strong><\/a>:<br \/>\n1. prix bas, haute qualit\u00e9 ;<br \/>\n2. bonne cr\u00e9dibilit\u00e9, bon service ;<br \/>\n3. livraison dans les d\u00e9lais.<\/span><\/span><\/p>\n<div style=\"text-align: center;\"><img loading=\"lazy\" decoding=\"async\" class=\"alignnone size-full wp-image-25323\" src=\"http:\/\/stone-phoenix.com\/wp-content\/uploads\/2023\/12\/High-Polished-Red-Color-Pebble-Stone-2.jpg\" alt=\"\" width=\"873\" height=\"748\" srcset=\"https:\/\/stone-phoenix.com\/wp-content\/uploads\/2023\/12\/High-Polished-Red-Color-Pebble-Stone-2.jpg 873w, https:\/\/stone-phoenix.com\/wp-content\/uploads\/2023\/12\/High-Polished-Red-Color-Pebble-Stone-2-300x257.jpg 300w, https:\/\/stone-phoenix.com\/wp-content\/uploads\/2023\/12\/High-Polished-Red-Color-Pebble-Stone-2-768x658.jpg 768w, https:\/\/stone-phoenix.com\/wp-content\/uploads\/2023\/12\/High-Polished-Red-Color-Pebble-Stone-2-14x12.jpg 14w, https:\/\/stone-phoenix.com\/wp-content\/uploads\/2023\/12\/High-Polished-Red-Color-Pebble-Stone-2-600x514.jpg 600w, https:\/\/stone-phoenix.com\/wp-content\/uploads\/2023\/12\/High-Polished-Red-Color-Pebble-Stone-2-150x129.jpg 150w\" sizes=\"(max-width: 873px) 100vw, 873px\" \/><\/p>\n<p><span style=\"font-size: 16px;\">Pierre de galets de couleur rouge hautement polie Vente en gros<\/span><\/p>\n<p><img decoding=\"async\" style=\"width: 600px; height: 530px;\" title=\"Am\u00e9nagement paysager Red River Pebble Stone package.jpg\" src=\"http:\/\/stone-phoenix.com\/wp-content\/uploads\/2023\/12\/high-polished-red-color-pebble-stone_658ede6fd603d.jpeg\" alt=\"\" \/><\/p>\n<p><img decoding=\"async\" title=\"phonenix power stone factory.jpg\" src=\"http:\/\/stone-phoenix.com\/wp-content\/uploads\/2023\/12\/high-polished-red-color-pebble-stone_658ede7013e77.jpeg\" alt=\"\" \/><\/div>\n<\/div>","protected":false},"excerpt":{"rendered":"<p>Pierre de galets de couleur rouge hautement polie<\/p>\n<p>Num\u00e9ro d'article : Pebble Stone 190401007<\/p>\n<p>Pierre de galets de couleur rouge hautement polie<\/p>\n<p>Param\u00e8tres du produit<\/p>\n<p>Couleur :<br \/>\nCouleur rouge<\/p>\n<p>Taille :<br \/>\nCoupe sur mesure<\/p>\n<p>Original :<br \/>\nLaizhou, Chine<\/p>\n<p>Finish Way :<br \/>\nPoli<\/p>\n<p>Obtenir un devis gratuit<\/p>","protected":false},"featured_media":25322,"template":"","meta":[],"product_cat":[192],"product_tag":[],"_links":{"self":[{"href":"https:\/\/stone-phoenix.com\/fr\/wp-json\/wp\/v2\/product\/22391"}],"collection":[{"href":"https:\/\/stone-phoenix.com\/fr\/wp-json\/wp\/v2\/product"}],"about":[{"href":"https:\/\/stone-phoenix.com\/fr\/wp-json\/wp\/v2\/types\/product"}],"wp:featuredmedia":[{"embeddable":true,"href":"https:\/\/stone-phoenix.com\/fr\/wp-json\/wp\/v2\/media\/25322"}],"wp:attachment":[{"href":"https:\/\/stone-phoenix.com\/fr\/wp-json\/wp\/v2\/media?parent=22391"}],"wp:term":[{"taxonomy":"product_cat","embeddable":true,"href":"https:\/\/stone-phoenix.com\/fr\/wp-json\/wp\/v2\/product_cat?post=22391"},{"taxonomy":"product_tag","embeddable":true,"href":"https:\/\/stone-phoenix.com\/fr\/wp-json\/wp\/v2\/product_tag?post=22391"}],"curies":[{"name":"wp","href":"https:\/\/api.w.org\/{rel}","templated":true}]}}