{"id":22407,"date":"2023-12-29T22:57:57","date_gmt":"2023-12-29T14:57:57","guid":{"rendered":"http:\/\/stone-phoenix.com\/product\/polished-landscaping-green-color-pebble-stone-dalei-stone-wholesale"},"modified":"2024-03-14T09:05:41","modified_gmt":"2024-03-14T01:05:41","slug":"polished-landscaping-green-color-pebble-stone-phonenix-power-stone-stone-wholesale","status":"publish","type":"product","link":"https:\/\/stone-phoenix.com\/fr\/produit\/polished-landscaping-green-color-pebble-stone-phonenix-power-stone-stone-wholesale","title":{"rendered":"Am\u00e9nagements paysagers polis Pierre en galets de couleur verte Phonenix power stone Wholesale"},"content":{"rendered":"<div class=\"c\">\n<p><span style=\"line-height: 200%;\"><span style=\"font-size: 16px;\"><a href=\"http:\/\/www.phonenix%20power%20stonestone.com\/polished-landscaping-green-color-pebble-stone-phonenix%20power%20stone-stone-wholesale-p00222p1.html\"><strong>Am\u00e9nagements paysagers polis Pierre de galets de couleur verte<\/strong><\/a> phonenix power stone Wholesale.<br \/>\nLa plupart des installations ne prennent qu'une journ\u00e9e. Marchez le lendemain.<br \/>\nGalets de rivi\u00e8re naturels, plusieurs couleurs disponibles.<br \/>\nCouvre les fissures et les joints, installation sans joint, aspect plus propre.<br \/>\nPatios, entr\u00e9es, terrasses de piscine, jardins, all\u00e9es, sols de garage, all\u00e9es pi\u00e9tonnes, am\u00e9nagements paysagers, etc.<br \/>\nLe <a href=\"http:\/\/www.phonenix%20power%20stonestone.com\/mix-color-pebble-stone-p00226p1.html\"><strong>galets verts pour l'am\u00e9nagement paysager<\/strong><\/a> Caract\u00e9ristiques : bonne qualit\u00e9, prix bas.<br \/>\n100% pierre naturelle, conserve la beaut\u00e9 des couleurs naturelles.<\/span><\/span><\/p>\n<div style=\"text-align: center;\"><img loading=\"lazy\" decoding=\"async\" class=\"alignnone size-full wp-image-25321\" src=\"http:\/\/stone-phoenix.com\/wp-content\/uploads\/2023\/12\/Polished-Landscaping-Green-Color-Pebble-Stone-phonenix-power-stone-Wholesale-2.jpg\" alt=\"\" width=\"876\" height=\"667\" srcset=\"https:\/\/stone-phoenix.com\/wp-content\/uploads\/2023\/12\/Polished-Landscaping-Green-Color-Pebble-Stone-phonenix-power-stone-Wholesale-2.jpg 876w, https:\/\/stone-phoenix.com\/wp-content\/uploads\/2023\/12\/Polished-Landscaping-Green-Color-Pebble-Stone-phonenix-power-stone-Wholesale-2-300x228.jpg 300w, https:\/\/stone-phoenix.com\/wp-content\/uploads\/2023\/12\/Polished-Landscaping-Green-Color-Pebble-Stone-phonenix-power-stone-Wholesale-2-768x585.jpg 768w, https:\/\/stone-phoenix.com\/wp-content\/uploads\/2023\/12\/Polished-Landscaping-Green-Color-Pebble-Stone-phonenix-power-stone-Wholesale-2-16x12.jpg 16w, https:\/\/stone-phoenix.com\/wp-content\/uploads\/2023\/12\/Polished-Landscaping-Green-Color-Pebble-Stone-phonenix-power-stone-Wholesale-2-600x457.jpg 600w, https:\/\/stone-phoenix.com\/wp-content\/uploads\/2023\/12\/Polished-Landscaping-Green-Color-Pebble-Stone-phonenix-power-stone-Wholesale-2-150x114.jpg 150w\" sizes=\"(max-width: 876px) 100vw, 876px\" \/><\/p>\n<p><span style=\"font-size: 16px;\">Am\u00e9nagements paysagers polis Pierre en galets de couleur verte Phonenix power stone Wholesale<\/span><\/p>\n<\/div>\n<\/div>","protected":false},"excerpt":{"rendered":"<p>Am\u00e9nagements paysagers polis Pierre en galets de couleur verte Phonenix power stone Wholesale<\/p>\n<p>Num\u00e9ro d'article : Phoenix Power Pebble Stone 190401006<\/p>\n<p>Am\u00e9nagements paysagers polis Pierre en galets de couleur verte Phonenix power stone Wholesale<\/p>\n<p>Param\u00e8tres du produit<\/p>\n<p>Couleur :<br \/>\nCouleur verte<\/p>\n<p>Taille :<br \/>\nCoupe sur mesure<\/p>\n<p>Original :<br \/>\nLaizhou, Chine<\/p>\n<p>Finish Way :<br \/>\nPoli<\/p>\n<p>Obtenir un devis gratuit<\/p>","protected":false},"featured_media":25319,"template":"","meta":[],"product_cat":[192],"product_tag":[],"_links":{"self":[{"href":"https:\/\/stone-phoenix.com\/fr\/wp-json\/wp\/v2\/product\/22407"}],"collection":[{"href":"https:\/\/stone-phoenix.com\/fr\/wp-json\/wp\/v2\/product"}],"about":[{"href":"https:\/\/stone-phoenix.com\/fr\/wp-json\/wp\/v2\/types\/product"}],"wp:featuredmedia":[{"embeddable":true,"href":"https:\/\/stone-phoenix.com\/fr\/wp-json\/wp\/v2\/media\/25319"}],"wp:attachment":[{"href":"https:\/\/stone-phoenix.com\/fr\/wp-json\/wp\/v2\/media?parent=22407"}],"wp:term":[{"taxonomy":"product_cat","embeddable":true,"href":"https:\/\/stone-phoenix.com\/fr\/wp-json\/wp\/v2\/product_cat?post=22407"},{"taxonomy":"product_tag","embeddable":true,"href":"https:\/\/stone-phoenix.com\/fr\/wp-json\/wp\/v2\/product_tag?post=22407"}],"curies":[{"name":"wp","href":"https:\/\/api.w.org\/{rel}","templated":true}]}}