{"id":22423,"date":"2023-12-29T22:58:09","date_gmt":"2023-12-29T14:58:09","guid":{"rendered":"http:\/\/stone-phoenix.com\/product\/good-color-yellow-pebble-stone"},"modified":"2024-03-14T08:58:53","modified_gmt":"2024-03-14T00:58:53","slug":"good-color-yellow-pebble-stone","status":"publish","type":"product","link":"https:\/\/stone-phoenix.com\/fr\/produit\/good-color-yellow-pebble-stone","title":{"rendered":"Pierre de galet jaune de bonne couleur"},"content":{"rendered":"<div class=\"c\">\n<p><span style=\"line-height: 200%;\"><span style=\"font-size: 16px;\">Bonne couleur <a href=\"http:\/\/www.phonenix%20power%20stonestone.com\/good-color-yellow-pebble-stone-p00221p1.html\"><strong>Galets de rivi\u00e8re jaune polis<\/strong><\/a>.<br \/>\nLa plupart des installations ne prennent qu'une journ\u00e9e. Marchez le lendemain.<br \/>\nGalets de rivi\u00e8re naturels, plusieurs couleurs disponibles.<br \/>\nCouvre les fissures et les joints, installation sans joint, aspect plus propre.<br \/>\nPatios, entr\u00e9es, terrasses de piscine, all\u00e9es, sols de garage, jardins, all\u00e9es, am\u00e9nagements paysagers, etc.<br \/>\n100% pierre naturelle, conserve la beaut\u00e9 des couleurs naturelles.<br \/>\n<a href=\"http:\/\/www.phonenix%20power%20stonestone.com\/natural-red-color-pebble-stone-p00229p1.html\"><strong>Galets jaunes naturels pour l'am\u00e9nagement paysager<\/strong><\/a>:<br \/>\n1. prix bas, haute qualit\u00e9 ;<br \/>\n2. bonne cr\u00e9dibilit\u00e9, bon service ;<br \/>\n3. livraison dans les d\u00e9lais.<\/span><\/span><\/p>\n<div style=\"text-align: center;\"><img loading=\"lazy\" decoding=\"async\" class=\"alignnone size-full wp-image-25317\" src=\"http:\/\/stone-phoenix.com\/wp-content\/uploads\/2023\/12\/Good-Color-Yellow-Pebble-Stone-2.jpg\" alt=\"\" width=\"898\" height=\"682\" srcset=\"https:\/\/stone-phoenix.com\/wp-content\/uploads\/2023\/12\/Good-Color-Yellow-Pebble-Stone-2.jpg 898w, https:\/\/stone-phoenix.com\/wp-content\/uploads\/2023\/12\/Good-Color-Yellow-Pebble-Stone-2-300x228.jpg 300w, https:\/\/stone-phoenix.com\/wp-content\/uploads\/2023\/12\/Good-Color-Yellow-Pebble-Stone-2-768x583.jpg 768w, https:\/\/stone-phoenix.com\/wp-content\/uploads\/2023\/12\/Good-Color-Yellow-Pebble-Stone-2-16x12.jpg 16w, https:\/\/stone-phoenix.com\/wp-content\/uploads\/2023\/12\/Good-Color-Yellow-Pebble-Stone-2-600x456.jpg 600w, https:\/\/stone-phoenix.com\/wp-content\/uploads\/2023\/12\/Good-Color-Yellow-Pebble-Stone-2-150x114.jpg 150w\" sizes=\"(max-width: 898px) 100vw, 898px\" \/><\/p>\n<p><span style=\"font-size: 16px;\">Paysage en pierre de galets jaune de bonne couleur vente en gros<\/span><\/p>\n<p><img decoding=\"async\" style=\"width: 600px; height: 530px;\" title=\"Am\u00e9nagements paysagers polis Paquet de pierres en galets jaunes.jpg\" src=\"http:\/\/stone-phoenix.com\/wp-content\/uploads\/2023\/12\/good-color-yellow-pebble-stone_658ede8735330.jpeg\" alt=\"\" \/><\/p>\n<p><img decoding=\"async\" title=\"phonenix power stone factory.jpg\" src=\"http:\/\/stone-phoenix.com\/wp-content\/uploads\/2023\/12\/good-color-yellow-pebble-stone_658ede877702f.jpeg\" alt=\"\" \/><\/div>\n<\/div>","protected":false},"excerpt":{"rendered":"<p>Pierre de galet jaune de bonne couleur<\/p>\n<p>Num\u00e9ro d'article : Pebble Stone 190401005<\/p>\n<p>Pierre de galet jaune de bonne couleur<\/p>\n<p>Param\u00e8tres du produit<\/p>\n<p>Couleur :<br \/>\nCouleur jaune<\/p>\n<p>Taille :<br \/>\nCoupe sur mesure<\/p>\n<p>Original :<br \/>\nLaizhou, Chine<\/p>\n<p>Finish Way :<br \/>\nPoli<\/p>\n<p>Obtenir un devis gratuit<\/p>","protected":false},"featured_media":25316,"template":"","meta":[],"product_cat":[192],"product_tag":[],"_links":{"self":[{"href":"https:\/\/stone-phoenix.com\/fr\/wp-json\/wp\/v2\/product\/22423"}],"collection":[{"href":"https:\/\/stone-phoenix.com\/fr\/wp-json\/wp\/v2\/product"}],"about":[{"href":"https:\/\/stone-phoenix.com\/fr\/wp-json\/wp\/v2\/types\/product"}],"wp:featuredmedia":[{"embeddable":true,"href":"https:\/\/stone-phoenix.com\/fr\/wp-json\/wp\/v2\/media\/25316"}],"wp:attachment":[{"href":"https:\/\/stone-phoenix.com\/fr\/wp-json\/wp\/v2\/media?parent=22423"}],"wp:term":[{"taxonomy":"product_cat","embeddable":true,"href":"https:\/\/stone-phoenix.com\/fr\/wp-json\/wp\/v2\/product_cat?post=22423"},{"taxonomy":"product_tag","embeddable":true,"href":"https:\/\/stone-phoenix.com\/fr\/wp-json\/wp\/v2\/product_tag?post=22423"}],"curies":[{"name":"wp","href":"https:\/\/api.w.org\/{rel}","templated":true}]}}