{"id":22436,"date":"2023-12-29T23:05:03","date_gmt":"2023-12-29T15:05:03","guid":{"rendered":"http:\/\/stone-phoenix.com\/product\/black-color-pebble-stone"},"modified":"2024-03-13T22:18:00","modified_gmt":"2024-03-13T14:18:00","slug":"black-color-pebble-stone","status":"publish","type":"product","link":"https:\/\/stone-phoenix.com\/fr\/produit\/black-color-pebble-stone","title":{"rendered":"Couleur noire Pierre de galet"},"content":{"rendered":"<div class=\"c\">\n<p><span style=\"line-height: 200%;\"><span style=\"font-size: 16px;\"><a href=\"http:\/\/www.phonenix%20power%20stonestone.com\/black-color-pebble-stone-wholesale-p00218p1.html\"><strong>Pierre de galet de couleur noire polie<\/strong><\/a>. Ajoute de la chaleur et de la beaut\u00e9 \u00e0 votre maison.<br \/>\nPermet de mettre en valeur les fa\u00e7ades et les bords des escaliers lorsque deux couleurs sont utilis\u00e9es.Enti\u00e8rement personnalisable avec des motifs, des dessins, des changements de couleur.Couvre le b\u00e9ton ancien, tach\u00e9, textur\u00e9 par pulv\u00e9risation, estampill\u00e9 ou endommag\u00e9, donnant \u00e0 vos escaliers un nouvel aspect.<br \/>\n100% pierre naturelle, conserve la beaut\u00e9 des couleurs naturelles.<br \/>\nLe <a href=\"http:\/\/www.phonenix%20power%20stonestone.com\/black-color-pebble-stone-p00219p1.html\"><strong>galets noirs pour l'am\u00e9nagement paysager<\/strong><\/a> Caract\u00e9ristiques : bonne qualit\u00e9, prix bas.<\/span><\/span><\/p>\n<div style=\"text-align: center;\"><img loading=\"lazy\" decoding=\"async\" class=\"alignnone size-full wp-image-25306\" src=\"http:\/\/stone-phoenix.com\/wp-content\/uploads\/2023\/12\/Black-Color-Pebble-Stone-3.jpg\" alt=\"\" width=\"880\" height=\"769\" srcset=\"https:\/\/stone-phoenix.com\/wp-content\/uploads\/2023\/12\/Black-Color-Pebble-Stone-3.jpg 880w, https:\/\/stone-phoenix.com\/wp-content\/uploads\/2023\/12\/Black-Color-Pebble-Stone-3-300x262.jpg 300w, https:\/\/stone-phoenix.com\/wp-content\/uploads\/2023\/12\/Black-Color-Pebble-Stone-3-768x671.jpg 768w, https:\/\/stone-phoenix.com\/wp-content\/uploads\/2023\/12\/Black-Color-Pebble-Stone-3-14x12.jpg 14w, https:\/\/stone-phoenix.com\/wp-content\/uploads\/2023\/12\/Black-Color-Pebble-Stone-3-600x524.jpg 600w, https:\/\/stone-phoenix.com\/wp-content\/uploads\/2023\/12\/Black-Color-Pebble-Stone-3-150x131.jpg 150w\" sizes=\"(max-width: 880px) 100vw, 880px\" \/><\/p>\n<p><span style=\"font-size: 16px;\">Pierre de galet polie de couleur noire phonenix power stone Wholesale<\/span><\/p>\n<p><img decoding=\"async\" title=\"Paquet de pierres de galets noirs de bonne qualit\u00e9.jpg\" src=\"http:\/\/stone-phoenix.com\/wp-content\/uploads\/2023\/12\/black-color-pebble-stone_658edf94ac479.jpeg\" alt=\"\" \/><\/p>\n<p><img decoding=\"async\" title=\"phonenix power stone factory.jpg\" src=\"http:\/\/stone-phoenix.com\/wp-content\/uploads\/2023\/12\/black-color-pebble-stone_658edf94d5a4c.jpeg\" alt=\"\" \/><\/div>\n<\/div>","protected":false},"excerpt":{"rendered":"<p>Couleur noire Pierre de galet<\/p>\n<p>Num\u00e9ro d'article : Phoenix Power Pebble Stone 190401003<\/p>\n<p>La pierre de galet de couleur noire ajoute de la chaleur et de la beaut\u00e9 \u00e0 votre maison.<br \/>\nPermet de mettre en valeur les fa\u00e7ades et les bords des escaliers lorsque deux couleurs sont utilis\u00e9es.Enti\u00e8rement personnalisable avec des motifs, des dessins et des changements de couleur.Couvre le b\u00e9ton ancien, tach\u00e9, textur\u00e9 par pulv\u00e9risation, estampill\u00e9 ou endommag\u00e9.<\/p>\n<p>Param\u00e8tres du produit<\/p>\n<p>Couleur :<br \/>\nCouleur noire<\/p>\n<p>Taille :<br \/>\nCoupe sur mesure<\/p>\n<p>Original :<br \/>\nLaizhou, Chine<\/p>\n<p>Finish Way :<br \/>\nPoli<\/p>\n<p>Obtenir un devis gratuit<\/p>","protected":false},"featured_media":25304,"template":"","meta":[],"product_cat":[192],"product_tag":[],"_links":{"self":[{"href":"https:\/\/stone-phoenix.com\/fr\/wp-json\/wp\/v2\/product\/22436"}],"collection":[{"href":"https:\/\/stone-phoenix.com\/fr\/wp-json\/wp\/v2\/product"}],"about":[{"href":"https:\/\/stone-phoenix.com\/fr\/wp-json\/wp\/v2\/types\/product"}],"wp:featuredmedia":[{"embeddable":true,"href":"https:\/\/stone-phoenix.com\/fr\/wp-json\/wp\/v2\/media\/25304"}],"wp:attachment":[{"href":"https:\/\/stone-phoenix.com\/fr\/wp-json\/wp\/v2\/media?parent=22436"}],"wp:term":[{"taxonomy":"product_cat","embeddable":true,"href":"https:\/\/stone-phoenix.com\/fr\/wp-json\/wp\/v2\/product_cat?post=22436"},{"taxonomy":"product_tag","embeddable":true,"href":"https:\/\/stone-phoenix.com\/fr\/wp-json\/wp\/v2\/product_tag?post=22436"}],"curies":[{"name":"wp","href":"https:\/\/api.w.org\/{rel}","templated":true}]}}