{"id":22446,"date":"2023-12-29T23:10:54","date_gmt":"2023-12-29T15:10:54","guid":{"rendered":"http:\/\/stone-phoenix.com\/product\/grey-sandstone-manufacturer-sandstone-stair-treads"},"modified":"2023-12-29T23:10:55","modified_gmt":"2023-12-29T15:10:55","slug":"grey-sandstone-manufacturer-sandstone-stair-treads","status":"publish","type":"product","link":"https:\/\/stone-phoenix.com\/fr\/produit\/grey-sandstone-manufacturer-sandstone-stair-treads","title":{"rendered":"Fabricant de marches d'escalier en gr\u00e8s gris"},"content":{"rendered":"<div class=\"woocommerce-Tabs-panel woocommerce-Tabs-panel--description panel entry-content wc-tab\" id=\"tab-description\" role=\"tabpanel\" aria-labelledby=\"tab-title-description\">\n<h2><span style=\"font-size: 18pt;\">Fabricant de marches d'escalier en gr\u00e8s gris<\/span><\/h2>\n<p>D\u00e9couvrez l'\u00e9l\u00e9gance naturelle et la durabilit\u00e9 de notre gr\u00e8s gris, fi\u00e8rement fabriqu\u00e9 par notre \u00e9quipe d'experts. Notre gr\u00e8s gris provient de carri\u00e8res r\u00e9put\u00e9es pour leurs formations de gr\u00e8s de haute qualit\u00e9, ce qui vous garantit un produit de premi\u00e8re qualit\u00e9 qui r\u00e9sistera \u00e0 l'\u00e9preuve du temps.<\/p>\n<p>Avec sa teinte grise douce et sa texture unique, notre gr\u00e8s est un choix polyvalent pour un large \u00e9ventail d'applications de conception. Que vous cherchiez \u00e0 am\u00e9liorer l'int\u00e9rieur ou l'ext\u00e9rieur de votre espace r\u00e9sidentiel ou commercial, notre gr\u00e8s gris ne manquera pas d'ajouter une touche de beaut\u00e9 intemporelle.<\/p>\n<p>La texture naturelle de notre gr\u00e8s gris ajoute de la profondeur et du caract\u00e8re \u00e0 toute conception. Sa surface irr\u00e9guli\u00e8re et son grain naturel cr\u00e9ent un impact visuel frappant, ce qui en fait un choix parfait pour les murs, les sols, les fa\u00e7ades et d'autres applications. Notre gr\u00e8s gris peut \u00eatre utilis\u00e9 dans diff\u00e9rents styles de conception, du contemporain et moderne au traditionnel et rustique, ce qui vous permet d'obtenir l'esth\u00e9tique souhait\u00e9e pour votre projet.<\/p>\n<p>L'installation de notre gr\u00e8s gris se fait sans probl\u00e8me et convient donc aussi bien aux bricoleurs qu'aux installateurs professionnels. Il est disponible en diff\u00e9rentes tailles, formes et finitions, ce qui offre des possibilit\u00e9s de conception infinies. Qu'il s'agisse de rev\u00eatements de sols et de murs, de pavages ou d'am\u00e9nagements paysagers, notre gr\u00e8s gris peut \u00eatre adapt\u00e9 \u00e0 vos besoins sp\u00e9cifiques en mati\u00e8re d'am\u00e9nagement.<\/p>\n<p>Outre son aspect \u00e9tonnant, notre gr\u00e8s gris est r\u00e9put\u00e9 pour sa durabilit\u00e9 et ses propri\u00e9t\u00e9s de faible entretien. Le gr\u00e8s est une pierre naturelle qui r\u00e9siste aux taches, \u00e0 la d\u00e9coloration et aux intemp\u00e9ries, ce qui en fait un choix pratique pour les zones tr\u00e8s fr\u00e9quent\u00e9es et les applications ext\u00e9rieures. Avec un minimum d'entretien, notre gr\u00e8s gris conservera sa beaut\u00e9 pendant des ann\u00e9es, ce qui en fait un investissement \u00e0 long terme pour votre projet d'am\u00e9nagement.<\/p>\n<p>En tant que fabricant r\u00e9put\u00e9, nous nous engageons \u00e0 fournir des produits de qualit\u00e9 exceptionnelle et un excellent service \u00e0 la client\u00e8le. Notre gr\u00e8s gris est soumis \u00e0 des mesures rigoureuses de contr\u00f4le de la qualit\u00e9 afin de garantir qu'il respecte ou d\u00e9passe les normes de l'industrie. Nous proposons \u00e9galement des options de prix comp\u00e9titives, ce qui fait de notre gr\u00e8s gris un choix rentable pour vos besoins de conception.<\/p>\n<p>Rehaussez votre espace gr\u00e2ce \u00e0 la beaut\u00e9 naturelle et \u00e0 la durabilit\u00e9 de notre gr\u00e8s gris. Explorez notre collection de gr\u00e8s gris d\u00e8s aujourd'hui et d\u00e9couvrez le choix id\u00e9al pour votre vision du design. Contactez-nous pour en savoir plus sur notre gr\u00e8s gris et sur la fa\u00e7on dont il peut am\u00e9liorer l'esth\u00e9tique de votre espace.<\/p>\n<table style=\"height: 383px;\" width=\"1361\">\n<tbody>\n<\/tbody>\n<tbody>\n<tr>\n<td width=\"121\">Mat\u00e9riau<\/td>\n<td width=\"125\">Couleur primaire<\/td>\n<td width=\"193\">Produit<\/td>\n<td width=\"231\">Taille (cm)<\/td>\n<td width=\"156\">Finition<\/td>\n<td width=\"72\">Densit\u00e9<br \/>\n(g\/cm3)<\/td>\n<td width=\"116\">Absorption de l'eau<br \/>\n(%)<\/td>\n<\/tr>\n<tr>\n<td>Gr\u00e8s gris<\/td>\n<td>Gris<\/td>\n<td width=\"193\">Dalle<br \/>\nCarrelage<br \/>\nEscalier<br \/>\nPav\u00e9s<br \/>\nKerbstone<br \/>\nAppui de fen\u00eatre<br \/>\nComptoir<br \/>\nEtc<\/td>\n<td width=\"231\">240up x120up x2\/3\/5\/6<br \/>\n240up x70up x2\/3\/5\/6<br \/>\n60\u00d730\/60\u00d71\/1.5\/2\/3<br \/>\n100-160x34x3<br \/>\n100-160x15x2<br \/>\nLongueurx20x8<br \/>\nLongueurx25x10<br \/>\n10x10x5<br \/>\n10x20x5<br \/>\nEtc<\/td>\n<td width=\"156\">Poli<br \/>\nHonor\u00e9<br \/>\nFlamm\u00e9<br \/>\nFlamm\u00e9 et bross\u00e9<br \/>\nBushhamerred<br \/>\nSablage<br \/>\nEtc<\/td>\n<td>2.68<\/td>\n<td>2.2<\/td>\n<\/tr>\n<\/tbody>\n<\/table>\n<p><img loading=\"lazy\" decoding=\"async\" class=\"alignnone size-full wp-image-22448\" src=\"http:\/\/stone-phoenix.com\/wp-content\/uploads\/2023\/12\/1703891455.jpg\" width=\"927\" height=\"600\" srcset=\"https:\/\/stone-phoenix.com\/wp-content\/uploads\/2023\/12\/1703891455.jpg 927w, https:\/\/stone-phoenix.com\/wp-content\/uploads\/2023\/12\/1703891455-300x194.jpg 300w, https:\/\/stone-phoenix.com\/wp-content\/uploads\/2023\/12\/1703891455-768x497.jpg 768w, https:\/\/stone-phoenix.com\/wp-content\/uploads\/2023\/12\/1703891455-18x12.jpg 18w, https:\/\/stone-phoenix.com\/wp-content\/uploads\/2023\/12\/1703891455-600x388.jpg 600w, https:\/\/stone-phoenix.com\/wp-content\/uploads\/2023\/12\/1703891455-150x97.jpg 150w\" sizes=\"(max-width: 927px) 100vw, 927px\" \/><\/p>\n<h2>S\u00e9rie Gr\u00e8s<\/h2>\n<div class=\"mceTemp\"><\/div>\n<table style=\"border-collapse: collapse; width: 216.03pt;\" border=\"0\" width=\"288\" cellspacing=\"0\" cellpadding=\"0\">\n<tbody>\n<\/tbody>\n<tbody>\n<tr style=\"height: 13.50pt;\">\n<td style=\"height: 13.50pt; width: 54.00pt;\" align=\"right\" width=\"72\" height=\"18\">\n<p><figure id=\"attachment_6606\" aria-describedby=\"caption-attachment-6606\" style=\"width: 300px\" class=\"wp-caption aligncenter\"><img loading=\"lazy\" decoding=\"async\" class=\"alignnone size-full wp-image-22449\" src=\"http:\/\/stone-phoenix.com\/wp-content\/uploads\/2023\/12\/1703891456.jpg\" width=\"300\" height=\"300\" srcset=\"https:\/\/stone-phoenix.com\/wp-content\/uploads\/2023\/12\/1703891456.jpg 300w, https:\/\/stone-phoenix.com\/wp-content\/uploads\/2023\/12\/1703891456-150x150.jpg 150w, https:\/\/stone-phoenix.com\/wp-content\/uploads\/2023\/12\/1703891456-12x12.jpg 12w\" sizes=\"(max-width: 300px) 100vw, 300px\" \/><figcaption id=\"caption-attachment-6606\" class=\"wp-caption-text\">Gr\u00e8s vert<\/figcaption><\/figure>\n<\/p>\n<\/td>\n<td style=\"width: 54.00pt;\" align=\"right\" width=\"72\">\n<p><figure id=\"attachment_6607\" aria-describedby=\"caption-attachment-6607\" style=\"width: 300px\" class=\"wp-caption aligncenter\"><img loading=\"lazy\" decoding=\"async\" class=\"alignnone size-full wp-image-22450\" src=\"http:\/\/stone-phoenix.com\/wp-content\/uploads\/2023\/12\/1703891457.jpg\" width=\"300\" height=\"300\" srcset=\"https:\/\/stone-phoenix.com\/wp-content\/uploads\/2023\/12\/1703891457.jpg 300w, https:\/\/stone-phoenix.com\/wp-content\/uploads\/2023\/12\/1703891457-150x150.jpg 150w, https:\/\/stone-phoenix.com\/wp-content\/uploads\/2023\/12\/1703891457-12x12.jpg 12w\" sizes=\"(max-width: 300px) 100vw, 300px\" \/><figcaption id=\"caption-attachment-6607\" class=\"wp-caption-text\">Gr\u00e8s vert en bois<\/figcaption><\/figure>\n<\/p>\n<\/td>\n<td style=\"width: 54.00pt;\" align=\"right\" width=\"72\">\n<p><figure id=\"attachment_6608\" aria-describedby=\"caption-attachment-6608\" style=\"width: 300px\" class=\"wp-caption aligncenter\"><img loading=\"lazy\" decoding=\"async\" class=\"alignnone size-full wp-image-22451\" src=\"http:\/\/stone-phoenix.com\/wp-content\/uploads\/2023\/12\/1703891457-1.jpg\" width=\"300\" height=\"300\" srcset=\"https:\/\/stone-phoenix.com\/wp-content\/uploads\/2023\/12\/1703891457-1.jpg 300w, https:\/\/stone-phoenix.com\/wp-content\/uploads\/2023\/12\/1703891457-1-150x150.jpg 150w, https:\/\/stone-phoenix.com\/wp-content\/uploads\/2023\/12\/1703891457-1-12x12.jpg 12w\" sizes=\"(max-width: 300px) 100vw, 300px\" \/><figcaption id=\"caption-attachment-6608\" class=\"wp-caption-text\">Gr\u00e8s gris<\/figcaption><\/figure>\n<\/p>\n<\/td>\n<td style=\"width: 54.00pt;\" align=\"right\" width=\"72\">\n<p><figure id=\"attachment_6609\" aria-describedby=\"caption-attachment-6609\" style=\"width: 300px\" class=\"wp-caption aligncenter\"><img loading=\"lazy\" decoding=\"async\" class=\"alignnone size-full wp-image-22452\" src=\"http:\/\/stone-phoenix.com\/wp-content\/uploads\/2023\/12\/1703891458.jpg\" width=\"300\" height=\"300\" srcset=\"https:\/\/stone-phoenix.com\/wp-content\/uploads\/2023\/12\/1703891458.jpg 300w, https:\/\/stone-phoenix.com\/wp-content\/uploads\/2023\/12\/1703891458-150x150.jpg 150w, https:\/\/stone-phoenix.com\/wp-content\/uploads\/2023\/12\/1703891458-12x12.jpg 12w\" sizes=\"(max-width: 300px) 100vw, 300px\" \/><figcaption id=\"caption-attachment-6609\" class=\"wp-caption-text\">Gr\u00e8s bois\u00e9 pourpre<\/figcaption><\/figure>\n<\/p>\n<\/td>\n<\/tr>\n<tr style=\"height: 13.50pt;\">\n<td style=\"height: 13.50pt;\" align=\"right\" height=\"18\">\n<p><figure id=\"attachment_6610\" aria-describedby=\"caption-attachment-6610\" style=\"width: 300px\" class=\"wp-caption aligncenter\"><img loading=\"lazy\" decoding=\"async\" class=\"alignnone size-full wp-image-22453\" src=\"http:\/\/stone-phoenix.com\/wp-content\/uploads\/2023\/12\/1703891459.jpg\" width=\"300\" height=\"300\" srcset=\"https:\/\/stone-phoenix.com\/wp-content\/uploads\/2023\/12\/1703891459.jpg 300w, https:\/\/stone-phoenix.com\/wp-content\/uploads\/2023\/12\/1703891459-150x150.jpg 150w, https:\/\/stone-phoenix.com\/wp-content\/uploads\/2023\/12\/1703891459-12x12.jpg 12w\" sizes=\"(max-width: 300px) 100vw, 300px\" \/><figcaption id=\"caption-attachment-6610\" class=\"wp-caption-text\">Gr\u00e8s rouge<\/figcaption><\/figure>\n<\/p>\n<\/td>\n<td align=\"right\">\n<p><figure id=\"attachment_6611\" aria-describedby=\"caption-attachment-6611\" style=\"width: 300px\" class=\"wp-caption aligncenter\"><img loading=\"lazy\" decoding=\"async\" class=\"alignnone size-full wp-image-22454\" src=\"http:\/\/stone-phoenix.com\/wp-content\/uploads\/2023\/12\/1703891460.jpg\" width=\"300\" height=\"300\" srcset=\"https:\/\/stone-phoenix.com\/wp-content\/uploads\/2023\/12\/1703891460.jpg 300w, https:\/\/stone-phoenix.com\/wp-content\/uploads\/2023\/12\/1703891460-150x150.jpg 150w, https:\/\/stone-phoenix.com\/wp-content\/uploads\/2023\/12\/1703891460-12x12.jpg 12w\" sizes=\"(max-width: 300px) 100vw, 300px\" \/><figcaption id=\"caption-attachment-6611\" class=\"wp-caption-text\">Gr\u00e8s blanc<\/figcaption><\/figure>\n<\/p>\n<\/td>\n<td align=\"right\">\n<p><figure id=\"attachment_6612\" aria-describedby=\"caption-attachment-6612\" style=\"width: 300px\" class=\"wp-caption aligncenter\"><img loading=\"lazy\" decoding=\"async\" class=\"alignnone size-full wp-image-22455\" src=\"http:\/\/stone-phoenix.com\/wp-content\/uploads\/2023\/12\/1703891460-1.jpg\" width=\"300\" height=\"300\" srcset=\"https:\/\/stone-phoenix.com\/wp-content\/uploads\/2023\/12\/1703891460-1.jpg 300w, https:\/\/stone-phoenix.com\/wp-content\/uploads\/2023\/12\/1703891460-1-150x150.jpg 150w, https:\/\/stone-phoenix.com\/wp-content\/uploads\/2023\/12\/1703891460-1-12x12.jpg 12w\" sizes=\"(max-width: 300px) 100vw, 300px\" \/><figcaption id=\"caption-attachment-6612\" class=\"wp-caption-text\">Gr\u00e8s jaune<\/figcaption><\/figure>\n<\/p>\n<\/td>\n<td align=\"right\">\n<p><figure id=\"attachment_6613\" aria-describedby=\"caption-attachment-6613\" style=\"width: 300px\" class=\"wp-caption aligncenter\"><img loading=\"lazy\" decoding=\"async\" class=\"alignnone size-full wp-image-22456\" src=\"http:\/\/stone-phoenix.com\/wp-content\/uploads\/2023\/12\/1703891461.jpg\" width=\"300\" height=\"300\" srcset=\"https:\/\/stone-phoenix.com\/wp-content\/uploads\/2023\/12\/1703891461.jpg 300w, https:\/\/stone-phoenix.com\/wp-content\/uploads\/2023\/12\/1703891461-150x150.jpg 150w, https:\/\/stone-phoenix.com\/wp-content\/uploads\/2023\/12\/1703891461-12x12.jpg 12w\" sizes=\"(max-width: 300px) 100vw, 300px\" \/><figcaption id=\"caption-attachment-6613\" class=\"wp-caption-text\">Gr\u00e8s jaune bois\u00e9<\/figcaption><\/figure>\n<\/p>\n<\/td>\n<\/tr>\n<\/tbody>\n<\/table>\n<div class=\"mceTemp\"><\/div>\n<div class=\"mceTemp\"><\/div>\n<\/p><\/div>","protected":false},"excerpt":{"rendered":"<p>Le gr\u00e8s gris est l'un des mat\u00e9riaux les plus populaires en architecture. Cette pierre est particuli\u00e8rement adapt\u00e9e aux pierres de construction, aux toitures, aux dalles, aux margelles de piscine, aux appuis de fen\u00eatre, aux pierres ornementales, aux murs int\u00e9rieurs et ext\u00e9rieurs, aux sols, aux escaliers, aux marches d'escalier, aux pav\u00e9s et \u00e0 d'autres projets d'am\u00e9nagement.<\/p>","protected":false},"featured_media":22447,"template":"","meta":[],"product_cat":[193],"product_tag":[],"_links":{"self":[{"href":"https:\/\/stone-phoenix.com\/fr\/wp-json\/wp\/v2\/product\/22446"}],"collection":[{"href":"https:\/\/stone-phoenix.com\/fr\/wp-json\/wp\/v2\/product"}],"about":[{"href":"https:\/\/stone-phoenix.com\/fr\/wp-json\/wp\/v2\/types\/product"}],"wp:featuredmedia":[{"embeddable":true,"href":"https:\/\/stone-phoenix.com\/fr\/wp-json\/wp\/v2\/media\/22447"}],"wp:attachment":[{"href":"https:\/\/stone-phoenix.com\/fr\/wp-json\/wp\/v2\/media?parent=22446"}],"wp:term":[{"taxonomy":"product_cat","embeddable":true,"href":"https:\/\/stone-phoenix.com\/fr\/wp-json\/wp\/v2\/product_cat?post=22446"},{"taxonomy":"product_tag","embeddable":true,"href":"https:\/\/stone-phoenix.com\/fr\/wp-json\/wp\/v2\/product_tag?post=22446"}],"curies":[{"name":"wp","href":"https:\/\/api.w.org\/{rel}","templated":true}]}}