{"id":22457,"date":"2023-12-29T23:14:07","date_gmt":"2023-12-29T15:14:07","guid":{"rendered":"http:\/\/stone-phoenix.com\/product\/black-slate-tile-manufacturer-black-slate-rock-for-sale"},"modified":"2023-12-29T23:14:08","modified_gmt":"2023-12-29T15:14:08","slug":"black-slate-tile-manufacturer-black-slate-rock-for-sale","status":"publish","type":"product","link":"https:\/\/stone-phoenix.com\/fr\/produit\/black-slate-tile-manufacturer-black-slate-rock-for-sale","title":{"rendered":"Tuiles d'ardoise noire Fabricant de roches d'ardoise noire \u00e0 vendre"},"content":{"rendered":"<div class=\"woocommerce-Tabs-panel woocommerce-Tabs-panel--description panel entry-content wc-tab\" id=\"tab-description\" role=\"tabpanel\" aria-labelledby=\"tab-title-description\">\n<h2>Tuiles d'ardoise noire Fabricant de roches d'ardoise noire \u00e0 vendre<\/h2>\n<p>Bienvenue dans notre collection de tuiles en ardoise noire, o\u00f9 la beaut\u00e9 naturelle rencontre une qualit\u00e9 in\u00e9gal\u00e9e. En tant que fabricant leader de tuiles en ardoise noire, nous sommes fiers d'offrir des produits de qualit\u00e9 sup\u00e9rieure qui sont parfaits pour am\u00e9liorer l'esth\u00e9tique de n'importe quel espace.<\/p>\n<p>Nos tuiles en ardoise noire proviennent de carri\u00e8res soigneusement s\u00e9lectionn\u00e9es et sont fabriqu\u00e9es avec pr\u00e9cision pour garantir leur qualit\u00e9 exceptionnelle. Le noir profond et riche de l'ardoise d\u00e9gage \u00e9l\u00e9gance et sophistication, ce qui en fait un choix populaire pour les applications int\u00e9rieures et ext\u00e9rieures, tant dans le domaine r\u00e9sidentiel que commercial.<\/p>\n<p>La texture unique de nos tuiles en ardoise noire ajoute une touche de caract\u00e8re naturel \u00e0 n'importe quel design. Avec leur surface naturellement fendue et leurs bords irr\u00e9guliers, nos carreaux d'ardoise cr\u00e9ent un impact visuel \u00e9tonnant, ajoutant de la profondeur et de la dimension aux murs, aux sols et aux autres surfaces. La polyvalence de nos tuiles en ardoise noire leur permet d'\u00eatre utilis\u00e9es dans diff\u00e9rents styles de design, du moderne et contemporain au rustique et traditionnel.Fabricant de tuiles en ardoise noire<\/p>\n<p>Outre leur attrait esth\u00e9tique, nos dalles en ardoise noire sont r\u00e9put\u00e9es pour leur durabilit\u00e9 et leur facilit\u00e9 d'entretien. L'ardoise est une pierre naturelle qui r\u00e9siste aux taches, aux rayures et \u00e0 la d\u00e9coloration, ce qui garantit que nos dalles en ardoise noire r\u00e9sisteront \u00e0 l'\u00e9preuve du temps, m\u00eame dans les zones les plus fr\u00e9quent\u00e9es. Avec un minimum d'entretien, nos dalles en ardoise noire conserveront leur superbe aspect pendant des ann\u00e9es.<\/p>\n<p>En tant que fabricant de confiance, nous sommes fiers de notre engagement en faveur de la qualit\u00e9 et de la satisfaction du client. Nos tuiles d'ardoise noire sont soumises \u00e0 des mesures rigoureuses de contr\u00f4le de la qualit\u00e9 afin de garantir qu'elles respectent ou d\u00e9passent les normes de l'industrie. Nous offrons \u00e9galement des options de prix comp\u00e9titifs pour nos tuiles d'ardoise noire, ce qui en fait un choix rentable pour vos projets de conception.<\/p>\n<p>Rehaussez votre espace avec la beaut\u00e9 intemporelle et la durabilit\u00e9 de nos carreaux d'ardoise noire. Parcourez notre collection de carreaux d'ardoise noire d\u00e8s aujourd'hui et d\u00e9couvrez le choix id\u00e9al pour vos besoins en mati\u00e8re de design. Contactez-nous pour en savoir plus sur nos tuiles en ardoise noire et sur la fa\u00e7on dont elles peuvent rehausser l'esth\u00e9tique de votre espace.<\/p>\n<table style=\"height: 383px;\" width=\"1361\">\n<tbody>\n<\/tbody>\n<tbody>\n<tr>\n<td width=\"121\">Mat\u00e9riau<\/td>\n<td width=\"125\">Couleur primaire<\/td>\n<td width=\"193\">Produit<\/td>\n<td width=\"231\">Taille (cm)<\/td>\n<td width=\"156\">Finition<\/td>\n<td width=\"72\">Densit\u00e9<br \/>\n(g\/cm3)<\/td>\n<td width=\"116\">Absorption de l'eau<br \/>\n(%)<\/td>\n<\/tr>\n<tr>\n<td>Ardoise noire<\/td>\n<td>Noir<\/td>\n<td width=\"193\">Dalle<br \/>\nCarrelage<br \/>\nEscalier<br \/>\nPav\u00e9s<br \/>\nEtc<\/td>\n<td width=\"231\">30x20cm<br \/>\n32x22cm<br \/>\n40x20cm<br \/>\n60x30cm<br \/>\n60x15cm<br \/>\n45x25cm<br \/>\nEtc<\/td>\n<td width=\"156\">Poli<br \/>\nHonor\u00e9<br \/>\nS\u00e9parer<br \/>\nEtc<\/td>\n<td>2.75<\/td>\n<td>0.28<\/td>\n<\/tr>\n<\/tbody>\n<\/table>\n<p><img loading=\"lazy\" decoding=\"async\" class=\"alignnone size-full wp-image-22459\" src=\"http:\/\/stone-phoenix.com\/wp-content\/uploads\/2023\/12\/1703891649.png\" width=\"890\" height=\"439\" srcset=\"https:\/\/stone-phoenix.com\/wp-content\/uploads\/2023\/12\/1703891649.png 890w, https:\/\/stone-phoenix.com\/wp-content\/uploads\/2023\/12\/1703891649-300x148.png 300w, https:\/\/stone-phoenix.com\/wp-content\/uploads\/2023\/12\/1703891649-768x379.png 768w, https:\/\/stone-phoenix.com\/wp-content\/uploads\/2023\/12\/1703891649-18x9.png 18w, https:\/\/stone-phoenix.com\/wp-content\/uploads\/2023\/12\/1703891649-600x296.png 600w, https:\/\/stone-phoenix.com\/wp-content\/uploads\/2023\/12\/1703891649-150x74.png 150w\" sizes=\"(max-width: 890px) 100vw, 890px\" \/><\/p>\n<h2>S\u00e9rie Basalt Slate<\/h2>\n<table style=\"border-collapse: collapse; width: 162.03pt;\" border=\"0\" width=\"216\" cellspacing=\"0\" cellpadding=\"0\">\n<tbody>\n<\/tbody>\n<tbody>\n<tr style=\"height: 13.50pt;\">\n<td style=\"height: 13.50pt; width: 54.00pt;\" align=\"right\" width=\"72\" height=\"18\">\n<p><figure id=\"attachment_6654\" aria-describedby=\"caption-attachment-6654\" style=\"width: 400px\" class=\"wp-caption aligncenter\"><img loading=\"lazy\" decoding=\"async\" class=\"alignnone size-full wp-image-22460\" src=\"http:\/\/stone-phoenix.com\/wp-content\/uploads\/2023\/12\/1703891650.png\" width=\"400\" height=\"400\" srcset=\"https:\/\/stone-phoenix.com\/wp-content\/uploads\/2023\/12\/1703891650.png 400w, https:\/\/stone-phoenix.com\/wp-content\/uploads\/2023\/12\/1703891650-300x300.png 300w, https:\/\/stone-phoenix.com\/wp-content\/uploads\/2023\/12\/1703891650-150x150.png 150w, https:\/\/stone-phoenix.com\/wp-content\/uploads\/2023\/12\/1703891650-12x12.png 12w\" sizes=\"(max-width: 400px) 100vw, 400px\" \/><figcaption id=\"caption-attachment-6654\" class=\"wp-caption-text\"><span style=\"font-size: 16px;\">Ardoise noire<\/span><\/figcaption><\/figure>\n<\/p>\n<\/td>\n<td style=\"width: 54.00pt;\" align=\"right\" width=\"72\">\n<p><figure id=\"attachment_6655\" aria-describedby=\"caption-attachment-6655\" style=\"width: 400px\" class=\"wp-caption aligncenter\"><img loading=\"lazy\" decoding=\"async\" class=\"alignnone size-full wp-image-22461\" src=\"http:\/\/stone-phoenix.com\/wp-content\/uploads\/2023\/12\/1703891651.png\" width=\"400\" height=\"400\" srcset=\"https:\/\/stone-phoenix.com\/wp-content\/uploads\/2023\/12\/1703891651.png 400w, https:\/\/stone-phoenix.com\/wp-content\/uploads\/2023\/12\/1703891651-300x300.png 300w, https:\/\/stone-phoenix.com\/wp-content\/uploads\/2023\/12\/1703891651-150x150.png 150w, https:\/\/stone-phoenix.com\/wp-content\/uploads\/2023\/12\/1703891651-12x12.png 12w\" sizes=\"(max-width: 400px) 100vw, 400px\" \/><figcaption id=\"caption-attachment-6655\" class=\"wp-caption-text\"><span style=\"font-size: 16px;\">Ardoise verte<\/span><\/figcaption><\/figure>\n<\/p>\n<\/td>\n<td style=\"width: 54.00pt;\" align=\"right\" width=\"72\">\n<p><figure id=\"attachment_6656\" aria-describedby=\"caption-attachment-6656\" style=\"width: 400px\" class=\"wp-caption aligncenter\"><img loading=\"lazy\" decoding=\"async\" class=\"alignnone size-full wp-image-22462\" src=\"http:\/\/stone-phoenix.com\/wp-content\/uploads\/2023\/12\/1703891651-1.png\" width=\"400\" height=\"400\" srcset=\"https:\/\/stone-phoenix.com\/wp-content\/uploads\/2023\/12\/1703891651-1.png 400w, https:\/\/stone-phoenix.com\/wp-content\/uploads\/2023\/12\/1703891651-1-300x300.png 300w, https:\/\/stone-phoenix.com\/wp-content\/uploads\/2023\/12\/1703891651-1-150x150.png 150w, https:\/\/stone-phoenix.com\/wp-content\/uploads\/2023\/12\/1703891651-1-12x12.png 12w\" sizes=\"(max-width: 400px) 100vw, 400px\" \/><figcaption id=\"caption-attachment-6656\" class=\"wp-caption-text\"><span style=\"font-size: 16px;\">Gris ardoise<\/span><\/figcaption><\/figure>\n<\/p>\n<\/td>\n<\/tr>\n<tr style=\"height: 13.50pt;\">\n<td style=\"height: 13.50pt;\" align=\"right\" height=\"18\">\n<p><figure id=\"attachment_6657\" aria-describedby=\"caption-attachment-6657\" style=\"width: 400px\" class=\"wp-caption aligncenter\"><img loading=\"lazy\" decoding=\"async\" class=\"alignnone size-full wp-image-22463\" src=\"http:\/\/stone-phoenix.com\/wp-content\/uploads\/2023\/12\/1703891653.png\" width=\"400\" height=\"400\" srcset=\"https:\/\/stone-phoenix.com\/wp-content\/uploads\/2023\/12\/1703891653.png 400w, https:\/\/stone-phoenix.com\/wp-content\/uploads\/2023\/12\/1703891653-300x300.png 300w, https:\/\/stone-phoenix.com\/wp-content\/uploads\/2023\/12\/1703891653-150x150.png 150w, https:\/\/stone-phoenix.com\/wp-content\/uploads\/2023\/12\/1703891653-12x12.png 12w\" sizes=\"(max-width: 400px) 100vw, 400px\" \/><figcaption id=\"caption-attachment-6657\" class=\"wp-caption-text\"><span style=\"font-size: 16px;\">Ardoise rustique<\/span><\/figcaption><\/figure>\n<\/p>\n<\/td>\n<td align=\"right\">\n<p><figure id=\"attachment_6658\" aria-describedby=\"caption-attachment-6658\" style=\"width: 400px\" class=\"wp-caption aligncenter\"><img loading=\"lazy\" decoding=\"async\" class=\"alignnone size-full wp-image-22464\" src=\"http:\/\/stone-phoenix.com\/wp-content\/uploads\/2023\/12\/1703891654.png\" width=\"400\" height=\"400\" srcset=\"https:\/\/stone-phoenix.com\/wp-content\/uploads\/2023\/12\/1703891654.png 400w, https:\/\/stone-phoenix.com\/wp-content\/uploads\/2023\/12\/1703891654-300x300.png 300w, https:\/\/stone-phoenix.com\/wp-content\/uploads\/2023\/12\/1703891654-150x150.png 150w, https:\/\/stone-phoenix.com\/wp-content\/uploads\/2023\/12\/1703891654-12x12.png 12w\" sizes=\"(max-width: 400px) 100vw, 400px\" \/><figcaption id=\"caption-attachment-6658\" class=\"wp-caption-text\"><span style=\"font-size: 16px;\">Ardoise jaune<\/span><\/figcaption><\/figure>\n<\/p>\n<\/td>\n<td align=\"right\"><\/td>\n<\/tr>\n<\/tbody>\n<\/table><\/div>","protected":false},"excerpt":{"rendered":"<p>L'ardoise noire convient parfaitement au design contemporain moderne. Sa surface l\u00e9g\u00e8rement stri\u00e9e et ses bords sci\u00e9s conf\u00e8rent \u00e0 votre all\u00e9e, \u00e0 votre terrasse ou \u00e0 votre sol int\u00e9rieur une finition \u00e9l\u00e9gante et polie. Elle est tr\u00e8s appr\u00e9ci\u00e9e pour le rev\u00eatement de l'ensemble de la maison, les murs d'agr\u00e9ment, les murs de d\u00e9limitation et de sout\u00e8nement, les dalles de sol, etc.<\/p>","protected":false},"featured_media":22458,"template":"","meta":[],"product_cat":[194],"product_tag":[],"_links":{"self":[{"href":"https:\/\/stone-phoenix.com\/fr\/wp-json\/wp\/v2\/product\/22457"}],"collection":[{"href":"https:\/\/stone-phoenix.com\/fr\/wp-json\/wp\/v2\/product"}],"about":[{"href":"https:\/\/stone-phoenix.com\/fr\/wp-json\/wp\/v2\/types\/product"}],"wp:featuredmedia":[{"embeddable":true,"href":"https:\/\/stone-phoenix.com\/fr\/wp-json\/wp\/v2\/media\/22458"}],"wp:attachment":[{"href":"https:\/\/stone-phoenix.com\/fr\/wp-json\/wp\/v2\/media?parent=22457"}],"wp:term":[{"taxonomy":"product_cat","embeddable":true,"href":"https:\/\/stone-phoenix.com\/fr\/wp-json\/wp\/v2\/product_cat?post=22457"},{"taxonomy":"product_tag","embeddable":true,"href":"https:\/\/stone-phoenix.com\/fr\/wp-json\/wp\/v2\/product_tag?post=22457"}],"curies":[{"name":"wp","href":"https:\/\/api.w.org\/{rel}","templated":true}]}}