{"id":22731,"date":"2023-12-30T07:50:17","date_gmt":"2023-12-29T23:50:17","guid":{"rendered":"http:\/\/stone-phoenix.com\/product\/brown-granite-g664-columbarium-wholesale-producing"},"modified":"2024-02-28T17:19:08","modified_gmt":"2024-02-28T09:19:08","slug":"brown-granite-g664-columbarium-wholesale-producing","status":"publish","type":"product","link":"https:\/\/stone-phoenix.com\/fr\/produit\/brown-granite-g664-columbarium-wholesale-producing","title":{"rendered":"Granit brun G664 Columbarium Production en gros"},"content":{"rendered":"<div class=\"c\">Granit brun<a href=\"http:\/\/www.phonenix%20power%20stonestone.com\"><strong> G664 Columbarium <\/strong><\/a>Production en gros.<br \/>\nNous pouvons r\u00e9aliser des tailles personnalis\u00e9es avec diff\u00e9rents mod\u00e8les et conceptions. Bonne qualit\u00e9 et haut degr\u00e9 de polissage des granits,<br \/>\n<img loading=\"lazy\" decoding=\"async\" class=\"\" src=\"http:\/\/stone-phoenix.com\/wp-content\/uploads\/2023\/12\/brown-granite-g664-columbarium-wholesale-producing_658ee5b8f41a8.jpeg\" width=\"439\" height=\"541\" \/><img loading=\"lazy\" decoding=\"async\" class=\"\" src=\"http:\/\/stone-phoenix.com\/wp-content\/uploads\/2023\/12\/brown-granite-g664-columbarium-wholesale-producing_658ee5b930a5b.jpeg\" width=\"417\" height=\"539\" \/><img loading=\"lazy\" decoding=\"async\" class=\"\" src=\"http:\/\/stone-phoenix.com\/wp-content\/uploads\/2023\/12\/brown-granite-g664-columbarium-wholesale-producing_658ee5b955523.jpeg\" width=\"860\" height=\"609\" \/><\/div>","protected":false},"excerpt":{"rendered":"<p>Granit brun G664 Columbarium Production en gros<br \/>\nGranit brun G664 Columbarium Wholesale Producing , Nous pouvons r\u00e9aliser des tailles personnalis\u00e9es avec diff\u00e9rents mod\u00e8les et conceptions. Bonne qualit\u00e9 et haut degr\u00e9 de polissage des granits,<\/p>\n<p>Param\u00e8tres du produit<\/p>\n<p>Couleur :<br \/>\nGranit de couleur marron<\/p>\n<p>Taille :<br \/>\nCoupe sur mesure<\/p>\n<p>Original :<br \/>\nLaizhou, Chine<\/p>\n<p>Finish Way :<br \/>\nPoli<\/p>\n<p>Obtenir un devis gratuit<\/p>","protected":false},"featured_media":25089,"template":"","meta":[],"product_cat":[110],"product_tag":[],"_links":{"self":[{"href":"https:\/\/stone-phoenix.com\/fr\/wp-json\/wp\/v2\/product\/22731"}],"collection":[{"href":"https:\/\/stone-phoenix.com\/fr\/wp-json\/wp\/v2\/product"}],"about":[{"href":"https:\/\/stone-phoenix.com\/fr\/wp-json\/wp\/v2\/types\/product"}],"wp:featuredmedia":[{"embeddable":true,"href":"https:\/\/stone-phoenix.com\/fr\/wp-json\/wp\/v2\/media\/25089"}],"wp:attachment":[{"href":"https:\/\/stone-phoenix.com\/fr\/wp-json\/wp\/v2\/media?parent=22731"}],"wp:term":[{"taxonomy":"product_cat","embeddable":true,"href":"https:\/\/stone-phoenix.com\/fr\/wp-json\/wp\/v2\/product_cat?post=22731"},{"taxonomy":"product_tag","embeddable":true,"href":"https:\/\/stone-phoenix.com\/fr\/wp-json\/wp\/v2\/product_tag?post=22731"}],"curies":[{"name":"wp","href":"https:\/\/api.w.org\/{rel}","templated":true}]}}