{"id":22748,"date":"2023-12-30T07:50:35","date_gmt":"2023-12-29T23:50:35","guid":{"rendered":"http:\/\/stone-phoenix.com\/product\/bahama-blue-granite-headstone-poland-style-headstone"},"modified":"2024-02-28T16:41:52","modified_gmt":"2024-02-28T08:41:52","slug":"bahama-blue-granite-headstone-poland-style-headstone","status":"publish","type":"product","link":"https:\/\/stone-phoenix.com\/fr\/produit\/bahama-blue-granite-headstone-poland-style-headstone","title":{"rendered":"Pierre tombale en granit bleu Bahama Pierre tombale de style polonais"},"content":{"rendered":"<div class=\"c\">\n<div>\n<h1><span style=\"line-height: 400%;\"><span style=\"font-size: 20px;\"><strong>Pierre tombale en granit bleu Bahama Pierre tombale de style polonais<\/strong><\/span><\/span><\/h1>\n<h2><span style=\"line-height: 200%;\"><span style=\"font-size: 16px;\"><a href=\"https:\/\/www.phonenix%20power%20stonestone.com\/\"><strong>Pierre tombale en granit bleu Bahama<\/strong><\/a> Pierre tombale de style polonais. Phoenix Power Stone offre \u00e0 ses clients un grand choix de couleurs pour leur pierre tombale ou leur pierre tombale.  Le granit bleu Bahama est l'une de ces couleurs. Le granit bleu bahama est une couleur vibrante qui r\u00e9sistera \u00e0 l'\u00e9preuve du temps pour votre pierre tombale ou votre pierre tombale. Ce mod\u00e8le est fabriqu\u00e9 \u00e0 partir de granit bleu bahama robuste qui peut r\u00e9sister \u00e0 des conditions ext\u00e9rieures difficiles. Les pierres tombales peuvent \u00eatre personnalis\u00e9es pour r\u00e9pondre \u00e0 toutes les exigences. La taille et la forme peuvent \u00eatre ajust\u00e9es selon les pr\u00e9f\u00e9rences.\u00a0<\/span><\/span><\/h2>\n<h2><span style=\"line-height: 200%;\"><span style=\"font-size: 16px;\">D\u00e9tails rapides :<br \/>\n- Lieu d'origine :      Fujian, Chine ;<br \/>\n- Port :                       Port de Laizhou, Chine ;<br \/>\n- Nom de marque :         Laizhou phonenix power stone Co, Ltd ;<br \/>\n- Type d'entreprise :      Fabricant et commer\u00e7ant Soci\u00e9t\u00e9 ;<br \/>\nDescription du produit :<\/span><\/span><\/h2>\n<table style=\"width: 750px;\" border=\"1\" cellspacing=\"1\" cellpadding=\"1\">\n<tbody>\n<tr>\n<td>\n<h2><span style=\"line-height: 200%;\"><span style=\"font-size: 16px;\">\u00a0 Nom du produit :<\/span><\/span><\/h2>\n<\/td>\n<td>\n<h2><span style=\"line-height: 200%;\"><span style=\"font-size: 16px;\">\u00a0 Pierre tombale en granit bleu Bahama Pierre tombale de style polonais<\/span><\/span><\/h2>\n<\/td>\n<\/tr>\n<tr>\n<td>\n<h2><span style=\"line-height: 200%;\"><span style=\"font-size: 16px;\">\u00a0 Emballage :<\/span><\/span><\/h2>\n<\/td>\n<td>\n<h2><span style=\"line-height: 200%;\"><span style=\"font-size: 16px;\">\u00a0 Caisse en bois solide avec fumigation.\u00a0<\/span><\/span><\/h2>\n<\/td>\n<\/tr>\n<tr>\n<td>\n<h2><span style=\"line-height: 200%;\"><span style=\"font-size: 16px;\">\u00a0 Certificat :<\/span><\/span><\/h2>\n<\/td>\n<td>\n<h2><span style=\"line-height: 200%;\"><span style=\"font-size: 16px;\">\u00a0 CE\/SGS<\/span><\/span><\/h2>\n<\/td>\n<\/tr>\n<tr>\n<td>\n<h2><span style=\"line-height: 200%;\"><span style=\"font-size: 16px;\">\u00a0 Conditions de paiement :<\/span><\/span><\/h2>\n<\/td>\n<td>\n<h2><span style=\"line-height: 200%;\"><span style=\"font-size: 16px;\">\u00a0 T\/T,L\/C,D\/A,D\/P<\/span><\/span><\/h2>\n<\/td>\n<\/tr>\n<tr>\n<td>\n<h2><span style=\"line-height: 200%;\"><span style=\"font-size: 16px;\">\u00a0 D\u00e9lai de livraison :<\/span><\/span><\/h2>\n<\/td>\n<td>\n<h2><span style=\"line-height: 200%;\"><span style=\"font-size: 16px;\">\u00a0 15~30 jours<\/span><\/span><\/h2>\n<\/td>\n<\/tr>\n<tr>\n<td>\n<h2><span style=\"line-height: 200%;\"><span style=\"font-size: 16px;\">\u00a0 Conditions d'exp\u00e9dition :\u00a0<\/span><\/span><\/h2>\n<\/td>\n<td>\n<h2><span style=\"line-height: 200%;\"><span style=\"font-size: 16px;\">\u00a0 FOB, CFR, CIF<\/span><\/span><\/h2>\n<\/td>\n<\/tr>\n<tr>\n<td>\n<h2><span style=\"line-height: 200%;\"><span style=\"font-size: 16px;\">\u00a0 \u00c9chantillon :<\/span><\/span><\/h2>\n<\/td>\n<td>\n<h2><span style=\"line-height: 200%;\"><span style=\"font-size: 16px;\">\u00a0 Gratuit<\/span><\/span><\/h2>\n<\/td>\n<\/tr>\n<tr>\n<td>\n<h2><span style=\"line-height: 200%;\"><span style=\"font-size: 16px;\">\u00a0 Service :<\/span><\/span><\/h2>\n<\/td>\n<td>\n<h2><span style=\"line-height: 200%;\"><span style=\"font-size: 16px;\">\u00a0 Meilleure qualit\u00e9, prix comp\u00e9titifs, livraison dans les d\u00e9lais, bon cr\u00e9dit..,<br \/>\nRiches couleurs disponibles, service \u00e0 guichet unique, CAO gratuite, pas de QM ;<\/span><\/span><\/h2>\n<\/td>\n<\/tr>\n<tr>\n<td>\n<h2><span style=\"line-height: 200%;\"><span style=\"font-size: 16px;\">\u00a0 Conception :<\/span><\/span><\/h2>\n<\/td>\n<td>\n<h2><span style=\"line-height: 200%;\"><span style=\"font-size: 16px;\">\u00a0 Selon les dessins ou les photos des clients. En outre, nous<br \/>\npeut fournir le dessin CAO sur demande ;<\/span><\/span><\/h2>\n<\/td>\n<\/tr>\n<\/tbody>\n<\/table>\n<h2><span style=\"line-height: 200%;\"><span style=\"font-size: 16px;\">Les pierres tombales bleu bahama sont de haute qualit\u00e9 et \u00e0 des prix comp\u00e9titifs. Phoenix Power Stone est une entreprise de pierre professionnelle. Plus de 10 ans d'exp\u00e9rience dans le domaine de la pierre. Nous poss\u00e9dons la carri\u00e8re, l'usine et la soci\u00e9t\u00e9 commerciale pour assurer une livraison rapide, la meilleure qualit\u00e9 et le meilleur service. La livraison en temps voulu vous permet de r\u00e9pondre \u00e0 vos attentes. Pour plus d'informations sur la pierre tombale bleu bahama, veuillez nous contacter. Nous vous invitons \u00e0 demander des renseignements, nous vous fournirons un bon prix.<\/span><\/span><\/h2>\n<\/div>\n<div style=\"text-align: center;\"><img loading=\"lazy\" decoding=\"async\" class=\"alignnone  wp-image-25075\" src=\"http:\/\/stone-phoenix.com\/wp-content\/uploads\/2023\/12\/Bahama-Blue-Granite-Headstone-Poland-Style-Headstone-6.jpg\" alt=\"\" width=\"692\" height=\"417\" srcset=\"https:\/\/stone-phoenix.com\/wp-content\/uploads\/2023\/12\/Bahama-Blue-Granite-Headstone-Poland-Style-Headstone-6.jpg 874w, https:\/\/stone-phoenix.com\/wp-content\/uploads\/2023\/12\/Bahama-Blue-Granite-Headstone-Poland-Style-Headstone-6-300x181.jpg 300w, https:\/\/stone-phoenix.com\/wp-content\/uploads\/2023\/12\/Bahama-Blue-Granite-Headstone-Poland-Style-Headstone-6-768x462.jpg 768w, https:\/\/stone-phoenix.com\/wp-content\/uploads\/2023\/12\/Bahama-Blue-Granite-Headstone-Poland-Style-Headstone-6-18x12.jpg 18w, https:\/\/stone-phoenix.com\/wp-content\/uploads\/2023\/12\/Bahama-Blue-Granite-Headstone-Poland-Style-Headstone-6-600x361.jpg 600w, https:\/\/stone-phoenix.com\/wp-content\/uploads\/2023\/12\/Bahama-Blue-Granite-Headstone-Poland-Style-Headstone-6-150x90.jpg 150w\" sizes=\"(max-width: 692px) 100vw, 692px\" \/>\n<\/div>\n<h2 style=\"text-align: center;\"><span style=\"font-size: 16px;\">Pierre tombale en granit bleu Bahama Pierre tombale de style polonais<\/span><\/h2>\n<div style=\"text-align: center;\"><img loading=\"lazy\" decoding=\"async\" class=\"alignnone size-full wp-image-25076\" src=\"http:\/\/stone-phoenix.com\/wp-content\/uploads\/2023\/12\/Bahama-Blue-Granite-Headstone-Poland-Style-Headstone-7.jpg\" alt=\"\" width=\"700\" height=\"454\" srcset=\"https:\/\/stone-phoenix.com\/wp-content\/uploads\/2023\/12\/Bahama-Blue-Granite-Headstone-Poland-Style-Headstone-7.jpg 700w, https:\/\/stone-phoenix.com\/wp-content\/uploads\/2023\/12\/Bahama-Blue-Granite-Headstone-Poland-Style-Headstone-7-300x195.jpg 300w, https:\/\/stone-phoenix.com\/wp-content\/uploads\/2023\/12\/Bahama-Blue-Granite-Headstone-Poland-Style-Headstone-7-18x12.jpg 18w, https:\/\/stone-phoenix.com\/wp-content\/uploads\/2023\/12\/Bahama-Blue-Granite-Headstone-Poland-Style-Headstone-7-600x389.jpg 600w, https:\/\/stone-phoenix.com\/wp-content\/uploads\/2023\/12\/Bahama-Blue-Granite-Headstone-Poland-Style-Headstone-7-150x97.jpg 150w\" sizes=\"(max-width: 700px) 100vw, 700px\" \/><\/p>\n<p><img decoding=\"async\" class=\"\" style=\"height: 522px; width: 696px;\" title=\"Pierre tombale en granit bleu Bahama Pierre tombale de style polonais\" src=\"http:\/\/stone-phoenix.com\/wp-content\/uploads\/2023\/12\/bahama-blue-granite-headstone-poland-style-headstone_658ee5d552af2.jpeg\" alt=\"bahama blue granite headstone.jpg\" \/><\/div>\n<\/div>","protected":false},"excerpt":{"rendered":"<p>Pierre tombale en granit bleu Bahama Pierre tombale de style polonais<\/p>\n<p>Num\u00e9ro d'article : Bahama Blue Headstone 20210304<\/p>\n<p>Pierre tombale en granit bleu Bahama Pierre tombale de style polonais. Le granit bleu Bahama est l'une de ces couleurs. Le granit bleu bahama est une couleur vibrante qui r\u00e9sistera \u00e0 l'\u00e9preuve du temps pour votre pierre tombale ou votre pierre tombale.<\/p>\n<p>Param\u00e8tres du produit<\/p>\n<p>Couleur :<br \/>\nCouleur bleue<\/p>\n<p>Taille :<br \/>\nCoupe sur mesure<\/p>\n<p>Original :<br \/>\nLaizhou, Chine<\/p>\n<p>Finish Way :<br \/>\nPoli<\/p>\n<p>Obtenir un devis gratuit<\/p>","protected":false},"featured_media":25068,"template":"","meta":[],"product_cat":[110],"product_tag":[],"_links":{"self":[{"href":"https:\/\/stone-phoenix.com\/fr\/wp-json\/wp\/v2\/product\/22748"}],"collection":[{"href":"https:\/\/stone-phoenix.com\/fr\/wp-json\/wp\/v2\/product"}],"about":[{"href":"https:\/\/stone-phoenix.com\/fr\/wp-json\/wp\/v2\/types\/product"}],"wp:featuredmedia":[{"embeddable":true,"href":"https:\/\/stone-phoenix.com\/fr\/wp-json\/wp\/v2\/media\/25068"}],"wp:attachment":[{"href":"https:\/\/stone-phoenix.com\/fr\/wp-json\/wp\/v2\/media?parent=22748"}],"wp:term":[{"taxonomy":"product_cat","embeddable":true,"href":"https:\/\/stone-phoenix.com\/fr\/wp-json\/wp\/v2\/product_cat?post=22748"},{"taxonomy":"product_tag","embeddable":true,"href":"https:\/\/stone-phoenix.com\/fr\/wp-json\/wp\/v2\/product_tag?post=22748"}],"curies":[{"name":"wp","href":"https:\/\/api.w.org\/{rel}","templated":true}]}}