{"id":22755,"date":"2023-12-30T07:50:40","date_gmt":"2023-12-29T23:50:40","guid":{"rendered":"http:\/\/stone-phoenix.com\/product\/aurora-headstone-polished-aurora-monument-wholesale"},"modified":"2024-06-08T23:15:32","modified_gmt":"2024-06-08T15:15:32","slug":"aurora-headstone-polished-aurora-monument-wholesale","status":"publish","type":"product","link":"https:\/\/stone-phoenix.com\/fr\/produit\/aurora-headstone-polished-aurora-monument-wholesale","title":{"rendered":"Aurora Headstone Polished Aurora Monument Wholesale"},"content":{"rendered":"<div class=\"c\">\n<div>\n<h1><span style=\"line-height: 400%;\"><span style=\"font-size: 20px;\"><strong>Aurora Headstone Polished Aurora Monument Wholesale<\/strong><\/span><\/span><\/h1>\n<h2><span style=\"line-height: 200%;\"><span style=\"font-size: 16px;\"><a href=\"https:\/\/www.phonenix%20power%20stonestone.com\/\"><strong>Pierre tombale Aurora<\/strong><\/a> Monument Aurora poli en gros. L'Aurora est une pierre de granit rouge de premi\u00e8re qualit\u00e9, connue pour son magnifique motif qui a l'air superbe et qui est l'une des pierres les plus pr\u00e9f\u00e9r\u00e9es pour la fabrication de pierres tombales et de monuments fun\u00e9raires. Nos pierres Aurora sont assez fonc\u00e9es, ce qui d\u00e9finit \u00e9galement la qualit\u00e9 de la pierre. Avec des motifs naturels rouge fonc\u00e9 et noir, nos monuments fun\u00e9raires finis sont absolument magnifiques. Le monument fun\u00e9raire peut \u00eatre personnalis\u00e9 selon vos go\u00fbts.\u00a0<\/span><\/span><\/h2>\n<h2><span style=\"line-height: 200%;\"><span style=\"font-size: 16px;\">D\u00e9tails rapides :<br \/>\n- Lieu d'origine :      Fujian, Chine ;<br \/>\n- Port :                       Port de Laizhou, Chine ;<br \/>\n- Nom de marque :         Laizhou phonenix power stone Co, Ltd ;<br \/>\n- Type d'entreprise :      Fabricant et commer\u00e7ant Soci\u00e9t\u00e9 ;<br \/>\nDescription du produit :<\/span><\/span><\/h2>\n<table style=\"width: 750px;\" border=\"1\" cellspacing=\"1\" cellpadding=\"1\">\n<tbody>\n<tr>\n<td>\n<h2><span style=\"line-height: 200%;\"><span style=\"font-size: 16px;\">\u00a0 Nom du produit :<\/span><\/span><\/h2>\n<\/td>\n<td>\n<h2><span style=\"line-height: 200%;\"><span style=\"font-size: 16px;\">\u00a0 Aurora Headstone Polished Aurora Monument Wholesale<\/span><\/span><\/h2>\n<\/td>\n<\/tr>\n<tr>\n<td>\n<h2><span style=\"line-height: 200%;\"><span style=\"font-size: 16px;\">\u00a0 Emballage :<\/span><\/span><\/h2>\n<\/td>\n<td>\n<h2><span style=\"line-height: 200%;\"><span style=\"font-size: 16px;\">\u00a0 Caisse en bois solide avec fumigation.\u00a0<\/span><\/span><\/h2>\n<\/td>\n<\/tr>\n<tr>\n<td>\n<h2><span style=\"line-height: 200%;\"><span style=\"font-size: 16px;\">\u00a0 Certificat :<\/span><\/span><\/h2>\n<\/td>\n<td>\n<h2><span style=\"line-height: 200%;\"><span style=\"font-size: 16px;\">\u00a0 CE\/SGS<\/span><\/span><\/h2>\n<\/td>\n<\/tr>\n<tr>\n<td>\n<h2><span style=\"line-height: 200%;\"><span style=\"font-size: 16px;\">\u00a0 Conditions de paiement :<\/span><\/span><\/h2>\n<\/td>\n<td>\n<h2><span style=\"line-height: 200%;\"><span style=\"font-size: 16px;\">\u00a0 T\/T,L\/C,D\/A,D\/P<\/span><\/span><\/h2>\n<\/td>\n<\/tr>\n<tr>\n<td>\n<h2><span style=\"line-height: 200%;\"><span style=\"font-size: 16px;\">\u00a0 D\u00e9lai de livraison :<\/span><\/span><\/h2>\n<\/td>\n<td>\n<h2><span style=\"line-height: 200%;\"><span style=\"font-size: 16px;\">\u00a0 15~30 jours<\/span><\/span><\/h2>\n<\/td>\n<\/tr>\n<tr>\n<td>\n<h2><span style=\"line-height: 200%;\"><span style=\"font-size: 16px;\">\u00a0 Conditions d'exp\u00e9dition :\u00a0<\/span><\/span><\/h2>\n<\/td>\n<td>\n<h2><span style=\"line-height: 200%;\"><span style=\"font-size: 16px;\">\u00a0 FOB, CFR, CIF<\/span><\/span><\/h2>\n<\/td>\n<\/tr>\n<tr>\n<td>\n<h2><span style=\"line-height: 200%;\"><span style=\"font-size: 16px;\">\u00a0 \u00c9chantillon :<\/span><\/span><\/h2>\n<\/td>\n<td>\n<h2><span style=\"line-height: 200%;\"><span style=\"font-size: 16px;\">\u00a0 Gratuit<\/span><\/span><\/h2>\n<\/td>\n<\/tr>\n<tr>\n<td>\n<h2><span style=\"line-height: 200%;\"><span style=\"font-size: 16px;\">\u00a0 Service :<\/span><\/span><\/h2>\n<\/td>\n<td>\n<h2><span style=\"line-height: 200%;\"><span style=\"font-size: 16px;\">\u00a0 Meilleure qualit\u00e9, prix comp\u00e9titifs, livraison dans les d\u00e9lais, bon cr\u00e9dit..,<br \/>\nRiches couleurs disponibles, service \u00e0 guichet unique, CAO gratuite, pas de QM ;<\/span><\/span><\/h2>\n<\/td>\n<\/tr>\n<tr>\n<td>\n<h2><span style=\"line-height: 200%;\"><span style=\"font-size: 16px;\">\u00a0 Conception :<\/span><\/span><\/h2>\n<\/td>\n<td>\n<h2><span style=\"line-height: 200%;\"><span style=\"font-size: 16px;\">\u00a0 Selon les dessins ou les photos des clients. En outre, nous<br \/>\npeut fournir le dessin CAO sur demande ;<\/span><\/span><\/h2>\n<\/td>\n<\/tr>\n<\/tbody>\n<\/table>\n<h2><span style=\"line-height: 200%;\"><span style=\"font-size: 16px;\">Le monument Aurora est soumis \u00e0 un contr\u00f4le de qualit\u00e9. L'\u00e9quipe de contr\u00f4le de la qualit\u00e9, compos\u00e9e de plus de 20 membres, assure un contr\u00f4le strict de la qualit\u00e9. Avec sa propre carri\u00e8re et ses propres usines, la soci\u00e9t\u00e9 Laizhou phonenix power stone, qui travaille dans le secteur de la pierre depuis 26 ans, est professionnelle et est s\u00fbre de vous offrir des produits de qualit\u00e9 sup\u00e9rieure et des prix bas. En outre, nos bons services, qui comprennent la CAO, le personnel de contr\u00f4le qualit\u00e9, le certificat CE et la livraison dans les d\u00e9lais, sont s\u00fbrs de r\u00e9pondre \u00e0 votre satisfaction. Nous vous invitons \u00e0 poser vos questions.<\/span><\/span><\/h2>\n<\/div>\n<div style=\"text-align: center;\"><img decoding=\"async\" style=\"width: 600px; height: 800px;\" title=\"Aurora Headstone Polished Aurora Monument Wholesale\" src=\"http:\/\/stone-phoenix.com\/wp-content\/uploads\/2023\/12\/aurora-headstone-polished-aurora-monument-wholesale_658ee5dec1e31.jpeg\" alt=\"aurora headstone.jpg\" \/><\/div>\n<h2 style=\"text-align: center;\"><span style=\"font-size: 16px;\">Aurora Headstone Polished Aurora Monument Wholesale<\/span><\/h2>\n<div style=\"text-align: center;\"><img decoding=\"async\" style=\"width: 600px; height: 800px;\" title=\"Aurora Headstone Polished Aurora Monument Wholesale\" src=\"http:\/\/stone-phoenix.com\/wp-content\/uploads\/2023\/12\/aurora-headstone-polished-aurora-monument-wholesale_658ee5df0a045.jpeg\" alt=\"aurora monument.jpg\" \/><\/div>\n<\/div>","protected":false},"excerpt":{"rendered":"<p>Aurora Headstone Polished Aurora Monument Wholesale<\/p>\n<p>Num\u00e9ro d'article : 20210303<\/p>\n<p>Aurora Headstone Polished Aurora Monument Wholesale. L'Aurora est une pierre de granit rouge de premi\u00e8re qualit\u00e9, qui est connue pour son magnifique motif et est l'une des pierres les plus pr\u00e9f\u00e9r\u00e9es pour la fabrication de pierres tombales et de monuments fun\u00e9raires.<\/p>\n<p>Param\u00e8tres du produit<\/p>\n<p>Couleur :<br \/>\nCouleur rouge<\/p>\n<p>Taille :<br \/>\nCoupe sur mesure<\/p>\n<p>Original :<br \/>\nLaizhou, Chine<\/p>\n<p>Finish Way :<br \/>\nPoli<\/p>\n<p>Obtenir un devis gratuit<\/p>","protected":false},"featured_media":22756,"template":"","meta":[],"product_cat":[110],"product_tag":[],"_links":{"self":[{"href":"https:\/\/stone-phoenix.com\/fr\/wp-json\/wp\/v2\/product\/22755"}],"collection":[{"href":"https:\/\/stone-phoenix.com\/fr\/wp-json\/wp\/v2\/product"}],"about":[{"href":"https:\/\/stone-phoenix.com\/fr\/wp-json\/wp\/v2\/types\/product"}],"wp:featuredmedia":[{"embeddable":true,"href":"https:\/\/stone-phoenix.com\/fr\/wp-json\/wp\/v2\/media\/22756"}],"wp:attachment":[{"href":"https:\/\/stone-phoenix.com\/fr\/wp-json\/wp\/v2\/media?parent=22755"}],"wp:term":[{"taxonomy":"product_cat","embeddable":true,"href":"https:\/\/stone-phoenix.com\/fr\/wp-json\/wp\/v2\/product_cat?post=22755"},{"taxonomy":"product_tag","embeddable":true,"href":"https:\/\/stone-phoenix.com\/fr\/wp-json\/wp\/v2\/product_tag?post=22755"}],"curies":[{"name":"wp","href":"https:\/\/api.w.org\/{rel}","templated":true}]}}