{"id":22847,"date":"2023-12-30T07:52:01","date_gmt":"2023-12-29T23:52:01","guid":{"rendered":"http:\/\/stone-phoenix.com\/product\/new-g623-tombstone-monument-china-hot-sell"},"modified":"2024-02-28T13:54:02","modified_gmt":"2024-02-28T05:54:02","slug":"new-g623-tombstone-monument-china-hot-sell","status":"publish","type":"product","link":"https:\/\/stone-phoenix.com\/fr\/produit\/new-g623-tombstone-monument-china-hot-sell","title":{"rendered":"Nouveau monument fun\u00e9raire G623 China Hot Sell"},"content":{"rendered":"<div class=\"c\">\n<p><span style=\"line-height: 200%;\"><span style=\"font-size: 16px;\">\u00a0 \u00a0 \u00a0<a href=\"http:\/\/www.phonenix%20power%20stonestone.com\/new-g664-tombstone-headstone-phonenix%20power%20stone-stone-p00392p1.html\"><u><em><strong>Nouveau monument fun\u00e9raire en granit gris G623<\/strong><\/em><\/u><\/a> Vente en gros de la pierre Phoenix Power en Chine. Le granit est utilis\u00e9 pour les pierres tombales, les pierres tombales, les monuments et les pierres tombales depuis des centaines d'ann\u00e9es. En raison de sa durabilit\u00e9 et de sa beaut\u00e9 durable.<br \/>\nAvantages des pierres tombales en granit : 1. notre pierre tombale en granit a une couleur uniforme et une taille de grain cristalline ; 2. texture dure, d\u00e9licate, pas facile \u00e0 corroder, r\u00e9sistance aux intemp\u00e9ries ; 3. pierre tombale sans fissures, sans cicatrices, lignes incolores ; 4. faible absorption d'eau, propri\u00e9t\u00e9s physiques et chimiques stables ; 5. production professionnelle, bon march\u00e9, vari\u00e9t\u00e9 de types et de couleurs.<br \/>\nLa haute qualit\u00e9 <a href=\"http:\/\/www.phonenix%20power%20stonestone.com\/new-g623-granite-tombstone-mounment-poland-polish-p00421p1.html\"><u><em><strong>pierre tombale en granit gris poli G623<\/strong><\/em><\/u><\/a> disposent d'un contr\u00f4le de la qualit\u00e9, y compris d'un personnel exp\u00e9riment\u00e9 en mati\u00e8re de contr\u00f4le de la qualit\u00e9 ; l'\u00e9quipe, compos\u00e9e de plus de 20 membres, assure un contr\u00f4le de la qualit\u00e9 rigoureux.<\/span><\/span><br \/>\n<span style=\"line-height: 200%;\"><span style=\"font-size: 16px;\">\u00a0 \u00a0 \u00a0Avec sa propre carri\u00e8re et ses propres usines, la soci\u00e9t\u00e9 Laizhou phonenix power stone, qui travaille dans le secteur de la pierre depuis 26 ans, est professionnelle et s\u00fbre de pouvoir vous offrir des produits de qualit\u00e9 sup\u00e9rieure et des prix bas. En outre, nos bons services, qui comprennent la CAO, le personnel de contr\u00f4le qualit\u00e9, le certificat CE et la livraison dans les d\u00e9lais, sont s\u00fbrs de r\u00e9pondre \u00e0 votre satisfaction.<\/span><\/span><\/p>\n<div style=\"text-align: center;\">\n<p><img loading=\"lazy\" decoding=\"async\" class=\"alignnone size-full wp-image-25028\" src=\"http:\/\/stone-phoenix.com\/wp-content\/uploads\/2023\/12\/New-G623-Tombstone-Monument-China-Hot-Sell-5.jpg\" alt=\"\" width=\"895\" height=\"598\" srcset=\"https:\/\/stone-phoenix.com\/wp-content\/uploads\/2023\/12\/New-G623-Tombstone-Monument-China-Hot-Sell-5.jpg 895w, https:\/\/stone-phoenix.com\/wp-content\/uploads\/2023\/12\/New-G623-Tombstone-Monument-China-Hot-Sell-5-300x200.jpg 300w, https:\/\/stone-phoenix.com\/wp-content\/uploads\/2023\/12\/New-G623-Tombstone-Monument-China-Hot-Sell-5-768x513.jpg 768w, https:\/\/stone-phoenix.com\/wp-content\/uploads\/2023\/12\/New-G623-Tombstone-Monument-China-Hot-Sell-5-18x12.jpg 18w, https:\/\/stone-phoenix.com\/wp-content\/uploads\/2023\/12\/New-G623-Tombstone-Monument-China-Hot-Sell-5-600x401.jpg 600w, https:\/\/stone-phoenix.com\/wp-content\/uploads\/2023\/12\/New-G623-Tombstone-Monument-China-Hot-Sell-5-150x100.jpg 150w\" sizes=\"(max-width: 895px) 100vw, 895px\" \/><\/p>\n<p><span style=\"font-size: 16px;\">Nouveau monument fun\u00e9raire G623 China Hot Sell<\/span><\/p>\n<p><img loading=\"lazy\" decoding=\"async\" class=\"alignnone size-full wp-image-25029\" src=\"http:\/\/stone-phoenix.com\/wp-content\/uploads\/2023\/12\/New-G623-Tombstone-Monument-China-Hot-Sell-6.jpg\" alt=\"\" width=\"898\" height=\"418\" srcset=\"https:\/\/stone-phoenix.com\/wp-content\/uploads\/2023\/12\/New-G623-Tombstone-Monument-China-Hot-Sell-6.jpg 898w, https:\/\/stone-phoenix.com\/wp-content\/uploads\/2023\/12\/New-G623-Tombstone-Monument-China-Hot-Sell-6-300x140.jpg 300w, https:\/\/stone-phoenix.com\/wp-content\/uploads\/2023\/12\/New-G623-Tombstone-Monument-China-Hot-Sell-6-768x357.jpg 768w, https:\/\/stone-phoenix.com\/wp-content\/uploads\/2023\/12\/New-G623-Tombstone-Monument-China-Hot-Sell-6-18x8.jpg 18w, https:\/\/stone-phoenix.com\/wp-content\/uploads\/2023\/12\/New-G623-Tombstone-Monument-China-Hot-Sell-6-600x279.jpg 600w, https:\/\/stone-phoenix.com\/wp-content\/uploads\/2023\/12\/New-G623-Tombstone-Monument-China-Hot-Sell-6-150x70.jpg 150w\" sizes=\"(max-width: 898px) 100vw, 898px\" \/><\/p>\n<p><img decoding=\"async\" class=\"\" style=\"width: 893px; height: 347px;\" title=\"Polished New G623 Grey Granite Tombstone package.jpg\" src=\"http:\/\/stone-phoenix.com\/wp-content\/uploads\/2023\/12\/new-g623-tombstone-monument-china-hot-sell_658ee67ca5f5e.png\" alt=\"\" \/><\/p>\n<p><img loading=\"lazy\" decoding=\"async\" class=\"\" title=\"phonenix power stone factory.jpg\" src=\"http:\/\/stone-phoenix.com\/wp-content\/uploads\/2023\/12\/new-g623-tombstone-monument-china-hot-sell_658ee67cd0c9b.jpeg\" alt=\"\" width=\"893\" height=\"521\" \/><\/p>\n<\/div>\n<\/div>","protected":false},"excerpt":{"rendered":"<p>Nouveau monument fun\u00e9raire G623 China Hot Sell<\/p>\n<p>Num\u00e9ro d'article : Pierre tombale 200226007<\/p>\n<p>Nouveau monument fun\u00e9raire G623 China hot sell. Le granit est utilis\u00e9 pour les pierres tombales, les pierres tombales, les monuments et les pierres tombales depuis des centaines d'ann\u00e9es. En raison de sa durabilit\u00e9 et de sa beaut\u00e9 durable.<\/p>\n<p>Param\u00e8tres du produit<\/p>\n<p>Couleur :<br \/>\nCouleur gris fonc\u00e9<\/p>\n<p>Taille :<br \/>\nCoupe sur mesure<\/p>\n<p>Original :<br \/>\nLaizhou, Chine<\/p>\n<p>Finish Way :<br \/>\nPoli<\/p>\n<p>Obtenir un devis gratuit<\/p>","protected":false},"featured_media":25024,"template":"","meta":[],"product_cat":[110],"product_tag":[],"_links":{"self":[{"href":"https:\/\/stone-phoenix.com\/fr\/wp-json\/wp\/v2\/product\/22847"}],"collection":[{"href":"https:\/\/stone-phoenix.com\/fr\/wp-json\/wp\/v2\/product"}],"about":[{"href":"https:\/\/stone-phoenix.com\/fr\/wp-json\/wp\/v2\/types\/product"}],"wp:featuredmedia":[{"embeddable":true,"href":"https:\/\/stone-phoenix.com\/fr\/wp-json\/wp\/v2\/media\/25024"}],"wp:attachment":[{"href":"https:\/\/stone-phoenix.com\/fr\/wp-json\/wp\/v2\/media?parent=22847"}],"wp:term":[{"taxonomy":"product_cat","embeddable":true,"href":"https:\/\/stone-phoenix.com\/fr\/wp-json\/wp\/v2\/product_cat?post=22847"},{"taxonomy":"product_tag","embeddable":true,"href":"https:\/\/stone-phoenix.com\/fr\/wp-json\/wp\/v2\/product_tag?post=22847"}],"curies":[{"name":"wp","href":"https:\/\/api.w.org\/{rel}","templated":true}]}}