{"id":22856,"date":"2023-12-30T07:52:09","date_gmt":"2023-12-29T23:52:09","guid":{"rendered":"http:\/\/stone-phoenix.com\/product\/g648-granite-tombstone-poland-market-wholesale"},"modified":"2024-02-28T13:30:46","modified_gmt":"2024-02-28T05:30:46","slug":"g648-granite-tombstone-poland-market-wholesale","status":"publish","type":"product","link":"https:\/\/stone-phoenix.com\/fr\/produit\/g648-granite-tombstone-poland-market-wholesale","title":{"rendered":"G648 Pierre tombale en granit Poland Market Wholesale"},"content":{"rendered":"<div class=\"c\">\n<p><span style=\"line-height: 200%;\"><span style=\"font-size: 16px;\">\u00a0 \u00a0 \u00a0<a href=\"http:\/\/www.phonenix%20power%20stonestone.com\/g648-granite-tombstone-poland-market-wholesale-p00446p1.html\"><u><em><strong>G648 pierre tombale en granit rouge Pologne<\/strong><\/em><\/u><\/a> march\u00e9 de gros. Cette pierre tombale en granit convient aux murs ext\u00e9rieurs et int\u00e9rieurs et aux sols, aux comptoirs, aux carreaux de sol, aux appuis de fen\u00eatre, aux marches d'escalier, aux piscines, aux fontaines et \u00e0 d'autres projets de conception.<br \/>\nLes monuments fun\u00e9raires en granit pr\u00e9sentent certains avantages : 1) Durabilit\u00e9. Le granit ne se brise pas comme l'ardoise, ne se d\u00e9t\u00e9riore pas comme le gr\u00e8s et ne se tache pas comme le marbre. Le granit peut r\u00e9sister \u00e0 des ann\u00e9es de pluie, de chaleur, de neige et de glace, tout en conservant sa forme et son int\u00e9grit\u00e9 d'origine. 2) Polyvalence. Le granit peut \u00eatre grav\u00e9, sabl\u00e9, poli et sculpt\u00e9 avec des r\u00e9sultats magnifiques.<br \/>\nLe <a href=\"http:\/\/www.phonenix%20power%20stonestone.com\/new-red-color-tombstone-poland-market-polish-man-p00444p1.html\"><u><em><strong>pierre tombale en granit rouge G648 poli bon march\u00e9<\/strong><\/em><\/u><\/a> Emballage des pierres tombales : mousse plastique \u00e0 l'int\u00e9rieur, caisse en bois solide fumig\u00e9e \u00e0 l'ext\u00e9rieur, emballage maritime s\u00fbr, ou selon les besoins du client.<br \/>\nTout au long du processus de production, du choix des mati\u00e8res premi\u00e8res \u00e0 l'emballage en passant par la fabrication. Notre contr\u00f4leur de qualit\u00e9 inspectera strictement chaque pi\u00e8ce et contr\u00f4lera chaque processus afin de garantir le respect des normes de qualit\u00e9.<br \/>\nLe propri\u00e9taire de l'usine a plus de 12 ans d'exp\u00e9rience dans le domaine de la pierre. La livraison en temps voulu vous permet de r\u00e9pondre \u00e0 vos attentes. Nous vous invitons \u00e0 demander la pierre tombale en granit rouge G648, nous vous fournirons un bon prix.<\/span><\/span><\/p>\n<div style=\"text-align: center;\"><img loading=\"lazy\" decoding=\"async\" class=\"alignnone size-full wp-image-25021\" src=\"http:\/\/stone-phoenix.com\/wp-content\/uploads\/2023\/12\/G648-Granite-Tombstone-Poland-Market-Wholesale-5.jpg\" alt=\"\" width=\"898\" height=\"612\" srcset=\"https:\/\/stone-phoenix.com\/wp-content\/uploads\/2023\/12\/G648-Granite-Tombstone-Poland-Market-Wholesale-5.jpg 898w, https:\/\/stone-phoenix.com\/wp-content\/uploads\/2023\/12\/G648-Granite-Tombstone-Poland-Market-Wholesale-5-300x204.jpg 300w, https:\/\/stone-phoenix.com\/wp-content\/uploads\/2023\/12\/G648-Granite-Tombstone-Poland-Market-Wholesale-5-768x523.jpg 768w, https:\/\/stone-phoenix.com\/wp-content\/uploads\/2023\/12\/G648-Granite-Tombstone-Poland-Market-Wholesale-5-18x12.jpg 18w, https:\/\/stone-phoenix.com\/wp-content\/uploads\/2023\/12\/G648-Granite-Tombstone-Poland-Market-Wholesale-5-600x409.jpg 600w, https:\/\/stone-phoenix.com\/wp-content\/uploads\/2023\/12\/G648-Granite-Tombstone-Poland-Market-Wholesale-5-150x102.jpg 150w\" sizes=\"(max-width: 898px) 100vw, 898px\" \/><\/p>\n<p><span style=\"font-size: 16px;\">G648 Pierre tombale en granit Poland Market Wholesale<\/span><\/p>\n<p><img loading=\"lazy\" decoding=\"async\" class=\"alignnone size-full wp-image-25022\" src=\"http:\/\/stone-phoenix.com\/wp-content\/uploads\/2023\/12\/G648-Granite-Tombstone-Poland-Market-Wholesale-6.jpg\" alt=\"\" width=\"901\" height=\"646\" srcset=\"https:\/\/stone-phoenix.com\/wp-content\/uploads\/2023\/12\/G648-Granite-Tombstone-Poland-Market-Wholesale-6.jpg 901w, https:\/\/stone-phoenix.com\/wp-content\/uploads\/2023\/12\/G648-Granite-Tombstone-Poland-Market-Wholesale-6-300x215.jpg 300w, https:\/\/stone-phoenix.com\/wp-content\/uploads\/2023\/12\/G648-Granite-Tombstone-Poland-Market-Wholesale-6-768x551.jpg 768w, https:\/\/stone-phoenix.com\/wp-content\/uploads\/2023\/12\/G648-Granite-Tombstone-Poland-Market-Wholesale-6-18x12.jpg 18w, https:\/\/stone-phoenix.com\/wp-content\/uploads\/2023\/12\/G648-Granite-Tombstone-Poland-Market-Wholesale-6-600x430.jpg 600w, https:\/\/stone-phoenix.com\/wp-content\/uploads\/2023\/12\/G648-Granite-Tombstone-Poland-Market-Wholesale-6-150x108.jpg 150w\" sizes=\"(max-width: 901px) 100vw, 901px\" \/><\/p>\n<p><img decoding=\"async\" class=\"\" style=\"width: 893px; height: 347px;\" title=\"Polished G648 red granite Poland tombstone package.jpg\" src=\"http:\/\/stone-phoenix.com\/wp-content\/uploads\/2023\/12\/g648-granite-tombstone-poland-market-wholesale_658ee68cb1b9f.png\" alt=\"\" \/><\/p>\n<p><img loading=\"lazy\" decoding=\"async\" class=\"\" title=\"phonenix power stone factory.jpg\" src=\"http:\/\/stone-phoenix.com\/wp-content\/uploads\/2023\/12\/g648-granite-tombstone-poland-market-wholesale_658ee68ce2a2c.jpeg\" alt=\"\" width=\"903\" height=\"527\" \/><\/div>\n<\/div>","protected":false},"excerpt":{"rendered":"<p>G648 Pierre tombale en granit Poland Market Wholesale<\/p>\n<p>Num\u00e9ro d'article : Phoenix Power Granite 200226003<\/p>\n<p>G648 pierre tombale en granit Pologne march\u00e9 de gros. Cette pierre tombale en granit convient aux murs ext\u00e9rieurs et int\u00e9rieurs et aux sols, aux comptoirs, aux carreaux de sol, aux appuis de fen\u00eatre, aux marches d'escalier, aux piscines, aux fontaines et \u00e0 d'autres projets de design.<\/p>\n<p>Param\u00e8tres du produit<\/p>\n<p>Couleur :<br \/>\nCouleur rouge Couleur rose<\/p>\n<p>Taille :<br \/>\nCoupe sur mesure<\/p>\n<p>Original :<br \/>\nLaizhou, Chine<\/p>\n<p>Finish Way :<br \/>\nGranit poli<\/p>\n<p>Obtenir un devis gratuit<\/p>","protected":false},"featured_media":25016,"template":"","meta":[],"product_cat":[110],"product_tag":[],"_links":{"self":[{"href":"https:\/\/stone-phoenix.com\/fr\/wp-json\/wp\/v2\/product\/22856"}],"collection":[{"href":"https:\/\/stone-phoenix.com\/fr\/wp-json\/wp\/v2\/product"}],"about":[{"href":"https:\/\/stone-phoenix.com\/fr\/wp-json\/wp\/v2\/types\/product"}],"wp:featuredmedia":[{"embeddable":true,"href":"https:\/\/stone-phoenix.com\/fr\/wp-json\/wp\/v2\/media\/25016"}],"wp:attachment":[{"href":"https:\/\/stone-phoenix.com\/fr\/wp-json\/wp\/v2\/media?parent=22856"}],"wp:term":[{"taxonomy":"product_cat","embeddable":true,"href":"https:\/\/stone-phoenix.com\/fr\/wp-json\/wp\/v2\/product_cat?post=22856"},{"taxonomy":"product_tag","embeddable":true,"href":"https:\/\/stone-phoenix.com\/fr\/wp-json\/wp\/v2\/product_tag?post=22856"}],"curies":[{"name":"wp","href":"https:\/\/api.w.org\/{rel}","templated":true}]}}