{"id":22865,"date":"2023-12-30T07:52:16","date_gmt":"2023-12-29T23:52:16","guid":{"rendered":"http:\/\/stone-phoenix.com\/product\/new-red-color-tombstone-poland-market-polish-man"},"modified":"2024-02-28T13:09:26","modified_gmt":"2024-02-28T05:09:26","slug":"new-red-color-tombstone-poland-market-polish-man","status":"publish","type":"product","link":"https:\/\/stone-phoenix.com\/fr\/produit\/new-red-color-tombstone-poland-market-polish-man","title":{"rendered":"New Red Color Tombstone Poland Market Polish Man"},"content":{"rendered":"<div class=\"c\">\n<p><span style=\"line-height: 200%;\"><span style=\"font-size: 16px;\">\u00a0 \u00a0 \u00a0<a href=\"http:\/\/www.phonenix%20power%20stonestone.com\/new-red-color-tombstone-poland-market-polish-man-p00444p1.html\"><u><em><strong>Nouvelle pierre tombale en granit rouge Pologne<\/strong><\/em><\/u><\/a> homme du march\u00e9 du polissage. Le granit est un choix fr\u00e9quent pour les pierres tombales. C'est une belle pierre, plus dure que le marbre, qui permet de r\u00e9aliser des monuments comm\u00e9moratifs durables.<br \/>\nAvantages de la pierre tombale en granit : 1) notre pierre tombale en granit a une couleur uniforme et une taille de grain cristalline ; 2) texture dure, d\u00e9licate, pas facile \u00e0 corroder, r\u00e9sistance aux intemp\u00e9ries ; 3) pierre tombale sans fissures, sans cicatrices, lignes incolores ; 4) faible absorption d'eau, propri\u00e9t\u00e9s physiques et chimiques stables ; 5) production professionnelle, bon march\u00e9, vari\u00e9t\u00e9 de types et de couleurs.<br \/>\nLe <a href=\"http:\/\/www.phonenix%20power%20stonestone.com\/g648-granite-tombstone-poland-market-wholesale-p00446p1.html\"><u><em><strong>pierre tombale en granit rouge poli grossiste<\/strong><\/em><\/u><\/a> disposent d'un contr\u00f4le de la qualit\u00e9, y compris d'un personnel exp\u00e9riment\u00e9 en mati\u00e8re de contr\u00f4le de la qualit\u00e9 ; l'\u00e9quipe, compos\u00e9e de plus de 20 membres, assure un contr\u00f4le de la qualit\u00e9 rigoureux.<br \/>\nNous avons une \u00e9quipe professionnelle et nous vous fournirons un bon prix.<br \/>\nAvec sa propre carri\u00e8re et ses propres usines, la soci\u00e9t\u00e9 Laizhou phonenix power stone, qui travaille dans le secteur de la pierre depuis 10 ans, est professionnelle et s\u00fbre de pouvoir vous offrir des produits de qualit\u00e9 sup\u00e9rieure et des prix bas. En outre, nos bons services, qui comprennent la CAO, le personnel de contr\u00f4le qualit\u00e9, le certificat CE et la livraison dans les d\u00e9lais, sont s\u00fbrs de r\u00e9pondre \u00e0 votre satisfaction.<\/span><\/span><\/p>\n<div style=\"text-align: center;\"><img loading=\"lazy\" decoding=\"async\" class=\"alignnone size-full wp-image-25013\" src=\"http:\/\/stone-phoenix.com\/wp-content\/uploads\/2023\/12\/New-Red-Color-Tombstone-Poland-Market-Polish-Man-6.jpg\" alt=\"\" width=\"882\" height=\"679\" srcset=\"https:\/\/stone-phoenix.com\/wp-content\/uploads\/2023\/12\/New-Red-Color-Tombstone-Poland-Market-Polish-Man-6.jpg 882w, https:\/\/stone-phoenix.com\/wp-content\/uploads\/2023\/12\/New-Red-Color-Tombstone-Poland-Market-Polish-Man-6-300x231.jpg 300w, https:\/\/stone-phoenix.com\/wp-content\/uploads\/2023\/12\/New-Red-Color-Tombstone-Poland-Market-Polish-Man-6-768x591.jpg 768w, https:\/\/stone-phoenix.com\/wp-content\/uploads\/2023\/12\/New-Red-Color-Tombstone-Poland-Market-Polish-Man-6-16x12.jpg 16w, https:\/\/stone-phoenix.com\/wp-content\/uploads\/2023\/12\/New-Red-Color-Tombstone-Poland-Market-Polish-Man-6-600x462.jpg 600w, https:\/\/stone-phoenix.com\/wp-content\/uploads\/2023\/12\/New-Red-Color-Tombstone-Poland-Market-Polish-Man-6-150x115.jpg 150w\" sizes=\"(max-width: 882px) 100vw, 882px\" \/><\/p>\n<p><span style=\"font-size: 16px;\">New Red Color Tombstone Poland Market Polish Man<\/span><\/p>\n<p><img loading=\"lazy\" decoding=\"async\" class=\"alignnone  wp-image-25015\" src=\"http:\/\/stone-phoenix.com\/wp-content\/uploads\/2023\/12\/New-Red-Color-Tombstone-Poland-Market-Polish-Man-7.jpg\" alt=\"\" width=\"885\" height=\"582\" srcset=\"https:\/\/stone-phoenix.com\/wp-content\/uploads\/2023\/12\/New-Red-Color-Tombstone-Poland-Market-Polish-Man-7.jpg 900w, https:\/\/stone-phoenix.com\/wp-content\/uploads\/2023\/12\/New-Red-Color-Tombstone-Poland-Market-Polish-Man-7-300x197.jpg 300w, https:\/\/stone-phoenix.com\/wp-content\/uploads\/2023\/12\/New-Red-Color-Tombstone-Poland-Market-Polish-Man-7-768x505.jpg 768w, https:\/\/stone-phoenix.com\/wp-content\/uploads\/2023\/12\/New-Red-Color-Tombstone-Poland-Market-Polish-Man-7-18x12.jpg 18w, https:\/\/stone-phoenix.com\/wp-content\/uploads\/2023\/12\/New-Red-Color-Tombstone-Poland-Market-Polish-Man-7-600x395.jpg 600w, https:\/\/stone-phoenix.com\/wp-content\/uploads\/2023\/12\/New-Red-Color-Tombstone-Poland-Market-Polish-Man-7-150x99.jpg 150w\" sizes=\"(max-width: 885px) 100vw, 885px\" \/><\/p>\n<p><img decoding=\"async\" class=\"\" style=\"width: 886px; height: 344px;\" title=\"Nouveau monument fun\u00e9raire en granit rouge poli.jpg\" src=\"http:\/\/stone-phoenix.com\/wp-content\/uploads\/2023\/12\/new-red-color-tombstone-poland-market-polish-man_658ee69757d43.png\" alt=\"\" \/><\/p>\n<p><img decoding=\"async\" class=\"\" style=\"width: 882px; height: 515px;\" title=\"phonenix power stone factory.jpg\" src=\"http:\/\/stone-phoenix.com\/wp-content\/uploads\/2023\/12\/new-red-color-tombstone-poland-market-polish-man_658ee69789db8.jpeg\" alt=\"\" \/><\/div>\n<\/div>","protected":false},"excerpt":{"rendered":"<p>New Red Color Tombstone Poland Market Polish Man<\/p>\n<p>Num\u00e9ro d'article : Pierre tombale Monument en gros 1<\/p>\n<p>Nouvelle pierre tombale de couleur rouge Poland Market Polish Man. Le granit est un choix fr\u00e9quent pour les pierres tombales. C'est une belle pierre, plus dure que le marbre, qui permet de r\u00e9aliser des monuments comm\u00e9moratifs de longue dur\u00e9e.<\/p>\n<p>Param\u00e8tres du produit<\/p>\n<p>Couleur :<br \/>\nCouleur rouge<\/p>\n<p>Taille :<br \/>\nCoupe sur mesure en gros<\/p>\n<p>Original :<br \/>\nLaizhou, Chine<\/p>\n<p>Finish Way :<br \/>\nPoli<\/p>\n<p>Obtenir un devis gratuit<\/p>","protected":false},"featured_media":25009,"template":"","meta":[],"product_cat":[110],"product_tag":[],"_links":{"self":[{"href":"https:\/\/stone-phoenix.com\/fr\/wp-json\/wp\/v2\/product\/22865"}],"collection":[{"href":"https:\/\/stone-phoenix.com\/fr\/wp-json\/wp\/v2\/product"}],"about":[{"href":"https:\/\/stone-phoenix.com\/fr\/wp-json\/wp\/v2\/types\/product"}],"wp:featuredmedia":[{"embeddable":true,"href":"https:\/\/stone-phoenix.com\/fr\/wp-json\/wp\/v2\/media\/25009"}],"wp:attachment":[{"href":"https:\/\/stone-phoenix.com\/fr\/wp-json\/wp\/v2\/media?parent=22865"}],"wp:term":[{"taxonomy":"product_cat","embeddable":true,"href":"https:\/\/stone-phoenix.com\/fr\/wp-json\/wp\/v2\/product_cat?post=22865"},{"taxonomy":"product_tag","embeddable":true,"href":"https:\/\/stone-phoenix.com\/fr\/wp-json\/wp\/v2\/product_tag?post=22865"}],"curies":[{"name":"wp","href":"https:\/\/api.w.org\/{rel}","templated":true}]}}