{"id":22875,"date":"2023-12-30T07:52:20","date_gmt":"2023-12-29T23:52:20","guid":{"rendered":"http:\/\/stone-phoenix.com\/product\/grey-granite-g603-tombstone-monument-tombstone-headstone-to-romania-market"},"modified":"2024-02-28T12:43:08","modified_gmt":"2024-02-28T04:43:08","slug":"grey-granite-g603-tombstone-monument-tombstone-headstone-to-romania-market","status":"publish","type":"product","link":"https:\/\/stone-phoenix.com\/fr\/produit\/grey-granite-g603-tombstone-monument-tombstone-headstone-to-romania-market","title":{"rendered":"Grey Granite G603 Tombstone Monument Tombstone Headstone to Romania Market"},"content":{"rendered":"<div class=\"c\">\n<p><span style=\"line-height: 200%;\"><span style=\"font-size: 16px;\">\u00a0 \u00a0 \u00a0<a href=\"http:\/\/www.phonenix%20power%20stonestone.com\/grey-granite-g603-tombstone-monument-tombstone-headstone-to-romania-market-p00431p1.html\"><strong>Monument fun\u00e9raire en granit gris G603<\/strong><\/a> Pierre tombale pour le march\u00e9 de la Romanie. Le granit G603 a une structure compacte, une texture dure, une r\u00e9sistance aux acides et aux alcalis, une bonne r\u00e9sistance aux intemp\u00e9ries et peut \u00eatre utilis\u00e9 \u00e0 l'ext\u00e9rieur pendant longtemps. C'est un type de granit qui convient aux murs int\u00e9rieurs, aux comptoirs, aux murs ext\u00e9rieurs, aux sols ext\u00e9rieurs et \u00e0 d'autres projets de conception.<br \/>\nNous disposons d'une large gamme de pierres tombales en granit. Celles-ci peuvent \u00e9galement \u00eatre fabriqu\u00e9es selon les sp\u00e9cifications du client. Nous ne fournissons que des mat\u00e9riaux en granit authentique et de haute qualit\u00e9. Le granit s'alt\u00e8re lentement par rapport \u00e0 d'autres pierres comme le marbre et le calcaire, ce qui signifie que les gravures sur la pierre tombale peuvent \u00eatre lues pendant des centaines d'ann\u00e9es.<br \/>\nLe <a href=\"http:\/\/www.phonenix%20power%20stonestone.com\/light-grey-color-american-style-tombstone-monuments-with-good-design-p00150p1.html\"><strong>pierre tombale en granit G603 gris poli monument<\/strong><\/a> disposent d'un contr\u00f4le de la qualit\u00e9, y compris d'un personnel exp\u00e9riment\u00e9 en mati\u00e8re de contr\u00f4le de la qualit\u00e9 ; l'\u00e9quipe, compos\u00e9e de plus de 20 membres, assure un contr\u00f4le de la qualit\u00e9 rigoureux.<br \/>\nLe propri\u00e9taire de l'usine a plus de 26 ans d'exp\u00e9rience dans le domaine de la pierre. La livraison en temps voulu vous permet d'obtenir les r\u00e9sultats escompt\u00e9s. N'h\u00e9sitez pas \u00e0 nous contacter.<\/span><\/span><\/p>\n<div style=\"text-align: center;\"><img loading=\"lazy\" decoding=\"async\" class=\"alignnone  wp-image-25006\" src=\"http:\/\/stone-phoenix.com\/wp-content\/uploads\/2023\/12\/Grey-Granite-G603-Tombstone-Monument-Tombstone-Headstone-to-Romania-Market-4.jpg\" alt=\"\" width=\"617\" height=\"629\" srcset=\"https:\/\/stone-phoenix.com\/wp-content\/uploads\/2023\/12\/Grey-Granite-G603-Tombstone-Monument-Tombstone-Headstone-to-Romania-Market-4.jpg 619w, https:\/\/stone-phoenix.com\/wp-content\/uploads\/2023\/12\/Grey-Granite-G603-Tombstone-Monument-Tombstone-Headstone-to-Romania-Market-4-294x300.jpg 294w, https:\/\/stone-phoenix.com\/wp-content\/uploads\/2023\/12\/Grey-Granite-G603-Tombstone-Monument-Tombstone-Headstone-to-Romania-Market-4-12x12.jpg 12w, https:\/\/stone-phoenix.com\/wp-content\/uploads\/2023\/12\/Grey-Granite-G603-Tombstone-Monument-Tombstone-Headstone-to-Romania-Market-4-600x612.jpg 600w, https:\/\/stone-phoenix.com\/wp-content\/uploads\/2023\/12\/Grey-Granite-G603-Tombstone-Monument-Tombstone-Headstone-to-Romania-Market-4-150x153.jpg 150w\" sizes=\"(max-width: 617px) 100vw, 617px\" \/><\/p>\n<p><span style=\"font-size: 16px;\">Grey Granite G603 Tombstone Monument Tombstone Headstone to Romania Market<\/span><\/p>\n<p><img loading=\"lazy\" decoding=\"async\" class=\"alignnone  wp-image-25007\" src=\"http:\/\/stone-phoenix.com\/wp-content\/uploads\/2023\/12\/Grey-Granite-G603-Tombstone-Monument-Tombstone-Headstone-to-Romania-Market-6.jpg\" alt=\"\" width=\"616\" height=\"486\" srcset=\"https:\/\/stone-phoenix.com\/wp-content\/uploads\/2023\/12\/Grey-Granite-G603-Tombstone-Monument-Tombstone-Headstone-to-Romania-Market-6.jpg 898w, https:\/\/stone-phoenix.com\/wp-content\/uploads\/2023\/12\/Grey-Granite-G603-Tombstone-Monument-Tombstone-Headstone-to-Romania-Market-6-300x237.jpg 300w, https:\/\/stone-phoenix.com\/wp-content\/uploads\/2023\/12\/Grey-Granite-G603-Tombstone-Monument-Tombstone-Headstone-to-Romania-Market-6-768x606.jpg 768w, https:\/\/stone-phoenix.com\/wp-content\/uploads\/2023\/12\/Grey-Granite-G603-Tombstone-Monument-Tombstone-Headstone-to-Romania-Market-6-15x12.jpg 15w, https:\/\/stone-phoenix.com\/wp-content\/uploads\/2023\/12\/Grey-Granite-G603-Tombstone-Monument-Tombstone-Headstone-to-Romania-Market-6-600x473.jpg 600w, https:\/\/stone-phoenix.com\/wp-content\/uploads\/2023\/12\/Grey-Granite-G603-Tombstone-Monument-Tombstone-Headstone-to-Romania-Market-6-150x118.jpg 150w\" sizes=\"(max-width: 616px) 100vw, 616px\" \/><\/div>\n<div style=\"text-align: center;\"><img loading=\"lazy\" decoding=\"async\" class=\"alignnone  wp-image-25008\" src=\"http:\/\/stone-phoenix.com\/wp-content\/uploads\/2023\/12\/Grey-Granite-G603-Tombstone-Monument-Tombstone-Headstone-to-Romania-Market-7.jpg\" alt=\"\" width=\"614\" height=\"461\" srcset=\"https:\/\/stone-phoenix.com\/wp-content\/uploads\/2023\/12\/Grey-Granite-G603-Tombstone-Monument-Tombstone-Headstone-to-Romania-Market-7.jpg 892w, https:\/\/stone-phoenix.com\/wp-content\/uploads\/2023\/12\/Grey-Granite-G603-Tombstone-Monument-Tombstone-Headstone-to-Romania-Market-7-300x225.jpg 300w, https:\/\/stone-phoenix.com\/wp-content\/uploads\/2023\/12\/Grey-Granite-G603-Tombstone-Monument-Tombstone-Headstone-to-Romania-Market-7-768x577.jpg 768w, https:\/\/stone-phoenix.com\/wp-content\/uploads\/2023\/12\/Grey-Granite-G603-Tombstone-Monument-Tombstone-Headstone-to-Romania-Market-7-16x12.jpg 16w, https:\/\/stone-phoenix.com\/wp-content\/uploads\/2023\/12\/Grey-Granite-G603-Tombstone-Monument-Tombstone-Headstone-to-Romania-Market-7-600x451.jpg 600w, https:\/\/stone-phoenix.com\/wp-content\/uploads\/2023\/12\/Grey-Granite-G603-Tombstone-Monument-Tombstone-Headstone-to-Romania-Market-7-150x113.jpg 150w\" sizes=\"(max-width: 614px) 100vw, 614px\" \/><\/p>\n<p><img loading=\"lazy\" decoding=\"async\" class=\"\" title=\"Granit gris poli G603 pierre tombale Monument package.jpg\" src=\"http:\/\/stone-phoenix.com\/wp-content\/uploads\/2023\/12\/grey-granite-g603-tombstone-monument-tombstone-headstone-to-romania-market_658ee6a3273a7.png\" alt=\"\" width=\"616\" height=\"239\" \/><\/p>\n<p><img loading=\"lazy\" decoding=\"async\" class=\"\" title=\"phonenix power stone factory.jpg\" src=\"http:\/\/stone-phoenix.com\/wp-content\/uploads\/2023\/12\/grey-granite-g603-tombstone-monument-tombstone-headstone-to-romania-market_658ee6a3510b2.jpeg\" alt=\"\" width=\"619\" height=\"361\" \/><\/div>\n<\/div>","protected":false},"excerpt":{"rendered":"<p>Grey Granite G603 Tombstone Monument Tombstone Headstone to Romania Market<\/p>\n<p>N\u00b0 d'article : Granit gris G603 Pierre tombale Monument Tom<\/p>\n<p>Grey Granite G603 Tombstone Monument Tombstone Headstone to Romania Market<\/p>\n<p>Param\u00e8tres du produit<\/p>\n<p>Couleur :<br \/>\nCouleur grise<\/p>\n<p>Taille :<br \/>\nCoupe sur mesure<\/p>\n<p>Original :<br \/>\nLaizhou, Chine<\/p>\n<p>Finish Way :<br \/>\nPoli<\/p>\n<p>Obtenir un devis gratuit<\/p>","protected":false},"featured_media":25002,"template":"","meta":[],"product_cat":[110],"product_tag":[],"_links":{"self":[{"href":"https:\/\/stone-phoenix.com\/fr\/wp-json\/wp\/v2\/product\/22875"}],"collection":[{"href":"https:\/\/stone-phoenix.com\/fr\/wp-json\/wp\/v2\/product"}],"about":[{"href":"https:\/\/stone-phoenix.com\/fr\/wp-json\/wp\/v2\/types\/product"}],"wp:featuredmedia":[{"embeddable":true,"href":"https:\/\/stone-phoenix.com\/fr\/wp-json\/wp\/v2\/media\/25002"}],"wp:attachment":[{"href":"https:\/\/stone-phoenix.com\/fr\/wp-json\/wp\/v2\/media?parent=22875"}],"wp:term":[{"taxonomy":"product_cat","embeddable":true,"href":"https:\/\/stone-phoenix.com\/fr\/wp-json\/wp\/v2\/product_cat?post=22875"},{"taxonomy":"product_tag","embeddable":true,"href":"https:\/\/stone-phoenix.com\/fr\/wp-json\/wp\/v2\/product_tag?post=22875"}],"curies":[{"name":"wp","href":"https:\/\/api.w.org\/{rel}","templated":true}]}}