{"id":22883,"date":"2023-12-30T07:52:25","date_gmt":"2023-12-29T23:52:25","guid":{"rendered":"http:\/\/stone-phoenix.com\/product\/new-g623-granite-tombstone-mounment-poland-polish"},"modified":"2024-02-28T11:44:37","modified_gmt":"2024-02-28T03:44:37","slug":"new-g623-granite-tombstone-mounment-poland-polish","status":"publish","type":"product","link":"https:\/\/stone-phoenix.com\/fr\/produit\/new-g623-granite-tombstone-mounment-poland-polish","title":{"rendered":"Nouveau G623 Granite pierre tombale pierre tombale Pologne polie"},"content":{"rendered":"<div class=\"c\">\n<p><span style=\"line-height: 200%;\"><span style=\"font-size: 16px;\">\u00a0 \u00a0 \u00a0<a href=\"http:\/\/www.phonenix%20power%20stonestone.com\/new-g623-granite-tombstone-mounment-poland-polish-p00421p1.html\"><strong>Nouveau G623 pierre tombale en granit pierre tombale Pologne<\/strong><\/a> Polonais. Laizhou phonenix power stone vend en gros des pierres tombales de couleur grise aux march\u00e9s europ\u00e9en et am\u00e9ricain. Le granit est un mat\u00e9riau populaire pour les pierres tombales.  C'est un excellent type de pierre parce qu'il est abondant et qu'il existe dans une grande vari\u00e9t\u00e9 de couleurs et de textures cristallines.<br \/>\nLe <a href=\"http:\/\/www.phonenix%20power%20stonestone.com\/chinese-granite-g623-tombstone-monuments-headstone-p00116p1.html\"><strong>nouveau G623 pierre tombale en granit gris<\/strong><\/a> est un type de granit qui convient aux murs int\u00e9rieurs, aux comptoirs, aux murs ext\u00e9rieurs et aux sols ext\u00e9rieurs. Il a une structure compacte, une texture dure, une r\u00e9sistance aux acides et aux alcalis, une bonne r\u00e9sistance aux intemp\u00e9ries et peut \u00eatre utilis\u00e9 \u00e0 l'ext\u00e9rieur pendant longtemps.<br \/>\nPlus de 10 ans d'exp\u00e9rience dans le domaine de la pierre. Nous poss\u00e9dons la carri\u00e8re, l'usine et la soci\u00e9t\u00e9 commerciale pour garantir une livraison rapide, la meilleure qualit\u00e9 et le meilleur service.<\/span><\/span><\/p>\n<div style=\"text-align: center;\"><img loading=\"lazy\" decoding=\"async\" class=\"alignnone  wp-image-24998\" src=\"http:\/\/stone-phoenix.com\/wp-content\/uploads\/2023\/12\/New-G623-Granite-Tombstone-Mounment-Poland-Polish-6.jpg\" alt=\"\" width=\"837\" height=\"673\" srcset=\"https:\/\/stone-phoenix.com\/wp-content\/uploads\/2023\/12\/New-G623-Granite-Tombstone-Mounment-Poland-Polish-6.jpg 880w, https:\/\/stone-phoenix.com\/wp-content\/uploads\/2023\/12\/New-G623-Granite-Tombstone-Mounment-Poland-Polish-6-300x241.jpg 300w, https:\/\/stone-phoenix.com\/wp-content\/uploads\/2023\/12\/New-G623-Granite-Tombstone-Mounment-Poland-Polish-6-768x618.jpg 768w, https:\/\/stone-phoenix.com\/wp-content\/uploads\/2023\/12\/New-G623-Granite-Tombstone-Mounment-Poland-Polish-6-15x12.jpg 15w, https:\/\/stone-phoenix.com\/wp-content\/uploads\/2023\/12\/New-G623-Granite-Tombstone-Mounment-Poland-Polish-6-600x483.jpg 600w, https:\/\/stone-phoenix.com\/wp-content\/uploads\/2023\/12\/New-G623-Granite-Tombstone-Mounment-Poland-Polish-6-150x121.jpg 150w\" sizes=\"(max-width: 837px) 100vw, 837px\" \/><\/p>\n<p><span style=\"font-size: 16px;\">Nouveau G623 Granite pierre tombale pierre tombale Pologne polie<\/span><\/div>\n<div style=\"text-align: center;\"><img loading=\"lazy\" decoding=\"async\" class=\"alignnone  wp-image-24999\" src=\"http:\/\/stone-phoenix.com\/wp-content\/uploads\/2023\/12\/New-G623-Granite-Tombstone-Mounment-Poland-Polish-7.jpg\" alt=\"\" width=\"838\" height=\"583\" srcset=\"https:\/\/stone-phoenix.com\/wp-content\/uploads\/2023\/12\/New-G623-Granite-Tombstone-Mounment-Poland-Polish-7.jpg 834w, https:\/\/stone-phoenix.com\/wp-content\/uploads\/2023\/12\/New-G623-Granite-Tombstone-Mounment-Poland-Polish-7-300x209.jpg 300w, https:\/\/stone-phoenix.com\/wp-content\/uploads\/2023\/12\/New-G623-Granite-Tombstone-Mounment-Poland-Polish-7-768x534.jpg 768w, https:\/\/stone-phoenix.com\/wp-content\/uploads\/2023\/12\/New-G623-Granite-Tombstone-Mounment-Poland-Polish-7-18x12.jpg 18w, https:\/\/stone-phoenix.com\/wp-content\/uploads\/2023\/12\/New-G623-Granite-Tombstone-Mounment-Poland-Polish-7-600x417.jpg 600w, https:\/\/stone-phoenix.com\/wp-content\/uploads\/2023\/12\/New-G623-Granite-Tombstone-Mounment-Poland-Polish-7-150x104.jpg 150w\" sizes=\"(max-width: 838px) 100vw, 838px\" \/><\/p>\n<p><img loading=\"lazy\" decoding=\"async\" class=\"\" title=\"Nouveau G623 Granite Poland Tombstone Headstone package.jpg\" src=\"http:\/\/stone-phoenix.com\/wp-content\/uploads\/2023\/12\/new-g623-granite-tombstone-mounment-poland-polish_658ee6b8bd0a7.png\" alt=\"\" width=\"845\" height=\"328\" \/><\/p>\n<p><img loading=\"lazy\" decoding=\"async\" class=\"\" title=\"phonenix power stone factory.jpg\" src=\"http:\/\/stone-phoenix.com\/wp-content\/uploads\/2023\/12\/new-g623-granite-tombstone-mounment-poland-polish_658ee6b8f0115.jpeg\" alt=\"\" width=\"845\" height=\"493\" \/><\/div>\n<\/div>","protected":false},"excerpt":{"rendered":"<p>Nouveau G623 Granite pierre tombale pierre tombale Pologne polie<\/p>\n<p>Num\u00e9ro d'article : Granite Tombstone Mounment 1<\/p>\n<p>Nouveau G623 Granite pierre tombale pierre tombale Pologne polie<\/p>\n<p>Param\u00e8tres du produit<\/p>\n<p>Couleur :<br \/>\nGranit de couleur grise<\/p>\n<p>Taille :<br \/>\nCoupe sur mesure<\/p>\n<p>Original :<br \/>\nLaizhou, Chine<\/p>\n<p>Finish Way :<br \/>\nPoli<\/p>\n<p>Obtenir un devis gratuit<\/p>","protected":false},"featured_media":24993,"template":"","meta":[],"product_cat":[110],"product_tag":[],"_links":{"self":[{"href":"https:\/\/stone-phoenix.com\/fr\/wp-json\/wp\/v2\/product\/22883"}],"collection":[{"href":"https:\/\/stone-phoenix.com\/fr\/wp-json\/wp\/v2\/product"}],"about":[{"href":"https:\/\/stone-phoenix.com\/fr\/wp-json\/wp\/v2\/types\/product"}],"wp:featuredmedia":[{"embeddable":true,"href":"https:\/\/stone-phoenix.com\/fr\/wp-json\/wp\/v2\/media\/24993"}],"wp:attachment":[{"href":"https:\/\/stone-phoenix.com\/fr\/wp-json\/wp\/v2\/media?parent=22883"}],"wp:term":[{"taxonomy":"product_cat","embeddable":true,"href":"https:\/\/stone-phoenix.com\/fr\/wp-json\/wp\/v2\/product_cat?post=22883"},{"taxonomy":"product_tag","embeddable":true,"href":"https:\/\/stone-phoenix.com\/fr\/wp-json\/wp\/v2\/product_tag?post=22883"}],"curies":[{"name":"wp","href":"https:\/\/api.w.org\/{rel}","templated":true}]}}