{"id":22889,"date":"2023-12-30T07:52:35","date_gmt":"2023-12-29T23:52:35","guid":{"rendered":"http:\/\/stone-phoenix.com\/product\/new-g664-tombstone-headstone-dalei-stone"},"modified":"2024-02-27T19:22:04","modified_gmt":"2024-02-27T11:22:04","slug":"new-g664-tombstone-headstone-phonenix-power-stone-stone","status":"publish","type":"product","link":"https:\/\/stone-phoenix.com\/fr\/produit\/new-g664-tombstone-headstone-phonenix-power-stone-stone","title":{"rendered":"Nouveau G664 pierre tombale pierre de t\u00eate phonenix power stone"},"content":{"rendered":"<div class=\"c\">\n<p><span style=\"line-height: 200%;\"><span style=\"font-size: 16px;\">\u00a0 \u00a0 \u00a0<a href=\"http:\/\/www.phonenix%20power%20stonestone.com\/g664-granite-tombstone-monument-poland-market-p00324p1.html\"><strong>Nouveau G664 pierre tombale pierre de t\u00eate phonenix power stone<\/strong><\/a>. Les pierres tombales sont g\u00e9n\u00e9ralement faites de granit et de pierre, et les polluants peuvent ternir leur \u00e9clat naturel. Avec un entretien p\u00e9riodique appropri\u00e9, le monument de votre proche aura l'air neuf et restera propre pendant des ann\u00e9es.<br \/>\nLe <a href=\"http:\/\/www.phonenix%20power%20stonestone.com\/granite-g664-tombstone-phonenix%20power%20stone-stone-p00243p1.html\"><strong>pierre tombale de momument en granit rouge G664 poli<\/strong><\/a> est un choix fr\u00e9quent pour les pierres tombales. C'est une belle pierre, plus dure que le marbre, qui permet de r\u00e9aliser des monuments comm\u00e9moratifs durables.<br \/>\nAvec sa propre carri\u00e8re et ses propres usines, la soci\u00e9t\u00e9 Laizhou phonenix power stone, qui travaille dans le secteur de la pierre depuis 10 ans, est professionnelle et s\u00fbre de pouvoir vous offrir des produits de qualit\u00e9 sup\u00e9rieure et des prix bas. En outre, nos bons services, qui comprennent la CAO, le personnel de contr\u00f4le qualit\u00e9, le certificat CE et la livraison dans les d\u00e9lais, sont s\u00fbrs de r\u00e9pondre \u00e0 votre satisfaction.<\/span><\/span><\/p>\n<div style=\"text-align: center;\">\n<p><img loading=\"lazy\" decoding=\"async\" class=\"alignnone size-full wp-image-24991\" src=\"http:\/\/stone-phoenix.com\/wp-content\/uploads\/2023\/12\/New-G664-Tombstone-Headstone-phonenix-power-stone-6.jpg\" alt=\"\" width=\"886\" height=\"649\" srcset=\"https:\/\/stone-phoenix.com\/wp-content\/uploads\/2023\/12\/New-G664-Tombstone-Headstone-phonenix-power-stone-6.jpg 886w, https:\/\/stone-phoenix.com\/wp-content\/uploads\/2023\/12\/New-G664-Tombstone-Headstone-phonenix-power-stone-6-300x220.jpg 300w, https:\/\/stone-phoenix.com\/wp-content\/uploads\/2023\/12\/New-G664-Tombstone-Headstone-phonenix-power-stone-6-768x563.jpg 768w, https:\/\/stone-phoenix.com\/wp-content\/uploads\/2023\/12\/New-G664-Tombstone-Headstone-phonenix-power-stone-6-16x12.jpg 16w, https:\/\/stone-phoenix.com\/wp-content\/uploads\/2023\/12\/New-G664-Tombstone-Headstone-phonenix-power-stone-6-600x440.jpg 600w, https:\/\/stone-phoenix.com\/wp-content\/uploads\/2023\/12\/New-G664-Tombstone-Headstone-phonenix-power-stone-6-150x110.jpg 150w\" sizes=\"(max-width: 886px) 100vw, 886px\" \/><\/p>\n<p><span style=\"font-size: 16px;\">Nouveau G664 pierre tombale pierre de t\u00eate phonenix power stone<\/span><\/p>\n<p><img loading=\"lazy\" decoding=\"async\" class=\"alignnone wp-image-24992\" src=\"http:\/\/stone-phoenix.com\/wp-content\/uploads\/2023\/12\/New-G664-Tombstone-Headstone-phonenix-power-stone-9.jpg\" alt=\"\" width=\"890\" height=\"465\" srcset=\"https:\/\/stone-phoenix.com\/wp-content\/uploads\/2023\/12\/New-G664-Tombstone-Headstone-phonenix-power-stone-9.jpg 714w, https:\/\/stone-phoenix.com\/wp-content\/uploads\/2023\/12\/New-G664-Tombstone-Headstone-phonenix-power-stone-9-300x157.jpg 300w, https:\/\/stone-phoenix.com\/wp-content\/uploads\/2023\/12\/New-G664-Tombstone-Headstone-phonenix-power-stone-9-18x9.jpg 18w, https:\/\/stone-phoenix.com\/wp-content\/uploads\/2023\/12\/New-G664-Tombstone-Headstone-phonenix-power-stone-9-600x313.jpg 600w, https:\/\/stone-phoenix.com\/wp-content\/uploads\/2023\/12\/New-G664-Tombstone-Headstone-phonenix-power-stone-9-150x78.jpg 150w\" sizes=\"(max-width: 890px) 100vw, 890px\" \/><\/p>\n<p><img decoding=\"async\" title=\"Nouveau G664 Dark Red Granite Tombstone Monument package.jpg\" src=\"http:\/\/stone-phoenix.com\/wp-content\/uploads\/2023\/12\/new-g664-tombstone-headstone-phonenix%20power%20stone-stone_658ee6c89d492.png\" alt=\"\" \/><\/p>\n<p><img decoding=\"async\" title=\"phonenix power stone factory.jpg\" src=\"http:\/\/stone-phoenix.com\/wp-content\/uploads\/2023\/12\/new-g664-tombstone-headstone-phonenix%20power%20stone-stone_658ee6c8cb613.jpeg\" alt=\"\" \/><\/p>\n<\/div>\n<\/div>","protected":false},"excerpt":{"rendered":"<p>Nouveau G664 pierre tombale pierre de t\u00eate phonenix power stone<\/p>\n<p>Num\u00e9ro d'article : Pierre tombale en granit 191016001<\/p>\n<p>Nouveau G664 pierre tombale pierre de t\u00eate phonenix power stone<\/p>\n<p>Param\u00e8tres du produit<\/p>\n<p>Couleur :<br \/>\nRouge fonc\u00e9 et rouge<\/p>\n<p>Taille :<br \/>\nCoupe sur mesure<\/p>\n<p>Original :<br \/>\nLaizhou, Chine<\/p>\n<p>Finish Way :<br \/>\nPoli<\/p>\n<p>Obtenir un devis gratuit<\/p>","protected":false},"featured_media":24986,"template":"","meta":[],"product_cat":[110],"product_tag":[],"_links":{"self":[{"href":"https:\/\/stone-phoenix.com\/fr\/wp-json\/wp\/v2\/product\/22889"}],"collection":[{"href":"https:\/\/stone-phoenix.com\/fr\/wp-json\/wp\/v2\/product"}],"about":[{"href":"https:\/\/stone-phoenix.com\/fr\/wp-json\/wp\/v2\/types\/product"}],"wp:featuredmedia":[{"embeddable":true,"href":"https:\/\/stone-phoenix.com\/fr\/wp-json\/wp\/v2\/media\/24986"}],"wp:attachment":[{"href":"https:\/\/stone-phoenix.com\/fr\/wp-json\/wp\/v2\/media?parent=22889"}],"wp:term":[{"taxonomy":"product_cat","embeddable":true,"href":"https:\/\/stone-phoenix.com\/fr\/wp-json\/wp\/v2\/product_cat?post=22889"},{"taxonomy":"product_tag","embeddable":true,"href":"https:\/\/stone-phoenix.com\/fr\/wp-json\/wp\/v2\/product_tag?post=22889"}],"curies":[{"name":"wp","href":"https:\/\/api.w.org\/{rel}","templated":true}]}}