{"id":22896,"date":"2023-12-30T07:52:43","date_gmt":"2023-12-29T23:52:43","guid":{"rendered":"http:\/\/stone-phoenix.com\/product\/swan-blue-granite-tombstone-wholesale-dalei-stone"},"modified":"2024-02-27T19:02:28","modified_gmt":"2024-02-27T11:02:28","slug":"swan-blue-granite-tombstone-wholesale-phonenix-power-stone-stone","status":"publish","type":"product","link":"https:\/\/stone-phoenix.com\/fr\/produit\/swan-blue-granite-tombstone-wholesale-phonenix-power-stone-stone","title":{"rendered":"Pierre tombale en granit bleu cygne grossiste phonenix power stone"},"content":{"rendered":"<div class=\"c\">\n<p><span style=\"line-height: 200%;\"><span style=\"font-size: 16px;\"><a href=\"http:\/\/www.phonenix%20power%20stonestone.com\/swan-blue-granite-tombstone-monuments-to-poland-market-p00160p1.html\"><strong>Pierre tombale en granit bleu cygne grossiste phonenix power stone<\/strong><\/a> Pierre de taille. Il s'agit d'un type de granit qui convient aux murs int\u00e9rieurs, aux comptoirs, aux murs ext\u00e9rieurs et aux sols ext\u00e9rieurs.<br \/>\nAvantages des monuments fun\u00e9raires en granit :<br \/>\n1. Notre pierre tombale en granit a une couleur uniforme et une taille de grain cristalline ;<br \/>\n2. Texture dure, d\u00e9licate, pas facile \u00e0 corroder, r\u00e9sistance aux intemp\u00e9ries ;<br \/>\n3. Pierre tombale sans fissures, sans cicatrices, avec des lignes incolores ;<br \/>\n4. Faible absorption d'eau, propri\u00e9t\u00e9s physiques et chimiques stables ;<br \/>\n5. Production professionnelle, bon march\u00e9, vari\u00e9t\u00e9 de types et de couleurs.<br \/>\nLe <a href=\"http:\/\/www.phonenix%20power%20stonestone.com\/chinese-granite-swan-blue-tombstone-monuments-headstone-p00118p1.html\"><strong>pierre tombale en granit bleu cygne poli<\/strong><\/a> emballage : mousse plastique \u00e0 l'int\u00e9rieur, caisse en bois solide fumig\u00e9e \u00e0 l'ext\u00e9rieur, emballage maritime s\u00fbr, ou selon les besoins du client.<\/span><\/span><br \/>\n<span style=\"line-height: 200%;\"><span style=\"font-size: 16px;\">Le propri\u00e9taire de l'usine a plus de 12 ans d'exp\u00e9rience dans le domaine de la pierre. La livraison en temps voulu vous permet d'obtenir les r\u00e9sultats escompt\u00e9s. N'h\u00e9sitez pas \u00e0 nous contacter.<\/span><\/span><\/p>\n<div style=\"text-align: center;\">\n<p><img loading=\"lazy\" decoding=\"async\" class=\"alignnone size-full wp-image-24984\" src=\"http:\/\/stone-phoenix.com\/wp-content\/uploads\/2023\/12\/Swan-Blue-Granite-Tombstone-Wholesale-phonenix-power-stone-6.jpg\" alt=\"\" width=\"886\" height=\"525\" srcset=\"https:\/\/stone-phoenix.com\/wp-content\/uploads\/2023\/12\/Swan-Blue-Granite-Tombstone-Wholesale-phonenix-power-stone-6.jpg 886w, https:\/\/stone-phoenix.com\/wp-content\/uploads\/2023\/12\/Swan-Blue-Granite-Tombstone-Wholesale-phonenix-power-stone-6-300x178.jpg 300w, https:\/\/stone-phoenix.com\/wp-content\/uploads\/2023\/12\/Swan-Blue-Granite-Tombstone-Wholesale-phonenix-power-stone-6-768x455.jpg 768w, https:\/\/stone-phoenix.com\/wp-content\/uploads\/2023\/12\/Swan-Blue-Granite-Tombstone-Wholesale-phonenix-power-stone-6-18x12.jpg 18w, https:\/\/stone-phoenix.com\/wp-content\/uploads\/2023\/12\/Swan-Blue-Granite-Tombstone-Wholesale-phonenix-power-stone-6-600x356.jpg 600w, https:\/\/stone-phoenix.com\/wp-content\/uploads\/2023\/12\/Swan-Blue-Granite-Tombstone-Wholesale-phonenix-power-stone-6-150x89.jpg 150w\" sizes=\"(max-width: 886px) 100vw, 886px\" \/><\/p>\n<p><span style=\"font-size: 16px;\">Pierre tombale en granit bleu cygne grossiste phonenix power stone<\/span><\/p>\n<p><img loading=\"lazy\" decoding=\"async\" class=\"alignnone size-full wp-image-24985\" src=\"http:\/\/stone-phoenix.com\/wp-content\/uploads\/2023\/12\/Swan-Blue-Granite-Tombstone-Wholesale-phonenix-power-stone-7.jpg\" alt=\"\" width=\"892\" height=\"691\" srcset=\"https:\/\/stone-phoenix.com\/wp-content\/uploads\/2023\/12\/Swan-Blue-Granite-Tombstone-Wholesale-phonenix-power-stone-7.jpg 892w, https:\/\/stone-phoenix.com\/wp-content\/uploads\/2023\/12\/Swan-Blue-Granite-Tombstone-Wholesale-phonenix-power-stone-7-300x232.jpg 300w, https:\/\/stone-phoenix.com\/wp-content\/uploads\/2023\/12\/Swan-Blue-Granite-Tombstone-Wholesale-phonenix-power-stone-7-768x595.jpg 768w, https:\/\/stone-phoenix.com\/wp-content\/uploads\/2023\/12\/Swan-Blue-Granite-Tombstone-Wholesale-phonenix-power-stone-7-15x12.jpg 15w, https:\/\/stone-phoenix.com\/wp-content\/uploads\/2023\/12\/Swan-Blue-Granite-Tombstone-Wholesale-phonenix-power-stone-7-600x465.jpg 600w, https:\/\/stone-phoenix.com\/wp-content\/uploads\/2023\/12\/Swan-Blue-Granite-Tombstone-Wholesale-phonenix-power-stone-7-150x116.jpg 150w\" sizes=\"(max-width: 892px) 100vw, 892px\" \/><\/p>\n<p><img decoding=\"async\" title=\"Wholesale Swan Blue Granite Headstone Gravestone package.jpg\" src=\"http:\/\/stone-phoenix.com\/wp-content\/uploads\/2023\/12\/swan-blue-granite-tombstone-wholesale-phonenix%20power%20stone-stone_658ee6d9675b5.png\" alt=\"\" \/><\/p>\n<p><img decoding=\"async\" title=\"phonenix power stone factory.jpg\" src=\"http:\/\/stone-phoenix.com\/wp-content\/uploads\/2023\/12\/swan-blue-granite-tombstone-wholesale-phonenix%20power%20stone-stone_658ee6d997938.jpeg\" alt=\"\" \/><\/p>\n<\/div>\n<\/div>","protected":false},"excerpt":{"rendered":"<p>Pierre tombale en granit bleu cygne grossiste phonenix power stone<\/p>\n<p>Num\u00e9ro d'article : Monument de pierre tombale 191016001<\/p>\n<p>Swan Blue Granite Tombstone Wholesale phonenix power stone Pierre tombale<\/p>\n<p>Param\u00e8tres du produit<\/p>\n<p>Couleur :<br \/>\nCouleur bleue<\/p>\n<p>Taille :<br \/>\nCoupe sur mesure<\/p>\n<p>Original :<br \/>\nLaizhou, Chine<\/p>\n<p>Finish Way :<br \/>\nPoli<\/p>\n<p>Obtenir un devis gratuit<\/p>","protected":false},"featured_media":24979,"template":"","meta":[],"product_cat":[110],"product_tag":[],"_links":{"self":[{"href":"https:\/\/stone-phoenix.com\/fr\/wp-json\/wp\/v2\/product\/22896"}],"collection":[{"href":"https:\/\/stone-phoenix.com\/fr\/wp-json\/wp\/v2\/product"}],"about":[{"href":"https:\/\/stone-phoenix.com\/fr\/wp-json\/wp\/v2\/types\/product"}],"wp:featuredmedia":[{"embeddable":true,"href":"https:\/\/stone-phoenix.com\/fr\/wp-json\/wp\/v2\/media\/24979"}],"wp:attachment":[{"href":"https:\/\/stone-phoenix.com\/fr\/wp-json\/wp\/v2\/media?parent=22896"}],"wp:term":[{"taxonomy":"product_cat","embeddable":true,"href":"https:\/\/stone-phoenix.com\/fr\/wp-json\/wp\/v2\/product_cat?post=22896"},{"taxonomy":"product_tag","embeddable":true,"href":"https:\/\/stone-phoenix.com\/fr\/wp-json\/wp\/v2\/product_tag?post=22896"}],"curies":[{"name":"wp","href":"https:\/\/api.w.org\/{rel}","templated":true}]}}