{"id":22906,"date":"2023-12-30T07:52:50","date_gmt":"2023-12-29T23:52:50","guid":{"rendered":"http:\/\/stone-phoenix.com\/product\/granite-g654-headstone-monuments"},"modified":"2024-02-27T17:36:44","modified_gmt":"2024-02-27T09:36:44","slug":"granite-g654-headstone-monuments","status":"publish","type":"product","link":"https:\/\/stone-phoenix.com\/fr\/produit\/granite-g654-headstone-monuments","title":{"rendered":"Granit G654 Monuments en pierre tombale"},"content":{"rendered":"<div class=\"c\">\n<p><span style=\"line-height: 200%;\"><span style=\"font-size: 16px;\">\u00a0 \u00a0 \u00a0<a href=\"http:\/\/www.phonenix%20power%20stonestone.com\/china-factory-g654-granite-tiles-with-good-price-p00134p1.html\"><strong>Granit Noir G654 Monuments de pierre tombale<\/strong><\/a>.<br \/>\nLe granit est un mat\u00e9riau populaire pour les pierres tombales.  C'est un excellent type de pierre parce qu'il est abondant et qu'il existe dans une grande vari\u00e9t\u00e9 de couleurs et de textures cristallines.<br \/>\nLa pierre tombale en granit s'alt\u00e8re \u00e9galement plus lentement que d'autres pierres comme le marbre et le calcaire, ce qui signifie que les gravures sur la pierre tombale peuvent \u00eatre lues pendant des centaines d'ann\u00e9es.<br \/>\nLe <a href=\"http:\/\/www.phonenix%20power%20stonestone.com\/granite-g654-headstone-monuments-p00332p1.html\"><strong>G654 pierre tombale en granit noir pierre tombale<\/strong><\/a>\u00a0convient aux murs int\u00e9rieurs, aux comptoirs, aux murs ext\u00e9rieurs et aux sols ext\u00e9rieurs. Plus de 10 ans d'exp\u00e9rience dans le domaine de la pierre. Nous poss\u00e9dons la carri\u00e8re, l'usine et la soci\u00e9t\u00e9 commerciale afin de garantir une livraison rapide, une qualit\u00e9 optimale et un service de qualit\u00e9.<\/span><\/span>d service. N'h\u00e9sitez pas \u00e0 demander des renseignements.<\/p>\n<div style=\"text-align: center;\"><span style=\"font-size: 16px;\">Granit G654 Monuments en pierre tombale<\/span><img loading=\"lazy\" decoding=\"async\" class=\"alignnone wp-image-24978\" src=\"http:\/\/stone-phoenix.com\/wp-content\/uploads\/2023\/12\/Granite-G654-Headstone-Monuments-3.jpg\" alt=\"\" width=\"818\" height=\"606\" srcset=\"https:\/\/stone-phoenix.com\/wp-content\/uploads\/2023\/12\/Granite-G654-Headstone-Monuments-3.jpg 856w, https:\/\/stone-phoenix.com\/wp-content\/uploads\/2023\/12\/Granite-G654-Headstone-Monuments-3-300x222.jpg 300w, https:\/\/stone-phoenix.com\/wp-content\/uploads\/2023\/12\/Granite-G654-Headstone-Monuments-3-768x569.jpg 768w, https:\/\/stone-phoenix.com\/wp-content\/uploads\/2023\/12\/Granite-G654-Headstone-Monuments-3-16x12.jpg 16w, https:\/\/stone-phoenix.com\/wp-content\/uploads\/2023\/12\/Granite-G654-Headstone-Monuments-3-600x444.jpg 600w, https:\/\/stone-phoenix.com\/wp-content\/uploads\/2023\/12\/Granite-G654-Headstone-Monuments-3-150x111.jpg 150w\" sizes=\"(max-width: 818px) 100vw, 818px\" \/><img loading=\"lazy\" decoding=\"async\" class=\"alignnone  wp-image-24973\" src=\"http:\/\/stone-phoenix.com\/wp-content\/uploads\/2023\/12\/Granite-G654-Headstone-Monuments-6.jpg\" alt=\"\" width=\"811\" height=\"800\" srcset=\"https:\/\/stone-phoenix.com\/wp-content\/uploads\/2023\/12\/Granite-G654-Headstone-Monuments-6.jpg 667w, https:\/\/stone-phoenix.com\/wp-content\/uploads\/2023\/12\/Granite-G654-Headstone-Monuments-6-300x296.jpg 300w, https:\/\/stone-phoenix.com\/wp-content\/uploads\/2023\/12\/Granite-G654-Headstone-Monuments-6-12x12.jpg 12w, https:\/\/stone-phoenix.com\/wp-content\/uploads\/2023\/12\/Granite-G654-Headstone-Monuments-6-600x592.jpg 600w, https:\/\/stone-phoenix.com\/wp-content\/uploads\/2023\/12\/Granite-G654-Headstone-Monuments-6-150x148.jpg 150w\" sizes=\"(max-width: 811px) 100vw, 811px\" \/><\/p>\n<p><img loading=\"lazy\" decoding=\"async\" class=\"\" title=\"Granit noir poli G654 pierre tombale Monument package.jpg\" src=\"http:\/\/stone-phoenix.com\/wp-content\/uploads\/2023\/12\/granite-g654-headstone-monuments_658ee6e3741dd.png\" alt=\"\" width=\"819\" height=\"318\" \/><\/p>\n<p><img loading=\"lazy\" decoding=\"async\" class=\"\" title=\"phonenix power stone factory.jpg\" src=\"http:\/\/stone-phoenix.com\/wp-content\/uploads\/2023\/12\/granite-g654-headstone-monuments_658ee6e3a2a76.jpeg\" alt=\"\" width=\"815\" height=\"475\" \/><\/p>\n<\/div>\n<\/div>","protected":false},"excerpt":{"rendered":"<p>Granit G654 Monuments en pierre tombale<\/p>\n<p>Num\u00e9ro d'article : Monuments en pierre tombale en granit 190725002<\/p>\n<p>Granit G654 Monuments en pierre tombale<\/p>\n<p>Param\u00e8tres du produit<\/p>\n<p>Couleur :<br \/>\nCouleur noire Granit<\/p>\n<p>Taille :<br \/>\nCoupe sur mesure<\/p>\n<p>Original :<br \/>\nLaizhou Chine<\/p>\n<p>Finish Way :<br \/>\nPoli<\/p>\n<p>Obtenir un devis gratuit<\/p>","protected":false},"featured_media":24969,"template":"","meta":[],"product_cat":[110],"product_tag":[],"_links":{"self":[{"href":"https:\/\/stone-phoenix.com\/fr\/wp-json\/wp\/v2\/product\/22906"}],"collection":[{"href":"https:\/\/stone-phoenix.com\/fr\/wp-json\/wp\/v2\/product"}],"about":[{"href":"https:\/\/stone-phoenix.com\/fr\/wp-json\/wp\/v2\/types\/product"}],"wp:featuredmedia":[{"embeddable":true,"href":"https:\/\/stone-phoenix.com\/fr\/wp-json\/wp\/v2\/media\/24969"}],"wp:attachment":[{"href":"https:\/\/stone-phoenix.com\/fr\/wp-json\/wp\/v2\/media?parent=22906"}],"wp:term":[{"taxonomy":"product_cat","embeddable":true,"href":"https:\/\/stone-phoenix.com\/fr\/wp-json\/wp\/v2\/product_cat?post=22906"},{"taxonomy":"product_tag","embeddable":true,"href":"https:\/\/stone-phoenix.com\/fr\/wp-json\/wp\/v2\/product_tag?post=22906"}],"curies":[{"name":"wp","href":"https:\/\/api.w.org\/{rel}","templated":true}]}}