{"id":22915,"date":"2023-12-30T07:52:56","date_gmt":"2023-12-29T23:52:56","guid":{"rendered":"http:\/\/stone-phoenix.com\/product\/multicolor-red-granite-tombstone-monument"},"modified":"2024-02-26T16:42:27","modified_gmt":"2024-02-26T08:42:27","slug":"multicolor-red-granite-tombstone-monument","status":"publish","type":"product","link":"https:\/\/stone-phoenix.com\/fr\/produit\/multicolor-red-granite-tombstone-monument","title":{"rendered":"Monument fun\u00e9raire en granit rouge multicolore"},"content":{"rendered":"<div class=\"c\">\n<p><span style=\"line-height: 200%;\"><span style=\"font-size: 16px;\">\u00a0 \u00a0 \u00a0<a href=\"http:\/\/www.phonenix%20power%20stonestone.com\/multicolor-red-tombstone-monument-phonenix%20power%20stone-stone-p00246p1.html\"><strong>Monument fun\u00e9raire en granit rouge multicolore<\/strong><\/a>. Nous disposons d'une large gamme de pierres tombales en granit. Celles-ci peuvent \u00e9galement \u00eatre fabriqu\u00e9es selon les sp\u00e9cifications du client. Nous ne fournissons que des mat\u00e9riaux en granit authentique et de haute qualit\u00e9. Le granit s'alt\u00e8re lentement par rapport \u00e0 d'autres pierres comme le marbre et le calcaire, ce qui signifie que les gravures sur la pierre tombale peuvent \u00eatre lues pendant des centaines d'ann\u00e9es.<br \/>\nLe granit est l'un des mat\u00e9riaux les plus durs et dure ind\u00e9finiment, mais sa surface est quelque peu poreuse et peut retenir la salet\u00e9, les taches et les d\u00e9p\u00f4ts min\u00e9raux au fil du temps.<br \/>\nNos avantages comprennent : <\/span><\/span><span style=\"font-size: 16px;\">1) Le propri\u00e9taire de l'usine travaille directement avec le propri\u00e9taire de la carri\u00e8re ;\u00a0<\/span><span style=\"font-size: 16px;\">2) Pierre <span style=\"line-height: 200%;\">fabricant et n\u00e9gociant avec plus de 12 ans d'exp\u00e9rience ; 3) Un syst\u00e8me strict de contr\u00f4le qualit\u00e9 assure l'inspection de chaque pi\u00e8ce ; 4) Une \u00e9quipe de services professionnels \u00e0 Laizhou assure une livraison pratique et rapide.<\/span><\/span><\/p>\n<div style=\"text-align: center;\">\n<p><img loading=\"lazy\" decoding=\"async\" class=\"alignnone size-full wp-image-24965\" src=\"http:\/\/stone-phoenix.com\/wp-content\/uploads\/2023\/12\/Multicolor-Red-Granite-Tombstone-Monument-6-1.jpg\" alt=\"\" width=\"768\" height=\"864\" srcset=\"https:\/\/stone-phoenix.com\/wp-content\/uploads\/2023\/12\/Multicolor-Red-Granite-Tombstone-Monument-6-1.jpg 768w, https:\/\/stone-phoenix.com\/wp-content\/uploads\/2023\/12\/Multicolor-Red-Granite-Tombstone-Monument-6-1-267x300.jpg 267w, https:\/\/stone-phoenix.com\/wp-content\/uploads\/2023\/12\/Multicolor-Red-Granite-Tombstone-Monument-6-1-11x12.jpg 11w, https:\/\/stone-phoenix.com\/wp-content\/uploads\/2023\/12\/Multicolor-Red-Granite-Tombstone-Monument-6-1-600x675.jpg 600w, https:\/\/stone-phoenix.com\/wp-content\/uploads\/2023\/12\/Multicolor-Red-Granite-Tombstone-Monument-6-1-150x169.jpg 150w\" sizes=\"(max-width: 768px) 100vw, 768px\" \/><\/p>\n<p><span style=\"font-size: 16px;\">Monument fun\u00e9raire en granit rouge multicolore<\/span><\/p>\n<p><img loading=\"lazy\" decoding=\"async\" class=\"alignnone wp-image-24966\" src=\"http:\/\/stone-phoenix.com\/wp-content\/uploads\/2023\/12\/Multicolor-Red-Granite-Tombstone-Monument-3-1.jpg\" alt=\"\" width=\"768\" height=\"491\" srcset=\"https:\/\/stone-phoenix.com\/wp-content\/uploads\/2023\/12\/Multicolor-Red-Granite-Tombstone-Monument-3-1.jpg 625w, https:\/\/stone-phoenix.com\/wp-content\/uploads\/2023\/12\/Multicolor-Red-Granite-Tombstone-Monument-3-1-300x192.jpg 300w, https:\/\/stone-phoenix.com\/wp-content\/uploads\/2023\/12\/Multicolor-Red-Granite-Tombstone-Monument-3-1-18x12.jpg 18w, https:\/\/stone-phoenix.com\/wp-content\/uploads\/2023\/12\/Multicolor-Red-Granite-Tombstone-Monument-3-1-600x384.jpg 600w, https:\/\/stone-phoenix.com\/wp-content\/uploads\/2023\/12\/Multicolor-Red-Granite-Tombstone-Monument-3-1-150x96.jpg 150w\" sizes=\"(max-width: 768px) 100vw, 768px\" \/><\/p>\n<\/div>\n<div style=\"text-align: center;\">\n<p><img loading=\"lazy\" decoding=\"async\" class=\"alignnone wp-image-24967\" src=\"http:\/\/stone-phoenix.com\/wp-content\/uploads\/2023\/12\/Multicolor-Red-Granite-Tombstone-Monument-7-1.jpg\" alt=\"\" width=\"767\" height=\"551\" srcset=\"https:\/\/stone-phoenix.com\/wp-content\/uploads\/2023\/12\/Multicolor-Red-Granite-Tombstone-Monument-7-1.jpg 898w, https:\/\/stone-phoenix.com\/wp-content\/uploads\/2023\/12\/Multicolor-Red-Granite-Tombstone-Monument-7-1-300x216.jpg 300w, https:\/\/stone-phoenix.com\/wp-content\/uploads\/2023\/12\/Multicolor-Red-Granite-Tombstone-Monument-7-1-768x552.jpg 768w, https:\/\/stone-phoenix.com\/wp-content\/uploads\/2023\/12\/Multicolor-Red-Granite-Tombstone-Monument-7-1-18x12.jpg 18w, https:\/\/stone-phoenix.com\/wp-content\/uploads\/2023\/12\/Multicolor-Red-Granite-Tombstone-Monument-7-1-600x432.jpg 600w, https:\/\/stone-phoenix.com\/wp-content\/uploads\/2023\/12\/Multicolor-Red-Granite-Tombstone-Monument-7-1-150x108.jpg 150w\" sizes=\"(max-width: 767px) 100vw, 767px\" \/><\/p>\n<p><img loading=\"lazy\" decoding=\"async\" class=\"\" title=\"Monument en pierre tombale en granit rouge multicolore poli paquet.jpg\" src=\"http:\/\/stone-phoenix.com\/wp-content\/uploads\/2023\/12\/multicolor-red-granite-tombstone-monument_658ee6f129475.png\" alt=\"\" width=\"770\" height=\"299\" \/><\/p>\n<p><img loading=\"lazy\" decoding=\"async\" class=\"\" title=\"phonenix power stone factory.jpg\" src=\"http:\/\/stone-phoenix.com\/wp-content\/uploads\/2023\/12\/multicolor-red-granite-tombstone-monument_658ee6f156fb8.jpeg\" alt=\"\" width=\"773\" height=\"451\" \/><\/p>\n<\/div>\n<\/div>","protected":false},"excerpt":{"rendered":"<p>Monument fun\u00e9raire en granit rouge multicolore<\/p>\n<p>Num\u00e9ro d'article : Pierre tombale en granit 190715005<\/p>\n<p>Monument fun\u00e9raire en granit rouge multicolore<\/p>\n<p>Param\u00e8tres du produit<\/p>\n<p>Couleur :<br \/>\nCouleur rouge<\/p>\n<p>Taille :<br \/>\nCoupe sur mesure<\/p>\n<p>Original :<br \/>\nLaizhou, Chine<\/p>\n<p>Finish Way :<br \/>\nPoli<\/p>\n<p>Obtenir un devis gratuit<\/p>","protected":false},"featured_media":24960,"template":"","meta":[],"product_cat":[110],"product_tag":[],"_links":{"self":[{"href":"https:\/\/stone-phoenix.com\/fr\/wp-json\/wp\/v2\/product\/22915"}],"collection":[{"href":"https:\/\/stone-phoenix.com\/fr\/wp-json\/wp\/v2\/product"}],"about":[{"href":"https:\/\/stone-phoenix.com\/fr\/wp-json\/wp\/v2\/types\/product"}],"wp:featuredmedia":[{"embeddable":true,"href":"https:\/\/stone-phoenix.com\/fr\/wp-json\/wp\/v2\/media\/24960"}],"wp:attachment":[{"href":"https:\/\/stone-phoenix.com\/fr\/wp-json\/wp\/v2\/media?parent=22915"}],"wp:term":[{"taxonomy":"product_cat","embeddable":true,"href":"https:\/\/stone-phoenix.com\/fr\/wp-json\/wp\/v2\/product_cat?post=22915"},{"taxonomy":"product_tag","embeddable":true,"href":"https:\/\/stone-phoenix.com\/fr\/wp-json\/wp\/v2\/product_tag?post=22915"}],"curies":[{"name":"wp","href":"https:\/\/api.w.org\/{rel}","templated":true}]}}