{"id":22924,"date":"2023-12-30T07:53:03","date_gmt":"2023-12-29T23:53:03","guid":{"rendered":"http:\/\/stone-phoenix.com\/product\/indian-black-granite-headstone"},"modified":"2024-02-26T16:24:49","modified_gmt":"2024-02-26T08:24:49","slug":"indian-black-granite-headstone","status":"publish","type":"product","link":"https:\/\/stone-phoenix.com\/fr\/produit\/indian-black-granite-headstone","title":{"rendered":"Pierre tombale en granit noir indien"},"content":{"rendered":"<div class=\"c\">\n<p><span style=\"line-height: 200%;\"><span style=\"font-size: 16px;\">\u00a0 \u00a0 \u00a0<a href=\"http:\/\/www.phonenix%20power%20stonestone.com\/indian-black-phonenix%20power%20stone-tombstone-monument-headstone-p00194p1.html\"><strong>Monument indien en granit noir<\/strong><\/a>. Il s'agit d'un type de granit qui convient aux murs int\u00e9rieurs, aux comptoirs, aux murs ext\u00e9rieurs et aux sols ext\u00e9rieurs. Le granit a une structure compacte, une texture dure, une r\u00e9sistance aux acides et aux alcalis, une bonne r\u00e9sistance aux intemp\u00e9ries et peut \u00eatre utilis\u00e9 \u00e0 l'ext\u00e9rieur pendant longtemps.<br \/>\nLe granit est un mat\u00e9riau populaire pour les pierres tombales.  C'est un excellent type de pierre parce qu'il est abondant et qu'il existe dans une grande vari\u00e9t\u00e9 de couleurs et de textures cristallines.<br \/>\nLe <a href=\"http:\/\/www.phonenix%20power%20stonestone.com\/indian-black-tombstone-from-china-p00183p1.html\"><strong>pierre tombale en granit noir indien populaire pierre tombale<\/strong><\/a> mode de finition : poli mode de finition.<br \/>\nLe propri\u00e9taire de l'usine a plus de 12 ans d'exp\u00e9rience dans le domaine de la pierre. La livraison en temps voulu vous permet d'obtenir les r\u00e9sultats escompt\u00e9s. N'h\u00e9sitez pas \u00e0 nous contacter.<\/span><\/span><\/p>\n<div style=\"text-align: center;\">\n<p><img decoding=\"async\" style=\"height: 450px; width: 600px;\" title=\"Monument indien de qualit\u00e9 en granit noir.jpg\" src=\"http:\/\/stone-phoenix.com\/wp-content\/uploads\/2023\/12\/indian-black-granite-headstone_658ee6fa42576.jpeg\" \/><\/p>\n<p><span style=\"font-size: 16px;\">Pierre tombale en granit noir indien Monuments en gros<\/span><\/p>\n<p><img decoding=\"async\" style=\"height: 468px; width: 600px;\" title=\"Pierre tombale en granit noir indien poli.jpg\" src=\"http:\/\/stone-phoenix.com\/wp-content\/uploads\/2023\/12\/indian-black-granite-headstone_658ee6fa802b2.jpeg\" \/><\/p>\n<p><img decoding=\"async\" title=\"Qualit\u00e9 de la pierre tombale indienne en granit noir Monument package.jpg\" src=\"http:\/\/stone-phoenix.com\/wp-content\/uploads\/2023\/12\/indian-black-granite-headstone_658ee6fac5bf3.png\" alt=\"\" \/><\/p>\n<p><img decoding=\"async\" title=\"phonenix power stone factory.jpg\" src=\"http:\/\/stone-phoenix.com\/wp-content\/uploads\/2023\/12\/indian-black-granite-headstone_658ee6faf2690.jpeg\" alt=\"\" \/><\/p>\n<\/div>\n<\/div>","protected":false},"excerpt":{"rendered":"<p>Pierre tombale en granit noir indien<\/p>\n<p>N\u00b0 d'article : Pierre tombale en granit noir<\/p>\n<p>Pierre tombale en granit noir indien<\/p>\n<p>Param\u00e8tres du produit<\/p>\n<p>Couleur :<br \/>\nGranit noir<\/p>\n<p>Taille :<br \/>\nCoupe sur mesure<\/p>\n<p>Original :<br \/>\nLaizhou, Chine<\/p>\n<p>Finish Way :<br \/>\nPoli<\/p>\n<p>Obtenir un devis gratuit<\/p>","protected":false},"featured_media":24956,"template":"","meta":[],"product_cat":[110],"product_tag":[],"_links":{"self":[{"href":"https:\/\/stone-phoenix.com\/fr\/wp-json\/wp\/v2\/product\/22924"}],"collection":[{"href":"https:\/\/stone-phoenix.com\/fr\/wp-json\/wp\/v2\/product"}],"about":[{"href":"https:\/\/stone-phoenix.com\/fr\/wp-json\/wp\/v2\/types\/product"}],"wp:featuredmedia":[{"embeddable":true,"href":"https:\/\/stone-phoenix.com\/fr\/wp-json\/wp\/v2\/media\/24956"}],"wp:attachment":[{"href":"https:\/\/stone-phoenix.com\/fr\/wp-json\/wp\/v2\/media?parent=22924"}],"wp:term":[{"taxonomy":"product_cat","embeddable":true,"href":"https:\/\/stone-phoenix.com\/fr\/wp-json\/wp\/v2\/product_cat?post=22924"},{"taxonomy":"product_tag","embeddable":true,"href":"https:\/\/stone-phoenix.com\/fr\/wp-json\/wp\/v2\/product_tag?post=22924"}],"curies":[{"name":"wp","href":"https:\/\/api.w.org\/{rel}","templated":true}]}}