{"id":22934,"date":"2023-12-30T07:53:08","date_gmt":"2023-12-29T23:53:08","guid":{"rendered":"http:\/\/stone-phoenix.com\/product\/bahama-blue-tombstone-dalei-stone"},"modified":"2024-02-26T16:01:58","modified_gmt":"2024-02-26T08:01:58","slug":"bahama-blue-tombstone-phonenix-power-stone-stone","status":"publish","type":"product","link":"https:\/\/stone-phoenix.com\/fr\/produit\/bahama-blue-tombstone-phonenix-power-stone-stone","title":{"rendered":"Pierre tombale Bahama Blue phonenix power stone"},"content":{"rendered":"<div class=\"c\">\n<p><span style=\"line-height: 200%;\"><span style=\"font-size: 16px;\">\u00a0 \u00a0 \u00a0<a href=\"http:\/\/www.phonenix%20power%20stonestone.com\/bahama-blue-tombstone-wholesale-phonenix%20power%20stone-stone-p00247p1.html\"><strong>Bahama Blue Tombstone Monument Wholesale<\/strong><\/a>\u00a0phonenix power stone. Il s'agit d'un type de granit qui convient aux murs int\u00e9rieurs, aux comptoirs, aux murs ext\u00e9rieurs et aux sols ext\u00e9rieurs.\u00a0<\/span><\/span><span style=\"line-height: 200%;\"><span style=\"font-size: 16px;\">Laizhou phonenix power stone vend en gros des pierres tombales de couleur aux march\u00e9s europ\u00e9ens et am\u00e9ricains.<br \/>\nMonuments en pierre tombale en granit Avantages :<br \/>\n1. Notre pierre tombale en granit a une couleur uniforme et une taille de grain cristalline.<br \/>\n2. Texture dure, d\u00e9licate, pas facile \u00e0 corroder, r\u00e9sistance aux intemp\u00e9ries.<br \/>\n3. Pierre tombale sans fissures, sans cicatrices, avec des lignes incolores.<br \/>\n4. Faible absorption d'eau, propri\u00e9t\u00e9s physiques et chimiques stables.<br \/>\n5. Production professionnelle, bon march\u00e9, vari\u00e9t\u00e9 de types et de couleurs.<br \/>\nTout au long du processus de production, du choix des mati\u00e8res premi\u00e8res \u00e0 l'emballage en passant par la fabrication, notre contr\u00f4leur de qualit\u00e9 inspecte rigoureusement chaque pi\u00e8ce et contr\u00f4le chaque processus afin de garantir le respect des normes de qualit\u00e9. Nous vous invitons \u00e0 vous renseigner sur nos produits. <a href=\"http:\/\/www.phonenix%20power%20stonestone.com\/bahama-blue-tombstone-with-headstone-from-china-p00186p1.html\"><strong>pierre tombale en granit bleu bahama poli<\/strong><\/a>.<\/span><\/span><\/p>\n<div style=\"text-align: center;\"><img loading=\"lazy\" decoding=\"async\" class=\"alignnone size-full wp-image-24953\" src=\"http:\/\/stone-phoenix.com\/wp-content\/uploads\/2023\/12\/Bahama-Blue-Tombstone-phonenix-power-stone-6.jpg\" alt=\"\" width=\"880\" height=\"601\" srcset=\"https:\/\/stone-phoenix.com\/wp-content\/uploads\/2023\/12\/Bahama-Blue-Tombstone-phonenix-power-stone-6.jpg 880w, https:\/\/stone-phoenix.com\/wp-content\/uploads\/2023\/12\/Bahama-Blue-Tombstone-phonenix-power-stone-6-300x205.jpg 300w, https:\/\/stone-phoenix.com\/wp-content\/uploads\/2023\/12\/Bahama-Blue-Tombstone-phonenix-power-stone-6-768x525.jpg 768w, https:\/\/stone-phoenix.com\/wp-content\/uploads\/2023\/12\/Bahama-Blue-Tombstone-phonenix-power-stone-6-18x12.jpg 18w, https:\/\/stone-phoenix.com\/wp-content\/uploads\/2023\/12\/Bahama-Blue-Tombstone-phonenix-power-stone-6-600x410.jpg 600w, https:\/\/stone-phoenix.com\/wp-content\/uploads\/2023\/12\/Bahama-Blue-Tombstone-phonenix-power-stone-6-150x102.jpg 150w\" sizes=\"(max-width: 880px) 100vw, 880px\" \/><\/p>\n<p><span style=\"font-size: 16px;\">Wholesale Bahama Blue Tombstone Monument phonenix power stone<\/span><\/p>\n<p><img loading=\"lazy\" decoding=\"async\" class=\"alignnone size-full wp-image-24954\" src=\"http:\/\/stone-phoenix.com\/wp-content\/uploads\/2023\/12\/Bahama-Blue-Tombstone-phonenix-power-stone-7.jpg\" alt=\"\" width=\"900\" height=\"663\" srcset=\"https:\/\/stone-phoenix.com\/wp-content\/uploads\/2023\/12\/Bahama-Blue-Tombstone-phonenix-power-stone-7.jpg 900w, https:\/\/stone-phoenix.com\/wp-content\/uploads\/2023\/12\/Bahama-Blue-Tombstone-phonenix-power-stone-7-300x221.jpg 300w, https:\/\/stone-phoenix.com\/wp-content\/uploads\/2023\/12\/Bahama-Blue-Tombstone-phonenix-power-stone-7-768x566.jpg 768w, https:\/\/stone-phoenix.com\/wp-content\/uploads\/2023\/12\/Bahama-Blue-Tombstone-phonenix-power-stone-7-16x12.jpg 16w, https:\/\/stone-phoenix.com\/wp-content\/uploads\/2023\/12\/Bahama-Blue-Tombstone-phonenix-power-stone-7-600x442.jpg 600w, https:\/\/stone-phoenix.com\/wp-content\/uploads\/2023\/12\/Bahama-Blue-Tombstone-phonenix-power-stone-7-150x111.jpg 150w\" sizes=\"(max-width: 900px) 100vw, 900px\" \/><\/p>\n<p><img decoding=\"async\" title=\"Granit poli Bahama Blue Headstone Paquet de pierres tombales.jpg\" src=\"http:\/\/stone-phoenix.com\/wp-content\/uploads\/2023\/12\/bahama-blue-tombstone-phonenix%20power%20stone-stone_658ee70a80032.png\" alt=\"\" \/><\/p>\n<p><img decoding=\"async\" title=\"phonenix power stone factory.jpg\" src=\"http:\/\/stone-phoenix.com\/wp-content\/uploads\/2023\/12\/bahama-blue-tombstone-phonenix%20power%20stone-stone_658ee70ab1226.jpeg\" alt=\"\" \/><\/div>\n<\/div>","protected":false},"excerpt":{"rendered":"<p>Pierre tombale Bahama Blue phonenix power stone<\/p>\n<p>Num\u00e9ro d'article : Bahama Blue Tombstone 190715001<\/p>\n<p>Pierre tombale Bahama Blue phonenix power stone<\/p>\n<p>Param\u00e8tres du produit<\/p>\n<p>Couleur :<br \/>\nCouleur bleue<\/p>\n<p>Taille :<br \/>\nCoupe sur mesure<\/p>\n<p>Original :<br \/>\nLaizhou, Chine<\/p>\n<p>Finish Way :<br \/>\nPoli<\/p>\n<p>Obtenir un devis gratuit<\/p>","protected":false},"featured_media":24948,"template":"","meta":[],"product_cat":[110],"product_tag":[],"_links":{"self":[{"href":"https:\/\/stone-phoenix.com\/fr\/wp-json\/wp\/v2\/product\/22934"}],"collection":[{"href":"https:\/\/stone-phoenix.com\/fr\/wp-json\/wp\/v2\/product"}],"about":[{"href":"https:\/\/stone-phoenix.com\/fr\/wp-json\/wp\/v2\/types\/product"}],"wp:featuredmedia":[{"embeddable":true,"href":"https:\/\/stone-phoenix.com\/fr\/wp-json\/wp\/v2\/media\/24948"}],"wp:attachment":[{"href":"https:\/\/stone-phoenix.com\/fr\/wp-json\/wp\/v2\/media?parent=22934"}],"wp:term":[{"taxonomy":"product_cat","embeddable":true,"href":"https:\/\/stone-phoenix.com\/fr\/wp-json\/wp\/v2\/product_cat?post=22934"},{"taxonomy":"product_tag","embeddable":true,"href":"https:\/\/stone-phoenix.com\/fr\/wp-json\/wp\/v2\/product_tag?post=22934"}],"curies":[{"name":"wp","href":"https:\/\/api.w.org\/{rel}","templated":true}]}}