{"id":22943,"date":"2023-12-30T07:53:15","date_gmt":"2023-12-29T23:53:15","guid":{"rendered":"http:\/\/stone-phoenix.com\/product\/g664-granite-tombstone-monument-poland-market"},"modified":"2024-02-26T15:37:03","modified_gmt":"2024-02-26T07:37:03","slug":"g664-granite-tombstone-monument-poland-market","status":"publish","type":"product","link":"https:\/\/stone-phoenix.com\/fr\/produit\/g664-granite-tombstone-monument-poland-market","title":{"rendered":"G664 Granite Tombstone Monument Poland Market"},"content":{"rendered":"<div class=\"c\">\n<p><span style=\"line-height: 200%;\"><span style=\"font-size: 16px;\">\u00a0 \u00a0 \u00a0<a href=\"http:\/\/www.phonenix%20power%20stonestone.com\/new-g664-tombstone-headstone-phonenix%20power%20stone-stone-p00392p1.html\"><strong>G664 Granite Tombstone Monument Poland<\/strong><\/a> March\u00e9. Nous disposons d'une large gamme de pierres tombales en granit. Celles-ci peuvent \u00e9galement \u00eatre fabriqu\u00e9es selon les sp\u00e9cifications du client. Nous ne fournissons que des mat\u00e9riaux en granit authentique et de haute qualit\u00e9. Le granit s'alt\u00e8re lentement par rapport \u00e0 d'autres pierres comme le marbre et le calcaire, ce qui signifie que les gravures sur la pierre tombale peuvent \u00eatre lues pendant des centaines d'ann\u00e9es.<br \/>\nFinition : pierres tombales en granit, monuments polis.<br \/>\nLe <a href=\"http:\/\/www.phonenix%20power%20stonestone.com\/granite-g664-tombstone-phonenix%20power%20stone-stone-p00243p1.html\"><strong>pierre tombale en granit rouge poli G664<\/strong><\/a> convient aux murs et sols int\u00e9rieurs et ext\u00e9rieurs, aux comptoirs, au granit, aux plans de travail et \u00e0 d'autres projets de conception. L'entreprise dispose d'un contr\u00f4le de la qualit\u00e9, y compris d'un personnel exp\u00e9riment\u00e9 en la mati\u00e8re ; l'\u00e9quipe, qui compte plus de 20 membres, assure un contr\u00f4le de la qualit\u00e9 rigoureux.<br \/>\nNos avantages : 1) propri\u00e9taire de l'usine, nous travaillons directement avec le propri\u00e9taire de la carri\u00e8re ; 2) fabricant et n\u00e9gociant de pierres avec plus de 26 ans d'exp\u00e9rience ; 3) syst\u00e8me de contr\u00f4le qualit\u00e9 strict garantissant l'inspection de chaque pi\u00e8ce ; 4) \u00e9quipe de services professionnels \u00e0 Laizhou garantissant une livraison pratique et rapide.<\/span><\/span><\/p>\n<div style=\"text-align: center;\">\n<p><img loading=\"lazy\" decoding=\"async\" class=\"alignnone size-full wp-image-24942\" src=\"http:\/\/stone-phoenix.com\/wp-content\/uploads\/2023\/12\/G664-Granite-Tombstone-Monument-Poland-Market-6.jpg\" alt=\"\" width=\"892\" height=\"532\" srcset=\"https:\/\/stone-phoenix.com\/wp-content\/uploads\/2023\/12\/G664-Granite-Tombstone-Monument-Poland-Market-6.jpg 892w, https:\/\/stone-phoenix.com\/wp-content\/uploads\/2023\/12\/G664-Granite-Tombstone-Monument-Poland-Market-6-300x179.jpg 300w, https:\/\/stone-phoenix.com\/wp-content\/uploads\/2023\/12\/G664-Granite-Tombstone-Monument-Poland-Market-6-768x458.jpg 768w, https:\/\/stone-phoenix.com\/wp-content\/uploads\/2023\/12\/G664-Granite-Tombstone-Monument-Poland-Market-6-18x12.jpg 18w, https:\/\/stone-phoenix.com\/wp-content\/uploads\/2023\/12\/G664-Granite-Tombstone-Monument-Poland-Market-6-600x358.jpg 600w, https:\/\/stone-phoenix.com\/wp-content\/uploads\/2023\/12\/G664-Granite-Tombstone-Monument-Poland-Market-6-150x89.jpg 150w\" sizes=\"(max-width: 892px) 100vw, 892px\" \/><\/p>\n<p><span style=\"font-size: 16px;\">G664 Granite Tombstone Monument Poland Market<\/span><\/p>\n<p><img loading=\"lazy\" decoding=\"async\" class=\"\" title=\"Polished Red G664 Granite Headstone Gravestone package.jpg\" src=\"http:\/\/stone-phoenix.com\/wp-content\/uploads\/2023\/12\/g664-granite-tombstone-monument-poland-market_658ee717d4825.png\" alt=\"\" width=\"894\" height=\"347\" \/><\/p>\n<p><img loading=\"lazy\" decoding=\"async\" class=\"\" title=\"phonenix power stone factory.jpg\" src=\"http:\/\/stone-phoenix.com\/wp-content\/uploads\/2023\/12\/g664-granite-tombstone-monument-poland-market_658ee7180cb16.jpeg\" alt=\"\" width=\"894\" height=\"522\" \/><\/p>\n<\/div>\n<\/div>","protected":false},"excerpt":{"rendered":"<p>G664 Granite Tombstone Monument Poland Market<\/p>\n<p>Num\u00e9ro d'article : Pierre tombale en granit 190715002<\/p>\n<p>G664 Granite Tombstone Monument Poland Market<\/p>\n<p>Param\u00e8tres du produit<\/p>\n<p>Couleur :<br \/>\nRouge fonc\u00e9 G664<\/p>\n<p>Taille :<br \/>\nCoupe sur mesure<\/p>\n<p>Original :<br \/>\nLaizhou, Chine<\/p>\n<p>Finish Way :<br \/>\nPoli<\/p>\n<p>Obtenir un devis gratuit<\/p>","protected":false},"featured_media":24938,"template":"","meta":[],"product_cat":[110],"product_tag":[],"_links":{"self":[{"href":"https:\/\/stone-phoenix.com\/fr\/wp-json\/wp\/v2\/product\/22943"}],"collection":[{"href":"https:\/\/stone-phoenix.com\/fr\/wp-json\/wp\/v2\/product"}],"about":[{"href":"https:\/\/stone-phoenix.com\/fr\/wp-json\/wp\/v2\/types\/product"}],"wp:featuredmedia":[{"embeddable":true,"href":"https:\/\/stone-phoenix.com\/fr\/wp-json\/wp\/v2\/media\/24938"}],"wp:attachment":[{"href":"https:\/\/stone-phoenix.com\/fr\/wp-json\/wp\/v2\/media?parent=22943"}],"wp:term":[{"taxonomy":"product_cat","embeddable":true,"href":"https:\/\/stone-phoenix.com\/fr\/wp-json\/wp\/v2\/product_cat?post=22943"},{"taxonomy":"product_tag","embeddable":true,"href":"https:\/\/stone-phoenix.com\/fr\/wp-json\/wp\/v2\/product_tag?post=22943"}],"curies":[{"name":"wp","href":"https:\/\/api.w.org\/{rel}","templated":true}]}}