{"id":22952,"date":"2023-12-30T07:53:22","date_gmt":"2023-12-29T23:53:22","guid":{"rendered":"http:\/\/stone-phoenix.com\/product\/china-aurora-tombstone-new-production"},"modified":"2024-02-26T15:17:12","modified_gmt":"2024-02-26T07:17:12","slug":"china-aurora-tombstone-new-production","status":"publish","type":"product","link":"https:\/\/stone-phoenix.com\/fr\/produit\/china-aurora-tombstone-new-production","title":{"rendered":"Chine Aurora Tombstone Nouvelle production"},"content":{"rendered":"<div class=\"c\">\n<p><span style=\"line-height: 200%;\"><span style=\"font-size: 16px;\">\u00a0 \u00a0 \u00a0<a href=\"http:\/\/www.phonenix%20power%20stonestone.com\/china-aurora-tombstone-new-production-p00306p1.html\"><strong>Monuments en pierre tombale Aurora polie de Chine<\/strong><\/a> Nouvelle production. Le granit est un choix fr\u00e9quent pour les pierres tombales. C'est une belle pierre, plus dure que le marbre, qui permet de r\u00e9aliser des monuments comm\u00e9moratifs durables.<br \/>\nAvec sa propre carri\u00e8re et ses propres usines, la soci\u00e9t\u00e9 Laizhou phonenix power stone, qui travaille dans le secteur de la pierre depuis 10 ans, est professionnelle et s\u00fbre de pouvoir vous offrir des produits de qualit\u00e9 sup\u00e9rieure et des prix bas. En outre, nos bons services, qui comprennent la CAO, le personnel de contr\u00f4le qualit\u00e9, le certificat CE et la livraison dans les d\u00e9lais, sont s\u00fbrs de r\u00e9pondre \u00e0 votre satisfaction.<br \/>\nLe <a href=\"http:\/\/www.phonenix%20power%20stonestone.com\/aurora-tombstone-headstone-wholesale-new-p00185p1.html\"><strong>aurora red western style headstone pierre tombale<\/strong><\/a> emballage : mousse plastique \u00e0 l'int\u00e9rieur, caisse en bois solide fumig\u00e9e \u00e0 l'ext\u00e9rieur, emballage maritime s\u00fbr, ou selon les besoins du client.<\/span><\/span><br \/>\n<span style=\"line-height: 200%;\"><span style=\"font-size: 16px;\">\u00a0\u00a0\u00a0\u00a0\u00a0Pour des mat\u00e9riaux de la plus haute qualit\u00e9, une main-d'\u0153uvre qualifi\u00e9e et un excellent service \u00e0 un prix raisonnable, appelez-nous ou venez nous voir dans l'un de nos deux sites.<\/span><\/span><\/p>\n<div style=\"text-align: center;\">\n<p><img loading=\"lazy\" decoding=\"async\" class=\"alignnone size-full wp-image-24937\" src=\"http:\/\/stone-phoenix.com\/wp-content\/uploads\/2023\/12\/China-Aurora-Tombstone-New-Production-2-3.jpg\" alt=\"\" width=\"639\" height=\"358\" srcset=\"https:\/\/stone-phoenix.com\/wp-content\/uploads\/2023\/12\/China-Aurora-Tombstone-New-Production-2-3.jpg 639w, https:\/\/stone-phoenix.com\/wp-content\/uploads\/2023\/12\/China-Aurora-Tombstone-New-Production-2-3-300x168.jpg 300w, https:\/\/stone-phoenix.com\/wp-content\/uploads\/2023\/12\/China-Aurora-Tombstone-New-Production-2-3-18x10.jpg 18w, https:\/\/stone-phoenix.com\/wp-content\/uploads\/2023\/12\/China-Aurora-Tombstone-New-Production-2-3-600x336.jpg 600w, https:\/\/stone-phoenix.com\/wp-content\/uploads\/2023\/12\/China-Aurora-Tombstone-New-Production-2-3-150x84.jpg 150w\" sizes=\"(max-width: 639px) 100vw, 639px\" \/><\/p>\n<p><span style=\"font-size: 16px;\">Monument de pierre tombale Aurora en gros Nouvelle production en Chine<\/span><\/p>\n<p><img loading=\"lazy\" decoding=\"async\" class=\"alignnone size-full wp-image-24931\" src=\"http:\/\/stone-phoenix.com\/wp-content\/uploads\/2023\/12\/China-Aurora-Tombstone-New-Production-3.jpg\" alt=\"\" width=\"613\" height=\"400\" srcset=\"https:\/\/stone-phoenix.com\/wp-content\/uploads\/2023\/12\/China-Aurora-Tombstone-New-Production-3.jpg 613w, https:\/\/stone-phoenix.com\/wp-content\/uploads\/2023\/12\/China-Aurora-Tombstone-New-Production-3-300x196.jpg 300w, https:\/\/stone-phoenix.com\/wp-content\/uploads\/2023\/12\/China-Aurora-Tombstone-New-Production-3-18x12.jpg 18w, https:\/\/stone-phoenix.com\/wp-content\/uploads\/2023\/12\/China-Aurora-Tombstone-New-Production-3-600x392.jpg 600w, https:\/\/stone-phoenix.com\/wp-content\/uploads\/2023\/12\/China-Aurora-Tombstone-New-Production-3-150x98.jpg 150w\" sizes=\"(max-width: 613px) 100vw, 613px\" \/><\/p>\n<p><img decoding=\"async\" title=\"Chine Polished Aurora Granite Tombstone Monument package.jpg\" src=\"http:\/\/stone-phoenix.com\/wp-content\/uploads\/2023\/12\/china-aurora-tombstone-new-production_658ee7227e7b0.png\" alt=\"\" \/><\/p>\n<p><img decoding=\"async\" title=\"phonenix power stone factory.jpg\" src=\"http:\/\/stone-phoenix.com\/wp-content\/uploads\/2023\/12\/china-aurora-tombstone-new-production_658ee722aee71.jpeg\" alt=\"\" \/><\/p>\n<\/div>\n<\/div>","protected":false},"excerpt":{"rendered":"<p>Chine Aurora Tombstone Nouvelle production<\/p>\n<p>Num\u00e9ro d'article : China Aurora Tombstone 190628002<\/p>\n<p>Chine Aurora Tombstone Nouvelle production<\/p>\n<p>Param\u00e8tres du produit<\/p>\n<p>Couleur :<br \/>\nCouleur rouge<\/p>\n<p>Taille :<br \/>\nCoupe sur mesure<\/p>\n<p>Original :<br \/>\nLaizhou, Chine<\/p>\n<p>Finish Way :<br \/>\nPoli<\/p>\n<p>Obtenir un devis gratuit<\/p>","protected":false},"featured_media":24934,"template":"","meta":[],"product_cat":[110],"product_tag":[],"_links":{"self":[{"href":"https:\/\/stone-phoenix.com\/fr\/wp-json\/wp\/v2\/product\/22952"}],"collection":[{"href":"https:\/\/stone-phoenix.com\/fr\/wp-json\/wp\/v2\/product"}],"about":[{"href":"https:\/\/stone-phoenix.com\/fr\/wp-json\/wp\/v2\/types\/product"}],"wp:featuredmedia":[{"embeddable":true,"href":"https:\/\/stone-phoenix.com\/fr\/wp-json\/wp\/v2\/media\/24934"}],"wp:attachment":[{"href":"https:\/\/stone-phoenix.com\/fr\/wp-json\/wp\/v2\/media?parent=22952"}],"wp:term":[{"taxonomy":"product_cat","embeddable":true,"href":"https:\/\/stone-phoenix.com\/fr\/wp-json\/wp\/v2\/product_cat?post=22952"},{"taxonomy":"product_tag","embeddable":true,"href":"https:\/\/stone-phoenix.com\/fr\/wp-json\/wp\/v2\/product_tag?post=22952"}],"curies":[{"name":"wp","href":"https:\/\/api.w.org\/{rel}","templated":true}]}}