{"id":22961,"date":"2023-12-30T07:53:27","date_gmt":"2023-12-29T23:53:27","guid":{"rendered":"http:\/\/stone-phoenix.com\/product\/china-viscount-white-tombstone-wholesale"},"modified":"2024-02-26T13:05:34","modified_gmt":"2024-02-26T05:05:34","slug":"china-viscount-white-tombstone-wholesale","status":"publish","type":"product","link":"https:\/\/stone-phoenix.com\/fr\/produit\/china-viscount-white-tombstone-wholesale","title":{"rendered":"Pierre tombale blanche du vicomte de Chine Commerce de gros"},"content":{"rendered":"<div class=\"c\">\n<p><span style=\"line-height: 200%;\"><span style=\"font-size: 16px;\">\u00a0 \u00a0 \u00a0<a href=\"http:\/\/www.phonenix%20power%20stonestone.com\/viscont-white-color-tombstone-wholesale-with-black-headstone-p00182p1.html\"><strong>Pierre tombale blanche du vicomte de Chine Commerce de gros<\/strong><\/a> Monuments. Les pierres tombales sont g\u00e9n\u00e9ralement faites de granit et de pierre, et les polluants peuvent ternir leur \u00e9clat naturel. Avec un entretien p\u00e9riodique appropri\u00e9, le monument de votre proche aura l'air neuf et restera propre pendant des ann\u00e9es.<br \/>\nLe granit est l'un des mat\u00e9riaux les plus durs et dure ind\u00e9finiment, mais sa surface est quelque peu poreuse et peut retenir la salet\u00e9, les taches et les d\u00e9p\u00f4ts min\u00e9raux au fil du temps.<br \/>\nTout au long du processus de production, du choix des mati\u00e8res premi\u00e8res \u00e0 l'emballage en passant par la fabrication, notre contr\u00f4leur de qualit\u00e9 inspecte rigoureusement chaque pi\u00e8ce et contr\u00f4le chaque processus afin de garantir le respect des normes de qualit\u00e9.<\/span><\/span><br \/>\n<span style=\"line-height: 200%;\"><span style=\"font-size: 16px;\">\u00a0\u00a0\u00a0\u00a0\u00a0Le <a href=\"http:\/\/www.phonenix%20power%20stonestone.com\/china-viscount-white-tombstone-wholesale-p00293p1.html\"><strong>pierre tombale en granit blanc poli de vicomte<\/strong><\/a> est un choix fr\u00e9quent pour les pierres tombales. C'est une belle pierre, plus dure que le marbre, qui permet de r\u00e9aliser des monuments comm\u00e9moratifs durables.<br \/>\nPlus de 10 ans d'exp\u00e9rience dans le domaine de la pierre. Nous poss\u00e9dons la carri\u00e8re, l'usine et la soci\u00e9t\u00e9 commerciale pour garantir une livraison rapide, la meilleure qualit\u00e9 et le meilleur service. N'h\u00e9sitez pas \u00e0 demander des renseignements.<\/span><\/span><\/p>\n<div style=\"text-align: center;\">\n<p><img loading=\"lazy\" decoding=\"async\" class=\"alignnone wp-image-24924\" src=\"http:\/\/stone-phoenix.com\/wp-content\/uploads\/2023\/12\/China-Viscount-White-Tombstone-Wholesale-6.jpg\" alt=\"\" width=\"882\" height=\"866\" srcset=\"https:\/\/stone-phoenix.com\/wp-content\/uploads\/2023\/12\/China-Viscount-White-Tombstone-Wholesale-6.jpg 847w, https:\/\/stone-phoenix.com\/wp-content\/uploads\/2023\/12\/China-Viscount-White-Tombstone-Wholesale-6-300x295.jpg 300w, https:\/\/stone-phoenix.com\/wp-content\/uploads\/2023\/12\/China-Viscount-White-Tombstone-Wholesale-6-768x754.jpg 768w, https:\/\/stone-phoenix.com\/wp-content\/uploads\/2023\/12\/China-Viscount-White-Tombstone-Wholesale-6-12x12.jpg 12w, https:\/\/stone-phoenix.com\/wp-content\/uploads\/2023\/12\/China-Viscount-White-Tombstone-Wholesale-6-600x589.jpg 600w, https:\/\/stone-phoenix.com\/wp-content\/uploads\/2023\/12\/China-Viscount-White-Tombstone-Wholesale-6-150x147.jpg 150w\" sizes=\"(max-width: 882px) 100vw, 882px\" \/><\/p>\n<p><span style=\"font-size: 16px;\">Pierre tombale blanche du vicomte de Chine Commerce de gros<\/span><\/p>\n<p><img loading=\"lazy\" decoding=\"async\" class=\"alignnone size-full wp-image-24927\" src=\"http:\/\/stone-phoenix.com\/wp-content\/uploads\/2023\/12\/China-Viscount-White-Tombstone-Wholesale-7.jpg\" alt=\"\" width=\"883\" height=\"498\" srcset=\"https:\/\/stone-phoenix.com\/wp-content\/uploads\/2023\/12\/China-Viscount-White-Tombstone-Wholesale-7.jpg 883w, https:\/\/stone-phoenix.com\/wp-content\/uploads\/2023\/12\/China-Viscount-White-Tombstone-Wholesale-7-300x169.jpg 300w, https:\/\/stone-phoenix.com\/wp-content\/uploads\/2023\/12\/China-Viscount-White-Tombstone-Wholesale-7-768x433.jpg 768w, https:\/\/stone-phoenix.com\/wp-content\/uploads\/2023\/12\/China-Viscount-White-Tombstone-Wholesale-7-18x10.jpg 18w, https:\/\/stone-phoenix.com\/wp-content\/uploads\/2023\/12\/China-Viscount-White-Tombstone-Wholesale-7-600x338.jpg 600w, https:\/\/stone-phoenix.com\/wp-content\/uploads\/2023\/12\/China-Viscount-White-Tombstone-Wholesale-7-150x85.jpg 150w\" sizes=\"(max-width: 883px) 100vw, 883px\" \/><\/p>\n<p><img loading=\"lazy\" decoding=\"async\" class=\"\" title=\"Polished Viscount White Tombstone Pierre tombale Wholesale package.jpg\" src=\"http:\/\/stone-phoenix.com\/wp-content\/uploads\/2023\/12\/china-viscount-white-tombstone-wholesale_658ee730d4ff3.png\" alt=\"\" width=\"876\" height=\"340\" \/><\/p>\n<p><img loading=\"lazy\" decoding=\"async\" class=\"\" title=\"phonenix power stone factory.jpg\" src=\"http:\/\/stone-phoenix.com\/wp-content\/uploads\/2023\/12\/china-viscount-white-tombstone-wholesale_658ee7310c129.jpeg\" alt=\"\" width=\"876\" height=\"511\" \/><\/p>\n<\/div>\n<\/div>","protected":false},"excerpt":{"rendered":"<p>Pierre tombale blanche du vicomte de Chine Commerce de gros<\/p>\n<p>N\u00b0 d'article : Pierre tombale en granit Phoenix Power<\/p>\n<p>Pierre tombale blanche du vicomte de Chine Commerce de gros<\/p>\n<p>Param\u00e8tres du produit<\/p>\n<p>Couleur :<br \/>\nCouleur blanche<\/p>\n<p>Taille :<br \/>\nCoupe sur mesure<\/p>\n<p>Original :<br \/>\nLaizhou, Chine<\/p>\n<p>Finish Way :<br \/>\nPoli<\/p>\n<p>Obtenir un devis gratuit<\/p>","protected":false},"featured_media":24923,"template":"","meta":[],"product_cat":[110],"product_tag":[],"_links":{"self":[{"href":"https:\/\/stone-phoenix.com\/fr\/wp-json\/wp\/v2\/product\/22961"}],"collection":[{"href":"https:\/\/stone-phoenix.com\/fr\/wp-json\/wp\/v2\/product"}],"about":[{"href":"https:\/\/stone-phoenix.com\/fr\/wp-json\/wp\/v2\/types\/product"}],"wp:featuredmedia":[{"embeddable":true,"href":"https:\/\/stone-phoenix.com\/fr\/wp-json\/wp\/v2\/media\/24923"}],"wp:attachment":[{"href":"https:\/\/stone-phoenix.com\/fr\/wp-json\/wp\/v2\/media?parent=22961"}],"wp:term":[{"taxonomy":"product_cat","embeddable":true,"href":"https:\/\/stone-phoenix.com\/fr\/wp-json\/wp\/v2\/product_cat?post=22961"},{"taxonomy":"product_tag","embeddable":true,"href":"https:\/\/stone-phoenix.com\/fr\/wp-json\/wp\/v2\/product_tag?post=22961"}],"curies":[{"name":"wp","href":"https:\/\/api.w.org\/{rel}","templated":true}]}}