{"id":22971,"date":"2023-12-30T07:53:36","date_gmt":"2023-12-29T23:53:36","guid":{"rendered":"http:\/\/stone-phoenix.com\/product\/china-juparana-tombstone-wholesale-new-online"},"modified":"2024-02-26T11:20:40","modified_gmt":"2024-02-26T03:20:40","slug":"china-juparana-tombstone-wholesale-new-online","status":"publish","type":"product","link":"https:\/\/stone-phoenix.com\/fr\/produit\/china-juparana-tombstone-wholesale-new-online","title":{"rendered":"China Juparana Tombstone Wholesale New Online"},"content":{"rendered":"<div class=\"c\">\n<p><span style=\"line-height: 200%;\"><span style=\"font-size: 16px;\">\u00a0 \u00a0 \u00a0<a href=\"http:\/\/www.phonenix%20power%20stonestone.com\/china-juparana-tombstone-wholesale-new-online-p00289p1.html\"><strong>Monument en pierre tombale Juparana de Chine Commerce de gros<\/strong><\/a> Nouveau en ligne. Il s'agit d'un type de granit qui convient aux murs ext\u00e9rieurs et int\u00e9rieurs, aux sols, aux comptoirs, au granit, aux plans de travail et \u00e0 d'autres projets de design. Le granit est un choix fr\u00e9quent pour les pierres tombales. C'est une belle pierre, plus dure que le marbre, qui permet de r\u00e9aliser des monuments comm\u00e9moratifs de longue dur\u00e9e.<br \/>\nMonuments en pierre tombale en granit Avantages :<br \/>\n1. Notre pierre tombale en granit a une couleur uniforme et une taille de grain cristalline.<br \/>\n2. Texture dure, d\u00e9licate, pas facile \u00e0 corroder, r\u00e9sistance aux intemp\u00e9ries.<br \/>\n3. Pierre tombale sans fissures, sans cicatrices, avec des lignes incolores.<br \/>\n4. Faible absorption d'eau, propri\u00e9t\u00e9s physiques et chimiques stables.<br \/>\n5. Production professionnelle, bon march\u00e9, vari\u00e9t\u00e9 de types et de couleurs.<br \/>\nLe <a href=\"http:\/\/www.phonenix%20power%20stonestone.com\/tombstone-material-sand-wave-stone-monuments-for-poland-market-p00136p1.html\"><strong>juparana poli pierre tombale grise pierre tombale<\/strong><\/a> disposent d'un contr\u00f4le de la qualit\u00e9, y compris d'un personnel exp\u00e9riment\u00e9 en mati\u00e8re de contr\u00f4le de la qualit\u00e9 ; l'\u00e9quipe, compos\u00e9e de plus de 20 membres, assure un contr\u00f4le de la qualit\u00e9 rigoureux.<br \/>\nLe propri\u00e9taire de l'usine a plus de 12 ans d'exp\u00e9rience dans le domaine de la pierre. La livraison en temps voulu vous permet d'obtenir les r\u00e9sultats escompt\u00e9s. N'h\u00e9sitez pas \u00e0 nous contacter.<\/span><\/span><\/p>\n<div style=\"text-align: center;\">\n<p><img loading=\"lazy\" decoding=\"async\" class=\"alignnone size-full wp-image-24917\" src=\"http:\/\/stone-phoenix.com\/wp-content\/uploads\/2023\/12\/China-Juparana-Tombstone-Wholesale-New-Online-6.jpg\" alt=\"\" width=\"901\" height=\"490\" srcset=\"https:\/\/stone-phoenix.com\/wp-content\/uploads\/2023\/12\/China-Juparana-Tombstone-Wholesale-New-Online-6.jpg 901w, https:\/\/stone-phoenix.com\/wp-content\/uploads\/2023\/12\/China-Juparana-Tombstone-Wholesale-New-Online-6-300x163.jpg 300w, https:\/\/stone-phoenix.com\/wp-content\/uploads\/2023\/12\/China-Juparana-Tombstone-Wholesale-New-Online-6-768x418.jpg 768w, https:\/\/stone-phoenix.com\/wp-content\/uploads\/2023\/12\/China-Juparana-Tombstone-Wholesale-New-Online-6-18x10.jpg 18w, https:\/\/stone-phoenix.com\/wp-content\/uploads\/2023\/12\/China-Juparana-Tombstone-Wholesale-New-Online-6-600x326.jpg 600w, https:\/\/stone-phoenix.com\/wp-content\/uploads\/2023\/12\/China-Juparana-Tombstone-Wholesale-New-Online-6-150x82.jpg 150w\" sizes=\"(max-width: 901px) 100vw, 901px\" \/><\/p>\n<p><span style=\"font-size: 16px;\">China Juparana Tombstone Wholesale New Online<\/span><\/p>\n<p><img loading=\"lazy\" decoding=\"async\" class=\"alignnone wp-image-24918\" src=\"http:\/\/stone-phoenix.com\/wp-content\/uploads\/2023\/12\/China-Juparana-Tombstone-Wholesale-New-Online-4-1.png\" alt=\"\" width=\"894\" height=\"563\" srcset=\"https:\/\/stone-phoenix.com\/wp-content\/uploads\/2023\/12\/China-Juparana-Tombstone-Wholesale-New-Online-4-1.png 892w, https:\/\/stone-phoenix.com\/wp-content\/uploads\/2023\/12\/China-Juparana-Tombstone-Wholesale-New-Online-4-1-300x189.png 300w, https:\/\/stone-phoenix.com\/wp-content\/uploads\/2023\/12\/China-Juparana-Tombstone-Wholesale-New-Online-4-1-768x484.png 768w, https:\/\/stone-phoenix.com\/wp-content\/uploads\/2023\/12\/China-Juparana-Tombstone-Wholesale-New-Online-4-1-18x12.png 18w, https:\/\/stone-phoenix.com\/wp-content\/uploads\/2023\/12\/China-Juparana-Tombstone-Wholesale-New-Online-4-1-600x378.png 600w, https:\/\/stone-phoenix.com\/wp-content\/uploads\/2023\/12\/China-Juparana-Tombstone-Wholesale-New-Online-4-1-150x95.png 150w\" sizes=\"(max-width: 894px) 100vw, 894px\" \/><\/p>\n<p><img loading=\"lazy\" decoding=\"async\" class=\"\" title=\"Chine Juparana Grey Granite Tombstone Monuments package.jpg\" src=\"http:\/\/stone-phoenix.com\/wp-content\/uploads\/2023\/12\/china-juparana-tombstone-wholesale-new-online_658ee73bd0f57.png\" alt=\"\" width=\"899\" height=\"349\" \/><br \/>\n<img loading=\"lazy\" decoding=\"async\" class=\"\" title=\"phonenix power stone factory.jpg\" src=\"http:\/\/stone-phoenix.com\/wp-content\/uploads\/2023\/12\/china-juparana-tombstone-wholesale-new-online_658ee73c0e1d1.jpeg\" alt=\"\" width=\"891\" height=\"520\" \/><\/p>\n<\/div>\n<\/div>","protected":false},"excerpt":{"rendered":"<p>China Juparana Tombstone Wholesale New Online<\/p>\n<p>Num\u00e9ro d'article : Phoenix Power Tombstone 190429001<\/p>\n<p>China Juparana Tombstone Wholesale New Online<\/p>\n<p>Param\u00e8tres du produit<\/p>\n<p>Couleur :<br \/>\nGris rose<\/p>\n<p>Taille :<br \/>\nCoupe sur mesure<\/p>\n<p>Original :<\/p>\n<p>Laizhou, Chine<\/p>\n<p>Finish Way :<br \/>\nPoli<\/p>\n<p>Obtenir un devis gratuit<\/p>","protected":false},"featured_media":24912,"template":"","meta":[],"product_cat":[110],"product_tag":[],"_links":{"self":[{"href":"https:\/\/stone-phoenix.com\/fr\/wp-json\/wp\/v2\/product\/22971"}],"collection":[{"href":"https:\/\/stone-phoenix.com\/fr\/wp-json\/wp\/v2\/product"}],"about":[{"href":"https:\/\/stone-phoenix.com\/fr\/wp-json\/wp\/v2\/types\/product"}],"wp:featuredmedia":[{"embeddable":true,"href":"https:\/\/stone-phoenix.com\/fr\/wp-json\/wp\/v2\/media\/24912"}],"wp:attachment":[{"href":"https:\/\/stone-phoenix.com\/fr\/wp-json\/wp\/v2\/media?parent=22971"}],"wp:term":[{"taxonomy":"product_cat","embeddable":true,"href":"https:\/\/stone-phoenix.com\/fr\/wp-json\/wp\/v2\/product_cat?post=22971"},{"taxonomy":"product_tag","embeddable":true,"href":"https:\/\/stone-phoenix.com\/fr\/wp-json\/wp\/v2\/product_tag?post=22971"}],"curies":[{"name":"wp","href":"https:\/\/api.w.org\/{rel}","templated":true}]}}