{"id":22979,"date":"2023-12-30T07:53:44","date_gmt":"2023-12-29T23:53:44","guid":{"rendered":"http:\/\/stone-phoenix.com\/product\/tan-brown-tombstone-granite-dalei-stone"},"modified":"2024-02-05T21:17:49","modified_gmt":"2024-02-05T13:17:49","slug":"tan-brown-tombstone-granite-phonenix-power-stone-stone","status":"publish","type":"product","link":"https:\/\/stone-phoenix.com\/fr\/produit\/tan-brown-tombstone-granite-phonenix-power-stone-stone","title":{"rendered":"Tan Brown Tombstone Granite phonenix power stone"},"content":{"rendered":"<div class=\"c\">\n<p><span style=\"line-height: 200%;\"><span style=\"font-size: 16px;\">\u00a0 \u00a0 \u00a0<a href=\"http:\/\/www.phonenix%20power%20stonestone.com\/tan-brown-tombstone-granite-phonenix%20power%20stone-stone-p00249p1.html\"><strong>Pierre tombale en granit brun Tan Monuments<\/strong><\/a> phonenix power stone. Il s'agit d'un type de granit qui convient aux applications murales et au sol \u00e0 l'ext\u00e9rieur et \u00e0 l'int\u00e9rieur, aux comptoirs, aux plans de travail, au granit, aux rev\u00eatements muraux et \u00e0 d'autres projets de conception.<br \/>\nLes pierres tombales sont g\u00e9n\u00e9ralement faites de granit et de pierre, et les polluants peuvent ternir leur \u00e9clat naturel. Avec un entretien p\u00e9riodique appropri\u00e9, le monument de votre proche aura l'air neuf et restera propre pendant des ann\u00e9es.<br \/>\nLe granit est l'un des mat\u00e9riaux les plus durs et dure ind\u00e9finiment.<br \/>\nLe <a href=\"http:\/\/www.phonenix%20power%20stonestone.com\/purple-multicolor-tombstone-wholesale-phonenix%20power%20stone-stone-p00248p1.html\"><strong>pierre tombale en granit de bonne qualit\u00e9<\/strong><\/a> emballage : mousse plastique \u00e0 l'int\u00e9rieur, caisse en bois solide fumig\u00e9e \u00e0 l'ext\u00e9rieur, emballage maritime s\u00fbr, ou selon les besoins du client.<br \/>\nPlus de 10 ans d'exp\u00e9rience dans le domaine de la pierre. Nous poss\u00e9dons la carri\u00e8re, l'usine et la soci\u00e9t\u00e9 commerciale pour garantir une livraison rapide, la meilleure qualit\u00e9 et le meilleur service. N'h\u00e9sitez pas \u00e0 demander des renseignements.<\/span><\/span><\/p>\n<div style=\"text-align: center;\"><img loading=\"lazy\" decoding=\"async\" class=\"alignnone size-full wp-image-24880\" src=\"http:\/\/stone-phoenix.com\/wp-content\/uploads\/2023\/12\/Tan-Brown-Tombstone-Granite-phonenix-power-stone-5_result.png\" alt=\"\" width=\"894\" height=\"513\" srcset=\"https:\/\/stone-phoenix.com\/wp-content\/uploads\/2023\/12\/Tan-Brown-Tombstone-Granite-phonenix-power-stone-5_result.png 894w, https:\/\/stone-phoenix.com\/wp-content\/uploads\/2023\/12\/Tan-Brown-Tombstone-Granite-phonenix-power-stone-5_result-300x172.png 300w, https:\/\/stone-phoenix.com\/wp-content\/uploads\/2023\/12\/Tan-Brown-Tombstone-Granite-phonenix-power-stone-5_result-768x441.png 768w, https:\/\/stone-phoenix.com\/wp-content\/uploads\/2023\/12\/Tan-Brown-Tombstone-Granite-phonenix-power-stone-5_result-18x10.png 18w, https:\/\/stone-phoenix.com\/wp-content\/uploads\/2023\/12\/Tan-Brown-Tombstone-Granite-phonenix-power-stone-5_result-600x344.png 600w, https:\/\/stone-phoenix.com\/wp-content\/uploads\/2023\/12\/Tan-Brown-Tombstone-Granite-phonenix-power-stone-5_result-150x86.png 150w\" sizes=\"(max-width: 894px) 100vw, 894px\" \/><\/p>\n<p><span style=\"font-size: 16px;\">Tan Brown Tombstone Granite phonenix power stone<\/span><\/p>\n<p><img loading=\"lazy\" decoding=\"async\" class=\"alignnone  wp-image-24881\" src=\"http:\/\/stone-phoenix.com\/wp-content\/uploads\/2023\/12\/Tan-Brown-Tombstone-Granite-phonenix-power-stone-2_result-1.png\" alt=\"\" width=\"902\" height=\"767\" srcset=\"https:\/\/stone-phoenix.com\/wp-content\/uploads\/2023\/12\/Tan-Brown-Tombstone-Granite-phonenix-power-stone-2_result-1.png 621w, https:\/\/stone-phoenix.com\/wp-content\/uploads\/2023\/12\/Tan-Brown-Tombstone-Granite-phonenix-power-stone-2_result-1-300x255.png 300w, https:\/\/stone-phoenix.com\/wp-content\/uploads\/2023\/12\/Tan-Brown-Tombstone-Granite-phonenix-power-stone-2_result-1-14x12.png 14w, https:\/\/stone-phoenix.com\/wp-content\/uploads\/2023\/12\/Tan-Brown-Tombstone-Granite-phonenix-power-stone-2_result-1-600x510.png 600w, https:\/\/stone-phoenix.com\/wp-content\/uploads\/2023\/12\/Tan-Brown-Tombstone-Granite-phonenix-power-stone-2_result-1-150x128.png 150w\" sizes=\"(max-width: 902px) 100vw, 902px\" \/><\/p>\n<p><img decoding=\"async\" title=\"Granit de bonne qualit\u00e9 Tan Brown Headstone Monument package.jpg\" src=\"http:\/\/stone-phoenix.com\/wp-content\/uploads\/2023\/12\/tan-brown-tombstone-granite-phonenix%20power%20stone-stone_658ee7500b053.png\" alt=\"\" \/><\/p>\n<p><img decoding=\"async\" title=\"phonenix power stone factory.jpg\" src=\"http:\/\/stone-phoenix.com\/wp-content\/uploads\/2023\/12\/tan-brown-tombstone-granite-phonenix%20power%20stone-stone_658ee750351e0.jpeg\" alt=\"\" \/><\/div>\n<\/div>","protected":false},"excerpt":{"rendered":"<p>Tan Brown Tombstone Granite phonenix power stone<\/p>\n<p>Num\u00e9ro d'article : Phoenix Power Tombstone 19041914<\/p>\n<p>Tan Brown Tombstone Granite phonenix power stone<\/p>\n<p>Param\u00e8tres du produit<\/p>\n<p>Couleur :<br \/>\nTan Brown<\/p>\n<p>Taille :<br \/>\nCoupe sur mesure<\/p>\n<p>Original :<br \/>\nLaizhou, Chine<\/p>\n<p>Finish Way :<br \/>\nPoli<\/p>\n<p>Obtenir un devis gratuit<\/p>","protected":false},"featured_media":24876,"template":"","meta":[],"product_cat":[110],"product_tag":[],"_links":{"self":[{"href":"https:\/\/stone-phoenix.com\/fr\/wp-json\/wp\/v2\/product\/22979"}],"collection":[{"href":"https:\/\/stone-phoenix.com\/fr\/wp-json\/wp\/v2\/product"}],"about":[{"href":"https:\/\/stone-phoenix.com\/fr\/wp-json\/wp\/v2\/types\/product"}],"wp:featuredmedia":[{"embeddable":true,"href":"https:\/\/stone-phoenix.com\/fr\/wp-json\/wp\/v2\/media\/24876"}],"wp:attachment":[{"href":"https:\/\/stone-phoenix.com\/fr\/wp-json\/wp\/v2\/media?parent=22979"}],"wp:term":[{"taxonomy":"product_cat","embeddable":true,"href":"https:\/\/stone-phoenix.com\/fr\/wp-json\/wp\/v2\/product_cat?post=22979"},{"taxonomy":"product_tag","embeddable":true,"href":"https:\/\/stone-phoenix.com\/fr\/wp-json\/wp\/v2\/product_tag?post=22979"}],"curies":[{"name":"wp","href":"https:\/\/api.w.org\/{rel}","templated":true}]}}