{"id":22986,"date":"2023-12-30T07:53:53","date_gmt":"2023-12-29T23:53:53","guid":{"rendered":"http:\/\/stone-phoenix.com\/product\/purple-multicolor-tombstone-wholesale-dalei-stone"},"modified":"2024-02-05T20:57:43","modified_gmt":"2024-02-05T12:57:43","slug":"purple-multicolor-tombstone-wholesale-phonenix-power-stone-stone","status":"publish","type":"product","link":"https:\/\/stone-phoenix.com\/fr\/produit\/purple-multicolor-tombstone-wholesale-phonenix-power-stone-stone","title":{"rendered":"Pierre tombale violette multicolore Wholesale phonenix power stone"},"content":{"rendered":"<div class=\"c\">\n<p><span style=\"line-height: 200%;\"><span style=\"font-size: 16px;\">\u00a0 \u00a0 \u00a0<a href=\"http:\/\/www.phonenix%20power%20stonestone.com\/purple-multicolor-tombstone-wholesale-phonenix%20power%20stone-stone-p00248p1.html\"><strong>Pierre tombale multicolore violette Monument en gros<\/strong><\/a> \u00a0phonenix power stone. Le granit est un choix fr\u00e9quent pour les pierres tombales. C'est une belle pierre, plus dure que le marbre, qui permet de r\u00e9aliser des monuments durables.<br \/>\nTout au long du processus de production, du choix des mati\u00e8res premi\u00e8res \u00e0 l'emballage en passant par la fabrication, notre contr\u00f4leur de qualit\u00e9 inspecte rigoureusement chaque pi\u00e8ce et contr\u00f4le chaque processus afin de garantir le respect des normes de qualit\u00e9.<br \/>\nLe <a href=\"http:\/\/www.phonenix%20power%20stonestone.com\/tan-brown-tombstone-granite-phonenix%20power%20stone-stone-p00249p1.html\"><strong>granit multicolore violet pierres tombales monuments<\/strong><\/a> mode de finition : poli mode de finition.<\/span><\/span><br \/>\n<span style=\"line-height: 200%;\"><span style=\"font-size: 16px;\">\u00a0\u00a0\u00a0\u00a0\u00a0Pour des mat\u00e9riaux de la plus haute qualit\u00e9, une main-d'\u0153uvre qualifi\u00e9e et un excellent service \u00e0 un prix raisonnable, appelez-nous ou venez nous voir dans l'un de nos deux sites.\u00a0<\/span><\/span><\/p>\n<div style=\"text-align: center;\">\n<p><img loading=\"lazy\" decoding=\"async\" class=\"alignnone  wp-image-24869\" src=\"http:\/\/stone-phoenix.com\/wp-content\/uploads\/2023\/12\/Purple-Multicolor-Tombstone-Wholesale-phonenix-power-stone-3.jpg\" alt=\"\" width=\"874\" height=\"1034\" srcset=\"https:\/\/stone-phoenix.com\/wp-content\/uploads\/2023\/12\/Purple-Multicolor-Tombstone-Wholesale-phonenix-power-stone-3.jpg 559w, https:\/\/stone-phoenix.com\/wp-content\/uploads\/2023\/12\/Purple-Multicolor-Tombstone-Wholesale-phonenix-power-stone-3-254x300.jpg 254w, https:\/\/stone-phoenix.com\/wp-content\/uploads\/2023\/12\/Purple-Multicolor-Tombstone-Wholesale-phonenix-power-stone-3-10x12.jpg 10w, https:\/\/stone-phoenix.com\/wp-content\/uploads\/2023\/12\/Purple-Multicolor-Tombstone-Wholesale-phonenix-power-stone-3-150x177.jpg 150w\" sizes=\"(max-width: 874px) 100vw, 874px\" \/><\/p>\n<p><span style=\"font-size: 16px;\">Pierre tombale violette multicolore Wholesale phonenix power stone<\/span><\/p>\n<p><img loading=\"lazy\" decoding=\"async\" class=\"alignnone  wp-image-24874\" src=\"http:\/\/stone-phoenix.com\/wp-content\/uploads\/2023\/12\/Purple-Multicolor-Tombstone-Wholesale-phonenix-power-stone-1.png\" alt=\"\" width=\"875\" height=\"565\" srcset=\"https:\/\/stone-phoenix.com\/wp-content\/uploads\/2023\/12\/Purple-Multicolor-Tombstone-Wholesale-phonenix-power-stone-1.png 634w, https:\/\/stone-phoenix.com\/wp-content\/uploads\/2023\/12\/Purple-Multicolor-Tombstone-Wholesale-phonenix-power-stone-1-300x194.png 300w, https:\/\/stone-phoenix.com\/wp-content\/uploads\/2023\/12\/Purple-Multicolor-Tombstone-Wholesale-phonenix-power-stone-1-18x12.png 18w, https:\/\/stone-phoenix.com\/wp-content\/uploads\/2023\/12\/Purple-Multicolor-Tombstone-Wholesale-phonenix-power-stone-1-600x387.png 600w, https:\/\/stone-phoenix.com\/wp-content\/uploads\/2023\/12\/Purple-Multicolor-Tombstone-Wholesale-phonenix-power-stone-1-150x97.png 150w\" sizes=\"(max-width: 875px) 100vw, 875px\" \/><\/p>\n<p><img decoding=\"async\" title=\"Granit violet poli multicolore pierre tombale Monument package.jpg\" src=\"http:\/\/stone-phoenix.com\/wp-content\/uploads\/2023\/12\/purple-multicolor-tombstone-wholesale-phonenix%20power%20stone-stone_658ee75d2d48e.png\" alt=\"\" \/><\/p>\n<p><img decoding=\"async\" title=\"phonenix power stone factory.jpg\" src=\"http:\/\/stone-phoenix.com\/wp-content\/uploads\/2023\/12\/purple-multicolor-tombstone-wholesale-phonenix%20power%20stone-stone_658ee75d5d887.jpeg\" alt=\"\" \/><\/p>\n<\/div>\n<\/div>","protected":false},"excerpt":{"rendered":"<p>Pierre tombale violette multicolore Wholesale phonenix power stone<\/p>\n<p>Num\u00e9ro d'article : Phoenix Power Tombstone 19041813<\/p>\n<p>Pierre tombale violette multicolore Wholesale phonenix power stone<\/p>\n<p>Param\u00e8tres du produit<\/p>\n<p>Couleur :<br \/>\nPierre tombale violette multicolore<\/p>\n<p>Taille :<br \/>\nCoupe sur mesure<\/p>\n<p>Original :<br \/>\nLaizhou, Chine<\/p>\n<p>Finish Way :<br \/>\nPoli<\/p>\n<p>Obtenir un devis gratuit<\/p>","protected":false},"featured_media":24868,"template":"","meta":[],"product_cat":[110],"product_tag":[],"_links":{"self":[{"href":"https:\/\/stone-phoenix.com\/fr\/wp-json\/wp\/v2\/product\/22986"}],"collection":[{"href":"https:\/\/stone-phoenix.com\/fr\/wp-json\/wp\/v2\/product"}],"about":[{"href":"https:\/\/stone-phoenix.com\/fr\/wp-json\/wp\/v2\/types\/product"}],"wp:featuredmedia":[{"embeddable":true,"href":"https:\/\/stone-phoenix.com\/fr\/wp-json\/wp\/v2\/media\/24868"}],"wp:attachment":[{"href":"https:\/\/stone-phoenix.com\/fr\/wp-json\/wp\/v2\/media?parent=22986"}],"wp:term":[{"taxonomy":"product_cat","embeddable":true,"href":"https:\/\/stone-phoenix.com\/fr\/wp-json\/wp\/v2\/product_cat?post=22986"},{"taxonomy":"product_tag","embeddable":true,"href":"https:\/\/stone-phoenix.com\/fr\/wp-json\/wp\/v2\/product_tag?post=22986"}],"curies":[{"name":"wp","href":"https:\/\/api.w.org\/{rel}","templated":true}]}}