{"id":22994,"date":"2023-12-30T07:54:00","date_gmt":"2023-12-29T23:54:00","guid":{"rendered":"http:\/\/stone-phoenix.com\/product\/bahama-blue-tombstone-wholesale-dalei-stone"},"modified":"2024-02-05T20:34:07","modified_gmt":"2024-02-05T12:34:07","slug":"bahama-blue-tombstone-wholesale-phonenix-power-stone-stone","status":"publish","type":"product","link":"https:\/\/stone-phoenix.com\/fr\/produit\/bahama-blue-tombstone-wholesale-phonenix-power-stone-stone","title":{"rendered":"Pierre tombale Bahama Blue Wholesale phonenix power stone"},"content":{"rendered":"<div class=\"c\">\n<p><span style=\"line-height: 200%;\"><span style=\"font-size: 16px;\">\u00a0 \u00a0 \u00a0<a href=\"http:\/\/www.phonenix%20power%20stonestone.com\/bahama-blue-tombstone-phonenix%20power%20stone-stone-p00327p1.html\"><strong>Bahama Blue Tombstone Monument Wholesale<\/strong><\/a> pierre de puissance phonenix. Nous disposons d'une large gamme de pierres tombales en granit. Celles-ci peuvent \u00e9galement \u00eatre fabriqu\u00e9es selon les sp\u00e9cifications du client. Nous ne fournissons que des mat\u00e9riaux en granit authentique et de haute qualit\u00e9. Le granit s'alt\u00e8re lentement par rapport \u00e0 d'autres pierres comme le marbre et le calcaire, ce qui signifie que les gravures sur la pierre tombale peuvent \u00eatre lues pendant des centaines d'ann\u00e9es.<br \/>\nLe <a href=\"http:\/\/www.phonenix%20power%20stonestone.com\/bahama-blue-tombstone-vase-phonenix%20power%20stone-p00232p1.html\"><strong>pierre tombale en granit bleu bahama poli pierre tombale<\/strong><\/a> convient aux murs et sols int\u00e9rieurs et ext\u00e9rieurs, aux comptoirs, aux plans de travail, au granit, aux pierres tombales, aux pierres tombales, aux monuments et \u00e0 d'autres projets de conception. Elle dispose \u00e9galement d'un syst\u00e8me de contr\u00f4le de la qualit\u00e9, comprenant du personnel exp\u00e9riment\u00e9 en mati\u00e8re de contr\u00f4le de la qualit\u00e9 ; l'\u00e9quipe, compos\u00e9e de plus de 20 membres, assure un contr\u00f4le de la qualit\u00e9 rigoureux.<br \/>\nLe propri\u00e9taire de l'usine a plus de 26 ans d'exp\u00e9rience dans le domaine de la pierre. La livraison en temps voulu vous permet d'obtenir les r\u00e9sultats escompt\u00e9s. N'h\u00e9sitez pas \u00e0 nous contacter.<\/span><\/span><\/p>\n<div style=\"text-align: center;\">\n<p><span style=\"font-size: 16px;\">Pierre tombale Bahama Blue Wholesale phonenix power stone<\/span><\/p>\n<p><img loading=\"lazy\" decoding=\"async\" class=\"alignnone size-full wp-image-24866\" src=\"http:\/\/stone-phoenix.com\/wp-content\/uploads\/2023\/12\/Bahama-Blue-Tombstone-With-Headstone-From-China-5-1.jpg\" alt=\"\" width=\"859\" height=\"762\" srcset=\"https:\/\/stone-phoenix.com\/wp-content\/uploads\/2023\/12\/Bahama-Blue-Tombstone-With-Headstone-From-China-5-1.jpg 859w, https:\/\/stone-phoenix.com\/wp-content\/uploads\/2023\/12\/Bahama-Blue-Tombstone-With-Headstone-From-China-5-1-300x266.jpg 300w, https:\/\/stone-phoenix.com\/wp-content\/uploads\/2023\/12\/Bahama-Blue-Tombstone-With-Headstone-From-China-5-1-768x681.jpg 768w, https:\/\/stone-phoenix.com\/wp-content\/uploads\/2023\/12\/Bahama-Blue-Tombstone-With-Headstone-From-China-5-1-14x12.jpg 14w, https:\/\/stone-phoenix.com\/wp-content\/uploads\/2023\/12\/Bahama-Blue-Tombstone-With-Headstone-From-China-5-1-600x532.jpg 600w, https:\/\/stone-phoenix.com\/wp-content\/uploads\/2023\/12\/Bahama-Blue-Tombstone-With-Headstone-From-China-5-1-150x133.jpg 150w\" sizes=\"(max-width: 859px) 100vw, 859px\" \/><\/p>\n<p><img decoding=\"async\" title=\"Pierre tombale bleu bahama poli Paquet de pierres tombales.jpg\" src=\"http:\/\/stone-phoenix.com\/wp-content\/uploads\/2023\/12\/bahama-blue-tombstone-wholesale-phonenix%20power%20stone-stone_658ee76a16e06.png\" alt=\"\" \/><\/p>\n<p><img decoding=\"async\" title=\"phonenix power stone factory.jpg\" src=\"http:\/\/stone-phoenix.com\/wp-content\/uploads\/2023\/12\/bahama-blue-tombstone-wholesale-phonenix%20power%20stone-stone_658ee76a49d84.jpeg\" alt=\"\" \/><\/div>\n<\/div>","protected":false},"excerpt":{"rendered":"<p>Pierre tombale Bahama Blue Wholesale phonenix power stone<\/p>\n<p>Num\u00e9ro d'article : phonenix power stone 19041812<\/p>\n<p>Pierre tombale Bahama Blue Wholesale phonenix power stone<\/p>\n<p>Param\u00e8tres du produit<\/p>\n<p>Couleur :<br \/>\nCouleur bleue<\/p>\n<p>Taille :<br \/>\nCoupe sur mesure<\/p>\n<p>Original :<br \/>\nLaizhou, Chine<\/p>\n<p>Finish Way :<br \/>\nPoli<\/p>\n<p>Obtenir un devis gratuit<\/p>","protected":false},"featured_media":24865,"template":"","meta":[],"product_cat":[110],"product_tag":[],"_links":{"self":[{"href":"https:\/\/stone-phoenix.com\/fr\/wp-json\/wp\/v2\/product\/22994"}],"collection":[{"href":"https:\/\/stone-phoenix.com\/fr\/wp-json\/wp\/v2\/product"}],"about":[{"href":"https:\/\/stone-phoenix.com\/fr\/wp-json\/wp\/v2\/types\/product"}],"wp:featuredmedia":[{"embeddable":true,"href":"https:\/\/stone-phoenix.com\/fr\/wp-json\/wp\/v2\/media\/24865"}],"wp:attachment":[{"href":"https:\/\/stone-phoenix.com\/fr\/wp-json\/wp\/v2\/media?parent=22994"}],"wp:term":[{"taxonomy":"product_cat","embeddable":true,"href":"https:\/\/stone-phoenix.com\/fr\/wp-json\/wp\/v2\/product_cat?post=22994"},{"taxonomy":"product_tag","embeddable":true,"href":"https:\/\/stone-phoenix.com\/fr\/wp-json\/wp\/v2\/product_tag?post=22994"}],"curies":[{"name":"wp","href":"https:\/\/api.w.org\/{rel}","templated":true}]}}