{"id":23002,"date":"2023-12-30T07:54:06","date_gmt":"2023-12-29T23:54:06","guid":{"rendered":"http:\/\/stone-phoenix.com\/product\/multicolor-red-tombstone-monument-dalei-stone"},"modified":"2024-02-05T20:30:40","modified_gmt":"2024-02-05T12:30:40","slug":"multicolor-red-tombstone-monument-phonenix-power-stone-stone","status":"publish","type":"product","link":"https:\/\/stone-phoenix.com\/fr\/produit\/multicolor-red-tombstone-monument-phonenix-power-stone-stone","title":{"rendered":"Pierre tombale rouge multicolore Monument phonenix power stone"},"content":{"rendered":"<div class=\"c\">\n<p><span style=\"line-height: 200%;\"><span style=\"font-size: 16px;\">\u00a0 \u00a0 \u00a0<a href=\"http:\/\/www.phonenix%20power%20stonestone.com\/multicolor-red-granite-tombstone-monument-p00329p1.html\"><strong>Monument fun\u00e9raire en granit rouge multicolore<\/strong><\/a> Pierre de puissance phonenix en gros.<br \/>\nLe granit est un mat\u00e9riau populaire pour les pierres tombales.  C'est un excellent type de pierre parce qu'il est abondant et qu'il existe dans une grande vari\u00e9t\u00e9 de couleurs et de textures cristallines.<br \/>\nLe <a href=\"http:\/\/www.phonenix%20power%20stonestone.com\/multicolor-red-tombstone-vase-phonenix%20power%20stone-p00231p1.html\"><strong>granit rouge multicolore pierre tombale pierre tombale<\/strong><\/a> se d\u00e9grade \u00e9galement lentement par rapport \u00e0 d'autres pierres comme le marbre et le calcaire, ce qui signifie que les gravures sur la pierre tombale peuvent \u00eatre lues pendant des centaines d'ann\u00e9es.<br \/>\nAvec sa propre carri\u00e8re et ses propres usines, la soci\u00e9t\u00e9 Laizhou phonenix power stone, qui travaille dans le secteur de la pierre depuis 10 ans, est professionnelle et s\u00fbre de pouvoir vous offrir des produits de qualit\u00e9 sup\u00e9rieure et des prix bas. En outre, nos bons services, qui comprennent la CAO, le personnel de contr\u00f4le qualit\u00e9, le certificat CE et la livraison dans les d\u00e9lais, sont s\u00fbrs de r\u00e9pondre \u00e0 votre satisfaction.<\/span><\/span><\/p>\n<div style=\"text-align: center;\">\n<p><img loading=\"lazy\" decoding=\"async\" class=\"alignnone wp-image-24861\" src=\"http:\/\/stone-phoenix.com\/wp-content\/uploads\/2023\/12\/Multicolor-Red-Tombstone-Monument-phonenix-power-stone1-5_result.jpg\" alt=\"\" width=\"926\" height=\"675\" srcset=\"https:\/\/stone-phoenix.com\/wp-content\/uploads\/2023\/12\/Multicolor-Red-Tombstone-Monument-phonenix-power-stone1-5_result.jpg 631w, https:\/\/stone-phoenix.com\/wp-content\/uploads\/2023\/12\/Multicolor-Red-Tombstone-Monument-phonenix-power-stone1-5_result-300x219.jpg 300w, https:\/\/stone-phoenix.com\/wp-content\/uploads\/2023\/12\/Multicolor-Red-Tombstone-Monument-phonenix-power-stone1-5_result-16x12.jpg 16w, https:\/\/stone-phoenix.com\/wp-content\/uploads\/2023\/12\/Multicolor-Red-Tombstone-Monument-phonenix-power-stone1-5_result-600x437.jpg 600w, https:\/\/stone-phoenix.com\/wp-content\/uploads\/2023\/12\/Multicolor-Red-Tombstone-Monument-phonenix-power-stone1-5_result-150x109.jpg 150w\" sizes=\"(max-width: 926px) 100vw, 926px\" \/><\/p>\n<p><span style=\"font-size: 16px;\">Pierre tombale rouge multicolore Monument phonenix power stone<\/span><\/p>\n<p><img loading=\"lazy\" decoding=\"async\" class=\"alignnone size-full wp-image-24860\" src=\"http:\/\/stone-phoenix.com\/wp-content\/uploads\/2023\/12\/Multicolor-Red-Tombstone-Monument-phonenix-power-stone1-7_result.jpg\" alt=\"\" width=\"904\" height=\"667\" srcset=\"https:\/\/stone-phoenix.com\/wp-content\/uploads\/2023\/12\/Multicolor-Red-Tombstone-Monument-phonenix-power-stone1-7_result.jpg 904w, https:\/\/stone-phoenix.com\/wp-content\/uploads\/2023\/12\/Multicolor-Red-Tombstone-Monument-phonenix-power-stone1-7_result-300x221.jpg 300w, https:\/\/stone-phoenix.com\/wp-content\/uploads\/2023\/12\/Multicolor-Red-Tombstone-Monument-phonenix-power-stone1-7_result-768x567.jpg 768w, https:\/\/stone-phoenix.com\/wp-content\/uploads\/2023\/12\/Multicolor-Red-Tombstone-Monument-phonenix-power-stone1-7_result-16x12.jpg 16w, https:\/\/stone-phoenix.com\/wp-content\/uploads\/2023\/12\/Multicolor-Red-Tombstone-Monument-phonenix-power-stone1-7_result-600x443.jpg 600w, https:\/\/stone-phoenix.com\/wp-content\/uploads\/2023\/12\/Multicolor-Red-Tombstone-Monument-phonenix-power-stone1-7_result-150x111.jpg 150w\" sizes=\"(max-width: 904px) 100vw, 904px\" \/><\/p>\n<p><img decoding=\"async\" title=\"Monument en pierre tombale en granit rouge multicolore poli paquet.jpg\" src=\"http:\/\/stone-phoenix.com\/wp-content\/uploads\/2023\/12\/multicolor-red-tombstone-monument-phonenix%20power%20stone-stone_658ee777c1cb9.png\" alt=\"\" \/><\/p>\n<p><img decoding=\"async\" title=\"phonenix power stone factory.jpg\" src=\"http:\/\/stone-phoenix.com\/wp-content\/uploads\/2023\/12\/multicolor-red-tombstone-monument-phonenix%20power%20stone-stone_658ee777f2d0a.jpeg\" alt=\"\" \/><\/p>\n<\/div>\n<\/div>","protected":false},"excerpt":{"rendered":"<p>Pierre tombale rouge multicolore Monument phonenix power stone<\/p>\n<p>Num\u00e9ro d'article : Phoenix Power Tombstone 19041811<\/p>\n<p>Pierre tombale rouge multicolore Monument phonenix power stone<\/p>\n<p>Param\u00e8tres du produit<\/p>\n<p>Couleur :<br \/>\nCouleur rouge<\/p>\n<p>Taille :<br \/>\nCoupe sur mesure<\/p>\n<p>Original :<br \/>\nLaizhou, Chine<\/p>\n<p>Finish Way :<br \/>\nPoli<\/p>\n<p>Obtenir un devis gratuit<\/p>","protected":false},"featured_media":24854,"template":"","meta":[],"product_cat":[110],"product_tag":[],"_links":{"self":[{"href":"https:\/\/stone-phoenix.com\/fr\/wp-json\/wp\/v2\/product\/23002"}],"collection":[{"href":"https:\/\/stone-phoenix.com\/fr\/wp-json\/wp\/v2\/product"}],"about":[{"href":"https:\/\/stone-phoenix.com\/fr\/wp-json\/wp\/v2\/types\/product"}],"wp:featuredmedia":[{"embeddable":true,"href":"https:\/\/stone-phoenix.com\/fr\/wp-json\/wp\/v2\/media\/24854"}],"wp:attachment":[{"href":"https:\/\/stone-phoenix.com\/fr\/wp-json\/wp\/v2\/media?parent=23002"}],"wp:term":[{"taxonomy":"product_cat","embeddable":true,"href":"https:\/\/stone-phoenix.com\/fr\/wp-json\/wp\/v2\/product_cat?post=23002"},{"taxonomy":"product_tag","embeddable":true,"href":"https:\/\/stone-phoenix.com\/fr\/wp-json\/wp\/v2\/product_tag?post=23002"}],"curies":[{"name":"wp","href":"https:\/\/api.w.org\/{rel}","templated":true}]}}