{"id":23009,"date":"2023-12-30T07:54:13","date_gmt":"2023-12-29T23:54:13","guid":{"rendered":"http:\/\/stone-phoenix.com\/product\/granite-g664-tombstone-dalei-stone"},"modified":"2024-02-04T23:01:03","modified_gmt":"2024-02-04T15:01:03","slug":"granite-g664-tombstone-phonenix-power-stone-stone","status":"publish","type":"product","link":"https:\/\/stone-phoenix.com\/fr\/produit\/granite-g664-tombstone-phonenix-power-stone-stone","title":{"rendered":"Granit G664 Pierre tombale phonenix power stone"},"content":{"rendered":"<div class=\"c\">\n<div><span style=\"line-height: 200%;\"><span style=\"font-size: 16px;\">\u00a0 \u00a0 \u00a0<a href=\"http:\/\/www.phonenix%20power%20stonestone.com\/g664-granite-tombstone-gravestone-monument-p00119p1.html\"><strong>Monument fun\u00e9raire en granit rouge fonc\u00e9 G664<\/strong><\/a> phonenix power stone. Nettoyer une pierre tombale en granit. Une fois que vous avez examin\u00e9 la pierre, vous \u00eates pr\u00eat \u00e0 commencer le nettoyage proprement dit.M\u00e9langez le produit avec la bonne proportion d'eau. Humidifiez vos \u00e9ponges dans votre seau d'eau. Une fois qu'elles sont mouill\u00e9es, commencez \u00e0 essuyer doucement la surface de la pierre.<\/span><\/span><\/div>\n<p><span style=\"line-height: 200%;\"><span style=\"font-size: 16px;\">\u00a0 \u00a0 \u00a0Apr\u00e8s avoir enlev\u00e9 la premi\u00e8re couche de salet\u00e9, vous pouvez utiliser vos brosses. Mouillez vos brosses, puis utilisez-les pour frotter d\u00e9licatement chaque partie de la pierre. Il est pr\u00e9f\u00e9rable de commencer par le bas de la pierre et de remonter. Vous \u00e9viterez ainsi de laisser des traces.<br \/>\nLe <a href=\"http:\/\/www.phonenix%20power%20stonestone.com\/g664-tombstone-monument-for-poland-market-p00120p1.html\"><strong>pierre tombale en granit G664 rouge poli pierre tombale<\/strong><\/a> La pierre tombale convient aux murs ext\u00e9rieurs et int\u00e9rieurs, aux sols, aux comptoirs, au granit, aux pierres tombales, aux monuments et \u00e0 d'autres projets de conception.<br \/>\nLe propri\u00e9taire de l'usine a plus de 12 ans d'exp\u00e9rience dans le domaine de la pierre. La livraison en temps voulu vous permet d'obtenir les r\u00e9sultats escompt\u00e9s. N'h\u00e9sitez pas \u00e0 nous contacter.<\/span><\/span><\/p>\n<div style=\"text-align: center;\"><img loading=\"lazy\" decoding=\"async\" class=\"alignnone size-full wp-image-24853\" src=\"http:\/\/stone-phoenix.com\/wp-content\/uploads\/2023\/12\/Granite-G664-Tombstone-phonenix-power-stone-2.jpg\" alt=\"\" width=\"1149\" height=\"667\" srcset=\"https:\/\/stone-phoenix.com\/wp-content\/uploads\/2023\/12\/Granite-G664-Tombstone-phonenix-power-stone-2.jpg 1149w, https:\/\/stone-phoenix.com\/wp-content\/uploads\/2023\/12\/Granite-G664-Tombstone-phonenix-power-stone-2-300x174.jpg 300w, https:\/\/stone-phoenix.com\/wp-content\/uploads\/2023\/12\/Granite-G664-Tombstone-phonenix-power-stone-2-1024x594.jpg 1024w, https:\/\/stone-phoenix.com\/wp-content\/uploads\/2023\/12\/Granite-G664-Tombstone-phonenix-power-stone-2-768x446.jpg 768w, https:\/\/stone-phoenix.com\/wp-content\/uploads\/2023\/12\/Granite-G664-Tombstone-phonenix-power-stone-2-18x10.jpg 18w, https:\/\/stone-phoenix.com\/wp-content\/uploads\/2023\/12\/Granite-G664-Tombstone-phonenix-power-stone-2-600x348.jpg 600w, https:\/\/stone-phoenix.com\/wp-content\/uploads\/2023\/12\/Granite-G664-Tombstone-phonenix-power-stone-2-150x87.jpg 150w\" sizes=\"(max-width: 1149px) 100vw, 1149px\" \/><\/p>\n<p><span style=\"font-size: 16px;\">Granit G664 Pierre tombale phonenix power stone<\/span><\/p>\n<p><img decoding=\"async\" title=\"Granit poli rouge fonc\u00e9 G664 Tombstone Monument package.jpg\" src=\"http:\/\/stone-phoenix.com\/wp-content\/uploads\/2023\/12\/granite-g664-tombstone-phonenix%20power%20stone-stone_658ee7886b85d.png\" alt=\"\" \/><\/p>\n<p><img decoding=\"async\" title=\"phonenix power stone factory.jpg\" src=\"http:\/\/stone-phoenix.com\/wp-content\/uploads\/2023\/12\/granite-g664-tombstone-phonenix%20power%20stone-stone_658ee78896e88.jpeg\" alt=\"\" \/><\/div>\n<\/div>","protected":false},"excerpt":{"rendered":"<p>Granit G664 Pierre tombale phonenix power stone<\/p>\n<p>Num\u00e9ro d'article : G664 Tombstone 190418008<\/p>\n<p>Granite G664 Tombstone phonenix power stone. Nettoyer une pierre tombale en granit. Une fois que vous avez examin\u00e9 la pierre, vous \u00eates pr\u00eat \u00e0 commencer le nettoyage proprement dit.<\/p>\n<p>Param\u00e8tres du produit<\/p>\n<p>Couleur :<br \/>\nG664 Rouge fonc\u00e9 et rouge<\/p>\n<p>Taille :<br \/>\nCoupe sur mesure<\/p>\n<p>Original :<br \/>\nLaizhou, Chine<\/p>\n<p>Finish Way :<br \/>\nPoli<\/p>\n<p>Obtenir un devis gratuit<\/p>","protected":false},"featured_media":24847,"template":"","meta":[],"product_cat":[110],"product_tag":[],"_links":{"self":[{"href":"https:\/\/stone-phoenix.com\/fr\/wp-json\/wp\/v2\/product\/23009"}],"collection":[{"href":"https:\/\/stone-phoenix.com\/fr\/wp-json\/wp\/v2\/product"}],"about":[{"href":"https:\/\/stone-phoenix.com\/fr\/wp-json\/wp\/v2\/types\/product"}],"wp:featuredmedia":[{"embeddable":true,"href":"https:\/\/stone-phoenix.com\/fr\/wp-json\/wp\/v2\/media\/24847"}],"wp:attachment":[{"href":"https:\/\/stone-phoenix.com\/fr\/wp-json\/wp\/v2\/media?parent=23009"}],"wp:term":[{"taxonomy":"product_cat","embeddable":true,"href":"https:\/\/stone-phoenix.com\/fr\/wp-json\/wp\/v2\/product_cat?post=23009"},{"taxonomy":"product_tag","embeddable":true,"href":"https:\/\/stone-phoenix.com\/fr\/wp-json\/wp\/v2\/product_tag?post=23009"}],"curies":[{"name":"wp","href":"https:\/\/api.w.org\/{rel}","templated":true}]}}