{"id":23016,"date":"2023-12-30T07:54:22","date_gmt":"2023-12-29T23:54:22","guid":{"rendered":"http:\/\/stone-phoenix.com\/product\/bahama-blue-tombstone-vase-dalei"},"modified":"2024-02-04T22:05:26","modified_gmt":"2024-02-04T14:05:26","slug":"bahama-blue-tombstone-vase-phonenix-power-stone","status":"publish","type":"product","link":"https:\/\/stone-phoenix.com\/fr\/produit\/bahama-blue-tombstone-vase-phonenix-power-stone","title":{"rendered":"Vase en pierre tombale bleu bahama Phoenix Power"},"content":{"rendered":"<div class=\"c\">\n<p><span style=\"line-height: 200%;\"><span style=\"font-size: 16px;\">\u00a0 \u00a0 \u00a0<a href=\"http:\/\/www.phonenix%20power%20stonestone.com\/bahama-blue-tombstone-vase-phonenix%20power%20stone-p00232p1.html\"><strong>Vase en pierre tombale en granit bleu Bahama<\/strong><\/a> phonenix power stone Wholesale . Si vous avez affaire \u00e0 une pierre en granit, il est toujours pr\u00e9f\u00e9rable de commencer par un contr\u00f4le initial de la pierre tombale pour v\u00e9rifier qu'elle n'est pas endommag\u00e9e de mani\u00e8re significative ;<br \/>\nLe <a href=\"http:\/\/www.phonenix%20power%20stonestone.com\/multicolor-red-tombstone-vase-phonenix%20power%20stone-p00231p1.html\">vase en granit bleu bahama poli pierre tombale<\/a> emballage : mousse plastique \u00e0 l'int\u00e9rieur, caisse en bois solide fumig\u00e9e \u00e0 l'ext\u00e9rieur, emballage maritime s\u00fbr, ou selon les besoins du client.<\/span><\/span><br \/>\n<span style=\"line-height: 200%;\"><span style=\"font-size: 16px;\">\u00a0 \u00a0 \u00a0Avec sa propre carri\u00e8re et ses propres usines, la soci\u00e9t\u00e9 Laizhou phonenix power stone, qui travaille dans le secteur de la pierre depuis 26 ans, est professionnelle et s\u00fbre de pouvoir vous offrir des produits de qualit\u00e9 sup\u00e9rieure et des prix bas. En outre, nos bons services, qui comprennent la CAO, le personnel de contr\u00f4le qualit\u00e9, le certificat CE et la livraison dans les d\u00e9lais, sont s\u00fbrs de r\u00e9pondre \u00e0 votre satisfaction.<\/span><\/span><\/p>\n<div style=\"text-align: center;\"><img loading=\"lazy\" decoding=\"async\" class=\"alignnone  wp-image-24843\" src=\"http:\/\/stone-phoenix.com\/wp-content\/uploads\/2023\/12\/Bahama-Blue-Tombstone-Vase-Phoenix-Power-2.jpg\" alt=\"\" width=\"948\" height=\"1253\" srcset=\"https:\/\/stone-phoenix.com\/wp-content\/uploads\/2023\/12\/Bahama-Blue-Tombstone-Vase-Phoenix-Power-2.jpg 547w, https:\/\/stone-phoenix.com\/wp-content\/uploads\/2023\/12\/Bahama-Blue-Tombstone-Vase-Phoenix-Power-2-227x300.jpg 227w, https:\/\/stone-phoenix.com\/wp-content\/uploads\/2023\/12\/Bahama-Blue-Tombstone-Vase-Phoenix-Power-2-9x12.jpg 9w, https:\/\/stone-phoenix.com\/wp-content\/uploads\/2023\/12\/Bahama-Blue-Tombstone-Vase-Phoenix-Power-2-150x198.jpg 150w\" sizes=\"(max-width: 948px) 100vw, 948px\" \/><\/p>\n<p><span style=\"font-size: 16px;\">Vase en pierre tombale bleu bahama Phoenix Power<\/span><\/p>\n<p><img loading=\"lazy\" decoding=\"async\" class=\"alignnone size-full wp-image-24845\" src=\"http:\/\/stone-phoenix.com\/wp-content\/uploads\/2023\/12\/Bahama-Blue-Tombstone-Vase-Phoenix-Power-3.jpg\" alt=\"\" width=\"1083\" height=\"862\" srcset=\"https:\/\/stone-phoenix.com\/wp-content\/uploads\/2023\/12\/Bahama-Blue-Tombstone-Vase-Phoenix-Power-3.jpg 1083w, https:\/\/stone-phoenix.com\/wp-content\/uploads\/2023\/12\/Bahama-Blue-Tombstone-Vase-Phoenix-Power-3-300x239.jpg 300w, https:\/\/stone-phoenix.com\/wp-content\/uploads\/2023\/12\/Bahama-Blue-Tombstone-Vase-Phoenix-Power-3-1024x815.jpg 1024w, https:\/\/stone-phoenix.com\/wp-content\/uploads\/2023\/12\/Bahama-Blue-Tombstone-Vase-Phoenix-Power-3-768x611.jpg 768w, https:\/\/stone-phoenix.com\/wp-content\/uploads\/2023\/12\/Bahama-Blue-Tombstone-Vase-Phoenix-Power-3-15x12.jpg 15w, https:\/\/stone-phoenix.com\/wp-content\/uploads\/2023\/12\/Bahama-Blue-Tombstone-Vase-Phoenix-Power-3-600x478.jpg 600w, https:\/\/stone-phoenix.com\/wp-content\/uploads\/2023\/12\/Bahama-Blue-Tombstone-Vase-Phoenix-Power-3-150x119.jpg 150w\" sizes=\"(max-width: 1083px) 100vw, 1083px\" \/><\/p>\n<p><img decoding=\"async\" title=\"Granit poli Bahama Blue Vase Tombstone Monument package.jpg\" src=\"http:\/\/stone-phoenix.com\/wp-content\/uploads\/2023\/12\/bahama-blue-tombstone-vase-phonenix%20power%20stone_658ee7957e993.png\" alt=\"\" \/><\/p>\n<p><img decoding=\"async\" title=\"phonenix power stone factory.jpg\" src=\"http:\/\/stone-phoenix.com\/wp-content\/uploads\/2023\/12\/bahama-blue-tombstone-vase-phonenix%20power%20stone_658ee795ab4b1.jpeg\" alt=\"\" \/><\/div>\n<\/div>","protected":false},"excerpt":{"rendered":"<p>Vase en pierre tombale bleu bahama Phoenix Power<\/p>\n<p>Num\u00e9ro d'article : Vase en pierre tombale 190416002<\/p>\n<p>Vase en pierre tombale bleu bahama Phoenix Power .<\/p>\n<p>Param\u00e8tres du produit<\/p>\n<p>Couleur :<br \/>\nCouleur bleu bahama<\/p>\n<p>Taille :<br \/>\nCoupe sur mesure<\/p>\n<p>Original :<br \/>\nLaizhou, Chine<\/p>\n<p>Finish Way :<br \/>\nPoli<\/p>\n<p>Obtenir un devis gratuit<\/p>","protected":false},"featured_media":24843,"template":"","meta":[],"product_cat":[110],"product_tag":[],"_links":{"self":[{"href":"https:\/\/stone-phoenix.com\/fr\/wp-json\/wp\/v2\/product\/23016"}],"collection":[{"href":"https:\/\/stone-phoenix.com\/fr\/wp-json\/wp\/v2\/product"}],"about":[{"href":"https:\/\/stone-phoenix.com\/fr\/wp-json\/wp\/v2\/types\/product"}],"wp:featuredmedia":[{"embeddable":true,"href":"https:\/\/stone-phoenix.com\/fr\/wp-json\/wp\/v2\/media\/24843"}],"wp:attachment":[{"href":"https:\/\/stone-phoenix.com\/fr\/wp-json\/wp\/v2\/media?parent=23016"}],"wp:term":[{"taxonomy":"product_cat","embeddable":true,"href":"https:\/\/stone-phoenix.com\/fr\/wp-json\/wp\/v2\/product_cat?post=23016"},{"taxonomy":"product_tag","embeddable":true,"href":"https:\/\/stone-phoenix.com\/fr\/wp-json\/wp\/v2\/product_tag?post=23016"}],"curies":[{"name":"wp","href":"https:\/\/api.w.org\/{rel}","templated":true}]}}