{"id":23025,"date":"2023-12-30T07:54:28","date_gmt":"2023-12-29T23:54:28","guid":{"rendered":"http:\/\/stone-phoenix.com\/product\/multicolor-red-tombstone-vase-dalei"},"modified":"2024-02-04T14:20:32","modified_gmt":"2024-02-04T06:20:32","slug":"multicolor-red-tombstone-vase-phonenix-power-stone","status":"publish","type":"product","link":"https:\/\/stone-phoenix.com\/fr\/produit\/multicolor-red-tombstone-vase-phonenix-power-stone","title":{"rendered":"Vase en pierre tombale rouge multicolore Phoenix Power"},"content":{"rendered":"<div class=\"c\">\n<p><span style=\"line-height: 200%;\"><span style=\"font-size: 16px;\">\u00a0 \u00a0 \u00a0<a href=\"http:\/\/www.phonenix%20power%20stonestone.com\/multicolor-red-tombstone-vase-phonenix%20power%20stone-p00231p1.html\"><strong>Vase de pierre tombale rouge multicolore Munument Vase<\/strong><\/a> Phoenix Power Wholesale. Il s'agit d'un type de granit qui convient aux murs ext\u00e9rieurs et int\u00e9rieurs, aux sols, aux comptoirs, au granit, aux pierres tombales, aux pierres tombales et \u00e0 d'autres projets de conception.<br \/>\n\u00c9tapes du nettoyage des pierres tombales en granit<br \/>\n\u00c9TAPE 1 : \u00c9liminer les d\u00e9bris<br \/>\n\u00c9TAPE 2 : Laver la pierre tombale en granit avec de l'eau savonneuse<br \/>\n\u00c9TAPE 3 : Laver la pierre tombale en granit \u00e0 l'eau claire<br \/>\n\u00c9TAPE 4 : S\u00e9cher la pierre tombale en granit<br \/>\n\u00c9TAPE 5 : Nettoyer les incrustations et les gravures<br \/>\n\u00c9TAPE 6 :  Assurez-vous d'avoir enlev\u00e9 tous les d\u00e9bris<br \/>\n\u00c9TAPE 7 : Polir la pierre tombale en granit<br \/>\nLe <a href=\"http:\/\/www.phonenix%20power%20stonestone.com\/bahama-blue-tombstone-vase-phonenix%20power%20stone-p00232p1.html\"><strong>pierre tombale polie multicolore rouge pierre tombale<\/strong><\/a> disposent d'un contr\u00f4le de la qualit\u00e9, y compris d'un personnel exp\u00e9riment\u00e9 en mati\u00e8re de contr\u00f4le de la qualit\u00e9 ; l'\u00e9quipe, compos\u00e9e de plus de 20 membres, assure un contr\u00f4le de la qualit\u00e9 rigoureux.<br \/>\nLe propri\u00e9taire de l'usine a plus de 26 ans d'exp\u00e9rience dans le domaine de la pierre. La livraison en temps voulu vous permet d'obtenir les r\u00e9sultats escompt\u00e9s. N'h\u00e9sitez pas \u00e0 nous contacter.<\/span><\/span><\/p>\n<div style=\"text-align: center;\">\n<p><span style=\"font-size: 16px;\">Pierre tombale multicolore rouge Monument Vase phonenix power stone Wholesale<\/span><\/p>\n<p><img loading=\"lazy\" decoding=\"async\" class=\"alignnone size-full wp-image-24815\" src=\"http:\/\/stone-phoenix.com\/wp-content\/uploads\/2023\/12\/Multicolor-Red-Tombstone-Vase-Phoenix-Power.jpg\" alt=\"\" width=\"876\" height=\"1158\" srcset=\"https:\/\/stone-phoenix.com\/wp-content\/uploads\/2023\/12\/Multicolor-Red-Tombstone-Vase-Phoenix-Power.jpg 876w, https:\/\/stone-phoenix.com\/wp-content\/uploads\/2023\/12\/Multicolor-Red-Tombstone-Vase-Phoenix-Power-227x300.jpg 227w, https:\/\/stone-phoenix.com\/wp-content\/uploads\/2023\/12\/Multicolor-Red-Tombstone-Vase-Phoenix-Power-775x1024.jpg 775w, https:\/\/stone-phoenix.com\/wp-content\/uploads\/2023\/12\/Multicolor-Red-Tombstone-Vase-Phoenix-Power-768x1015.jpg 768w, https:\/\/stone-phoenix.com\/wp-content\/uploads\/2023\/12\/Multicolor-Red-Tombstone-Vase-Phoenix-Power-9x12.jpg 9w, https:\/\/stone-phoenix.com\/wp-content\/uploads\/2023\/12\/Multicolor-Red-Tombstone-Vase-Phoenix-Power-600x793.jpg 600w, https:\/\/stone-phoenix.com\/wp-content\/uploads\/2023\/12\/Multicolor-Red-Tombstone-Vase-Phoenix-Power-150x198.jpg 150w\" sizes=\"(max-width: 876px) 100vw, 876px\" \/><\/p>\n<p><img decoding=\"async\" title=\"phonenix power stone factory.jpg\" src=\"http:\/\/stone-phoenix.com\/wp-content\/uploads\/2023\/12\/multicolor-red-tombstone-vase-phonenix%20power%20stone_658ee7a17bede.jpeg\" alt=\"\" \/><\/div>\n<\/div>","protected":false},"excerpt":{"rendered":"<p>Vase en pierre tombale rouge multicolore Phoenix Power<\/p>\n<p>Num\u00e9ro d'article : Phoenix Power Tombstone 190416002<\/p>\n<p>Vase en pierre tombale rouge multicolore Phoenix Power.<\/p>\n<p>Param\u00e8tres du produit<\/p>\n<p>Couleur :<br \/>\nCouleur rouge<\/p>\n<p>Taille :<br \/>\nCoupe sur mesure<\/p>\n<p>Original :<br \/>\nLaizhou, Chine<\/p>\n<p>Finish Way :<br \/>\nPoli<\/p>\n<p>Obtenir un devis gratuit<\/p>","protected":false},"featured_media":24815,"template":"","meta":[],"product_cat":[110],"product_tag":[],"_links":{"self":[{"href":"https:\/\/stone-phoenix.com\/fr\/wp-json\/wp\/v2\/product\/23025"}],"collection":[{"href":"https:\/\/stone-phoenix.com\/fr\/wp-json\/wp\/v2\/product"}],"about":[{"href":"https:\/\/stone-phoenix.com\/fr\/wp-json\/wp\/v2\/types\/product"}],"wp:featuredmedia":[{"embeddable":true,"href":"https:\/\/stone-phoenix.com\/fr\/wp-json\/wp\/v2\/media\/24815"}],"wp:attachment":[{"href":"https:\/\/stone-phoenix.com\/fr\/wp-json\/wp\/v2\/media?parent=23025"}],"wp:term":[{"taxonomy":"product_cat","embeddable":true,"href":"https:\/\/stone-phoenix.com\/fr\/wp-json\/wp\/v2\/product_cat?post=23025"},{"taxonomy":"product_tag","embeddable":true,"href":"https:\/\/stone-phoenix.com\/fr\/wp-json\/wp\/v2\/product_tag?post=23025"}],"curies":[{"name":"wp","href":"https:\/\/api.w.org\/{rel}","templated":true}]}}