{"id":23034,"date":"2023-12-30T07:54:34","date_gmt":"2023-12-29T23:54:34","guid":{"rendered":"http:\/\/stone-phoenix.com\/product\/white-grey-granite-tombstone-wholesale"},"modified":"2024-01-25T11:19:34","modified_gmt":"2024-01-25T03:19:34","slug":"white-grey-granite-tombstone-wholesale","status":"publish","type":"product","link":"https:\/\/stone-phoenix.com\/fr\/produit\/white-grey-granite-tombstone-wholesale","title":{"rendered":"Pierre tombale en granit blanc gris Wholesale"},"content":{"rendered":"<div class=\"c\">\n<p><span style=\"line-height: 200%;\"><span style=\"font-size: 16px;\">\u00a0 \u00a0 \u00a0<a href=\"http:\/\/www.phonenix%20power%20stonestone.com\/white-grey-granite-tombstone-wholesale-p00195p1.html\"><strong>Pierre tombale en granit blanc gris Monument<\/strong><\/a> phonenix power stone Vente en gros. Le granit allie durabilit\u00e9 et prix abordable. Il est largement disponible et se d\u00e9cline en plusieurs couleurs. Avec le granit, il est facile de graver des motifs personnalis\u00e9s, ce qui vous permet de personnaliser une pierre tombale afin qu'elle refl\u00e8te mieux la personnalit\u00e9 de l'\u00eatre cher.<br \/>\nLes panneaux et monuments en granit restent des rep\u00e8res populaires et, avec l'essor de la technologie, ce mat\u00e9riau devient encore plus courant. Si vous vous promenez dans n'importe quel cimeti\u00e8re, vous d\u00e9couvrirez des panneaux et des structures en granit cr\u00e9\u00e9s il y a plus de 100 ans, tous dans un \u00e9tat impeccable. La solidit\u00e9 du granit lui permet de r\u00e9sister aux \u00e9l\u00e9ments les plus rudes, y compris la neige, le sel et la pollution. Si vous souhaitez une structure qui r\u00e9siste \u00e0 l'\u00e9preuve du temps, le granit est l'option id\u00e9ale. Gr\u00e2ce \u00e0 l'am\u00e9lioration des techniques de sculpture, votre cr\u00e9ation unique durera longtemps.<br \/>\nLe <a href=\"http:\/\/www.phonenix%20power%20stonestone.com\/spary-white-granite-tombstone-wholesale-p00122p1.html\"><strong>pierre tombale en granit blanc poli pierre tombale<\/strong><\/a> emballage : mousse plastique \u00e0 l'int\u00e9rieur, caisse en bois solide fumig\u00e9e \u00e0 l'ext\u00e9rieur, emballage maritime s\u00fbr, ou selon les besoins du client.<\/span><\/span><br \/>\n<span style=\"line-height: 200%;\"><span style=\"font-size: 16px;\">\u00a0 \u00a0 \u00a0Avec sa propre carri\u00e8re et ses propres usines, la soci\u00e9t\u00e9 Laizhou phonenix power stone, qui travaille dans le secteur de la pierre depuis 10 ans, est professionnelle et s\u00fbre de pouvoir vous offrir des produits de qualit\u00e9 sup\u00e9rieure et des prix bas. En outre, nos bons services, qui comprennent la CAO, le personnel de contr\u00f4le qualit\u00e9, le certificat CE et la livraison dans les d\u00e9lais, sont s\u00fbrs de r\u00e9pondre \u00e0 votre satisfaction.<\/span><\/span><\/p>\n<div style=\"text-align: center;\"><img loading=\"lazy\" decoding=\"async\" class=\"alignnone size-full wp-image-24776\" src=\"http:\/\/stone-phoenix.com\/wp-content\/uploads\/2023\/12\/White-Grey-Granite-Tombstone-Wholesale-1.png\" alt=\"\" width=\"900\" height=\"850\" srcset=\"https:\/\/stone-phoenix.com\/wp-content\/uploads\/2023\/12\/White-Grey-Granite-Tombstone-Wholesale-1.png 900w, https:\/\/stone-phoenix.com\/wp-content\/uploads\/2023\/12\/White-Grey-Granite-Tombstone-Wholesale-1-300x283.png 300w, https:\/\/stone-phoenix.com\/wp-content\/uploads\/2023\/12\/White-Grey-Granite-Tombstone-Wholesale-1-768x725.png 768w, https:\/\/stone-phoenix.com\/wp-content\/uploads\/2023\/12\/White-Grey-Granite-Tombstone-Wholesale-1-13x12.png 13w, https:\/\/stone-phoenix.com\/wp-content\/uploads\/2023\/12\/White-Grey-Granite-Tombstone-Wholesale-1-600x567.png 600w, https:\/\/stone-phoenix.com\/wp-content\/uploads\/2023\/12\/White-Grey-Granite-Tombstone-Wholesale-1-150x142.png 150w\" sizes=\"(max-width: 900px) 100vw, 900px\" \/><\/p>\n<p><span style=\"font-size: 16px;\">Pierre tombale en granit blanc gris Monument en gros<\/span><\/p>\n<p><img decoding=\"async\" style=\"width: 600px; height: 233px;\" title=\"Chine Granit blanc poli pierre tombale Monument package.jpg\" src=\"http:\/\/stone-phoenix.com\/wp-content\/uploads\/2023\/12\/white-grey-granite-tombstone-wholesale_658ee7b07082f.png\" alt=\"\" \/><\/p>\n<p><img decoding=\"async\" style=\"width: 600px; height: 350px;\" title=\"phonenix power stone factory.jpg\" src=\"http:\/\/stone-phoenix.com\/wp-content\/uploads\/2023\/12\/white-grey-granite-tombstone-wholesale_658ee7b09b7c4.jpeg\" alt=\"\" \/><\/div>\n<\/div>","protected":false},"excerpt":{"rendered":"<p>Pierre tombale en granit blanc gris Wholesale<\/p>\n<p>N\u00b0 d'article : Pierre tombale Monument en granit M-190214<\/p>\n<p>Pierre tombale en granit blanc gris en gros. Le granit allie durabilit\u00e9 et prix abordable. Il est largement disponible et se d\u00e9cline en plusieurs couleurs.<\/p>\n<p>Param\u00e8tres du produit<\/p>\n<p>Couleur :<br \/>\nPierre tombale de couleur blanche<\/p>\n<p>Taille :<br \/>\nCoupe sur mesure<\/p>\n<p>Original :<br \/>\nCouleur blanche, couleur grise<\/p>\n<p>Finish Way :<br \/>\nPoli<\/p>\n<p>Obtenir un devis gratuit<\/p>","protected":false},"featured_media":24777,"template":"","meta":[],"product_cat":[110],"product_tag":[],"_links":{"self":[{"href":"https:\/\/stone-phoenix.com\/fr\/wp-json\/wp\/v2\/product\/23034"}],"collection":[{"href":"https:\/\/stone-phoenix.com\/fr\/wp-json\/wp\/v2\/product"}],"about":[{"href":"https:\/\/stone-phoenix.com\/fr\/wp-json\/wp\/v2\/types\/product"}],"wp:featuredmedia":[{"embeddable":true,"href":"https:\/\/stone-phoenix.com\/fr\/wp-json\/wp\/v2\/media\/24777"}],"wp:attachment":[{"href":"https:\/\/stone-phoenix.com\/fr\/wp-json\/wp\/v2\/media?parent=23034"}],"wp:term":[{"taxonomy":"product_cat","embeddable":true,"href":"https:\/\/stone-phoenix.com\/fr\/wp-json\/wp\/v2\/product_cat?post=23034"},{"taxonomy":"product_tag","embeddable":true,"href":"https:\/\/stone-phoenix.com\/fr\/wp-json\/wp\/v2\/product_tag?post=23034"}],"curies":[{"name":"wp","href":"https:\/\/api.w.org\/{rel}","templated":true}]}}