{"id":23042,"date":"2023-12-30T07:54:41","date_gmt":"2023-12-29T23:54:41","guid":{"rendered":"http:\/\/stone-phoenix.com\/product\/indian-black-dalei-tombstone-monument-headstone"},"modified":"2024-06-08T23:40:46","modified_gmt":"2024-06-08T15:40:46","slug":"indian-black-phonenix-power-stone-tombstone-monument-headstone","status":"publish","type":"product","link":"https:\/\/stone-phoenix.com\/fr\/produit\/indian-black-phonenix-power-stone-tombstone-monument-headstone","title":{"rendered":"Pierre tombale indienne noire Monument Pierre tombale"},"content":{"rendered":"<div class=\"c\">\n<p><span style=\"line-height: 200%;\"><span style=\"font-size: 16px;\">\u00a0 \u00a0<\/span><\/span>Inde Pierre tombale noire monument pierre tombale grossiste. Durabilit\u00e9 : Contrairement \u00e0 l'ardoise, au gr\u00e8s ou au marbre, le granit ne se casse pas, ne se d\u00e9t\u00e9riore pas et ne se tache pas. En fait, le v\u00e9ritable granit utilise la meilleure qualit\u00e9 de granit \u00e0 petits grains pour cr\u00e9er de magnifiques monuments comm\u00e9moratifs qui resteront intacts pendant plus de 500 ans avec des \u00e9pitaphes visibles. Le v\u00e9ritable granit r\u00e9siste \u00e9galement \u00e0 la d\u00e9t\u00e9rioration naturelle et \u00e0 la d\u00e9coloration d'une saison \u00e0 l'autre, mais l'alt\u00e9ration d\u00e9pend de la pr\u00e9sence d'eau, de la temp\u00e9rature et de la composition de la roche.<br \/>\nPolyvalence : Le granit est un choix tr\u00e8s efficace pour la sculpture, la gravure, la gravure au laser et le sablage. Il peut \u00e9galement \u00eatre peint pour ajouter une \u0153uvre d'art et donner plus de personnalit\u00e9 \u00e0 la pierre tombale.<br \/>\nChoisir le bon mat\u00e9riau pour la pierre tombale de votre proche est une d\u00e9cision importante. Bien que le bronze et le marbre restent des choix populaires pour les consommateurs modernes, le granit est le mat\u00e9riau le plus utilis\u00e9 pour fabriquer des pierres tombales, des bancs comm\u00e9moratifs et d'autres articles comm\u00e9moratifs.<br \/>\nBelle : Comme nous l'avons d\u00e9j\u00e0 mentionn\u00e9, le granit se pr\u00e9sente sous diff\u00e9rentes teintes naturelles. La plupart des granits pr\u00e9sentent des taches bleues, dor\u00e9es, vertes ou grises, en fonction des min\u00e9raux pr\u00e9sents dans la pierre. Il n'y a pas deux pierres tombales identiques car le granit est taill\u00e9 directement dans la carri\u00e8re et varie en fonction de l'emplacement.<br \/>\nPlus de 10 ans d'exp\u00e9rience dans le domaine de la pierre. Poss\u00e8de des carri\u00e8res, des usines et des soci\u00e9t\u00e9s commerciales pour assurer une livraison rapide, la meilleure qualit\u00e9 et le meilleur service. Nous vous invitons \u00e0 demander des renseignements sur les pierres tombales en granit noir indien.<\/p>\n<p style=\"text-align: center;\">Indien Noir Pierre tombale Monument Pierre tombale<\/p>\n<div style=\"text-align: center;\">\n<p><img loading=\"lazy\" decoding=\"async\" class=\"alignnone size-full wp-image-24647\" src=\"http:\/\/stone-phoenix.com\/wp-content\/uploads\/2023\/12\/screenshot-1705232539242.png\" alt=\"\" width=\"585\" height=\"564\" srcset=\"https:\/\/stone-phoenix.com\/wp-content\/uploads\/2023\/12\/screenshot-1705232539242.png 585w, https:\/\/stone-phoenix.com\/wp-content\/uploads\/2023\/12\/screenshot-1705232539242-300x289.png 300w, https:\/\/stone-phoenix.com\/wp-content\/uploads\/2023\/12\/screenshot-1705232539242-12x12.png 12w, https:\/\/stone-phoenix.com\/wp-content\/uploads\/2023\/12\/screenshot-1705232539242-150x145.png 150w\" sizes=\"(max-width: 585px) 100vw, 585px\" \/><\/p>\n<\/div>\n<div style=\"text-align: center;\">\n<p><img loading=\"lazy\" decoding=\"async\" class=\"alignnone size-full wp-image-24648\" src=\"http:\/\/stone-phoenix.com\/wp-content\/uploads\/2023\/12\/screenshot-1705499224603.png\" alt=\"\" width=\"1126\" height=\"936\" srcset=\"https:\/\/stone-phoenix.com\/wp-content\/uploads\/2023\/12\/screenshot-1705499224603.png 1126w, https:\/\/stone-phoenix.com\/wp-content\/uploads\/2023\/12\/screenshot-1705499224603-300x249.png 300w, https:\/\/stone-phoenix.com\/wp-content\/uploads\/2023\/12\/screenshot-1705499224603-1024x851.png 1024w, https:\/\/stone-phoenix.com\/wp-content\/uploads\/2023\/12\/screenshot-1705499224603-768x638.png 768w, https:\/\/stone-phoenix.com\/wp-content\/uploads\/2023\/12\/screenshot-1705499224603-14x12.png 14w, https:\/\/stone-phoenix.com\/wp-content\/uploads\/2023\/12\/screenshot-1705499224603-600x499.png 600w, https:\/\/stone-phoenix.com\/wp-content\/uploads\/2023\/12\/screenshot-1705499224603-150x125.png 150w\" sizes=\"(max-width: 1126px) 100vw, 1126px\" \/><\/p>\n<p><img decoding=\"async\" title=\"Phonenix \u80fd\u91cf\u77f3\u5de5\u5382.jpg\" src=\"http:\/\/stone-phoenix.com\/wp-content\/uploads\/2023\/12\/indian-black-phonenix%20power%20stone-tombstone-monument-headstone_658ee7bd2adf3.jpeg\" alt=\"\" \/><\/p>\n<\/div>\n<\/div>","protected":false},"excerpt":{"rendered":"<p>Indien Noir Pierre tombale Monument Pierre tombale<\/p>\n<p>Num\u00e9ro d'article : Pierre tombale Pierre tombale M-190<\/p>\n<p>Pierres tombales, Durabilit\u00e9 : Contrairement \u00e0 l'ardoise, au gr\u00e8s ou au marbre, le granit ne se casse pas, ne se d\u00e9t\u00e9riore pas et ne se tache pas. En fait, le v\u00e9ritable granit utilise la meilleure qualit\u00e9 de granit \u00e0 petits grains pour cr\u00e9er de magnifiques monuments fun\u00e9raires,<\/p>\n<p>Param\u00e8tres du produit<\/p>\n<p>Couleur :<br \/>\nGranit noir<\/p>\n<p>Taille :<br \/>\nD\u00e9coupe sur mesure<\/p>\n<p>Lieu d'origine :<br \/>\nLaizhou, Chine<\/p>\n<p>Traitement de surface :<br \/>\npolissage<\/p>\n<p>Obtenir un devis gratuit<\/p>","protected":false},"featured_media":24646,"template":"","meta":[],"product_cat":[110],"product_tag":[],"_links":{"self":[{"href":"https:\/\/stone-phoenix.com\/fr\/wp-json\/wp\/v2\/product\/23042"}],"collection":[{"href":"https:\/\/stone-phoenix.com\/fr\/wp-json\/wp\/v2\/product"}],"about":[{"href":"https:\/\/stone-phoenix.com\/fr\/wp-json\/wp\/v2\/types\/product"}],"wp:featuredmedia":[{"embeddable":true,"href":"https:\/\/stone-phoenix.com\/fr\/wp-json\/wp\/v2\/media\/24646"}],"wp:attachment":[{"href":"https:\/\/stone-phoenix.com\/fr\/wp-json\/wp\/v2\/media?parent=23042"}],"wp:term":[{"taxonomy":"product_cat","embeddable":true,"href":"https:\/\/stone-phoenix.com\/fr\/wp-json\/wp\/v2\/product_cat?post=23042"},{"taxonomy":"product_tag","embeddable":true,"href":"https:\/\/stone-phoenix.com\/fr\/wp-json\/wp\/v2\/product_tag?post=23042"}],"curies":[{"name":"wp","href":"https:\/\/api.w.org\/{rel}","templated":true}]}}