{"id":23050,"date":"2023-12-30T07:54:46","date_gmt":"2023-12-29T23:54:46","guid":{"rendered":"http:\/\/stone-phoenix.com\/product\/bahama-blue-tombstone-with-headstone-from-china"},"modified":"2024-02-04T19:46:10","modified_gmt":"2024-02-04T11:46:10","slug":"bahama-blue-tombstone-with-headstone-from-china","status":"publish","type":"product","link":"https:\/\/stone-phoenix.com\/fr\/produit\/bahama-blue-tombstone-with-headstone-from-china","title":{"rendered":"Pierre tombale bleu bahama avec pierre tombale de Chine"},"content":{"rendered":"<div class=\"c\">\n<p><span style=\"line-height: 200%;\"><span style=\"font-size: 16px;\">\u00a0 \u00a0 \u00a0<a href=\"http:\/\/www.phonenix%20power%20stonestone.com\/bahama-blue-tombstone-phonenix%20power%20stone-stone-p00327p1.html\"><strong>Pierre tombale en Chine polie Bahama Blue Monument<\/strong><\/a>\u00a0Avec pierre tombale phonenix power stone Wholesale From China. Le granit bleu Bahama est une couleur vibrante qui r\u00e9sistera \u00e0 l'\u00e9preuve du temps pour votre pierre tombale ou votre pierre tombale.<br \/>\nAvantages de la pierre tombale en granit : 1) notre pierre tombale en granit a une couleur uniforme et une taille de grain cristalline ; 2) texture dure, d\u00e9licate, pas facile \u00e0 corroder, r\u00e9sistance aux intemp\u00e9ries ; 3) pierre tombale sans fissures, sans cicatrices, lignes incolores ; 4) faible absorption d'eau, propri\u00e9t\u00e9s physiques et chimiques stables ; 5) production professionnelle, bon march\u00e9, vari\u00e9t\u00e9 de types et de couleurs.<\/span><\/span><br \/>\n<span style=\"line-height: 200%;\"><span style=\"font-size: 16px;\">\u00a0 \u00a0 \u00a0<a href=\"http:\/\/www.phonenix%20power%20stonestone.com\/bahama-blue-tombstone-wholesale-phonenix%20power%20stone-stone-p00247p1.html\"><strong>Pierre tombale bleu bahama de bonne qualit\u00e9<\/strong><\/a> peut varier l\u00e9g\u00e8rement en couleur en fonction de l'exposition \u00e0 la lumi\u00e8re.<br \/>\nNous disposons d'une large s\u00e9lection d'\u00e9chantillons de pierres tombales que vous pouvez consulter. Les pierres tombales peuvent \u00eatre personnalis\u00e9es pour r\u00e9pondre \u00e0 toutes les exigences, nos tailles standard sont list\u00e9es avec les prix (tableau des prix \u00e0 gauche). La taille et la forme peuvent \u00eatre ajust\u00e9es selon les pr\u00e9f\u00e9rences.<br \/>\nLe propri\u00e9taire de l'usine a plus de 12 ans d'exp\u00e9rience dans le domaine de la pierre. La livraison en temps voulu vous permet d'obtenir les r\u00e9sultats escompt\u00e9s. N'h\u00e9sitez pas \u00e0 nous contacter.<\/span><\/span><\/p>\n<div style=\"text-align: center;\">\n<p><img decoding=\"async\" style=\"height: 510px; width: 600px;\" title=\"Chine Bahama Blue Tombstone Monument Wholesale.jpg\" src=\"http:\/\/stone-phoenix.com\/wp-content\/uploads\/2023\/12\/bahama-blue-tombstone-with-headstone-from-china_658ee7c6535b1.jpeg\" \/><\/p>\n<p><span style=\"font-size: 16px;\">Pierre tombale bleu bahama avec pierre tombale de Chine<\/span><\/p>\n<p><img decoding=\"async\" title=\"Wholesale Bahama Blue Tombstone Headstone.jpg\" src=\"http:\/\/stone-phoenix.com\/wp-content\/uploads\/2023\/12\/bahama-blue-tombstone-with-headstone-from-china_658ee7c693375.png\" alt=\"\" \/><\/p>\n<p><img decoding=\"async\" title=\"phonenix power stone factory.jpg\" src=\"http:\/\/stone-phoenix.com\/wp-content\/uploads\/2023\/12\/bahama-blue-tombstone-with-headstone-from-china_658ee7c6c3f5e.jpeg\" alt=\"\" \/><\/p>\n<\/div>\n<\/div>","protected":false},"excerpt":{"rendered":"<p>Pierre tombale bleu bahama avec pierre tombale de Chine<\/p>\n<p>Num\u00e9ro d'article : Bahama Blue Tombstone 181218006-M<\/p>\n<p>Le granit bleu Bahama est une couleur vibrante qui r\u00e9sistera \u00e0 l'\u00e9preuve du temps pour votre pierre tombale ou votre pierre tombale.<\/p>\n<p>Param\u00e8tres du produit<\/p>\n<p>Couleur :<br \/>\nPierre tombale de couleur bleue<\/p>\n<p>Taille :<br \/>\nCoupe sur mesure<\/p>\n<p>Original :<br \/>\nLaizhou, Chine<\/p>\n<p>Finish Way :<br \/>\nPoli<\/p>\n<p>Obtenir un devis gratuit<\/p>","protected":false},"featured_media":24824,"template":"","meta":[],"product_cat":[110],"product_tag":[],"_links":{"self":[{"href":"https:\/\/stone-phoenix.com\/fr\/wp-json\/wp\/v2\/product\/23050"}],"collection":[{"href":"https:\/\/stone-phoenix.com\/fr\/wp-json\/wp\/v2\/product"}],"about":[{"href":"https:\/\/stone-phoenix.com\/fr\/wp-json\/wp\/v2\/types\/product"}],"wp:featuredmedia":[{"embeddable":true,"href":"https:\/\/stone-phoenix.com\/fr\/wp-json\/wp\/v2\/media\/24824"}],"wp:attachment":[{"href":"https:\/\/stone-phoenix.com\/fr\/wp-json\/wp\/v2\/media?parent=23050"}],"wp:term":[{"taxonomy":"product_cat","embeddable":true,"href":"https:\/\/stone-phoenix.com\/fr\/wp-json\/wp\/v2\/product_cat?post=23050"},{"taxonomy":"product_tag","embeddable":true,"href":"https:\/\/stone-phoenix.com\/fr\/wp-json\/wp\/v2\/product_tag?post=23050"}],"curies":[{"name":"wp","href":"https:\/\/api.w.org\/{rel}","templated":true}]}}