{"id":23058,"date":"2023-12-30T07:54:51","date_gmt":"2023-12-29T23:54:51","guid":{"rendered":"http:\/\/stone-phoenix.com\/product\/aurora-tombstone-headstone-wholesale-new"},"modified":"2024-02-26T10:56:43","modified_gmt":"2024-02-26T02:56:43","slug":"aurora-tombstone-headstone-wholesale-new","status":"publish","type":"product","link":"https:\/\/stone-phoenix.com\/fr\/produit\/aurora-tombstone-headstone-wholesale-new","title":{"rendered":"Aurora Tombstone Headstone Wholesale New"},"content":{"rendered":"<div class=\"c\">\n<p><span style=\"line-height: 200%;\"><span style=\"font-size: 16px;\"><a href=\"http:\/\/www.phonenix%20power%20stonestone.com\/china-aurora-tombstone-new-production-p00306p1.html\"><strong>Aurora Red Granite Tombstone Headstone (pierre tombale en granit rouge)<\/strong><\/a> Monument Wholeslae New phonenix power stone. Il s'agit d'un type de granit qui convient aux murs ext\u00e9rieurs et int\u00e9rieurs, aux sols, aux comptoirs, au granit, aux pierres tombales et \u00e0 d'autres projets de design.<br \/>\nComment nettoyer correctement la pierre tombale :<br \/>\nN'utilisez pas de cr\u00e8me \u00e0 raser sur votre marqueur.<br \/>\nN'utilisez pas n'importe quel nettoyant sur votre marqueur.<br \/>\nN'utilisez pas d'outils en m\u00e9tal dur pour nettoyer votre marqueur.<br \/>\nNe vous pr\u00e9occupez pas trop de l'assombrissement des marqueurs en bronze.<br \/>\nLes socles en granit sont une tradition relativement nouvelle dans le secteur des monuments comm\u00e9moratifs et, comme ils comportent des lettres en relief, ils sont con\u00e7us pour \u00eatre lus beaucoup plus longtemps - avec un minimum d'entretien - que les socles en granit uniquement.<br \/>\ndes contreparties.<br \/>\nLa bonne qualit\u00e9 <a href=\"http:\/\/www.phonenix%20power%20stonestone.com\/aurora-tombstone-headstone-wholesale-new-p00185p1.html\"><strong>granit poli aurora red tombstone pierre tombale<\/strong><\/a> se d\u00e9grade \u00e9galement plus lentement que d'autres pierres comme le marbre et le calcaire, ce qui signifie que les gravures sur la pierre tombale peuvent \u00eatre lues pendant des centaines d'ann\u00e9es.<br \/>\nPlus de 10 ans d'exp\u00e9rience dans le domaine de la pierre. Nous poss\u00e9dons la carri\u00e8re, l'usine et la soci\u00e9t\u00e9 commerciale pour garantir une livraison rapide, la meilleure qualit\u00e9 et le meilleur service.<\/span><\/span><\/p>\n<div style=\"text-align: center;\">\n<p><img loading=\"lazy\" decoding=\"async\" class=\"alignnone size-full wp-image-24909\" src=\"http:\/\/stone-phoenix.com\/wp-content\/uploads\/2023\/12\/Aurora-Tombstone-Headstone-Wholesale-New1-2.png\" alt=\"\" width=\"898\" height=\"1308\" srcset=\"https:\/\/stone-phoenix.com\/wp-content\/uploads\/2023\/12\/Aurora-Tombstone-Headstone-Wholesale-New1-2.png 898w, https:\/\/stone-phoenix.com\/wp-content\/uploads\/2023\/12\/Aurora-Tombstone-Headstone-Wholesale-New1-2-206x300.png 206w, https:\/\/stone-phoenix.com\/wp-content\/uploads\/2023\/12\/Aurora-Tombstone-Headstone-Wholesale-New1-2-703x1024.png 703w, https:\/\/stone-phoenix.com\/wp-content\/uploads\/2023\/12\/Aurora-Tombstone-Headstone-Wholesale-New1-2-768x1119.png 768w, https:\/\/stone-phoenix.com\/wp-content\/uploads\/2023\/12\/Aurora-Tombstone-Headstone-Wholesale-New1-2-8x12.png 8w, https:\/\/stone-phoenix.com\/wp-content\/uploads\/2023\/12\/Aurora-Tombstone-Headstone-Wholesale-New1-2-600x874.png 600w, https:\/\/stone-phoenix.com\/wp-content\/uploads\/2023\/12\/Aurora-Tombstone-Headstone-Wholesale-New1-2-150x218.png 150w\" sizes=\"(max-width: 898px) 100vw, 898px\" \/><\/p>\n<p><span style=\"font-size: 16px;\">Aurora Tombstone Headstone Wholesale New<\/span><\/p>\n<p><img decoding=\"async\" class=\"\" style=\"width: 891px; height: 346px;\" title=\"Granite Aurora Red Tombstone Headstone Wholesale package.jpg\" src=\"http:\/\/stone-phoenix.com\/wp-content\/uploads\/2023\/12\/aurora-tombstone-headstone-wholesale-new_658ee7d13a64a.png\" alt=\"\" \/><img loading=\"lazy\" decoding=\"async\" class=\"\" title=\"phonenix power stone factory.jpg\" src=\"http:\/\/stone-phoenix.com\/wp-content\/uploads\/2023\/12\/aurora-tombstone-headstone-wholesale-new_658ee7d16bd5d.jpeg\" alt=\"\" width=\"888\" height=\"518\" \/><\/p>\n<\/div>\n<\/div>","protected":false},"excerpt":{"rendered":"<p>Aurora Tombstone Headstone Wholesale New<\/p>\n<p>Num\u00e9ro d'article : Aurora Tombstone 181218005-M<\/p>\n<p>Les bases en granit sont une tradition relativement nouvelle dans l'industrie des monuments comm\u00e9moratifs, et les bases en granit sont une tradition relativement nouvelle dans l'industrie des monuments comm\u00e9moratifs, et les bases en granit sont une tradition relativement r\u00e9cente dans l'industrie des monuments comm\u00e9moratifs,<\/p>\n<p>Param\u00e8tres du produit<\/p>\n<p>Couleur :<br \/>\nCouleur rouge<\/p>\n<p>Taille :<br \/>\nCoupe sur mesure<\/p>\n<p>Original :<br \/>\nLaizhou, Chine<\/p>\n<p>Finish Way :<br \/>\nPoli<\/p>\n<p>Obtenir un devis gratuit<\/p>","protected":false},"featured_media":24906,"template":"","meta":[],"product_cat":[110],"product_tag":[],"_links":{"self":[{"href":"https:\/\/stone-phoenix.com\/fr\/wp-json\/wp\/v2\/product\/23058"}],"collection":[{"href":"https:\/\/stone-phoenix.com\/fr\/wp-json\/wp\/v2\/product"}],"about":[{"href":"https:\/\/stone-phoenix.com\/fr\/wp-json\/wp\/v2\/types\/product"}],"wp:featuredmedia":[{"embeddable":true,"href":"https:\/\/stone-phoenix.com\/fr\/wp-json\/wp\/v2\/media\/24906"}],"wp:attachment":[{"href":"https:\/\/stone-phoenix.com\/fr\/wp-json\/wp\/v2\/media?parent=23058"}],"wp:term":[{"taxonomy":"product_cat","embeddable":true,"href":"https:\/\/stone-phoenix.com\/fr\/wp-json\/wp\/v2\/product_cat?post=23058"},{"taxonomy":"product_tag","embeddable":true,"href":"https:\/\/stone-phoenix.com\/fr\/wp-json\/wp\/v2\/product_tag?post=23058"}],"curies":[{"name":"wp","href":"https:\/\/api.w.org\/{rel}","templated":true}]}}