{"id":23065,"date":"2023-12-30T07:54:57","date_gmt":"2023-12-29T23:54:57","guid":{"rendered":"http:\/\/stone-phoenix.com\/product\/indian-black-tombstone-from-china"},"modified":"2024-01-25T13:55:37","modified_gmt":"2024-01-25T05:55:37","slug":"indian-black-tombstone-from-china","status":"publish","type":"product","link":"https:\/\/stone-phoenix.com\/fr\/produit\/indian-black-tombstone-from-china","title":{"rendered":"Pierre tombale indienne noire de Chine"},"content":{"rendered":"<div class=\"c\">\n<p><span style=\"line-height: 200%;\"><span style=\"font-size: 16px;\">\u00a0 \u00a0 \u00a0<a href=\"http:\/\/www.phonenix%20power%20stonestone.com\/indian-black-granite-headstone-p00328p1.html\"><strong>Monument comm\u00e9moratif en granit noir pour pierres tombales indiennes<\/strong><\/a>\u00a0phonenix power stone Wholesale From China. Nous disposons d'une large gamme de pierres tombales en granit. Celles-ci peuvent \u00e9galement \u00eatre fabriqu\u00e9es selon les sp\u00e9cifications du client. Nous ne fournissons que des mat\u00e9riaux en granit authentique et de haute qualit\u00e9. Le granit s'alt\u00e8re lentement par rapport \u00e0 d'autres pierres comme le marbre et le calcaire, ce qui signifie que les gravures sur la pierre tombale peuvent \u00eatre lues pendant des centaines d'ann\u00e9es.<br \/>\nLes pierres tombales en granit peuvent accumuler toutes sortes de salet\u00e9s et de taches dues aux intemp\u00e9ries et aux terrains environnants. Ces taches peuvent s'accumuler au fil du temps et entra\u00eener des d\u00e9p\u00f4ts inesth\u00e9tiques ainsi que la formation de moisissures et de champignons.<br \/>\nLe granit est un mat\u00e9riau populaire pour les pierres tombales.  C'est un excellent type de pierre parce qu'il est abondant et qu'il existe dans une grande vari\u00e9t\u00e9 de couleurs et de textures cristallines.<br \/>\nLe <a href=\"http:\/\/www.phonenix%20power%20stonestone.com\/indian-black-phonenix%20power%20stone-tombstone-monument-headstone-p00194p1.html\"><strong>pierre tombale en granit noir indien poli pierre tombale<\/strong><\/a> se d\u00e9grade \u00e9galement lentement par rapport \u00e0 d'autres pierres comme le marbre et le calcaire, ce qui signifie que les gravures sur la pierre tombale peuvent \u00eatre lues pendant des centaines d'ann\u00e9es.<br \/>\nLe propri\u00e9taire de l'usine a plus de 12 ans d'exp\u00e9rience dans le domaine de la pierre. La livraison en temps voulu vous permet d'obtenir les r\u00e9sultats escompt\u00e9s. N'h\u00e9sitez pas \u00e0 nous contacter.<\/span><\/span><\/p>\n<div style=\"text-align: center;\"><img loading=\"lazy\" decoding=\"async\" class=\"alignnone size-full wp-image-24805\" src=\"http:\/\/stone-phoenix.com\/wp-content\/uploads\/2023\/12\/Indian-Black-Tombstone-From-China.png\" alt=\"\" width=\"895\" height=\"772\" srcset=\"https:\/\/stone-phoenix.com\/wp-content\/uploads\/2023\/12\/Indian-Black-Tombstone-From-China.png 895w, https:\/\/stone-phoenix.com\/wp-content\/uploads\/2023\/12\/Indian-Black-Tombstone-From-China-300x259.png 300w, https:\/\/stone-phoenix.com\/wp-content\/uploads\/2023\/12\/Indian-Black-Tombstone-From-China-768x662.png 768w, https:\/\/stone-phoenix.com\/wp-content\/uploads\/2023\/12\/Indian-Black-Tombstone-From-China-14x12.png 14w, https:\/\/stone-phoenix.com\/wp-content\/uploads\/2023\/12\/Indian-Black-Tombstone-From-China-600x518.png 600w, https:\/\/stone-phoenix.com\/wp-content\/uploads\/2023\/12\/Indian-Black-Tombstone-From-China-150x129.png 150w\" sizes=\"(max-width: 895px) 100vw, 895px\" \/><\/p>\n<p><span style=\"font-size: 16px;\">Pierre tombale indienne noire Monument phonenix power stone Wholesale From China<\/span><\/p>\n<p><img decoding=\"async\" class=\"\" style=\"width: 893px; height: 347px;\" title=\"Monument en pierre tombale en granit noir indien paquet de gros.jpg\" src=\"http:\/\/stone-phoenix.com\/wp-content\/uploads\/2023\/12\/indian-black-tombstone-from-china_658ee7dc12f75.png\" alt=\"\" \/><\/p>\n<p><img decoding=\"async\" class=\"\" style=\"width: 892px; height: 521px;\" title=\"phonenix power stone factory.jpg\" src=\"http:\/\/stone-phoenix.com\/wp-content\/uploads\/2023\/12\/indian-black-tombstone-from-china_658ee7dc3c15d.jpeg\" alt=\"\" \/><\/div>\n<\/div>","protected":false},"excerpt":{"rendered":"<p>Pierre tombale indienne noire de Chine<\/p>\n<p>N\u00b0 d'article : Phoenix Power Tombstone 181218-003<\/p>\n<p>Pierre tombale indienne noire de Chine.<\/p>\n<p>Param\u00e8tres du produit<\/p>\n<p>Couleur :<br \/>\nPierre tombale de couleur noire Commerce de gros<\/p>\n<p>Taille :<br \/>\nCoupe sur mesure<\/p>\n<p>Original :<br \/>\nLaizhou, Chine<\/p>\n<p>Finish Way :<br \/>\nPoli<\/p>\n<p>Obtenir un devis gratuit<\/p>","protected":false},"featured_media":24801,"template":"","meta":[],"product_cat":[110],"product_tag":[],"_links":{"self":[{"href":"https:\/\/stone-phoenix.com\/fr\/wp-json\/wp\/v2\/product\/23065"}],"collection":[{"href":"https:\/\/stone-phoenix.com\/fr\/wp-json\/wp\/v2\/product"}],"about":[{"href":"https:\/\/stone-phoenix.com\/fr\/wp-json\/wp\/v2\/types\/product"}],"wp:featuredmedia":[{"embeddable":true,"href":"https:\/\/stone-phoenix.com\/fr\/wp-json\/wp\/v2\/media\/24801"}],"wp:attachment":[{"href":"https:\/\/stone-phoenix.com\/fr\/wp-json\/wp\/v2\/media?parent=23065"}],"wp:term":[{"taxonomy":"product_cat","embeddable":true,"href":"https:\/\/stone-phoenix.com\/fr\/wp-json\/wp\/v2\/product_cat?post=23065"},{"taxonomy":"product_tag","embeddable":true,"href":"https:\/\/stone-phoenix.com\/fr\/wp-json\/wp\/v2\/product_tag?post=23065"}],"curies":[{"name":"wp","href":"https:\/\/api.w.org\/{rel}","templated":true}]}}