{"id":23072,"date":"2023-12-30T07:55:02","date_gmt":"2023-12-29T23:55:02","guid":{"rendered":"http:\/\/stone-phoenix.com\/product\/viscount-white-color-tombstone-wholesale-with-black-headstone"},"modified":"2024-01-25T13:39:18","modified_gmt":"2024-01-25T05:39:18","slug":"viscount-white-color-tombstone-wholesale-with-black-headstone","status":"publish","type":"product","link":"https:\/\/stone-phoenix.com\/fr\/produit\/viscount-white-color-tombstone-wholesale-with-black-headstone","title":{"rendered":"Viscount Pierre tombale couleur blanche grossiste avec pierre tombale noire"},"content":{"rendered":"<div class=\"c\">\n<p><span style=\"line-height: 200%;\"><span style=\"font-size: 16px;\">\u00a0 \u00a0 \u00a0Chine <a href=\"http:\/\/www.phonenix%20power%20stonestone.com\/china-viscount-white-tombstone-wholesale-p00293p1.html\"><strong>Viscount White Color Tombstone Monument Wholesale<\/strong><\/a> Avec pierre tombale noire. Il s'agit d'un type de granit qui convient aux murs et aux sols ext\u00e9rieurs et int\u00e9rieurs, au granit, aux pierres tombales et \u00e0 d'autres projets de design.<br \/>\nAvantages de la pierre tombale en granit : 1) notre pierre tombale en granit a une couleur et une taille de grain uniformes ; 2) texture dure, d\u00e9licate, pas facile \u00e0 corroder, r\u00e9sistance aux intemp\u00e9ries ; 3) pierre tombale sans fissures, sans cicatrices, lignes incolores ; 4) faible absorption d'eau, propri\u00e9t\u00e9s physiques et chimiques stables ; 5) production professionnelle, bon march\u00e9, vari\u00e9t\u00e9 de types et de couleurs.<br \/>\nTout au long du processus de production, du choix des mati\u00e8res premi\u00e8res \u00e0 l'emballage en passant par la fabrication, notre contr\u00f4leur de qualit\u00e9 inspecte rigoureusement chaque pi\u00e8ce et contr\u00f4le chaque processus afin de garantir le respect des normes de qualit\u00e9.<br \/>\nLe <a href=\"http:\/\/www.phonenix%20power%20stonestone.com\/viscount-white-color-tombstone-wholesale-with-black-headstone-p00182p1.html\"><strong>granit poli vicomte pierre tombale blanche pierre tombale<\/strong><\/a> est un choix fr\u00e9quent pour les pierres tombales. C'est une belle pierre, plus dure que le marbre, qui permet de r\u00e9aliser des monuments comm\u00e9moratifs durables.<br \/>\nPlus de 10 ans d'exp\u00e9rience dans le domaine de la pierre. Nous poss\u00e9dons la carri\u00e8re, l'usine et la soci\u00e9t\u00e9 commerciale pour garantir une livraison rapide, la meilleure qualit\u00e9 et le meilleur service. N'h\u00e9sitez pas \u00e0 demander des renseignements.<\/span><\/span><\/p>\n<div style=\"text-align: center;\">\n<p><span style=\"font-size: 16px;\">Viscont White Color Tombstone Wholesale With Black Headstone (pierre tombale de couleur blanche avec pierre tombale noire)<\/span><\/div>\n<div style=\"text-align: center;\"><img loading=\"lazy\" decoding=\"async\" class=\"alignnone  wp-image-24799\" src=\"http:\/\/stone-phoenix.com\/wp-content\/uploads\/2023\/12\/Viscount-White-Color-Tombstone-Wholesale-With-Black-Headstone_result.png\" alt=\"\" width=\"925\" height=\"704\" srcset=\"https:\/\/stone-phoenix.com\/wp-content\/uploads\/2023\/12\/Viscount-White-Color-Tombstone-Wholesale-With-Black-Headstone_result.png 900w, https:\/\/stone-phoenix.com\/wp-content\/uploads\/2023\/12\/Viscount-White-Color-Tombstone-Wholesale-With-Black-Headstone_result-300x228.png 300w, https:\/\/stone-phoenix.com\/wp-content\/uploads\/2023\/12\/Viscount-White-Color-Tombstone-Wholesale-With-Black-Headstone_result-768x585.png 768w, https:\/\/stone-phoenix.com\/wp-content\/uploads\/2023\/12\/Viscount-White-Color-Tombstone-Wholesale-With-Black-Headstone_result-16x12.png 16w, https:\/\/stone-phoenix.com\/wp-content\/uploads\/2023\/12\/Viscount-White-Color-Tombstone-Wholesale-With-Black-Headstone_result-600x457.png 600w, https:\/\/stone-phoenix.com\/wp-content\/uploads\/2023\/12\/Viscount-White-Color-Tombstone-Wholesale-With-Black-Headstone_result-150x114.png 150w\" sizes=\"(max-width: 925px) 100vw, 925px\" \/><\/p>\n<p><img decoding=\"async\" class=\"\" style=\"width: 907px; height: 352px;\" title=\"Bon prix Granite Viscount White Tombstone Headstone package.jpg\" src=\"http:\/\/stone-phoenix.com\/wp-content\/uploads\/2023\/12\/viscount-white-color-tombstone-wholesale-with-black-headstone_658ee7e6cc62d.png\" alt=\"\" \/><a class=\"ab-item\" href=\"http:\/\/stone-phoenix.com\/fr\/wp-admin\/profile.php\/\" aria-haspopup=\"true\"><span class=\"display-name\">phonenixpower<\/span><\/a><br \/>\n<img decoding=\"async\" class=\"\" style=\"height: 521px; width: 893px;\" title=\"phonenix power stone factory.jpg\" src=\"http:\/\/stone-phoenix.com\/wp-content\/uploads\/2023\/12\/viscount-white-color-tombstone-wholesale-with-black-headstone_658ee7e75da75.jpeg\" alt=\"\" \/><\/div>\n<\/div>","protected":false},"excerpt":{"rendered":"<p>Viscount Pierre tombale couleur blanche grossiste avec pierre tombale noire<\/p>\n<p>Num\u00e9ro d'article : Viscount White Color Tombstone 18121800<\/p>\n<p>Viscount Pierre tombale couleur blanche grossiste avec pierre tombale noire<\/p>\n<p>Param\u00e8tres du produit<\/p>\n<p>Couleur :<br \/>\nPierre tombale de couleur blanche<\/p>\n<p>Taille :<br \/>\nPierre tombale taill\u00e9e sur mesure<\/p>\n<p>Original :<br \/>\nLaizhou, Chine<\/p>\n<p>Finish Way :<br \/>\nPoli<\/p>\n<p>Obtenir un devis gratuit<\/p>","protected":false},"featured_media":24799,"template":"","meta":[],"product_cat":[110],"product_tag":[],"_links":{"self":[{"href":"https:\/\/stone-phoenix.com\/fr\/wp-json\/wp\/v2\/product\/23072"}],"collection":[{"href":"https:\/\/stone-phoenix.com\/fr\/wp-json\/wp\/v2\/product"}],"about":[{"href":"https:\/\/stone-phoenix.com\/fr\/wp-json\/wp\/v2\/types\/product"}],"wp:featuredmedia":[{"embeddable":true,"href":"https:\/\/stone-phoenix.com\/fr\/wp-json\/wp\/v2\/media\/24799"}],"wp:attachment":[{"href":"https:\/\/stone-phoenix.com\/fr\/wp-json\/wp\/v2\/media?parent=23072"}],"wp:term":[{"taxonomy":"product_cat","embeddable":true,"href":"https:\/\/stone-phoenix.com\/fr\/wp-json\/wp\/v2\/product_cat?post=23072"},{"taxonomy":"product_tag","embeddable":true,"href":"https:\/\/stone-phoenix.com\/fr\/wp-json\/wp\/v2\/product_tag?post=23072"}],"curies":[{"name":"wp","href":"https:\/\/api.w.org\/{rel}","templated":true}]}}