{"id":23081,"date":"2023-12-30T07:55:08","date_gmt":"2023-12-29T23:55:08","guid":{"rendered":"http:\/\/stone-phoenix.com\/product\/swan-blue-granite-tombstone-monuments-to-poland-market"},"modified":"2024-06-09T00:08:28","modified_gmt":"2024-06-08T16:08:28","slug":"swan-blue-granite-tombstone-monuments-to-poland-market","status":"publish","type":"product","link":"https:\/\/stone-phoenix.com\/fr\/produit\/swan-blue-granite-tombstone-monuments-to-poland-market","title":{"rendered":"Swan Blue Granite Tombstone Monuments to Poland Market (pierres tombales en granit bleu)"},"content":{"rendered":"<div class=\"c\">\n<p><span style=\"line-height: 200%;\"><span style=\"font-size: 16px;\">\u00a0 \u00a0 \u00a0Chine <a href=\"http:\/\/www.phonenix%20power%20stonestone.com\/swan-blue-granite-tombstone-wholesale-phonenix%20power%20stone-stone-p00391p1.html\"><strong>Granit bleu cygne <span style=\"color: #000000;\">Monuments de pierre tombale Commerce de gros<\/span><\/strong><\/a> au march\u00e9 polonais. Nous disposons d'une large gamme de pierres tombales en granit. Elles peuvent \u00e9galement \u00eatre fabriqu\u00e9es selon les sp\u00e9cifications du client. Nous ne fournissons que des mat\u00e9riaux en granit authentique et de haute qualit\u00e9. Le granit s'alt\u00e8re lentement par rapport \u00e0 d'autres pierres comme le marbre et le calcaire, ce qui signifie que les gravures sur la pierre tombale peuvent \u00eatre lues pendant des centaines d'ann\u00e9es.<br \/>\nEmballage : mousse plastique \u00e0 l'int\u00e9rieur, caisse en bois solide fumig\u00e9e \u00e0 l'ext\u00e9rieur, emballage maritime s\u00fbr, ou selon les besoins du client. Les pierres tombales en granit peuvent accumuler toutes sortes de salet\u00e9s et de taches dues aux intemp\u00e9ries et aux terrains environnants. Ces taches peuvent s'accumuler au fil du temps et conduire \u00e0 des d\u00e9p\u00f4ts inesth\u00e9tiques ainsi qu'\u00e0 la formation de moisissures et de champignons.\u00a0<\/span><\/span><br \/>\n<span style=\"line-height: 200%;\"><span style=\"font-size: 16px;\">\u00a0 \u00a0 \u00a0Le granit bleu cygne de bonne qualit\u00e9 est un bon mat\u00e9riau pour les monuments. Nous vous invitons \u00e0 vous renseigner sur le granit bleu cygne de bonne qualit\u00e9. <a href=\"http:\/\/www.phonenix%20power%20stonestone.com\/chinese-granite-swan-blue-tombstone-monuments-headstone-p00118p1.html\"><strong>pierre tombale en granit bleu cygne poli pierre tombale<\/strong><\/a>. Nous vous proposerons un bon prix.<br \/>\nAvec sa propre carri\u00e8re et ses propres usines, la soci\u00e9t\u00e9 Laizhou phonenix power stone, qui travaille dans le secteur de la pierre depuis 10 ans, est professionnelle et s\u00fbre de pouvoir vous offrir des produits de qualit\u00e9 sup\u00e9rieure et des prix bas. En outre, nos bons services, qui comprennent la CAO, le personnel de contr\u00f4le qualit\u00e9, le certificat CE et la livraison dans les d\u00e9lais, sont s\u00fbrs de r\u00e9pondre \u00e0 votre satisfaction.<\/span><\/span><\/p>\n<div style=\"text-align: center;\"><img decoding=\"async\" style=\"height: 450px; width: 600px;\" title=\"Pierre tombale en granit bleu Swan Monuments Wholesale.jpg\" src=\"http:\/\/stone-phoenix.com\/wp-content\/uploads\/2023\/12\/swan-blue-granite-tombstone-monuments-to-poland-market_658ee7f338f8f.jpeg\" \/><\/p>\n<p><span style=\"font-size: 16px;\">Swan Blue Granite Tombstone Monuments to Poland Market (pierres tombales en granit bleu)<\/span><\/p>\n<p><img decoding=\"async\" style=\"height: 450px; width: 600px;\" title=\"Pierre tombale en granit bleu cygne poli.jpg\" src=\"http:\/\/stone-phoenix.com\/wp-content\/uploads\/2023\/12\/swan-blue-granite-tombstone-monuments-to-poland-market_658ee7f3afe39.jpeg\" \/><\/p>\n<p><img decoding=\"async\" style=\"width: 600px; height: 233px;\" title=\"Swan Blue Granite Tombstone Monuments Wholesale package.jpg\" src=\"http:\/\/stone-phoenix.com\/wp-content\/uploads\/2023\/12\/swan-blue-granite-tombstone-monuments-to-poland-market_658ee7f42fc6a.png\" alt=\"\" \/><\/p>\n<p><img decoding=\"async\" style=\"width: 600px; height: 350px;\" title=\"phonenix power stone factory.jpg\" src=\"http:\/\/stone-phoenix.com\/wp-content\/uploads\/2023\/12\/swan-blue-granite-tombstone-monuments-to-poland-market_658ee7f458276.jpeg\" alt=\"\" \/><\/div>\n<\/div>","protected":false},"excerpt":{"rendered":"<p>Swan Blue Granite Tombstone Monuments to Poland Market (pierres tombales en granit bleu)<\/p>\n<p>N\u00b0 d'article : S-Swan Blue Tombstone Monuments<\/p>\n<p>Swan Blue Granite Tombstone Monuments to Poland Market (pierres tombales en granit bleu)<br \/>\nLe granit bleu cygne est un bon mat\u00e9riau pour les monuments.<\/p>\n<p>Param\u00e8tres du produit<\/p>\n<p>Couleur :<br \/>\nBleu<\/p>\n<p>Taille :<br \/>\nen tant que client<\/p>\n<p>Original :<br \/>\nChine<\/p>\n<p>Finish Way :<br \/>\nPolissage, sculpture<\/p>\n<p>Obtenir un devis gratuit<\/p>","protected":false},"featured_media":23241,"template":"","meta":[],"product_cat":[110],"product_tag":[],"_links":{"self":[{"href":"https:\/\/stone-phoenix.com\/fr\/wp-json\/wp\/v2\/product\/23081"}],"collection":[{"href":"https:\/\/stone-phoenix.com\/fr\/wp-json\/wp\/v2\/product"}],"about":[{"href":"https:\/\/stone-phoenix.com\/fr\/wp-json\/wp\/v2\/types\/product"}],"wp:featuredmedia":[{"embeddable":true,"href":"https:\/\/stone-phoenix.com\/fr\/wp-json\/wp\/v2\/media\/23241"}],"wp:attachment":[{"href":"https:\/\/stone-phoenix.com\/fr\/wp-json\/wp\/v2\/media?parent=23081"}],"wp:term":[{"taxonomy":"product_cat","embeddable":true,"href":"https:\/\/stone-phoenix.com\/fr\/wp-json\/wp\/v2\/product_cat?post=23081"},{"taxonomy":"product_tag","embeddable":true,"href":"https:\/\/stone-phoenix.com\/fr\/wp-json\/wp\/v2\/product_tag?post=23081"}],"curies":[{"name":"wp","href":"https:\/\/api.w.org\/{rel}","templated":true}]}}