{"id":23090,"date":"2023-12-30T07:55:14","date_gmt":"2023-12-29T23:55:14","guid":{"rendered":"http:\/\/stone-phoenix.com\/product\/grey-color-angel-tombstone-monuments-with-nice-work"},"modified":"2024-02-04T20:38:07","modified_gmt":"2024-02-04T12:38:07","slug":"grey-color-angel-tombstone-monuments-with-nice-work","status":"publish","type":"product","link":"https:\/\/stone-phoenix.com\/fr\/produit\/grey-color-angel-tombstone-monuments-with-nice-work","title":{"rendered":"Monuments de pierre tombale en forme d'ange de couleur grise avec un beau travail"},"content":{"rendered":"<div class=\"c\">\n<p><span style=\"line-height: 200%;\"><span style=\"font-size: 16px;\">\u00a0 \u00a0 \u00a0<a href=\"http:\/\/www.phonenix%20power%20stonestone.com\/grey-color-angel-tombstone-monuments-with-nice-work-p00151p1.html\"><strong>Ange de couleur gris <span style=\"color: #000000;\">Monuments de pierre tombale Commerce de gros<\/span><\/strong><\/a> Avec du beau travail. Le granit est un choix fr\u00e9quent pour les pierres tombales. C'est une belle pierre, plus dure que le marbre, qui permet de r\u00e9aliser des monuments comm\u00e9moratifs durables.<br \/>\nAu fil du temps, les pierres tombales accumulent des lichens, de la mousse, des excr\u00e9ments d'oiseaux ou des d\u00e9p\u00f4ts de calcium dus \u00e0 l'eau dure, qui provient g\u00e9n\u00e9ralement du syst\u00e8me d'arrosage des pelouses du cimeti\u00e8re.<br \/>\nTout au long du processus de production, du choix des mati\u00e8res premi\u00e8res \u00e0 l'emballage en passant par la fabrication, notre contr\u00f4leur de qualit\u00e9 inspecte rigoureusement chaque pi\u00e8ce et contr\u00f4le chaque processus afin de garantir le respect des normes de qualit\u00e9.<\/span><\/span><br \/>\n<span style=\"line-height: 200%;\"><span style=\"font-size: 16px;\">\u00a0 \u00a0 \u00a0Le granit G9402 est un bon mat\u00e9riau pour les monuments, les pierres tombales Angel qui n\u00e9cessitent un tr\u00e8s beau travail de sculpture. Le granit <a href=\"http:\/\/www.phonenix%20power%20stonestone.com\/white-jade-marble-sculpture-virgin-mary-p00233p1.html\"><strong>ailes d'ange polies granit pierre tombale pierre tombale<\/strong><\/a> disposent d'un contr\u00f4le de la qualit\u00e9, y compris d'un personnel exp\u00e9riment\u00e9 en mati\u00e8re de contr\u00f4le de la qualit\u00e9 ; l'\u00e9quipe, compos\u00e9e de plus de 20 membres, assure un contr\u00f4le de la qualit\u00e9 rigoureux.<br \/>\nLe propri\u00e9taire de l'usine a plus de 12 ans d'exp\u00e9rience dans le domaine de la pierre. La livraison en temps voulu vous permet d'obtenir les r\u00e9sultats escompt\u00e9s. N'h\u00e9sitez pas \u00e0 nous contacter.<\/span><\/span><\/p>\n<div style=\"text-align: center;\">\n<p><img decoding=\"async\" class=\"\" style=\"height: 709px; width: 945px;\" title=\"Grossiste Granit Gris Ailes d&#039;Ange Pierres Tombales Monuments.jpg\" src=\"http:\/\/stone-phoenix.com\/wp-content\/uploads\/2023\/12\/grey-color-angel-tombstone-monuments-with-nice-work_658ee80242660.jpeg\" \/><\/p>\n<p><span style=\"font-size: 16px;\">Monuments de pierre tombale en forme d'ange de couleur grise avec un beau travail<\/span><\/p>\n<p><img loading=\"lazy\" decoding=\"async\" class=\"alignnone size-full wp-image-24834\" src=\"http:\/\/stone-phoenix.com\/wp-content\/uploads\/2023\/12\/Grey-Color-Angel-Tombstone-Monuments-With-Nice-Work-4-1.jpg\" alt=\"\" width=\"1075\" height=\"631\" srcset=\"https:\/\/stone-phoenix.com\/wp-content\/uploads\/2023\/12\/Grey-Color-Angel-Tombstone-Monuments-With-Nice-Work-4-1.jpg 1075w, https:\/\/stone-phoenix.com\/wp-content\/uploads\/2023\/12\/Grey-Color-Angel-Tombstone-Monuments-With-Nice-Work-4-1-300x176.jpg 300w, https:\/\/stone-phoenix.com\/wp-content\/uploads\/2023\/12\/Grey-Color-Angel-Tombstone-Monuments-With-Nice-Work-4-1-1024x601.jpg 1024w, https:\/\/stone-phoenix.com\/wp-content\/uploads\/2023\/12\/Grey-Color-Angel-Tombstone-Monuments-With-Nice-Work-4-1-768x451.jpg 768w, https:\/\/stone-phoenix.com\/wp-content\/uploads\/2023\/12\/Grey-Color-Angel-Tombstone-Monuments-With-Nice-Work-4-1-18x12.jpg 18w, https:\/\/stone-phoenix.com\/wp-content\/uploads\/2023\/12\/Grey-Color-Angel-Tombstone-Monuments-With-Nice-Work-4-1-600x352.jpg 600w, https:\/\/stone-phoenix.com\/wp-content\/uploads\/2023\/12\/Grey-Color-Angel-Tombstone-Monuments-With-Nice-Work-4-1-150x88.jpg 150w\" sizes=\"(max-width: 1075px) 100vw, 1075px\" \/><\/p>\n<p><img decoding=\"async\" style=\"width: 600px; height: 233px;\" title=\"Grossiste Granit Gris Ailes d&#039;Ange Pierres Tombales Monuments package.jpg\" src=\"http:\/\/stone-phoenix.com\/wp-content\/uploads\/2023\/12\/grey-color-angel-tombstone-monuments-with-nice-work_658ee8058b2fd.png\" alt=\"\" \/><\/p>\n<p><img decoding=\"async\" style=\"width: 600px; height: 350px;\" title=\"phonenix power stone factory.jpg\" src=\"http:\/\/stone-phoenix.com\/wp-content\/uploads\/2023\/12\/grey-color-angel-tombstone-monuments-with-nice-work_658ee805b9aec.jpeg\" alt=\"\" \/><\/p>\n<\/div>\n<\/div>","protected":false},"excerpt":{"rendered":"<p>Monuments de pierre tombale en forme d'ange de couleur grise avec un beau travail<\/p>\n<p>Num\u00e9ro d'article : S-Angel Tombstone Monuments<\/p>\n<p>Monuments de pierre tombale en forme d'ange de couleur grise avec un beau travail<br \/>\nG9402 granit pour Angel Tombstone Monuments, tr\u00e8s beau travail de sculpture.<\/p>\n<p>Param\u00e8tres du produit<\/p>\n<p>Couleur :<br \/>\nGris<\/p>\n<p>Taille :<br \/>\nen tant que client<\/p>\n<p>Original :<br \/>\nChine<\/p>\n<p>Finish Way :<br \/>\nPolissage, sculpture<\/p>\n<p>Obtenir un devis gratuit<\/p>","protected":false},"featured_media":24830,"template":"","meta":[],"product_cat":[110],"product_tag":[],"_links":{"self":[{"href":"https:\/\/stone-phoenix.com\/fr\/wp-json\/wp\/v2\/product\/23090"}],"collection":[{"href":"https:\/\/stone-phoenix.com\/fr\/wp-json\/wp\/v2\/product"}],"about":[{"href":"https:\/\/stone-phoenix.com\/fr\/wp-json\/wp\/v2\/types\/product"}],"wp:featuredmedia":[{"embeddable":true,"href":"https:\/\/stone-phoenix.com\/fr\/wp-json\/wp\/v2\/media\/24830"}],"wp:attachment":[{"href":"https:\/\/stone-phoenix.com\/fr\/wp-json\/wp\/v2\/media?parent=23090"}],"wp:term":[{"taxonomy":"product_cat","embeddable":true,"href":"https:\/\/stone-phoenix.com\/fr\/wp-json\/wp\/v2\/product_cat?post=23090"},{"taxonomy":"product_tag","embeddable":true,"href":"https:\/\/stone-phoenix.com\/fr\/wp-json\/wp\/v2\/product_tag?post=23090"}],"curies":[{"name":"wp","href":"https:\/\/api.w.org\/{rel}","templated":true}]}}