{"id":23099,"date":"2023-12-30T07:55:21","date_gmt":"2023-12-29T23:55:21","guid":{"rendered":"http:\/\/stone-phoenix.com\/product\/light-grey-color-american-style-tombstone-monuments-with-good-design"},"modified":"2024-06-08T23:56:26","modified_gmt":"2024-06-08T15:56:26","slug":"light-grey-color-american-style-tombstone-monuments-with-good-design","status":"publish","type":"product","link":"https:\/\/stone-phoenix.com\/fr\/produit\/light-grey-color-american-style-tombstone-monuments-with-good-design","title":{"rendered":"Monuments en pierre tombale de style am\u00e9ricain de couleur gris clair avec un bon design"},"content":{"rendered":"<div class=\"c\">\n<p><span style=\"line-height: 200%;\"><span style=\"font-size: 16px;\">\u00a0 \u00a0 \u00a0<a href=\"http:\/\/www.phonenix%20power%20stonestone.com\/light-grey-color-american-style-tombstone-monuments-with-good-design-p00150p1.html\"><strong>Couleur gris clair Style am\u00e9ricain <span style=\"color: #000000;\">Monuments fun\u00e9raires<\/span><\/strong><\/a> Avec un bon design. Cette pierre tombale en granit est id\u00e9ale pour les murs et les sols ext\u00e9rieurs et int\u00e9rieurs, le granit, les comptoirs, les plans de travail, les pierres tombales et d'autres projets de conception.<br \/>\nNous disposons d'une large gamme de pierres tombales en granit. Celles-ci peuvent \u00e9galement \u00eatre fabriqu\u00e9es selon les sp\u00e9cifications du client. Nous ne fournissons que des mat\u00e9riaux en granit authentique et de haute qualit\u00e9. Le granit s'alt\u00e8re lentement par rapport \u00e0 d'autres pierres comme le marbre et le calcaire, ce qui signifie que les gravures sur la pierre tombale peuvent \u00eatre lues pendant des centaines d'ann\u00e9es.<br \/>\nLa pierre tombale a plusieurs styles, notamment : pierre tombale en granit, monument europ\u00e9en, pierre tombale en forme de statue, pierre tombale sculpt\u00e9e, pierre tombale design, monument en granit. La pierre tombale <a href=\"http:\/\/www.phonenix%20power%20stonestone.com\/grey-granite-g603-tombstone-monument-tombstone-headstone-to-romania-market-p00431p1.html\"><strong>granit gris poli pierre tombale droite pierre tombale<\/strong><\/a> disposent d'un contr\u00f4le de la qualit\u00e9, y compris d'un personnel exp\u00e9riment\u00e9 en mati\u00e8re de contr\u00f4le de la qualit\u00e9 ; l'\u00e9quipe, compos\u00e9e de plus de 20 membres, assure un contr\u00f4le de la qualit\u00e9 rigoureux.<br \/>\nNotre usine peut fournir des mat\u00e9riaux vari\u00e9s et proposer des dessins CAD de monuments aux clients. Plus de 10 ans d'exp\u00e9rience dans le domaine de la pierre. Nous poss\u00e9dons la carri\u00e8re, l'usine et la soci\u00e9t\u00e9 commerciale pour assurer une livraison rapide, la meilleure qualit\u00e9 et le meilleur service. N'h\u00e9sitez pas \u00e0 nous demander des renseignements.<\/span><\/span><\/p>\n<div style=\"text-align: center;\">\n<p><img decoding=\"async\" style=\"height: 338px; width: 600px;\" title=\"Pierres tombales droites en granit gris clair Monuments Wholesale.jpg\" src=\"http:\/\/stone-phoenix.com\/wp-content\/uploads\/2023\/12\/light-grey-color-american-style-tombstone-monuments-with-good-design_658ee812b621a.jpeg\" \/><\/p>\n<p><span style=\"font-size: 16px;\">Monuments en pierre tombale de style am\u00e9ricain de couleur gris clair avec un bon design<\/span><\/p>\n<p><img decoding=\"async\" style=\"height: 338px; width: 600px;\" title=\"Pierre tombale verticale en granit gris de style am\u00e9ricain Headstone.jpg\" src=\"http:\/\/stone-phoenix.com\/wp-content\/uploads\/2023\/12\/light-grey-color-american-style-tombstone-monuments-with-good-design_658ee81407a6d.jpeg\" \/><\/p>\n<p><img decoding=\"async\" style=\"width: 600px; height: 233px;\" title=\"Pierres tombales en granit gris clair debout Monuments Wholesale package.jpg\" src=\"http:\/\/stone-phoenix.com\/wp-content\/uploads\/2023\/12\/light-grey-color-american-style-tombstone-monuments-with-good-design_658ee81550eac.png\" alt=\"\" \/><\/p>\n<p><img decoding=\"async\" style=\"width: 600px; height: 350px;\" title=\"phonenix power stone factory.jpg\" src=\"http:\/\/stone-phoenix.com\/wp-content\/uploads\/2023\/12\/light-grey-color-american-style-tombstone-monuments-with-good-design_658ee81593af0.jpeg\" alt=\"\" \/><\/p>\n<\/div>\n<\/div>","protected":false},"excerpt":{"rendered":"<p>Monuments en pierre tombale de style am\u00e9ricain de couleur gris clair avec un bon design<\/p>\n<p>N\u00b0 d'article : Monuments fun\u00e9raires de style am\u00e9ricain S<\/p>\n<p>Monuments en pierre tombale de style am\u00e9ricain de couleur gris clair avec un bon design<br \/>\nLe granit gris clair G603 est un bon mat\u00e9riau pour les monuments.<\/p>\n<p>Param\u00e8tres du produit<\/p>\n<p>Couleur :<br \/>\nGris clair<\/p>\n<p>Taille :<br \/>\nen tant que client<\/p>\n<p>Original :<br \/>\nChine<\/p>\n<p>Finish Way :<br \/>\nPoli<\/p>\n<p>Obtenir un devis gratuit<\/p>","protected":false},"featured_media":23243,"template":"","meta":[],"product_cat":[110],"product_tag":[],"_links":{"self":[{"href":"https:\/\/stone-phoenix.com\/fr\/wp-json\/wp\/v2\/product\/23099"}],"collection":[{"href":"https:\/\/stone-phoenix.com\/fr\/wp-json\/wp\/v2\/product"}],"about":[{"href":"https:\/\/stone-phoenix.com\/fr\/wp-json\/wp\/v2\/types\/product"}],"wp:featuredmedia":[{"embeddable":true,"href":"https:\/\/stone-phoenix.com\/fr\/wp-json\/wp\/v2\/media\/23243"}],"wp:attachment":[{"href":"https:\/\/stone-phoenix.com\/fr\/wp-json\/wp\/v2\/media?parent=23099"}],"wp:term":[{"taxonomy":"product_cat","embeddable":true,"href":"https:\/\/stone-phoenix.com\/fr\/wp-json\/wp\/v2\/product_cat?post=23099"},{"taxonomy":"product_tag","embeddable":true,"href":"https:\/\/stone-phoenix.com\/fr\/wp-json\/wp\/v2\/product_tag?post=23099"}],"curies":[{"name":"wp","href":"https:\/\/api.w.org\/{rel}","templated":true}]}}