{"id":23108,"date":"2023-12-30T07:55:28","date_gmt":"2023-12-29T23:55:28","guid":{"rendered":"http:\/\/stone-phoenix.com\/product\/light-grey-g439-granite-monuments-for-wholesale"},"modified":"2024-02-26T10:40:33","modified_gmt":"2024-02-26T02:40:33","slug":"light-grey-g439-granite-monuments-for-wholesale","status":"publish","type":"product","link":"https:\/\/stone-phoenix.com\/fr\/produit\/light-grey-g439-granite-monuments-for-wholesale","title":{"rendered":"Monuments en granit gris clair G439 pour la vente en gros"},"content":{"rendered":"<div class=\"c\">\n<p><span style=\"line-height: 200%;\"><span style=\"font-size: 16px;\">\u00a0 \u00a0 \u00a0<a href=\"http:\/\/www.phonenix%20power%20stonestone.com\/light-grey-g439-granite-monuments-for-wholesale-p00138p1.html\"><strong>Gris clair <span style=\"color: #000000;\">G439 Monuments en pierre tombale en granit<\/span><\/strong><\/a> Pour phonenix power stone Wholesale. Il s'agit d'un type de granit qui convient aux murs ext\u00e9rieurs et int\u00e9rieurs, aux sols, aux comptoirs, aux plans de travail, au granit, aux pierres tombales et \u00e0 d'autres projets de conception. Avec le temps, les pierres tombales accumulent des lichens, de la mousse, des excr\u00e9ments d'oiseaux ou des d\u00e9p\u00f4ts de calcium provenant de l'eau dure, g\u00e9n\u00e9ralement du syst\u00e8me d'arrosage de la pelouse du cimeti\u00e8re.<\/span><\/span><br \/>\n<span style=\"line-height: 200%;\"><span style=\"font-size: 16px;\">\u00a0 \u00a0 \u00a0Le granit G439 est \u00e9galement appel\u00e9 granit China Bianco Sardo, granit Big Flower White, granit Big Flower, granit Puning White, granit Puning White Flowers. Le granit G439 peut \u00eatre poli, sci\u00e9, ponc\u00e9, rocaill\u00e9, sabl\u00e9, tambourin\u00e9, etc. C'est un bon mat\u00e9riau pour les monuments.<br \/>\nLe granit est un choix fr\u00e9quent pour les pierres tombales. Le granit est un choix fr\u00e9quent pour les pierres tombales. <a href=\"http:\/\/www.phonenix%20power%20stonestone.com\/light-grey-color-american-style-tombstone-monuments-with-good-design-p00150p1.html\"><strong>granit gris poli G439 pierre tombale pierre tombale<\/strong><\/a> est une belle pierre, plus dure que le marbre et qui permet de r\u00e9aliser des m\u00e9moriaux de longue dur\u00e9e. Nous pouvons vous proposer un prix int\u00e9ressant.<br \/>\nAvec sa propre carri\u00e8re et ses propres usines, la soci\u00e9t\u00e9 Laizhou phonenix power stone, qui travaille dans le secteur de la pierre depuis 10 ans, est professionnelle et s\u00fbre de pouvoir vous offrir des produits de qualit\u00e9 sup\u00e9rieure et des prix bas. En outre, nos bons services, qui comprennent la CAO, le personnel de contr\u00f4le qualit\u00e9, le certificat CE et la livraison dans les d\u00e9lais, sont s\u00fbrs de r\u00e9pondre \u00e0 votre satisfaction.<\/span><\/span><\/p>\n<div style=\"text-align: center;\">\n<p><img loading=\"lazy\" decoding=\"async\" class=\"alignnone  wp-image-24904\" src=\"http:\/\/stone-phoenix.com\/wp-content\/uploads\/2023\/12\/Light-Grey-G439-Granite-Monuments-For-Wholesale-2.png\" alt=\"\" width=\"598\" height=\"402\" srcset=\"https:\/\/stone-phoenix.com\/wp-content\/uploads\/2023\/12\/Light-Grey-G439-Granite-Monuments-For-Wholesale-2.png 571w, https:\/\/stone-phoenix.com\/wp-content\/uploads\/2023\/12\/Light-Grey-G439-Granite-Monuments-For-Wholesale-2-300x202.png 300w, https:\/\/stone-phoenix.com\/wp-content\/uploads\/2023\/12\/Light-Grey-G439-Granite-Monuments-For-Wholesale-2-18x12.png 18w, https:\/\/stone-phoenix.com\/wp-content\/uploads\/2023\/12\/Light-Grey-G439-Granite-Monuments-For-Wholesale-2-150x101.png 150w\" sizes=\"(max-width: 598px) 100vw, 598px\" \/><\/p>\n<p><span style=\"font-size: 16px;\">Monuments en granit gris clair G439 pour la vente en gros<\/span><\/p>\n<p><img loading=\"lazy\" decoding=\"async\" class=\"alignnone  wp-image-24905\" src=\"http:\/\/stone-phoenix.com\/wp-content\/uploads\/2023\/12\/Light-Grey-G439-Granite-Monuments-For-Wholesale-5.png\" alt=\"\" width=\"599\" height=\"409\" srcset=\"https:\/\/stone-phoenix.com\/wp-content\/uploads\/2023\/12\/Light-Grey-G439-Granite-Monuments-For-Wholesale-5.png 547w, https:\/\/stone-phoenix.com\/wp-content\/uploads\/2023\/12\/Light-Grey-G439-Granite-Monuments-For-Wholesale-5-300x205.png 300w, https:\/\/stone-phoenix.com\/wp-content\/uploads\/2023\/12\/Light-Grey-G439-Granite-Monuments-For-Wholesale-5-18x12.png 18w, https:\/\/stone-phoenix.com\/wp-content\/uploads\/2023\/12\/Light-Grey-G439-Granite-Monuments-For-Wholesale-5-150x102.png 150w\" sizes=\"(max-width: 599px) 100vw, 599px\" \/><\/p>\n<p><img decoding=\"async\" title=\"Paquet de pierres tombales en granit gris clair G439 populaire.jpg\" src=\"http:\/\/stone-phoenix.com\/wp-content\/uploads\/2023\/12\/light-grey-g439-granite-monuments-for-wholesale_658ee826eae0b.png\" alt=\"\" \/><\/p>\n<p><img decoding=\"async\" style=\"width: 600px; height: 350px;\" title=\"phonenix power stone factory.jpg\" src=\"http:\/\/stone-phoenix.com\/wp-content\/uploads\/2023\/12\/light-grey-g439-granite-monuments-for-wholesale_658ee82743753.jpeg\" alt=\"\" \/><\/p>\n<\/div>\n<\/div>","protected":false},"excerpt":{"rendered":"<p>Monuments en granit gris clair G439 pour la vente en gros<\/p>\n<p>N\u00b0 d'article : G439 Monuments en granit<\/p>\n<p>Monuments en granit gris clair G439 pour la vente en gros<br \/>\nLe granit G439 est une sorte de granit blanc extrait en Chine. Cette pierre est particuli\u00e8rement adapt\u00e9e aux comptoirs, aux monuments, aux mosa\u00efques, aux murs ext\u00e9rieurs et int\u00e9rieurs et aux sols, aux fontaines, aux piscines et aux rev\u00eatements muraux.<\/p>\n<p>Param\u00e8tres du produit<\/p>\n<p>Couleur :<br \/>\nGris clair, Gris<\/p>\n<p>Taille :<br \/>\nEn tant que conception du client<\/p>\n<p>Original :<br \/>\nChine<\/p>\n<p>Finish Way :<br \/>\nPoli<\/p>\n<p>Obtenir un devis gratuit<\/p>","protected":false},"featured_media":24904,"template":"","meta":[],"product_cat":[110],"product_tag":[],"_links":{"self":[{"href":"https:\/\/stone-phoenix.com\/fr\/wp-json\/wp\/v2\/product\/23108"}],"collection":[{"href":"https:\/\/stone-phoenix.com\/fr\/wp-json\/wp\/v2\/product"}],"about":[{"href":"https:\/\/stone-phoenix.com\/fr\/wp-json\/wp\/v2\/types\/product"}],"wp:featuredmedia":[{"embeddable":true,"href":"https:\/\/stone-phoenix.com\/fr\/wp-json\/wp\/v2\/media\/24904"}],"wp:attachment":[{"href":"https:\/\/stone-phoenix.com\/fr\/wp-json\/wp\/v2\/media?parent=23108"}],"wp:term":[{"taxonomy":"product_cat","embeddable":true,"href":"https:\/\/stone-phoenix.com\/fr\/wp-json\/wp\/v2\/product_cat?post=23108"},{"taxonomy":"product_tag","embeddable":true,"href":"https:\/\/stone-phoenix.com\/fr\/wp-json\/wp\/v2\/product_tag?post=23108"}],"curies":[{"name":"wp","href":"https:\/\/api.w.org\/{rel}","templated":true}]}}