{"id":23117,"date":"2023-12-30T07:55:37","date_gmt":"2023-12-29T23:55:37","guid":{"rendered":"http:\/\/stone-phoenix.com\/product\/tombstone-material-sand-wave-stone-monuments-for-poland-market"},"modified":"2024-06-09T00:13:04","modified_gmt":"2024-06-08T16:13:04","slug":"tombstone-material-sand-wave-stone-monuments-for-poland-market","status":"publish","type":"product","link":"https:\/\/stone-phoenix.com\/fr\/produit\/tombstone-material-sand-wave-stone-monuments-for-poland-market","title":{"rendered":"Mat\u00e9riau pour pierres tombales Monuments en pierre de sable et de vague pour le march\u00e9 polonais"},"content":{"rendered":"<div class=\"c\">\n<p><span style=\"line-height: 200%;\"><span style=\"font-size: 16px;\">\u00a0 \u00a0 \u00a0<a href=\"http:\/\/www.phonenix%20power%20stonestone.com\/tombstone-material-sand-wave-stone-monuments-for-poland-market-p00136p1.html\"><strong>Mat\u00e9riau de la pierre tombale Sable Vague Pierre <span style=\"color: #000000;\">Monuments<\/span><\/strong><\/a> pour le march\u00e9 polonais. Le granit Sand Wave est une sorte de granit gris-rose extrait en Chine. Cette pierre est particuli\u00e8rement adapt\u00e9e aux plans de travail, aux monuments, aux mosa\u00efques, aux murs ext\u00e9rieurs et int\u00e9rieurs, aux sols, aux fontaines et \u00e0 d'autres projets de design.<br \/>\nAvantages des pierres tombales en granit : 1) notre pierre tombale en granit a une couleur uniforme et une taille de grain cristalline ; 2) texture dure, d\u00e9licate, pas facile \u00e0 corroder, r\u00e9sistance aux intemp\u00e9ries ; 3) pierre tombale sans fissures, sans cicatrices, lignes incolores ; 4) faible absorption d'eau, propri\u00e9t\u00e9s physiques et chimiques stables ; 5) production professionnelle, bon march\u00e9, vari\u00e9t\u00e9 de types et de couleurs.<br \/>\nTout au long du processus de production, du choix des mati\u00e8res premi\u00e8res \u00e0 l'emballage en passant par la fabrication, notre contr\u00f4leur de qualit\u00e9 inspecte rigoureusement chaque pi\u00e8ce et contr\u00f4le chaque processus afin de garantir le respect des normes de qualit\u00e9.<br \/>\nLe granit Sand Wave peut \u00eatre poli, sci\u00e9, sabl\u00e9, rocaill\u00e9, sabl\u00e9 \u00e0 la sableuse, tambourin\u00e9, flamm\u00e9, etc. Si vous \u00eates int\u00e9ress\u00e9 par <a href=\"http:\/\/www.phonenix%20power%20stonestone.com\/granite-landscape-tombstone-2018-new-model-p00121p1.html\"><strong>pierre tombale en granit poli sable vague<\/strong><\/a>nous vous proposerons un bon prix.<br \/>\nLe propri\u00e9taire de l'usine a plus de 12 ans d'exp\u00e9rience dans le domaine de la pierre. La livraison en temps voulu vous permet d'obtenir les r\u00e9sultats escompt\u00e9s. N'h\u00e9sitez pas \u00e0 nous contacter.<\/span><\/span><\/p>\n<div style=\"text-align: center;\">\n<p><img decoding=\"async\" style=\"width: 600px; height: 450px;\" title=\"Pierre tombale en pierre de sable et de vague Monuments Wholesale.jpg\" src=\"http:\/\/stone-phoenix.com\/wp-content\/uploads\/2023\/12\/tombstone-material-sand-wave-stone-monuments-for-poland-market_658ee836c69f2.jpeg\" \/><\/p>\n<p><span style=\"font-size: 16px;\">Mat\u00e9riau pour pierres tombales Monuments en pierre de sable et de vague pour le march\u00e9 polonais<\/span><\/p>\n<p><img decoding=\"async\" style=\"width: 600px; height: 450px;\" title=\"Pierre tombale en granit gris poli et en sable Wave Graveststone.jpg\" src=\"http:\/\/stone-phoenix.com\/wp-content\/uploads\/2023\/12\/tombstone-material-sand-wave-stone-monuments-for-poland-market_658ee8385fc16.jpeg\" \/><\/p>\n<p><img decoding=\"async\" style=\"width: 600px; height: 233px;\" title=\"Pierre tombale en pierre de sable Wave Monuments Wholesale package.jpg\" src=\"http:\/\/stone-phoenix.com\/wp-content\/uploads\/2023\/12\/tombstone-material-sand-wave-stone-monuments-for-poland-market_658ee83a1ef64.png\" alt=\"\" \/><\/p>\n<p><img decoding=\"async\" title=\"phonenix power stone factory.jpg\" src=\"http:\/\/stone-phoenix.com\/wp-content\/uploads\/2023\/12\/tombstone-material-sand-wave-stone-monuments-for-poland-market_658ee83a51482.jpeg\" alt=\"\" \/><\/p>\n<\/div>\n<\/div>","protected":false},"excerpt":{"rendered":"<p>Mat\u00e9riau pour pierres tombales Monuments en pierre de sable et de vague pour le march\u00e9 polonais<\/p>\n<p>Num\u00e9ro d'article : Monuments en pierre \u00e0 vagues de sable<\/p>\n<p>Mat\u00e9riau pour pierres tombales Monuments en pierre de sable et de vague pour le march\u00e9 polonais<br \/>\nLe granit Sand Wave est une sorte de granit gris-rose extrait en Chine. Cette pierre est particuli\u00e8rement adapt\u00e9e aux comptoirs, monuments, mosa\u00efques, murs et sols int\u00e9rieurs et ext\u00e9rieurs, fontaines, etc.<\/p>\n<p>Param\u00e8tres du produit<\/p>\n<p>Couleur :<br \/>\nGris+Rose<\/p>\n<p>Taille :<br \/>\ncomme clent<\/p>\n<p>Original :<br \/>\nChine<\/p>\n<p>Finish Way :<br \/>\nPoli<\/p>\n<p>Obtenir un devis gratuit<\/p>","protected":false},"featured_media":23118,"template":"","meta":[],"product_cat":[110],"product_tag":[],"_links":{"self":[{"href":"https:\/\/stone-phoenix.com\/fr\/wp-json\/wp\/v2\/product\/23117"}],"collection":[{"href":"https:\/\/stone-phoenix.com\/fr\/wp-json\/wp\/v2\/product"}],"about":[{"href":"https:\/\/stone-phoenix.com\/fr\/wp-json\/wp\/v2\/types\/product"}],"wp:featuredmedia":[{"embeddable":true,"href":"https:\/\/stone-phoenix.com\/fr\/wp-json\/wp\/v2\/media\/23118"}],"wp:attachment":[{"href":"https:\/\/stone-phoenix.com\/fr\/wp-json\/wp\/v2\/media?parent=23117"}],"wp:term":[{"taxonomy":"product_cat","embeddable":true,"href":"https:\/\/stone-phoenix.com\/fr\/wp-json\/wp\/v2\/product_cat?post=23117"},{"taxonomy":"product_tag","embeddable":true,"href":"https:\/\/stone-phoenix.com\/fr\/wp-json\/wp\/v2\/product_tag?post=23117"}],"curies":[{"name":"wp","href":"https:\/\/api.w.org\/{rel}","templated":true}]}}