{"id":23127,"date":"2023-12-30T07:55:42","date_gmt":"2023-12-29T23:55:42","guid":{"rendered":"http:\/\/stone-phoenix.com\/product\/china-factory-g654-granite-tiles-with-good-price"},"modified":"2024-02-04T21:18:42","modified_gmt":"2024-02-04T13:18:42","slug":"china-factory-g654-granite-tiles-with-good-price","status":"publish","type":"product","link":"https:\/\/stone-phoenix.com\/fr\/produit\/china-factory-g654-granite-tiles-with-good-price","title":{"rendered":"Fabrique chinoise de carreaux de granit G654 \u00e0 bon prix"},"content":{"rendered":"<div class=\"c\">\n<p><span style=\"line-height: 200%;\"><span style=\"font-size: 16px;\">\u00a0 \u00a0 \u00a0Usine de Chine <a href=\"http:\/\/www.phonenix%20power%20stonestone.com\/dark-grey-color-g654-granite-tiles-flamed-finished-for-outdoor-project-p00125p1.html\"><strong>Carreaux de granit gris fonc\u00e9 G654 Wholesale<\/strong><\/a>\u00a0<span style=\"color: #000000;\">pierre de puissance phonenix<\/span>\u00a0Avec un bon prix. Le granit G654 est une sorte de granit gris extrait en Chine. Cette pierre est particuli\u00e8rement adapt\u00e9e aux murs ext\u00e9rieurs et int\u00e9rieurs, aux sols, aux monuments, aux comptoirs, aux mosa\u00efques, aux fontaines, aux piscines, aux rev\u00eatements muraux, aux appuis de fen\u00eatre et \u00e0 d'autres projets de design.<br \/>\nIl est \u00e9galement appel\u00e9 G3554, Sesame Black Granite, Sesame Black of China, Changle Pingnan Sesame Black Granite, Charcoal Black Granite, China Impala Granite, G654 Le granit peut \u00eatre poli, sci\u00e9, ponc\u00e9, rocaill\u00e9, sabl\u00e9, tambourin\u00e9, etc.<br \/>\nLe <a href=\"http:\/\/www.phonenix%20power%20stonestone.com\/china-factory-g654-granite-tiles-with-good-price-p00134p1.html\"><strong>dalle de granit G654 gris fonc\u00e9 adouci<\/strong><\/a> disposent d'un contr\u00f4le de la qualit\u00e9, y compris d'un personnel exp\u00e9riment\u00e9 en mati\u00e8re de contr\u00f4le de la qualit\u00e9 ; l'\u00e9quipe, compos\u00e9e de plus de 20 membres, assure un contr\u00f4le de la qualit\u00e9 rigoureux. Nous vous fournirons un bon prix.<br \/>\nAvec sa propre carri\u00e8re et ses propres usines, la soci\u00e9t\u00e9 Laizhou phonenix power stone, qui travaille dans le secteur de la pierre depuis 10 ans, est professionnelle et s\u00fbre de pouvoir vous offrir des produits de qualit\u00e9 sup\u00e9rieure et des prix bas. En outre, nos bons services, qui comprennent la CAO, le personnel de contr\u00f4le qualit\u00e9, le certificat CE et la livraison dans les d\u00e9lais, sont s\u00fbrs de r\u00e9pondre \u00e0 votre satisfaction. Nous vous invitons \u00e0 nous contacter.<\/span><\/span><\/p>\n<div style=\"text-align: center;\">\n<p><img loading=\"lazy\" decoding=\"async\" class=\"alignnone size-full wp-image-24837\" src=\"http:\/\/stone-phoenix.com\/wp-content\/uploads\/2023\/12\/China-Factory-G654-Granite-Tiles-With-Good-Price1-1.jpg\" alt=\"\" width=\"1707\" height=\"1280\" srcset=\"https:\/\/stone-phoenix.com\/wp-content\/uploads\/2023\/12\/China-Factory-G654-Granite-Tiles-With-Good-Price1-1.jpg 1707w, https:\/\/stone-phoenix.com\/wp-content\/uploads\/2023\/12\/China-Factory-G654-Granite-Tiles-With-Good-Price1-1-300x225.jpg 300w, https:\/\/stone-phoenix.com\/wp-content\/uploads\/2023\/12\/China-Factory-G654-Granite-Tiles-With-Good-Price1-1-1024x768.jpg 1024w, https:\/\/stone-phoenix.com\/wp-content\/uploads\/2023\/12\/China-Factory-G654-Granite-Tiles-With-Good-Price1-1-768x576.jpg 768w, https:\/\/stone-phoenix.com\/wp-content\/uploads\/2023\/12\/China-Factory-G654-Granite-Tiles-With-Good-Price1-1-1536x1152.jpg 1536w, https:\/\/stone-phoenix.com\/wp-content\/uploads\/2023\/12\/China-Factory-G654-Granite-Tiles-With-Good-Price1-1-16x12.jpg 16w, https:\/\/stone-phoenix.com\/wp-content\/uploads\/2023\/12\/China-Factory-G654-Granite-Tiles-With-Good-Price1-1-600x450.jpg 600w, https:\/\/stone-phoenix.com\/wp-content\/uploads\/2023\/12\/China-Factory-G654-Granite-Tiles-With-Good-Price1-1-150x112.jpg 150w\" sizes=\"(max-width: 1707px) 100vw, 1707px\" \/><\/p>\n<p><span style=\"font-size: 16px;\">Fabrique chinoise de carreaux de granit G654 \u00e0 bon prix<\/span><\/p>\n<p><img loading=\"lazy\" decoding=\"async\" class=\"alignnone wp-image-24838\" src=\"http:\/\/stone-phoenix.com\/wp-content\/uploads\/2023\/12\/China-Factory-G654-Granite-Tiles-With-Good-Price6.jpg\" alt=\"\" width=\"978\" height=\"652\" srcset=\"https:\/\/stone-phoenix.com\/wp-content\/uploads\/2023\/12\/China-Factory-G654-Granite-Tiles-With-Good-Price6.jpg 800w, https:\/\/stone-phoenix.com\/wp-content\/uploads\/2023\/12\/China-Factory-G654-Granite-Tiles-With-Good-Price6-300x200.jpg 300w, https:\/\/stone-phoenix.com\/wp-content\/uploads\/2023\/12\/China-Factory-G654-Granite-Tiles-With-Good-Price6-768x512.jpg 768w, https:\/\/stone-phoenix.com\/wp-content\/uploads\/2023\/12\/China-Factory-G654-Granite-Tiles-With-Good-Price6-18x12.jpg 18w, https:\/\/stone-phoenix.com\/wp-content\/uploads\/2023\/12\/China-Factory-G654-Granite-Tiles-With-Good-Price6-600x400.jpg 600w, https:\/\/stone-phoenix.com\/wp-content\/uploads\/2023\/12\/China-Factory-G654-Granite-Tiles-With-Good-Price6-150x100.jpg 150w\" sizes=\"(max-width: 978px) 100vw, 978px\" \/><\/p>\n<p><img decoding=\"async\" class=\"\" style=\"width: 951px; height: 369px;\" title=\"Gris fonc\u00e9 adouci G654 Granite Tiles Wholesale package.jpg\" src=\"http:\/\/stone-phoenix.com\/wp-content\/uploads\/2023\/12\/china-factory-g654-granite-tiles-with-good-price_658ee8460a75e.png\" alt=\"\" \/><\/p>\n<p><img loading=\"lazy\" decoding=\"async\" class=\"\" title=\"phonenix power stone factory.jpg\" src=\"http:\/\/stone-phoenix.com\/wp-content\/uploads\/2023\/12\/china-factory-g654-granite-tiles-with-good-price_658ee846377db.jpeg\" alt=\"\" width=\"943\" height=\"550\" \/><\/p>\n<\/div>\n<\/div>","protected":false},"excerpt":{"rendered":"<p>Fabrique chinoise de carreaux de granit G654 \u00e0 bon prix<\/p>\n<p>N\u00b0 d'article : G654 Granite Tiles<\/p>\n<p>Fabrique chinoise de carreaux de granit G654 \u00e0 bon prix<br \/>\nLe granit G654 est une sorte de granit gris extrait en Chine. Cette pierre est particuli\u00e8rement adapt\u00e9e aux murs ext\u00e9rieurs et int\u00e9rieurs, aux sols, aux monuments, aux comptoirs, aux mosa\u00efques, aux fontaines, aux rev\u00eatements de piscines et de murs.<\/p>\n<p>Param\u00e8tres du produit<\/p>\n<p>Couleur :<br \/>\nGris fonc\u00e9,Gris<\/p>\n<p>Taille :<br \/>\nCarreaux de granit, coup\u00e9s sur mesure<\/p>\n<p>Original :<br \/>\nChine<\/p>\n<p>Finish Way :<br \/>\nHonor\u00e9<\/p>\n<p>Obtenir un devis gratuit<\/p>","protected":false},"featured_media":24835,"template":"","meta":[],"product_cat":[110],"product_tag":[],"_links":{"self":[{"href":"https:\/\/stone-phoenix.com\/fr\/wp-json\/wp\/v2\/product\/23127"}],"collection":[{"href":"https:\/\/stone-phoenix.com\/fr\/wp-json\/wp\/v2\/product"}],"about":[{"href":"https:\/\/stone-phoenix.com\/fr\/wp-json\/wp\/v2\/types\/product"}],"wp:featuredmedia":[{"embeddable":true,"href":"https:\/\/stone-phoenix.com\/fr\/wp-json\/wp\/v2\/media\/24835"}],"wp:attachment":[{"href":"https:\/\/stone-phoenix.com\/fr\/wp-json\/wp\/v2\/media?parent=23127"}],"wp:term":[{"taxonomy":"product_cat","embeddable":true,"href":"https:\/\/stone-phoenix.com\/fr\/wp-json\/wp\/v2\/product_cat?post=23127"},{"taxonomy":"product_tag","embeddable":true,"href":"https:\/\/stone-phoenix.com\/fr\/wp-json\/wp\/v2\/product_tag?post=23127"}],"curies":[{"name":"wp","href":"https:\/\/api.w.org\/{rel}","templated":true}]}}