{"id":23136,"date":"2023-12-30T07:55:48","date_gmt":"2023-12-29T23:55:48","guid":{"rendered":"http:\/\/stone-phoenix.com\/product\/shanxi-black-headstone-tombstone-on-sale"},"modified":"2024-01-17T20:09:06","modified_gmt":"2024-01-17T12:09:06","slug":"shanxi-black-headstone-tombstone-on-sale","status":"publish","type":"product","link":"https:\/\/stone-phoenix.com\/fr\/produit\/shanxi-black-headstone-tombstone-on-sale","title":{"rendered":"Shanxi Black Headstone Tombstone en vente"},"content":{"rendered":"<div class=\"c\">\n<p><span style=\"line-height: 200%;\"><span style=\"font-size: 16px;\">\u00a0 \u00a0 \u00a0Chine <a href=\"http:\/\/www.phonenix%20power%20stonestone.com\/shanxi-black-headstone-tombstone-on-sale-p00124p1.html\"><strong>Shanxi Black Headstone Tombstone Wholesale<\/strong><\/a> phonenix power stone On Sale. Les pierres tombales sont g\u00e9n\u00e9ralement faites de granit et de pierre, et les polluants peuvent ternir leur \u00e9clat naturel. Avec un entretien p\u00e9riodique appropri\u00e9, le monument de votre proche aura l'air neuf et restera propre pendant des ann\u00e9es.<br \/>\nLe granit est l'un des mat\u00e9riaux les plus durs et dure ind\u00e9finiment, mais sa surface est quelque peu poreuse et peut retenir la salet\u00e9, les taches et les d\u00e9p\u00f4ts min\u00e9raux au fil du temps.<br \/>\nLe <a href=\"http:\/\/www.phonenix%20power%20stonestone.com\/indian-black-granite-headstone-p00328p1.html\"><strong>pierre tombale en granit noir du shanxi<\/strong><\/a> emballage : mousse plastique \u00e0 l'int\u00e9rieur, caisse en bois solide fumig\u00e9e \u00e0 l'ext\u00e9rieur, emballage maritime s\u00fbr, ou selon les besoins du client.<br \/>\nTout au long du processus de production, du choix des mati\u00e8res premi\u00e8res \u00e0 l'emballage en passant par la fabrication, notre contr\u00f4leur de qualit\u00e9 inspecte rigoureusement chaque pi\u00e8ce et contr\u00f4le chaque processus afin de garantir le respect des normes de qualit\u00e9.<br \/>\nLe propri\u00e9taire de l'usine a plus de 12 ans d'exp\u00e9rience dans le domaine de la pierre. La livraison en temps voulu vous permet d'obtenir les r\u00e9sultats escompt\u00e9s. Nous vous invitons \u00e0 nous contacter.<\/span><\/span><\/p>\n<div style=\"text-align: center;\">\n<p><img decoding=\"async\" style=\"height: 469px; width: 600px;\" title=\"Polished Shanxi Black Headstone Munument Cemetery.jpg\" src=\"http:\/\/stone-phoenix.com\/wp-content\/uploads\/2023\/12\/shanxi-black-headstone-tombstone-on-sale_658ee85239c18.jpeg\" \/><\/p>\n<p><span style=\"font-size: 16px;\">Shanxi Black Headstone Tombstone en vente<\/span><\/p>\n<p><img decoding=\"async\" style=\"height: 550px; width: 600px;\" title=\"Shanxi Black Granite Tombstone Monument Wholesale.jpg\" src=\"http:\/\/stone-phoenix.com\/wp-content\/uploads\/2023\/12\/shanxi-black-headstone-tombstone-on-sale_658ee85288b59.jpeg\" \/><\/p>\n<p>&nbsp;<\/p>\n<p>&nbsp;<\/p>\n<p><img decoding=\"async\" style=\"width: 600px; height: 233px;\" title=\"Polished Shanxi Black Headstone Munument Cemetery package.jpg\" src=\"http:\/\/stone-phoenix.com\/wp-content\/uploads\/2023\/12\/shanxi-black-headstone-tombstone-on-sale_658ee852d7863.png\" alt=\"\" \/><\/p>\n<p>&nbsp;<\/p>\n<p>&nbsp;<\/p>\n<\/div>\n<\/div>","protected":false},"excerpt":{"rendered":"<p>Shanxi Black Headstone Tombstone en vente<\/p>\n<p>Num\u00e9ro d'article : Pierre tombale noire 180929009<\/p>\n<p>Un m\u00e9morial n'est pas seulement une th\u00e9rapie pour vous dans la douleur, c'est une fa\u00e7on de s'assurer que ceux que nous aimons et qui ne sont plus avec nous dans leur corps ne seront pas oubli\u00e9s.<\/p>\n<p>Param\u00e8tres du produit<\/p>\n<p>Couleur :<br \/>\nPierre tombale noire<\/p>\n<p>Taille :<br \/>\nPierre tombale taill\u00e9e sur mesure<\/p>\n<p>Original :<br \/>\nLaizhou, Chine<\/p>\n<p>Finish Way :<br \/>\nPoli<\/p>\n<p>Obtenir un devis gratuit<\/p>","protected":false},"featured_media":24635,"template":"","meta":[],"product_cat":[110],"product_tag":[],"_links":{"self":[{"href":"https:\/\/stone-phoenix.com\/fr\/wp-json\/wp\/v2\/product\/23136"}],"collection":[{"href":"https:\/\/stone-phoenix.com\/fr\/wp-json\/wp\/v2\/product"}],"about":[{"href":"https:\/\/stone-phoenix.com\/fr\/wp-json\/wp\/v2\/types\/product"}],"wp:featuredmedia":[{"embeddable":true,"href":"https:\/\/stone-phoenix.com\/fr\/wp-json\/wp\/v2\/media\/24635"}],"wp:attachment":[{"href":"https:\/\/stone-phoenix.com\/fr\/wp-json\/wp\/v2\/media?parent=23136"}],"wp:term":[{"taxonomy":"product_cat","embeddable":true,"href":"https:\/\/stone-phoenix.com\/fr\/wp-json\/wp\/v2\/product_cat?post=23136"},{"taxonomy":"product_tag","embeddable":true,"href":"https:\/\/stone-phoenix.com\/fr\/wp-json\/wp\/v2\/product_tag?post=23136"}],"curies":[{"name":"wp","href":"https:\/\/api.w.org\/{rel}","templated":true}]}}