{"id":23155,"date":"2023-12-30T07:55:59","date_gmt":"2023-12-29T23:55:59","guid":{"rendered":"http:\/\/stone-phoenix.com\/product\/spary-white-granite-tombstone-wholesale"},"modified":"2024-01-25T10:56:08","modified_gmt":"2024-01-25T02:56:08","slug":"spary-white-granite-tombstone-wholesale","status":"publish","type":"product","link":"https:\/\/stone-phoenix.com\/fr\/produit\/spary-white-granite-tombstone-wholesale","title":{"rendered":"Pierre tombale en granit blanc Spary Wholesale"},"content":{"rendered":"<div class=\"c\">\n<p><span style=\"line-height: 200%;\"><span style=\"font-size: 16px;\">\u00a0 \u00a0 \u00a0<a href=\"http:\/\/www.phonenix%20power%20stonestone.com\/spary-white-granite-tombstone-wholesale-p00122p1.html\"><strong>Spary White Granite Tombstone Monuments Wholesale<\/strong><\/a> Le granit est le mat\u00e9riau le plus r\u00e9sistant avec une duret\u00e9 de 7 \u00e0 9 sur l'\u00e9chelle de duret\u00e9. Pour nettoyer le granit, m\u00e9langez une tasse de savon non ionique dans un seau d'eau distill\u00e9e et utilisez un tampon \u00e0 r\u00e9curer non m\u00e9tallique pour frotter la surface.<br \/>\nCela permet d'\u00e9liminer les d\u00e9p\u00f4ts de calcium. Il est normal d'\u00eatre un peu plus agressif avec le granit, car il est beaucoup plus r\u00e9sistant que les autres mat\u00e9riaux.<br \/>\nLe granit est un choix fr\u00e9quent pour les pierres tombales. C'est une belle pierre, plus dure que le marbre, qui permet de r\u00e9aliser des monuments comm\u00e9moratifs durables.<br \/>\nLe <a href=\"http:\/\/www.phonenix%20power%20stonestone.com\/chinese-granite-spary-white-tombstone-monuments-headstone-p00117p1.html\"><strong>pierre tombale en granit blanc spary poli pierre tombale<\/strong><\/a> convient aux murs ext\u00e9rieurs et int\u00e9rieurs, aux sols, aux comptoirs, au granit, aux pierres tombales, aux dalles de granit pour monuments et \u00e0 d'autres projets de design.<br \/>\nNos avantages : 1) propri\u00e9taire de l'usine, travaillant en \u00e9troite collaboration avec le propri\u00e9taire de la carri\u00e8re ; 2) fabricant et n\u00e9gociant de pierres avec plus de 12 ans d'exp\u00e9rience ; 3) syst\u00e8me de contr\u00f4le qualit\u00e9 strict garantissant l'inspection de chaque pi\u00e8ce ; 4) \u00e9quipe de services professionnels \u00e0 Laizhou garantissant une livraison pratique et rapide.<\/span><\/span><\/p>\n<div style=\"text-align: center;\"><img decoding=\"async\" style=\"height: 446px; width: 600px;\" title=\"Spary White Granite Tombstone Monument Wholesale.jpg\" src=\"http:\/\/stone-phoenix.com\/wp-content\/uploads\/2023\/12\/spary-white-granite-tombstone-wholesale_658ee86bd0d16.jpeg\" \/><\/p>\n<p><span style=\"font-size: 16px;\">Pierre tombale en granit blanc Spary Wholesale<\/span><\/p>\n<p><img decoding=\"async\" title=\"Spary White Granite Tombstone Monument Wholesale package.jpg\" src=\"http:\/\/stone-phoenix.com\/wp-content\/uploads\/2023\/12\/spary-white-granite-tombstone-wholesale_658ee86d69faf.png\" alt=\"\" \/><\/p>\n<p><img decoding=\"async\" style=\"width: 600px; height: 350px;\" title=\"phonenix power stone factory.jpg\" src=\"http:\/\/stone-phoenix.com\/wp-content\/uploads\/2023\/12\/spary-white-granite-tombstone-wholesale_658ee86d9a912.jpeg\" alt=\"\" \/><\/div>\n<\/div>","protected":false},"excerpt":{"rendered":"<p>Pierre tombale en granit blanc Spary Wholesale<\/p>\n<p>Num\u00e9ro d'article : Pierre tombale en granit 180929007<\/p>\n<p>Pierre tombale en granit blanc Spary Wholesale. Le granit est le mat\u00e9riau le plus r\u00e9sistant avec une duret\u00e9 de 7 \u00e0 9 sur l'\u00e9chelle de duret\u00e9.<\/p>\n<p>Param\u00e8tres du produit<\/p>\n<p>Couleur :<br \/>\nPierre tombale blanche, pierre tombale grise, gris blanc<\/p>\n<p>Taille :<br \/>\nCoupe sur mesure<\/p>\n<p>Original :<br \/>\nLaizhou, Chine<\/p>\n<p>Finish Way :<br \/>\nPoli<\/p>\n<p>Obtenir un devis gratuit<\/p>","protected":false},"featured_media":24770,"template":"","meta":[],"product_cat":[110],"product_tag":[],"_links":{"self":[{"href":"https:\/\/stone-phoenix.com\/fr\/wp-json\/wp\/v2\/product\/23155"}],"collection":[{"href":"https:\/\/stone-phoenix.com\/fr\/wp-json\/wp\/v2\/product"}],"about":[{"href":"https:\/\/stone-phoenix.com\/fr\/wp-json\/wp\/v2\/types\/product"}],"wp:featuredmedia":[{"embeddable":true,"href":"https:\/\/stone-phoenix.com\/fr\/wp-json\/wp\/v2\/media\/24770"}],"wp:attachment":[{"href":"https:\/\/stone-phoenix.com\/fr\/wp-json\/wp\/v2\/media?parent=23155"}],"wp:term":[{"taxonomy":"product_cat","embeddable":true,"href":"https:\/\/stone-phoenix.com\/fr\/wp-json\/wp\/v2\/product_cat?post=23155"},{"taxonomy":"product_tag","embeddable":true,"href":"https:\/\/stone-phoenix.com\/fr\/wp-json\/wp\/v2\/product_tag?post=23155"}],"curies":[{"name":"wp","href":"https:\/\/api.w.org\/{rel}","templated":true}]}}