{"id":23163,"date":"2023-12-30T07:56:06","date_gmt":"2023-12-29T23:56:06","guid":{"rendered":"http:\/\/stone-phoenix.com\/product\/granite-landscape-tombstone-2018-new-model"},"modified":"2024-01-25T10:03:56","modified_gmt":"2024-01-25T02:03:56","slug":"granite-landscape-tombstone-2018-new-model","status":"publish","type":"product","link":"https:\/\/stone-phoenix.com\/fr\/produit\/granite-landscape-tombstone-2018-new-model","title":{"rendered":"Granite Landscape Tombstone 2018 Nouveau mod\u00e8le"},"content":{"rendered":"<div class=\"c\">\n<p><span style=\"line-height: 200%;\"><span style=\"font-size: 16px;\">\u00a0 \u00a0 \u00a0<a href=\"http:\/\/www.phonenix%20power%20stonestone.com\/granite-landscape-tombstone-2018-new-model-p00121p1.html\"><strong><span style=\"vertical-align: inherit;\"><span style=\"vertical-align: inherit;\" title=\"Le granit est le mat\u00e9riau le plus r\u00e9sistant avec une duret\u00e9 de 7 \u00e0 9 sur l&#039;\u00e9chelle de duret\u00e9. Pour nettoyer le granit. M\u00e9langez une tasse de savon non ionique dans un seau d&#039;eau distill\u00e9e et utilisez un tampon \u00e0 r\u00e9curer non m\u00e9tallique pour frotter la surface.      Cela permettra d&#039;\u00e9liminer les d\u00e9p\u00f4ts de calcium. Il n&#039;y a pas de mal \u00e0 \u00eatre un peu plus agressif avec le granit, car il est beaucoup plus r\u00e9sistant que d&#039;autres mat\u00e9riaux.     Le nettoyage d&#039;une pierre de cimeti\u00e8re est un sujet controvers\u00e9. La premi\u00e8re r\u00e8gle de conservation et de pr\u00e9servation est de ne pas causer de dommages.      Malheureusement, en utilisant des nettoyants m\u00e9nagers, de la craie et de la mousse \u00e0 raser pour rehausser le lettrage, vous risquez d&#039;endommager la surface d&#039;une mani\u00e8re qui n&#039;est pas \u00e9vidente.     Les \"><span style=\"vertical-align: inherit;\"><span style=\"vertical-align: inherit;\">Monument fun\u00e9raire en granit poli<\/span><\/span><\/span><\/span><\/strong><\/a><span style=\"vertical-align: inherit;\"><span style=\"vertical-align: inherit;\" title=\"Le granit est le mat\u00e9riau le plus r\u00e9sistant avec une duret\u00e9 de 7 \u00e0 9 sur l&#039;\u00e9chelle de duret\u00e9. Pour nettoyer le granit. M\u00e9langez une tasse de savon non ionique dans un seau d&#039;eau distill\u00e9e et utilisez un tampon \u00e0 r\u00e9curer non m\u00e9tallique pour frotter la surface.      Cela permettra d&#039;\u00e9liminer les d\u00e9p\u00f4ts de calcium. Il n&#039;y a pas de mal \u00e0 \u00eatre un peu plus agressif avec le granit, car il est beaucoup plus r\u00e9sistant que d&#039;autres mat\u00e9riaux.     Le nettoyage d&#039;une pierre de cimeti\u00e8re est un sujet controvers\u00e9. La premi\u00e8re r\u00e8gle de conservation et de pr\u00e9servation est de ne pas causer de dommages.      Malheureusement, en utilisant des nettoyants m\u00e9nagers, de la craie et de la mousse \u00e0 raser pour rehausser le lettrage, vous risquez d&#039;endommager la surface d&#039;une mani\u00e8re qui n&#039;est pas \u00e9vidente.     Les\"><span style=\"vertical-align: inherit;\"><span style=\"vertical-align: inherit;\"> \u00a02018 new phoenix energy stone wholesale. <\/span><span style=\"vertical-align: inherit;\">Le granit est le mat\u00e9riau le plus dur, avec une duret\u00e9 de 7 \u00e0 9. <\/span><span style=\"vertical-align: inherit;\">Lors du nettoyage du granit. <\/span><span style=\"vertical-align: inherit;\">M\u00e9langez une tasse de savon non ionique \u00e0 un seau d'eau distill\u00e9e et utilisez un tampon \u00e0 r\u00e9curer non m\u00e9tallique pour frotter la surface.\u00a0<\/span><\/span><\/span><\/span><br \/>\n<span style=\"vertical-align: inherit;\"><span style=\"vertical-align: inherit;\" title=\"Le granit est le mat\u00e9riau le plus r\u00e9sistant avec une duret\u00e9 de 7 \u00e0 9 sur l&#039;\u00e9chelle de duret\u00e9. Pour nettoyer le granit. M\u00e9langez une tasse de savon non ionique dans un seau d&#039;eau distill\u00e9e et utilisez un tampon \u00e0 r\u00e9curer non m\u00e9tallique pour frotter la surface.      Cela permettra d&#039;\u00e9liminer les d\u00e9p\u00f4ts de calcium. Il n&#039;y a pas de mal \u00e0 \u00eatre un peu plus agressif avec le granit, car il est beaucoup plus r\u00e9sistant que d&#039;autres mat\u00e9riaux.     Le nettoyage d&#039;une pierre de cimeti\u00e8re est un sujet controvers\u00e9. La premi\u00e8re r\u00e8gle de conservation et de pr\u00e9servation est de ne pas causer de dommages.      Malheureusement, en utilisant des nettoyants m\u00e9nagers, de la craie et de la mousse \u00e0 raser pour rehausser le lettrage, vous risquez d&#039;endommager la surface d&#039;une mani\u00e8re qui n&#039;est pas \u00e9vidente.     Les\"><span style=\"vertical-align: inherit;\"><span style=\"vertical-align: inherit;\">\u00a0 \u00a0 \u00a0Cela permet d'\u00e9liminer les d\u00e9p\u00f4ts de calcium. <\/span><span style=\"vertical-align: inherit;\">Le granit est beaucoup plus r\u00e9sistant que d'autres mat\u00e9riaux, il peut donc \u00eatre un peu agressif. <\/span><\/span><\/span><\/span><br \/>\n<span style=\"vertical-align: inherit;\"><span style=\"vertical-align: inherit;\" title=\"Le granit est le mat\u00e9riau le plus r\u00e9sistant avec une duret\u00e9 de 7 \u00e0 9 sur l&#039;\u00e9chelle de duret\u00e9. Pour nettoyer le granit. M\u00e9langez une tasse de savon non ionique dans un seau d&#039;eau distill\u00e9e et utilisez un tampon \u00e0 r\u00e9curer non m\u00e9tallique pour frotter la surface.      Cela permettra d&#039;\u00e9liminer les d\u00e9p\u00f4ts de calcium. Il n&#039;y a pas de mal \u00e0 \u00eatre un peu plus agressif avec le granit, car il est beaucoup plus r\u00e9sistant que d&#039;autres mat\u00e9riaux.     Le nettoyage d&#039;une pierre de cimeti\u00e8re est un sujet controvers\u00e9. La premi\u00e8re r\u00e8gle de conservation et de pr\u00e9servation est de ne pas causer de dommages.      Malheureusement, en utilisant des nettoyants m\u00e9nagers, de la craie et de la mousse \u00e0 raser pour rehausser le lettrage, vous risquez d&#039;endommager la surface d&#039;une mani\u00e8re qui n&#039;est pas \u00e9vidente.     Les\"><span style=\"vertical-align: inherit;\"><span style=\"vertical-align: inherit;\">\u00a0 \u00a0 \u00a0Le nettoyage des pierres de cimeti\u00e8re est un sujet controvers\u00e9. <\/span><span style=\"vertical-align: inherit;\">La premi\u00e8re r\u00e8gle de protection et de conservation est de ne pas faire de d\u00e9g\u00e2ts.\u00a0<\/span><\/span><\/span><\/span><br \/>\n<span style=\"vertical-align: inherit;\"><span style=\"vertical-align: inherit;\" title=\"Le granit est le mat\u00e9riau le plus r\u00e9sistant avec une duret\u00e9 de 7 \u00e0 9 sur l&#039;\u00e9chelle de duret\u00e9. Pour nettoyer le granit. M\u00e9langez une tasse de savon non ionique dans un seau d&#039;eau distill\u00e9e et utilisez un tampon \u00e0 r\u00e9curer non m\u00e9tallique pour frotter la surface.      Cela permettra d&#039;\u00e9liminer les d\u00e9p\u00f4ts de calcium. Il n&#039;y a pas de mal \u00e0 \u00eatre un peu plus agressif avec le granit, car il est beaucoup plus r\u00e9sistant que d&#039;autres mat\u00e9riaux.     Le nettoyage d&#039;une pierre de cimeti\u00e8re est un sujet controvers\u00e9. La premi\u00e8re r\u00e8gle de conservation et de pr\u00e9servation est de ne pas causer de dommages.      Malheureusement, en utilisant des nettoyants m\u00e9nagers, de la craie et de la mousse \u00e0 raser pour rehausser le lettrage, vous risquez d&#039;endommager la surface d&#039;une mani\u00e8re qui n&#039;est pas \u00e9vidente.     Les\"><span style=\"vertical-align: inherit;\"><span style=\"vertical-align: inherit;\">\u00a0 \u00a0 \u00a0Malheureusement, l'utilisation de nettoyants m\u00e9nagers, de craie et de mousse \u00e0 raser pour am\u00e9liorer le lettrage peut endommager la surface de mani\u00e8re subtile. <\/span><\/span><\/span><\/span><br \/>\n<span style=\"vertical-align: inherit;\"><span style=\"vertical-align: inherit;\" title=\"Le granit est le mat\u00e9riau le plus r\u00e9sistant avec une duret\u00e9 de 7 \u00e0 9 sur l&#039;\u00e9chelle de duret\u00e9. Pour nettoyer le granit. M\u00e9langez une tasse de savon non ionique dans un seau d&#039;eau distill\u00e9e et utilisez un tampon \u00e0 r\u00e9curer non m\u00e9tallique pour frotter la surface.      Cela permettra d&#039;\u00e9liminer les d\u00e9p\u00f4ts de calcium. Il n&#039;y a pas de mal \u00e0 \u00eatre un peu plus agressif avec le granit, car il est beaucoup plus r\u00e9sistant que d&#039;autres mat\u00e9riaux.     Le nettoyage d&#039;une pierre de cimeti\u00e8re est un sujet controvers\u00e9. La premi\u00e8re r\u00e8gle de conservation et de pr\u00e9servation est de ne pas causer de dommages.      Malheureusement, en utilisant des nettoyants m\u00e9nagers, de la craie et de la mousse \u00e0 raser pour rehausser le lettrage, vous risquez d&#039;endommager la surface d&#039;une mani\u00e8re qui n&#039;est pas \u00e9vidente.     Les\"><span style=\"vertical-align: inherit;\"><span style=\"vertical-align: inherit;\">\u00a0 \u00a0 \u00a0Le pr\u00e9sent<\/span><\/span><\/span><\/span><a href=\"http:\/\/www.phonenix%20power%20stonestone.com\/light-grey-color-american-style-tombstone-monuments-with-good-design-p00150p1.html\"><strong><span style=\"vertical-align: inherit;\"><span style=\"vertical-align: inherit;\" title=\"Les pierres tombales en granit gris sont soumises \u00e0 un contr\u00f4le de qualit\u00e9. Le personnel charg\u00e9 du contr\u00f4le de qualit\u00e9 est exp\u00e9riment\u00e9 et l&#039;\u00e9quipe, compos\u00e9e de plus de 20 membres, assure un contr\u00f4le de qualit\u00e9 rigoureux.     Le propri\u00e9taire de l&#039;usine a plus de 12 ans d&#039;exp\u00e9rience dans le domaine de la pierre. La livraison en temps voulu vous permet de r\u00e9pondre \u00e0 vos attentes. N&#039;h\u00e9sitez pas \u00e0 nous contacter.\"><span style=\"vertical-align: inherit;\"><span style=\"vertical-align: inherit;\"> granit gris paysage pierre tombale pierre tombale<\/span><\/span><\/span><\/span><\/strong><\/a><span style=\"vertical-align: inherit;\"><span style=\"vertical-align: inherit;\" title=\"Les pierres tombales en granit gris sont soumises \u00e0 un contr\u00f4le de qualit\u00e9. Le personnel charg\u00e9 du contr\u00f4le de qualit\u00e9 est exp\u00e9riment\u00e9 et l&#039;\u00e9quipe, compos\u00e9e de plus de 20 membres, assure un contr\u00f4le de qualit\u00e9 rigoureux.     Le propri\u00e9taire de l&#039;usine a plus de 12 ans d&#039;exp\u00e9rience dans le domaine de la pierre. La livraison en temps voulu vous permet de r\u00e9pondre \u00e0 vos attentes. N&#039;h\u00e9sitez pas \u00e0 nous contacter.\"><span style=\"vertical-align: inherit;\"><span style=\"vertical-align: inherit;\"> dispose d'un syst\u00e8me de contr\u00f4le de la qualit\u00e9 comprenant du personnel exp\u00e9riment\u00e9 en mati\u00e8re de contr\u00f4le de la qualit\u00e9, une \u00e9quipe de plus de 20 membres assurant un contr\u00f4le de la qualit\u00e9 rigoureux. <\/span><\/span><\/span><\/span><br \/>\n<span style=\"vertical-align: inherit;\"><span style=\"vertical-align: inherit;\" title=\"Les pierres tombales en granit gris sont soumises \u00e0 un contr\u00f4le de qualit\u00e9. Le personnel charg\u00e9 du contr\u00f4le de qualit\u00e9 est exp\u00e9riment\u00e9 et l&#039;\u00e9quipe, compos\u00e9e de plus de 20 membres, assure un contr\u00f4le de qualit\u00e9 rigoureux.     Le propri\u00e9taire de l&#039;usine a plus de 12 ans d&#039;exp\u00e9rience dans le domaine de la pierre. La livraison en temps voulu vous permet de r\u00e9pondre \u00e0 vos attentes. N&#039;h\u00e9sitez pas \u00e0 nous contacter.\"><span style=\"vertical-align: inherit;\"><span style=\"vertical-align: inherit;\">\u00a0 \u00a0 \u00a0Le propri\u00e9taire de l'usine travaille dans l'industrie de la pierre depuis plus de 12 ans. <\/span><span style=\"vertical-align: inherit;\">La livraison en temps voulu vous permet d'obtenir les r\u00e9sultats souhait\u00e9s. <\/span><span style=\"vertical-align: inherit;\">N'h\u00e9sitez pas \u00e0 nous appeler pour une consultation.<\/span><\/span><\/span><\/span><\/span><\/span><\/p>\n<p>&nbsp;<\/p>\n<div style=\"text-align: center;\">\n<p><span style=\"font-size: 16px;\"><span style=\"vertical-align: inherit;\"><span style=\"vertical-align: inherit;\" title=\"Granite Landscape Tombstone 2018 Nouveau mod\u00e8le\"><span style=\"vertical-align: inherit;\"><span style=\"vertical-align: inherit;\">Pierre tombale en granit 2018 nouveau style<\/span><\/span><\/span><\/span><\/span><\/p>\n<p>&nbsp;<\/p>\n<p><img decoding=\"async\" style=\"height: 591px; width: 600px;\" title=\"Paysage Granit Gris Pierre tombale Wholesale.jpg\" src=\"http:\/\/stone-phoenix.com\/wp-content\/uploads\/2023\/12\/granite-landscape-tombstone-2018-new-model_658ee879f332a.jpeg\" \/><\/p>\n<p><img decoding=\"async\" style=\"width: 600px; height: 233px;\" title=\"Ensemble de pierres tombales en granit gris poli pour monuments fun\u00e9raires.jpg\" src=\"http:\/\/stone-phoenix.com\/wp-content\/uploads\/2023\/12\/granite-landscape-tombstone-2018-new-model_658ee87a5e438.png\" alt=\"\" \/><\/p>\n<\/div>\n<\/div>","protected":false},"excerpt":{"rendered":"<p><span style=\"vertical-align: inherit;\"><span style=\"vertical-align: inherit;\" title=\"Granite Landscape Tombstone 2018 Nouveau mod\u00e8le\"><span style=\"vertical-align: inherit;\"><span style=\"vertical-align: inherit;\">Pierre tombale en granit 2018 nouveau style<\/span><\/span><\/span><\/span><\/p>\n<p><span style=\"vertical-align: inherit;\"><span style=\"vertical-align: inherit;\" title=\"Num\u00e9ro d&#039;article : Granite Landscape Tombstone 180929006\"><span style=\"vertical-align: inherit;\"><span style=\"vertical-align: inherit;\">Num\u00e9ro d'article : Pierre tombale paysag\u00e8re en granit 180929006<\/span><\/span><\/span><\/span><\/p>\n<p><span style=\"vertical-align: inherit;\"><span style=\"vertical-align: inherit;\" title=\"Le granit est le mat\u00e9riau le plus r\u00e9sistant avec une duret\u00e9 de 7 \u00e0 9 sur l&#039;\u00e9chelle de duret\u00e9. Lors du nettoyage du granit.\"><span style=\"vertical-align: inherit;\"><span style=\"vertical-align: inherit;\">Granite landscape tombstone 2018 nouveau mod\u00e8le. <\/span><span style=\"vertical-align: inherit;\">Le granit est le mat\u00e9riau le plus dur, avec une duret\u00e9 de 7 \u00e0 9. <\/span><span style=\"vertical-align: inherit;\">Lors du nettoyage du granit.<\/span><\/span><\/span><\/span><\/p>\n<p><span style=\"vertical-align: inherit;\"><span style=\"vertical-align: inherit;\" title=\"Param\u00e8tres du produit\"><span style=\"vertical-align: inherit;\"><span style=\"vertical-align: inherit;\">Param\u00e8tres du produit<\/span><\/span><\/span><\/span><\/p>\n<p><span style=\"vertical-align: inherit;\"><span style=\"vertical-align: inherit;\" title=\"Couleur : Gris, Blanc, Bleu Granit\"><span style=\"vertical-align: inherit;\"><span style=\"vertical-align: inherit;\">Couleur : <\/span><\/span><\/span><\/span><br \/>\n<span style=\"vertical-align: inherit;\"><span style=\"vertical-align: inherit;\" title=\"Couleur : Gris, Blanc, Bleu Granit\"><span style=\"vertical-align: inherit;\"><span style=\"vertical-align: inherit;\">granit gris, blanc, bleu<\/span><\/span><\/span><\/span><\/p>\n<p><span style=\"vertical-align: inherit;\"><span style=\"vertical-align: inherit;\" title=\"Taille:Pierre tombale en granit Coupe sur mesure\"><span style=\"vertical-align: inherit;\"><span style=\"vertical-align: inherit;\">Dimensions : <\/span><\/span><\/span><\/span><br \/>\n<span style=\"vertical-align: inherit;\"><span style=\"vertical-align: inherit;\" title=\"Taille:Pierre tombale en granit Coupe sur mesure\"><span style=\"vertical-align: inherit;\"><span style=\"vertical-align: inherit;\">Pierre tombale en granit taill\u00e9e sur mesure<\/span><\/span><\/span><\/span><\/p>\n<p><span style=\"vertical-align: inherit;\"><span style=\"vertical-align: inherit;\" title=\"Original:Laizhou, Chine\"><span style=\"vertical-align: inherit;\"><span style=\"vertical-align: inherit;\">Lieu d'origine : <\/span><\/span><\/span><\/span><br \/>\n<span style=\"vertical-align: inherit;\"><span style=\"vertical-align: inherit;\" title=\"Original:Laizhou, Chine\"><span style=\"vertical-align: inherit;\"><span style=\"vertical-align: inherit;\">Laizhou, Chine<\/span><\/span><\/span><\/span><\/p>\n<p><span style=\"vertical-align: inherit;\"><span style=\"vertical-align: inherit;\" title=\"Finition : Polie\"><span style=\"vertical-align: inherit;\"><span style=\"vertical-align: inherit;\">Traitement de surface : <\/span><\/span><\/span><\/span><br \/>\n<span style=\"vertical-align: inherit;\"><span style=\"vertical-align: inherit;\" title=\"Finition : Polie\"><span style=\"vertical-align: inherit;\"><span style=\"vertical-align: inherit;\">poli<\/span><\/span><\/span><\/span><\/p>\n<p><span style=\"vertical-align: inherit;\"><span style=\"vertical-align: inherit;\" title=\"Obtenir un devis gratuit\"><span style=\"vertical-align: inherit;\"><span style=\"vertical-align: inherit;\">Obtenir un devis gratuit<\/span><\/span><\/span><\/span><\/p>","protected":false},"featured_media":24629,"template":"","meta":[],"product_cat":[110],"product_tag":[],"_links":{"self":[{"href":"https:\/\/stone-phoenix.com\/fr\/wp-json\/wp\/v2\/product\/23163"}],"collection":[{"href":"https:\/\/stone-phoenix.com\/fr\/wp-json\/wp\/v2\/product"}],"about":[{"href":"https:\/\/stone-phoenix.com\/fr\/wp-json\/wp\/v2\/types\/product"}],"wp:featuredmedia":[{"embeddable":true,"href":"https:\/\/stone-phoenix.com\/fr\/wp-json\/wp\/v2\/media\/24629"}],"wp:attachment":[{"href":"https:\/\/stone-phoenix.com\/fr\/wp-json\/wp\/v2\/media?parent=23163"}],"wp:term":[{"taxonomy":"product_cat","embeddable":true,"href":"https:\/\/stone-phoenix.com\/fr\/wp-json\/wp\/v2\/product_cat?post=23163"},{"taxonomy":"product_tag","embeddable":true,"href":"https:\/\/stone-phoenix.com\/fr\/wp-json\/wp\/v2\/product_tag?post=23163"}],"curies":[{"name":"wp","href":"https:\/\/api.w.org\/{rel}","templated":true}]}}