{"id":23172,"date":"2023-12-30T07:56:12","date_gmt":"2023-12-29T23:56:12","guid":{"rendered":"http:\/\/stone-phoenix.com\/product\/g664-tombstone-monument-for-poland-market"},"modified":"2024-01-17T20:40:51","modified_gmt":"2024-01-17T12:40:51","slug":"g664-tombstone-monument-for-poland-market","status":"publish","type":"product","link":"https:\/\/stone-phoenix.com\/fr\/produit\/g664-tombstone-monument-for-poland-market","title":{"rendered":"G664 Monument fun\u00e9raire pour le march\u00e9 polonais"},"content":{"rendered":"<div class=\"c\">\n<p><span style=\"line-height: 200%;\"><span style=\"font-size: 16px;\">\u00a0 \u00a0 \u00a0Chine <a href=\"http:\/\/www.phonenix%20power%20stonestone.com\/g664-tombstone-monument-for-poland-market-p00120p1.html\"><strong>Monument fun\u00e9raire en granit rouge G664<\/strong><\/a> For Poland Market Wholesale phonenix power stone. Comment laver une pierre tombale. Brosse \u00e0 poils doux : Les brosses m\u00e9talliques sont beaucoup trop dures et laissent des particules sur la surface de la pierre qui peuvent rouiller : Pour nettoyer les d\u00e9bris et les bestioles des lettres ou des sculptures.<br \/>\nDe l'eau : Une bonne source d'eau, un tuyau d'arrosage ou des seaux d'eau. Vous pouvez \u00e9galement apporter un petit vaporisateur d'eau pour nettoyer d\u00e9licatement la salet\u00e9 et les d\u00e9bris de la pierre. Le vaporisateur ne doit contenir que de l'eau, pas de d\u00e9tergent ni de produits chimiques qui pourraient endommager et \u00e9roder davantage le mat\u00e9riau de la pierre.<br \/>\nLe granit est un mat\u00e9riau populaire pour les pierres tombales.  C'est un excellent type de pierre parce qu'il est abondant et qu'il existe dans une grande vari\u00e9t\u00e9 de couleurs et de textures cristallines.<br \/>\nLe <a href=\"http:\/\/www.phonenix%20power%20stonestone.com\/g664-granite-tombstone-gravestone-monument-p00119p1.html\"><strong>pierre tombale en granit rouge poli G664<\/strong><\/a> se d\u00e9grade \u00e9galement lentement par rapport \u00e0 d'autres pierres comme le marbre et le calcaire, ce qui signifie que les gravures sur la pierre tombale peuvent \u00eatre lues pendant des centaines d'ann\u00e9es.<br \/>\nPlus de 10 ans d'exp\u00e9rience dans le domaine de la pierre. Nous poss\u00e9dons la carri\u00e8re, l'usine et la soci\u00e9t\u00e9 commerciale pour garantir une livraison rapide, la meilleure qualit\u00e9 et le meilleur service.<\/span><\/span><\/p>\n<div style=\"text-align: center;\">\n<p><img decoding=\"async\" style=\"width: 600px; height: 419px;\" title=\"Monument en pierre tombale en granit rouge G664.jpg\" src=\"http:\/\/stone-phoenix.com\/wp-content\/uploads\/2023\/12\/g664-tombstone-monument-for-poland-market_658ee887e1f46.jpeg\" alt=\"\" \/><\/p>\n<p><span style=\"font-size: 16px;\">G664 Monument fun\u00e9raire pour le march\u00e9 polonais<\/span><\/p>\n<p><img loading=\"lazy\" decoding=\"async\" class=\"alignnone wp-image-24623\" src=\"http:\/\/stone-phoenix.com\/wp-content\/uploads\/2023\/12\/screenshot-17053279353071.jpg\" alt=\"\" width=\"592\" height=\"395\" srcset=\"https:\/\/stone-phoenix.com\/wp-content\/uploads\/2023\/12\/screenshot-17053279353071.jpg 2240w, https:\/\/stone-phoenix.com\/wp-content\/uploads\/2023\/12\/screenshot-17053279353071-300x200.jpg 300w, https:\/\/stone-phoenix.com\/wp-content\/uploads\/2023\/12\/screenshot-17053279353071-1024x683.jpg 1024w, https:\/\/stone-phoenix.com\/wp-content\/uploads\/2023\/12\/screenshot-17053279353071-768x512.jpg 768w, https:\/\/stone-phoenix.com\/wp-content\/uploads\/2023\/12\/screenshot-17053279353071-1536x1024.jpg 1536w, https:\/\/stone-phoenix.com\/wp-content\/uploads\/2023\/12\/screenshot-17053279353071-2048x1366.jpg 2048w, https:\/\/stone-phoenix.com\/wp-content\/uploads\/2023\/12\/screenshot-17053279353071-18x12.jpg 18w, https:\/\/stone-phoenix.com\/wp-content\/uploads\/2023\/12\/screenshot-17053279353071-600x400.jpg 600w, https:\/\/stone-phoenix.com\/wp-content\/uploads\/2023\/12\/screenshot-17053279353071-150x100.jpg 150w\" sizes=\"(max-width: 592px) 100vw, 592px\" \/><\/p>\n<p><img decoding=\"async\" style=\"width: 600px; height: 233px;\" title=\"Lot de pierres tombales en granit rouge G664 Wholesale Red G664 Granite Tombstone Monument package.jpg\" src=\"http:\/\/stone-phoenix.com\/wp-content\/uploads\/2023\/12\/g664-tombstone-monument-for-poland-market_658ee88977cfb.png\" alt=\"\" \/><\/p>\n<p><img decoding=\"async\" title=\"phonenix power stone factory.jpg\" src=\"http:\/\/stone-phoenix.com\/wp-content\/uploads\/2023\/12\/g664-tombstone-monument-for-poland-market_658ee889a0de5.jpeg\" alt=\"\" \/><\/p>\n<\/div>\n<\/div>","protected":false},"excerpt":{"rendered":"<p>G664 Monument fun\u00e9raire pour le march\u00e9 polonais<\/p>\n<p>Num\u00e9ro d'article : G664 Tombstone Monument 180929005<\/p>\n<p>G664 Pierre tombale Monument pour le march\u00e9 polonais. Comment laver une pierre tombale. Brosse \u00e0 poils doux : Les brosses m\u00e9talliques sont beaucoup trop dures et laissent des particules sur la surface de la pierre qui peuvent rouiller : Pour nettoyer<\/p>\n<p>Param\u00e8tres du produit<\/p>\n<p>Couleur :<br \/>\nRouge, rouge fonc\u00e9, rose granit\u00e9<\/p>\n<p>Taille :<br \/>\nTombstone Custom Cutting (d\u00e9coupe personnalis\u00e9e de pierres tombales)<\/p>\n<p>Original :<br \/>\nLaizhou, Chine<\/p>\n<p>Finish Way :<br \/>\nPierre tombale polie<\/p>\n<p>Obtenir un devis gratuit<\/p>","protected":false},"featured_media":24642,"template":"","meta":[],"product_cat":[110],"product_tag":[],"_links":{"self":[{"href":"https:\/\/stone-phoenix.com\/fr\/wp-json\/wp\/v2\/product\/23172"}],"collection":[{"href":"https:\/\/stone-phoenix.com\/fr\/wp-json\/wp\/v2\/product"}],"about":[{"href":"https:\/\/stone-phoenix.com\/fr\/wp-json\/wp\/v2\/types\/product"}],"wp:featuredmedia":[{"embeddable":true,"href":"https:\/\/stone-phoenix.com\/fr\/wp-json\/wp\/v2\/media\/24642"}],"wp:attachment":[{"href":"https:\/\/stone-phoenix.com\/fr\/wp-json\/wp\/v2\/media?parent=23172"}],"wp:term":[{"taxonomy":"product_cat","embeddable":true,"href":"https:\/\/stone-phoenix.com\/fr\/wp-json\/wp\/v2\/product_cat?post=23172"},{"taxonomy":"product_tag","embeddable":true,"href":"https:\/\/stone-phoenix.com\/fr\/wp-json\/wp\/v2\/product_tag?post=23172"}],"curies":[{"name":"wp","href":"https:\/\/api.w.org\/{rel}","templated":true}]}}