{"id":23180,"date":"2023-12-30T07:56:19","date_gmt":"2023-12-29T23:56:19","guid":{"rendered":"http:\/\/stone-phoenix.com\/product\/g664-granite-tombstone-gravestone-monument"},"modified":"2024-01-17T20:58:29","modified_gmt":"2024-01-17T12:58:29","slug":"g664-granite-tombstone-gravestone-monument","status":"publish","type":"product","link":"https:\/\/stone-phoenix.com\/fr\/produit\/g664-granite-tombstone-gravestone-monument","title":{"rendered":"G664 Granite Tombstone Gravestone Monument"},"content":{"rendered":"<div class=\"c\">\n<p><span style=\"line-height: 200%;\"><span style=\"font-size: 16px;\">\u00a0 \u00a0 \u00a0<a href=\"http:\/\/www.phonenix%20power%20stonestone.com\/new-g664-tombstone-headstone-phonenix%20power%20stone-stone-p00392p1.html\"><strong>G664 Granite Tombstone Gravestone Monument<\/strong><\/a>Les pierres tombales sont g\u00e9n\u00e9ralement faites de granit et de pierre, et les polluants peuvent ternir leur \u00e9clat naturel. Avec un entretien p\u00e9riodique appropri\u00e9, le monument de votre proche aura l'air neuf et restera propre pendant des ann\u00e9es.<br \/>\nLe granit est l'un des mat\u00e9riaux les plus durs et dure ind\u00e9finiment, mais sa surface est quelque peu poreuse et peut retenir la salet\u00e9, les taches et les d\u00e9p\u00f4ts min\u00e9raux au fil du temps.<br \/>\nLe <a href=\"http:\/\/www.phonenix%20power%20stonestone.com\/g664-granite-tombstone-monument-poland-market-p00324p1.html\"><strong>pierre tombale de momument en granit poli G664<\/strong><\/a> est un choix fr\u00e9quent pour les pierres tombales. C'est une belle pierre, plus dure que le marbre, qui permet de r\u00e9aliser des monuments comm\u00e9moratifs durables.<br \/>\nAu fil du temps, les pierres tombales accumulent des lichens, de la mousse, des excr\u00e9ments d'oiseaux ou des d\u00e9p\u00f4ts de calcium dus \u00e0 l'eau dure, qui provient g\u00e9n\u00e9ralement du syst\u00e8me d'arrosage des pelouses du cimeti\u00e8re.<\/span><\/span><\/p>\n<div style=\"text-align: center;\">\n<p><img decoding=\"async\" style=\"width: 600px; height: 481px;\" title=\"Granit poli G664 Pierre tombale Gravestone.jpg\" src=\"http:\/\/stone-phoenix.com\/wp-content\/uploads\/2023\/12\/g664-granite-tombstone-gravestone-monument_658ee89515032.jpeg\" alt=\"\" \/><\/p>\n<p><span style=\"font-size: 16px;\">G664 Granite Tombstone Gravestone Monument<\/span><\/p>\n<p>&nbsp;<\/p>\n<p><img decoding=\"async\" title=\"Granit poli G664 Pierre tombale Paquet de pierres tombales.jpg\" src=\"http:\/\/stone-phoenix.com\/wp-content\/uploads\/2023\/12\/g664-granite-tombstone-gravestone-monument_658ee896aed54.png\" alt=\"\" \/><\/p>\n<p><img decoding=\"async\" title=\"phonenix power stone factory.jpg\" src=\"http:\/\/stone-phoenix.com\/wp-content\/uploads\/2023\/12\/g664-granite-tombstone-gravestone-monument_658ee896dcdca.jpeg\" alt=\"\" \/><\/p>\n<\/div>\n<\/div>","protected":false},"excerpt":{"rendered":"<p>G664 Granite Tombstone Gravestone Monument<\/p>\n<p>Num\u00e9ro d'article : Granite Tombstone Monuments 180929004<\/p>\n<p>G664 Granite Tombstone Gravestone Monument Les pierres tombales sont g\u00e9n\u00e9ralement fabriqu\u00e9es en granit et en pierre, et les polluants peuvent ternir leur \u00e9clat naturel.<\/p>\n<p>Param\u00e8tres du produit<\/p>\n<p>Couleur :<br \/>\nRouge, rouge fonc\u00e9, brun, brun fonc\u00e9 Granit G664<\/p>\n<p>Taille :<br \/>\nCoupe sur mesure<\/p>\n<p>Original :<br \/>\nLaizhou, Chine<\/p>\n<p>Finish Way :<br \/>\nPoli<\/p>\n<p>Obtenir un devis gratuit<\/p>","protected":false},"featured_media":24628,"template":"","meta":[],"product_cat":[110],"product_tag":[],"_links":{"self":[{"href":"https:\/\/stone-phoenix.com\/fr\/wp-json\/wp\/v2\/product\/23180"}],"collection":[{"href":"https:\/\/stone-phoenix.com\/fr\/wp-json\/wp\/v2\/product"}],"about":[{"href":"https:\/\/stone-phoenix.com\/fr\/wp-json\/wp\/v2\/types\/product"}],"wp:featuredmedia":[{"embeddable":true,"href":"https:\/\/stone-phoenix.com\/fr\/wp-json\/wp\/v2\/media\/24628"}],"wp:attachment":[{"href":"https:\/\/stone-phoenix.com\/fr\/wp-json\/wp\/v2\/media?parent=23180"}],"wp:term":[{"taxonomy":"product_cat","embeddable":true,"href":"https:\/\/stone-phoenix.com\/fr\/wp-json\/wp\/v2\/product_cat?post=23180"},{"taxonomy":"product_tag","embeddable":true,"href":"https:\/\/stone-phoenix.com\/fr\/wp-json\/wp\/v2\/product_tag?post=23180"}],"curies":[{"name":"wp","href":"https:\/\/api.w.org\/{rel}","templated":true}]}}