{"id":23188,"date":"2023-12-30T07:56:25","date_gmt":"2023-12-29T23:56:25","guid":{"rendered":"http:\/\/stone-phoenix.com\/product\/chinese-granite-swan-blue-tombstone-monuments-headstone"},"modified":"2024-01-25T10:01:33","modified_gmt":"2024-01-25T02:01:33","slug":"chinese-granite-swan-blue-tombstone-monuments-headstone","status":"publish","type":"product","link":"https:\/\/stone-phoenix.com\/fr\/produit\/chinese-granite-swan-blue-tombstone-monuments-headstone","title":{"rendered":"Pierre tombale en granit chinois bleu cygne Monuments pierre tombale"},"content":{"rendered":"<div class=\"c\">\n<p><span style=\"line-height: 200%;\"><span style=\"font-size: 16px;\">\u00a0 \u00a0 \u00a0Chinois <a href=\"http:\/\/www.phonenix%20power%20stonestone.com\/swan-blue-granite-tombstone-wholesale-phonenix%20power%20stone-stone-p00391p1.html\"><strong>Granite Swan Blue Tombstone Monuments<\/strong><\/a> Le granit est un choix fr\u00e9quent pour les pierres tombales. C'est une belle pierre, plus dure que le marbre, qui permet de r\u00e9aliser des monuments comm\u00e9moratifs durables.<br \/>\nAu fil du temps, les pierres tombales accumulent des lichens, de la mousse, des excr\u00e9ments d'oiseaux ou des d\u00e9p\u00f4ts de calcium dus \u00e0 l'eau dure, qui provient g\u00e9n\u00e9ralement du syst\u00e8me d'arrosage des pelouses du cimeti\u00e8re.<br \/>\nUn monument comm\u00e9moratif est destin\u00e9 \u00e0 durer \u00e9ternellement - prenez le temps d'examiner toutes les options disponibles.<br \/>\nCe site est destin\u00e9 \u00e0 vous donner un petit aper\u00e7u de ce qui est disponible. Vous pourrez vous faire une id\u00e9e beaucoup plus pr\u00e9cise en venant nous rendre visite et en visitant les expositions.<br \/>\nLe <a href=\"http:\/\/www.phonenix%20power%20stonestone.com\/swan-blue-granite-tombstone-monuments-to-poland-market-p00160p1.html\"><strong>pierres tombales en granit bleu cygne poli<\/strong><\/a> ont une bonne qualit\u00e9, notamment : personnel exp\u00e9riment\u00e9 en mati\u00e8re de contr\u00f4le de la qualit\u00e9 ; une \u00e9quipe de plus de 20 membres assure un contr\u00f4le de la qualit\u00e9 rigoureux.<br \/>\nPour des mat\u00e9riaux de la plus haute qualit\u00e9, une main-d'\u0153uvre qualifi\u00e9e et un excellent service \u00e0 un prix raisonnable, appelez-nous ou venez nous voir dans l'un de nos deux sites.<\/span><\/span><\/p>\n<div style=\"text-align: center;\"><span style=\"font-size: 16px;\">Pierre tombale en granit chinois bleu cygne Monuments pierre tombale<\/span><\/div>\n<div style=\"text-align: center;\">\n<p><img loading=\"lazy\" decoding=\"async\" class=\"alignnone wp-image-24622\" src=\"http:\/\/stone-phoenix.com\/wp-content\/uploads\/2023\/12\/screenshot-17053279127791.jpg\" alt=\"\" width=\"692\" height=\"398\" srcset=\"https:\/\/stone-phoenix.com\/wp-content\/uploads\/2023\/12\/screenshot-17053279127791.jpg 2256w, https:\/\/stone-phoenix.com\/wp-content\/uploads\/2023\/12\/screenshot-17053279127791-300x172.jpg 300w, https:\/\/stone-phoenix.com\/wp-content\/uploads\/2023\/12\/screenshot-17053279127791-1024x588.jpg 1024w, https:\/\/stone-phoenix.com\/wp-content\/uploads\/2023\/12\/screenshot-17053279127791-768x441.jpg 768w, https:\/\/stone-phoenix.com\/wp-content\/uploads\/2023\/12\/screenshot-17053279127791-1536x882.jpg 1536w, https:\/\/stone-phoenix.com\/wp-content\/uploads\/2023\/12\/screenshot-17053279127791-2048x1177.jpg 2048w, https:\/\/stone-phoenix.com\/wp-content\/uploads\/2023\/12\/screenshot-17053279127791-18x10.jpg 18w, https:\/\/stone-phoenix.com\/wp-content\/uploads\/2023\/12\/screenshot-17053279127791-600x345.jpg 600w, https:\/\/stone-phoenix.com\/wp-content\/uploads\/2023\/12\/screenshot-17053279127791-150x86.jpg 150w\" sizes=\"(max-width: 692px) 100vw, 692px\" \/><\/p>\n<p><img loading=\"lazy\" decoding=\"async\" class=\"\" title=\"phonenix power stone factory.jpg\" src=\"http:\/\/stone-phoenix.com\/wp-content\/uploads\/2023\/12\/chinese-granite-swan-blue-tombstone-monuments-headstone_658ee8a124b25.jpeg\" alt=\"\" width=\"694\" height=\"405\" \/><\/p>\n<\/div>\n<\/div>","protected":false},"excerpt":{"rendered":"<p>Pierre tombale en granit chinois bleu cygne Monuments pierre tombale<\/p>\n<p>N\u00b0 d'article : Pierre tombale en granit chinois bleu cygne Monu<\/p>\n<p>Le granit est un choix fr\u00e9quent pour les pierres tombales. C'est une belle pierre, plus dure que le marbre, qui permet de r\u00e9aliser des monuments durables.<\/p>\n<p>Param\u00e8tres du produit<\/p>\n<p>Couleur :<br \/>\nBleu cygne<\/p>\n<p>Taille :<br \/>\nCoupe sur mesure<\/p>\n<p>Original :<br \/>\nLaizhou, Chine<\/p>\n<p>Finish Way :<br \/>\nPoli<\/p>\n<p>Obtenir un devis gratuit<\/p>","protected":false},"featured_media":24616,"template":"","meta":[],"product_cat":[110],"product_tag":[],"_links":{"self":[{"href":"https:\/\/stone-phoenix.com\/fr\/wp-json\/wp\/v2\/product\/23188"}],"collection":[{"href":"https:\/\/stone-phoenix.com\/fr\/wp-json\/wp\/v2\/product"}],"about":[{"href":"https:\/\/stone-phoenix.com\/fr\/wp-json\/wp\/v2\/types\/product"}],"wp:featuredmedia":[{"embeddable":true,"href":"https:\/\/stone-phoenix.com\/fr\/wp-json\/wp\/v2\/media\/24616"}],"wp:attachment":[{"href":"https:\/\/stone-phoenix.com\/fr\/wp-json\/wp\/v2\/media?parent=23188"}],"wp:term":[{"taxonomy":"product_cat","embeddable":true,"href":"https:\/\/stone-phoenix.com\/fr\/wp-json\/wp\/v2\/product_cat?post=23188"},{"taxonomy":"product_tag","embeddable":true,"href":"https:\/\/stone-phoenix.com\/fr\/wp-json\/wp\/v2\/product_tag?post=23188"}],"curies":[{"name":"wp","href":"https:\/\/api.w.org\/{rel}","templated":true}]}}