{"id":23196,"date":"2023-12-30T07:56:31","date_gmt":"2023-12-29T23:56:31","guid":{"rendered":"http:\/\/stone-phoenix.com\/product\/chinese-granite-spary-white-tombstone-monuments-headstone"},"modified":"2024-01-17T19:54:11","modified_gmt":"2024-01-17T11:54:11","slug":"chinese-granite-spary-white-tombstone-monuments-headstone","status":"publish","type":"product","link":"https:\/\/stone-phoenix.com\/fr\/produit\/chinese-granite-spary-white-tombstone-monuments-headstone","title":{"rendered":"Granit Chinois Spary Blanc Pierre tombale Monuments Pierre tombale"},"content":{"rendered":"<div class=\"c\">\n<p><span style=\"line-height: 200%;\"><span style=\"font-size: 16px;\">\u00a0 \u00a0 \u00a0<a href=\"http:\/\/www.phonenix%20power%20stonestone.com\/spary-white-granite-tombstone-wholesale-p00122p1.html\"><strong>Granit chinois Spary White Tombstone Monuments<\/strong><\/a> Pierre tombale. Nous disposons d'une large gamme de pierres tombales en granit. Celles-ci peuvent \u00e9galement \u00eatre fabriqu\u00e9es selon les sp\u00e9cifications du client. Nous ne fournissons que des mat\u00e9riaux en granit authentique et de haute qualit\u00e9. Le granit s'alt\u00e8re lentement par rapport \u00e0 d'autres pierres comme le marbre et le calcaire, ce qui signifie que les gravures sur la pierre tombale peuvent \u00eatre lues pendant des centaines d'ann\u00e9es.<br \/>\nSi un \u00eatre cher a une pierre tombale en granit, voici un guide complet, \u00e9tape par \u00e9tape, sur la fa\u00e7on de nettoyer les pierres tombales en granit.<\/span><\/span>\u00a0<span style=\"line-height: 200%;\"><span style=\"font-size: 16px;\">Le <a href=\"http:\/\/www.phonenix%20power%20stonestone.com\/white-grey-granite-tombstone-wholesale-p00195p1.html\"><strong>pierre tombale en granit blanc spary poli pierre tombale<\/strong><\/a> est un choix fr\u00e9quent pour les pierres tombales. C'est une belle pierre, plus dure que le marbre, qui permet de r\u00e9aliser des monuments comm\u00e9moratifs durables.<br \/>\nLe propri\u00e9taire de l'usine a plus de 12 ans d'exp\u00e9rience dans le domaine de la pierre. La livraison en temps voulu vous permet d'obtenir les r\u00e9sultats escompt\u00e9s. N'h\u00e9sitez pas \u00e0 nous contacter.<\/span><\/span><\/p>\n<div style=\"text-align: center;\"><img decoding=\"async\" src=\"http:\/\/stone-phoenix.com\/wp-content\/uploads\/2023\/12\/Chinese-Granite-Spary-White-Tombstone-Monuments-Headstone-300x300.jpg\" \/><br \/>\n<span style=\"font-size: 16px;\">Granit Chinois Spary Blanc Pierre tombale Monuments Pierre tombale<\/span><img decoding=\"async\" title=\"Paquet de pierres tombales bon march\u00e9 Spary White Grey Gravestone.jpg\" src=\"http:\/\/stone-phoenix.com\/wp-content\/uploads\/2023\/12\/chinese-granite-spary-white-tombstone-monuments-headstone_658ee8ab2dec5.png\" alt=\"\" \/><\/p>\n<p><img decoding=\"async\" title=\"phonenix power stone factory.jpg\" src=\"http:\/\/stone-phoenix.com\/wp-content\/uploads\/2023\/12\/chinese-granite-spary-white-tombstone-monuments-headstone_658ee8ab5d672.jpeg\" alt=\"\" \/><\/p>\n<\/div>\n<\/div>","protected":false},"excerpt":{"rendered":"<p>Granit Chinois Spary Blanc Pierre tombale Monuments Pierre tombale<\/p>\n<p>Num\u00e9ro d'article : Granite Tombstone Monuments 180929002<\/p>\n<p>Pierre tombale en granit chinois Spary White Tombstone Monuments Headstone Nous disposons d'une large gamme de pierres tombales en granit. Celles-ci peuvent \u00e9galement \u00eatre fabriqu\u00e9es selon les sp\u00e9cifications du client.<\/p>\n<p>Param\u00e8tres du produit<\/p>\n<p>Couleur :<br \/>\nBlanc Gris<\/p>\n<p>Taille :<br \/>\nCoupe sur mesure<\/p>\n<p>Original :<br \/>\nLaizhou, Chine<\/p>\n<p>Finish Way :<br \/>\nPoli<\/p>\n<p>Obtenir un devis gratuit<\/p>","protected":false},"featured_media":24549,"template":"","meta":[],"product_cat":[110],"product_tag":[],"_links":{"self":[{"href":"https:\/\/stone-phoenix.com\/fr\/wp-json\/wp\/v2\/product\/23196"}],"collection":[{"href":"https:\/\/stone-phoenix.com\/fr\/wp-json\/wp\/v2\/product"}],"about":[{"href":"https:\/\/stone-phoenix.com\/fr\/wp-json\/wp\/v2\/types\/product"}],"wp:featuredmedia":[{"embeddable":true,"href":"https:\/\/stone-phoenix.com\/fr\/wp-json\/wp\/v2\/media\/24549"}],"wp:attachment":[{"href":"https:\/\/stone-phoenix.com\/fr\/wp-json\/wp\/v2\/media?parent=23196"}],"wp:term":[{"taxonomy":"product_cat","embeddable":true,"href":"https:\/\/stone-phoenix.com\/fr\/wp-json\/wp\/v2\/product_cat?post=23196"},{"taxonomy":"product_tag","embeddable":true,"href":"https:\/\/stone-phoenix.com\/fr\/wp-json\/wp\/v2\/product_tag?post=23196"}],"curies":[{"name":"wp","href":"https:\/\/api.w.org\/{rel}","templated":true}]}}